{"id":940,"date":"2025-10-05T08:53:46","date_gmt":"2025-10-05T08:53:46","guid":{"rendered":"https:\/\/www.kedali.com\/?post_type=product&#038;p=940"},"modified":"2025-11-13T02:47:03","modified_gmt":"2025-11-13T02:47:03","slug":"wholesale-cute-ceramic-mugs","status":"publish","type":"product","link":"https:\/\/www.kedali.com\/de\/produkt\/wholesale-cute-ceramic-mugs\/","title":{"rendered":"Gro\u00dfhandel niedlich Keramik Becher - stapelbar"},"content":{"rendered":"<div class=\"wp-block-columns is-layout-flex wp-container-core-columns-is-layout-9d6595d7 wp-block-columns-is-layout-flex\">\n<div class=\"wp-block-column is-layout-flow wp-block-column-is-layout-flow\">\n<h3 class=\"wp-block-heading\">Eigenschaften von Cute Ceramic Mug<\/h3>\n\n\n\n<ul class=\"wp-block-list\">\n<li><strong>Von der Natur inspiriertes Design: <\/strong>Jede Tasse ist von Elementen der Natur inspiriert. Die handgeschriebenen englischen Spr\u00fcche vermitteln Optimismus und emotionale W\u00e4rme und verbinden Kunst und Alltag.<\/li>\n<\/ul>\n\n\n\n<ul class=\"wp-block-list\">\n<li><strong>Kreative Griffformen: <\/strong>Die Griffe sind in verspielten Silhouetten gehalten, die sowohl Komfort als auch Individualit\u00e4t bieten. Ihr abgerundetes, ergonomisches Design sorgt f\u00fcr einen bequemen Griff und macht aus einer einfachen Kaffeepause einen Moment des taktilen Genusses.<\/li>\n<\/ul>\n\n\n\n<ul class=\"wp-block-list\">\n<li><strong>Einheitliche Kollektion mit spielerischer Vielfalt: <\/strong>Jede Keramiktasse tr\u00e4gt ihr eigenes Muster und ihre eigene Botschaft, hat aber die gleiche Designsprache. Perfekt zum Verschenken, Sammeln oder f\u00fcr den morgendlichen Kaffee mit den Liebsten.<\/li>\n<\/ul>\n\n\n\n<ul class=\"wp-block-list\">\n<li><strong>Glatte Keramik Handwerkskunst: <\/strong>Die Becher aus hochwertiger Keramik mit feiner, gl\u00e4nzender Glasur f\u00fchlen sich glatt an, sind leicht zu reinigen und sehen edel aus.<\/li>\n<\/ul>\n\n\n\n<h3 class=\"wp-block-heading\">Kundenspezifischer Service<\/h3>\n\n\n\n<ul class=\"wp-block-list\">\n<li>OEM- und ODM-Unterst\u00fctzung<\/li>\n\n\n\n<li>Schnelle Musterlieferung.<\/li>\n\n\n\n<li>Wir bieten kundenspezifische Produktform, Farbe, Muster, Verpackung und andere kundenspezifische Dienstleistungen an.<\/li>\n<\/ul>\n<\/div>\n\n\n\n<div class=\"wp-block-column is-layout-flow wp-block-column-is-layout-flow\">\n<figure class=\"wp-block-image size-full\"><img decoding=\"async\" width=\"800\" height=\"800\" src=\"https:\/\/www.kedali.com\/wp-content\/uploads\/2025\/11\/bulk-cute-ceramic-mug-7.webp\" alt=\"bulk niedlich Keramik Becher 7\" class=\"wp-image-947\" srcset=\"https:\/\/www.kedali.com\/wp-content\/uploads\/2025\/11\/bulk-cute-ceramic-mug-7.webp 800w, https:\/\/www.kedali.com\/wp-content\/uploads\/2025\/11\/bulk-cute-ceramic-mug-7-300x300.webp 300w, https:\/\/www.kedali.com\/wp-content\/uploads\/2025\/11\/bulk-cute-ceramic-mug-7-150x150.webp 150w, https:\/\/www.kedali.com\/wp-content\/uploads\/2025\/11\/bulk-cute-ceramic-mug-7-768x768.webp 768w, https:\/\/www.kedali.com\/wp-content\/uploads\/2025\/11\/bulk-cute-ceramic-mug-7-600x600.webp 600w, https:\/\/www.kedali.com\/wp-content\/uploads\/2025\/11\/bulk-cute-ceramic-mug-7-100x100.webp 100w\" sizes=\"(max-width: 800px) 100vw, 800px\" \/><\/figure>\n<\/div>\n<\/div>\n\n\n\n<div class=\"wp-block-columns is-layout-flex wp-container-core-columns-is-layout-9d6595d7 wp-block-columns-is-layout-flex\">\n<div class=\"wp-block-column is-layout-flow wp-block-column-is-layout-flow\">\n<figure class=\"wp-block-image size-full\"><img decoding=\"async\" width=\"800\" height=\"800\" src=\"https:\/\/www.kedali.com\/wp-content\/uploads\/2025\/11\/bulk-cute-ceramic-mug-5.webp\" alt=\"bulk niedlich Keramik Becher 5\" class=\"wp-image-945\" srcset=\"https:\/\/www.kedali.com\/wp-content\/uploads\/2025\/11\/bulk-cute-ceramic-mug-5.webp 800w, https:\/\/www.kedali.com\/wp-content\/uploads\/2025\/11\/bulk-cute-ceramic-mug-5-300x300.webp 300w, https:\/\/www.kedali.com\/wp-content\/uploads\/2025\/11\/bulk-cute-ceramic-mug-5-150x150.webp 150w, https:\/\/www.kedali.com\/wp-content\/uploads\/2025\/11\/bulk-cute-ceramic-mug-5-768x768.webp 768w, https:\/\/www.kedali.com\/wp-content\/uploads\/2025\/11\/bulk-cute-ceramic-mug-5-600x600.webp 600w, https:\/\/www.kedali.com\/wp-content\/uploads\/2025\/11\/bulk-cute-ceramic-mug-5-100x100.webp 100w\" sizes=\"(max-width: 800px) 100vw, 800px\" \/><\/figure>\n<\/div>\n\n\n\n<div class=\"wp-block-column is-layout-flow wp-block-column-is-layout-flow\">\n<figure class=\"wp-block-image size-full\"><img decoding=\"async\" width=\"800\" height=\"800\" src=\"https:\/\/www.kedali.com\/wp-content\/uploads\/2025\/11\/bulk-cute-ceramic-mug-6.webp\" alt=\"bulk niedlich Keramik Becher 6\" class=\"wp-image-946\" srcset=\"https:\/\/www.kedali.com\/wp-content\/uploads\/2025\/11\/bulk-cute-ceramic-mug-6.webp 800w, https:\/\/www.kedali.com\/wp-content\/uploads\/2025\/11\/bulk-cute-ceramic-mug-6-300x300.webp 300w, https:\/\/www.kedali.com\/wp-content\/uploads\/2025\/11\/bulk-cute-ceramic-mug-6-150x150.webp 150w, https:\/\/www.kedali.com\/wp-content\/uploads\/2025\/11\/bulk-cute-ceramic-mug-6-768x768.webp 768w, https:\/\/www.kedali.com\/wp-content\/uploads\/2025\/11\/bulk-cute-ceramic-mug-6-600x600.webp 600w, https:\/\/www.kedali.com\/wp-content\/uploads\/2025\/11\/bulk-cute-ceramic-mug-6-100x100.webp 100w\" sizes=\"(max-width: 800px) 100vw, 800px\" \/><\/figure>\n<\/div>\n<\/div>","protected":false},"excerpt":{"rendered":"<p>Gro\u00dfhandel niedliche Keramikbecher, stapelbar. Jede niedliche Keramiktasse zeigt verspielte Naturmotive gepaart mit aufmunternden Zitaten, die W\u00e4rme und Positivit\u00e4t ausstrahlen. Mit ihrer glatten Keramikoberfl\u00e4che und den einzigartig geformten Griffen zelebriert diese Kollektion die einfachen Freuden des Lebens mit jedem Schluck. Gro\u00dfh\u00e4ndler und Einzelh\u00e4ndler k\u00f6nnen gerne Gro\u00dfbestellungen aufgeben.<\/p>\n<h2>Spezifikationen f\u00fcr Keramikbecher<\/h2>\n<table width=\"235\">\n<tbody>\n<tr>\n<td width=\"69\">Marke<\/td>\n<td width=\"166\">KDL<\/td>\n<\/tr>\n<tr>\n<td width=\"69\">Modell<\/td>\n<td width=\"166\">TBS1726-5AW-B031<\/td>\n<\/tr>\n<tr>\n<td width=\"69\">Material<\/td>\n<td width=\"166\">Keramik<\/td>\n<\/tr>\n<tr>\n<td width=\"69\">Farbe<\/td>\n<td width=\"166\">angepasst<\/td>\n<\/tr>\n<tr>\n<td width=\"69\">Anmeldung<\/td>\n<td width=\"166\">Keramikbecher<\/td>\n<\/tr>\n<tr>\n<td width=\"69\">Merkmal<\/td>\n<td width=\"166\">Farbe glasiert<\/td>\n<\/tr>\n<tr>\n<td width=\"69\">Abmessungen<\/td>\n<td width=\"166\">12,9*9*8,5cm<\/td>\n<\/tr>\n<tr>\n<td width=\"69\">Bruttogewicht (kg)<\/td>\n<td width=\"166\">0.32<\/td>\n<\/tr>\n<tr>\n<td width=\"69\">Mindestbestellmenge<\/td>\n<td width=\"166\">800 S\u00e4tze<\/td>\n<\/tr>\n<\/tbody>\n<\/table>\n<p>&nbsp;<\/p>\n<p><script src=\"chrome-extension:\/\/fpelahbljekknahkcaegamhcndkfpfnc\/iFrame.js\" type=\"text\/javascript\"><\/script><\/p>","protected":false},"featured_media":944,"comment_status":"closed","ping_status":"closed","template":"","meta":{"_acf_changed":false},"product_brand":[],"product_cat":[21],"product_tag":[],"class_list":{"0":"post-940","1":"product","2":"type-product","3":"status-publish","4":"has-post-thumbnail","6":"product_cat-wholesale-ceramic-mugs-and-cups","8":"first","9":"instock","10":"shipping-taxable","11":"product-type-simple"},"acf":[],"_links":{"self":[{"href":"https:\/\/www.kedali.com\/de\/wp-json\/wp\/v2\/product\/940","targetHints":{"allow":["GET"]}}],"collection":[{"href":"https:\/\/www.kedali.com\/de\/wp-json\/wp\/v2\/product"}],"about":[{"href":"https:\/\/www.kedali.com\/de\/wp-json\/wp\/v2\/types\/product"}],"replies":[{"embeddable":true,"href":"https:\/\/www.kedali.com\/de\/wp-json\/wp\/v2\/comments?post=940"}],"wp:featuredmedia":[{"embeddable":true,"href":"https:\/\/www.kedali.com\/de\/wp-json\/wp\/v2\/media\/944"}],"wp:attachment":[{"href":"https:\/\/www.kedali.com\/de\/wp-json\/wp\/v2\/media?parent=940"}],"wp:term":[{"taxonomy":"product_brand","embeddable":true,"href":"https:\/\/www.kedali.com\/de\/wp-json\/wp\/v2\/product_brand?post=940"},{"taxonomy":"product_cat","embeddable":true,"href":"https:\/\/www.kedali.com\/de\/wp-json\/wp\/v2\/product_cat?post=940"},{"taxonomy":"product_tag","embeddable":true,"href":"https:\/\/www.kedali.com\/de\/wp-json\/wp\/v2\/product_tag?post=940"}],"curies":[{"name":"wp","href":"https:\/\/api.w.org\/{rel}","templated":true}]}}