{"id":968,"date":"2025-10-05T10:52:14","date_gmt":"2025-10-05T10:52:14","guid":{"rendered":"https:\/\/www.kedali.com\/?post_type=product&#038;p=968"},"modified":"2026-02-09T13:22:15","modified_gmt":"2026-02-09T13:22:15","slug":"wholesale-ceramic-cat-bowl-set","status":"publish","type":"product","link":"https:\/\/www.kedali.com\/de\/produkt\/wholesale-ceramic-cat-bowl-set\/","title":{"rendered":"Gro\u00dfhandel Keramik Katze Sch\u00fcssel Set, adorable Katze Ohr Design"},"content":{"rendered":"<div class=\"wp-block-columns is-layout-flex wp-container-core-columns-is-layout-9d6595d7 wp-block-columns-is-layout-flex\">\n<div class=\"wp-block-column is-layout-flow wp-block-column-is-layout-flow\">\n<h3 class=\"wp-block-heading\">Eigenschaften des Keramik-Katzennapf-Sets<\/h3>\n\n\n\n<ul class=\"wp-block-list\">\n<li><strong>Antibakteriell und schimmelresistent: <\/strong>Die glatte Keramikoberfl\u00e4che verhindert, dass sich Futterreste ansammeln. Sie ist leicht zu reinigen und reduziert wirksam das Bakterienwachstum, was zur Erhaltung der Verdauungsgesundheit Ihres Haustieres beitr\u00e4gt.<\/li>\n\n\n\n<li><strong>Doppeltes Schalen-Design:<\/strong> Ein Metallgestell h\u00e4lt zwei N\u00e4pfe gleichzeitig, damit Ihr Haustier bequem trinken und fressen kann. Regt den Appetit an: Die warmen Farben und das Design der Keramikschalen erh\u00f6hen die visuelle Attraktivit\u00e4t des Futters und regen indirekt den Appetit Ihres Haustieres an.<\/li>\n\n\n\n<li><strong>Leicht zu reinigen: <\/strong>Die aus sanfter und empfindlicher Keramik hergestellten N\u00e4pfe f\u00fcr Haustiere k\u00f6nnen direkt mit Wasser gesp\u00fclt werden, was hervorragende Reinigungsergebnisse erm\u00f6glicht.<\/li>\n\n\n\n<li><strong>Individuelle Anpassung m\u00f6glich: <\/strong>Wir bieten Gro\u00dfhandelspreise und Gro\u00dfeinkaufsdienste an und sind in der Lage, die unterschiedlichsten Bed\u00fcrfnisse von Unternehmen und Privatpersonen zu erf\u00fcllen, einschlie\u00dflich der Auswahl von Farben und Mustern.<\/li>\n<\/ul>\n\n\n\n<h3 class=\"wp-block-heading\">Kundenspezifischer Service<\/h3>\n\n\n\n<ul class=\"wp-block-list\">\n<li>OEM- und ODM-Unterst\u00fctzung<\/li>\n\n\n\n<li>Schnelle Musterlieferung.<\/li>\n\n\n\n<li>Wir bieten kundenspezifische Produktform, Farbe, Muster, Verpackung und andere kundenspezifische Dienstleistungen an.<\/li>\n<\/ul>\n<\/div>\n\n\n\n<div class=\"wp-block-column is-layout-flow wp-block-column-is-layout-flow\">\n<figure class=\"wp-block-image size-full\"><img decoding=\"async\" width=\"800\" height=\"800\" src=\"https:\/\/www.kedali.com\/wp-content\/uploads\/2025\/11\/wholesale-ceramic-cat-bowl-8.webp\" alt=\"Gro\u00dfhandel Keramik Katze Sch\u00fcssel (8)\" class=\"wp-image-976\" srcset=\"https:\/\/www.kedali.com\/wp-content\/uploads\/2025\/11\/wholesale-ceramic-cat-bowl-8.webp 800w, https:\/\/www.kedali.com\/wp-content\/uploads\/2025\/11\/wholesale-ceramic-cat-bowl-8-300x300.webp 300w, https:\/\/www.kedali.com\/wp-content\/uploads\/2025\/11\/wholesale-ceramic-cat-bowl-8-150x150.webp 150w, https:\/\/www.kedali.com\/wp-content\/uploads\/2025\/11\/wholesale-ceramic-cat-bowl-8-768x768.webp 768w, https:\/\/www.kedali.com\/wp-content\/uploads\/2025\/11\/wholesale-ceramic-cat-bowl-8-600x600.webp 600w, https:\/\/www.kedali.com\/wp-content\/uploads\/2025\/11\/wholesale-ceramic-cat-bowl-8-100x100.webp 100w\" sizes=\"(max-width: 800px) 100vw, 800px\" \/><\/figure>\n<\/div>\n<\/div>\n\n\n\n<div class=\"wp-block-columns is-layout-flex wp-container-core-columns-is-layout-9d6595d7 wp-block-columns-is-layout-flex\">\n<div class=\"wp-block-column is-layout-flow wp-block-column-is-layout-flow\">\n<figure class=\"wp-block-image size-full\"><img decoding=\"async\" width=\"800\" height=\"800\" src=\"https:\/\/www.kedali.com\/wp-content\/uploads\/2025\/11\/wholesale-ceramic-cat-bowl-6.webp\" alt=\"Gro\u00dfhandel Keramik Katze Sch\u00fcssel (6)\" class=\"wp-image-974\" srcset=\"https:\/\/www.kedali.com\/wp-content\/uploads\/2025\/11\/wholesale-ceramic-cat-bowl-6.webp 800w, https:\/\/www.kedali.com\/wp-content\/uploads\/2025\/11\/wholesale-ceramic-cat-bowl-6-300x300.webp 300w, https:\/\/www.kedali.com\/wp-content\/uploads\/2025\/11\/wholesale-ceramic-cat-bowl-6-150x150.webp 150w, https:\/\/www.kedali.com\/wp-content\/uploads\/2025\/11\/wholesale-ceramic-cat-bowl-6-768x768.webp 768w, https:\/\/www.kedali.com\/wp-content\/uploads\/2025\/11\/wholesale-ceramic-cat-bowl-6-600x600.webp 600w, https:\/\/www.kedali.com\/wp-content\/uploads\/2025\/11\/wholesale-ceramic-cat-bowl-6-100x100.webp 100w\" sizes=\"(max-width: 800px) 100vw, 800px\" \/><\/figure>\n<\/div>\n\n\n\n<div class=\"wp-block-column is-layout-flow wp-block-column-is-layout-flow\">\n<figure class=\"wp-block-image size-full\"><img decoding=\"async\" width=\"800\" height=\"800\" src=\"https:\/\/www.kedali.com\/wp-content\/uploads\/2025\/11\/wholesale-ceramic-cat-bowl-1.webp\" alt=\"Gro\u00dfhandel Keramik Katze Sch\u00fcssel (1)\" class=\"wp-image-969\" srcset=\"https:\/\/www.kedali.com\/wp-content\/uploads\/2025\/11\/wholesale-ceramic-cat-bowl-1.webp 800w, https:\/\/www.kedali.com\/wp-content\/uploads\/2025\/11\/wholesale-ceramic-cat-bowl-1-300x300.webp 300w, https:\/\/www.kedali.com\/wp-content\/uploads\/2025\/11\/wholesale-ceramic-cat-bowl-1-150x150.webp 150w, https:\/\/www.kedali.com\/wp-content\/uploads\/2025\/11\/wholesale-ceramic-cat-bowl-1-768x768.webp 768w, https:\/\/www.kedali.com\/wp-content\/uploads\/2025\/11\/wholesale-ceramic-cat-bowl-1-600x600.webp 600w, https:\/\/www.kedali.com\/wp-content\/uploads\/2025\/11\/wholesale-ceramic-cat-bowl-1-100x100.webp 100w\" sizes=\"(max-width: 800px) 100vw, 800px\" \/><\/figure>\n<\/div>\n<\/div>\n\n\n\n<p><\/p>","protected":false},"excerpt":{"rendered":"<p>Hochwertige Katzennapf-Sets aus Keramik im Gro\u00dfhandel, bezaubernde Designs mit Katzenohren und einer glatten, gl\u00e4nzenden Glasur. Aus hochwertiger Keramik gefertigt, sind sie langlebig, robust und leicht zu reinigen. Ideal f\u00fcr Tierboutiquen, Haushaltswarengesch\u00e4fte und Geschenkel\u00e4den. Wir bieten Fabrikpreise an; bitte kontaktieren Sie uns.<\/p>\n<h2>Spezifikationen f\u00fcr Keramik-Katzennapf-Set<\/h2>\n<table style=\"border-collapse: collapse; width: 272.27pt;\" border=\"0\" width=\"363\" cellspacing=\"0\" cellpadding=\"0\">\n<tbody>\n<tr style=\"height: 13.50pt;\">\n<td class=\"et2\" style=\"height: 13.50pt; width: 80.25pt;\" width=\"107\" height=\"18\">Marke<\/td>\n<td class=\"et2\" style=\"width: 192.00pt;\" width=\"256\">KDL<\/td>\n<\/tr>\n<tr style=\"height: 13.50pt;\">\n<td class=\"et2\" style=\"height: 13.50pt; width: 80.25pt;\" width=\"107\" height=\"18\">Modell<\/td>\n<td class=\"et2\" style=\"width: 192.00pt;\" width=\"256\">DTOS446<\/td>\n<\/tr>\n<tr style=\"height: 13.50pt;\">\n<td class=\"et2\" style=\"height: 13.50pt; width: 80.25pt;\" width=\"107\" height=\"18\">Material<\/td>\n<td class=\"et2\" style=\"width: 192.00pt;\" width=\"256\">Keramik<\/td>\n<\/tr>\n<tr style=\"height: 13.50pt;\">\n<td class=\"et2\" style=\"height: 13.50pt; width: 80.25pt;\" width=\"107\" height=\"18\">Farbe<\/td>\n<td class=\"et2\" style=\"width: 192.00pt;\" width=\"256\">angepasst<\/td>\n<\/tr>\n<tr style=\"height: 13.50pt;\">\n<td class=\"et2\" style=\"height: 13.50pt; width: 80.25pt;\" width=\"107\" height=\"18\">Anmeldung<\/td>\n<td class=\"et2\" style=\"width: 192.00pt;\" width=\"256\">Lagerung von Tierfutter<\/td>\n<\/tr>\n<tr style=\"height: 13.50pt;\">\n<td class=\"et2\" style=\"height: 13.50pt; width: 80.25pt;\" width=\"107\" height=\"18\">Merkmal<\/td>\n<td class=\"et2\" style=\"width: 192.00pt;\" width=\"256\">Farbe glasiert<\/td>\n<\/tr>\n<tr style=\"height: 13.50pt;\">\n<td class=\"et2\" style=\"height: 13.50pt; width: 80.25pt;\" width=\"107\" height=\"18\">Abmessungen<\/td>\n<td class=\"et2\" style=\"width: 192.00pt;\" width=\"256\">Schale:15.5*15.5*7.9cm<\/td>\n<\/tr>\n<tr style=\"height: 27.00pt;\">\n<td class=\"et2\" style=\"height: 27.00pt; width: 80.25pt;\" width=\"107\" height=\"36\">Bruttogewicht (kg)<\/td>\n<td class=\"et2\" style=\"width: 192.00pt;\" width=\"256\">1,5 kg<\/td>\n<\/tr>\n<tr style=\"height: 40.50pt;\">\n<td class=\"et2\" style=\"height: 40.50pt; width: 80.25pt;\" width=\"107\" height=\"54\">Mindestbestellmenge<\/td>\n<td class=\"et2\" style=\"width: 192.00pt;\" width=\"256\">800 S\u00e4tze<\/td>\n<\/tr>\n<\/tbody>\n<\/table>\n<p><script src=\"chrome-extension:\/\/fpelahbljekknahkcaegamhcndkfpfnc\/iFrame.js\" type=\"text\/javascript\"><\/script><\/p>","protected":false},"featured_media":969,"comment_status":"closed","ping_status":"closed","template":"","meta":{"_acf_changed":false},"product_brand":[],"product_cat":[22,54],"product_tag":[],"class_list":{"0":"post-968","1":"product","2":"type-product","3":"status-publish","4":"has-post-thumbnail","6":"product_cat-wholesale-ceramic-pet-supplies","7":"product_cat-wholesale-ceramic-pet-bowls","9":"first","10":"instock","11":"shipping-taxable","12":"product-type-simple"},"acf":[],"_links":{"self":[{"href":"https:\/\/www.kedali.com\/de\/wp-json\/wp\/v2\/product\/968","targetHints":{"allow":["GET"]}}],"collection":[{"href":"https:\/\/www.kedali.com\/de\/wp-json\/wp\/v2\/product"}],"about":[{"href":"https:\/\/www.kedali.com\/de\/wp-json\/wp\/v2\/types\/product"}],"replies":[{"embeddable":true,"href":"https:\/\/www.kedali.com\/de\/wp-json\/wp\/v2\/comments?post=968"}],"wp:featuredmedia":[{"embeddable":true,"href":"https:\/\/www.kedali.com\/de\/wp-json\/wp\/v2\/media\/969"}],"wp:attachment":[{"href":"https:\/\/www.kedali.com\/de\/wp-json\/wp\/v2\/media?parent=968"}],"wp:term":[{"taxonomy":"product_brand","embeddable":true,"href":"https:\/\/www.kedali.com\/de\/wp-json\/wp\/v2\/product_brand?post=968"},{"taxonomy":"product_cat","embeddable":true,"href":"https:\/\/www.kedali.com\/de\/wp-json\/wp\/v2\/product_cat?post=968"},{"taxonomy":"product_tag","embeddable":true,"href":"https:\/\/www.kedali.com\/de\/wp-json\/wp\/v2\/product_tag?post=968"}],"curies":[{"name":"wp","href":"https:\/\/api.w.org\/{rel}","templated":true}]}}