{"id":1270,"date":"2025-11-12T09:05:21","date_gmt":"2025-11-12T09:05:21","guid":{"rendered":"https:\/\/www.kedali.com\/?post_type=product&#038;p=1270"},"modified":"2026-01-22T09:16:51","modified_gmt":"2026-01-22T09:16:51","slug":"premium-wholesale-ceramic-soap-dispensers","status":"publish","type":"product","link":"https:\/\/www.kedali.com\/es\/producto\/premium-wholesale-ceramic-soap-dispensers\/","title":{"rendered":"Dispensadores de jab\u00f3n de cer\u00e1mica al por mayor de primera calidad, suministro a granel de f\u00e1brica"},"content":{"rendered":"<div class=\"wp-block-columns is-layout-flex wp-container-core-columns-is-layout-9d6595d7 wp-block-columns-is-layout-flex\">\n<div class=\"wp-block-column is-layout-flow wp-block-column-is-layout-flow\">\n<h3 class=\"wp-block-heading\">Caracter\u00edsticas de los dispensadores de jab\u00f3n de cer\u00e1mica<\/h3>\n\n\n\n<ul class=\"wp-block-list\">\n<li><strong>Dise\u00f1o de alta gama:<\/strong> Nuestros dispensadores de jab\u00f3n de cer\u00e1mica al por mayor est\u00e1n fabricados en cer\u00e1mica con textura geom\u00e9trica. Este producto supera a los dispensadores de pl\u00e1stico o cristal, ofreciendo un efecto decorativo superior y realzando la decoraci\u00f3n de su ba\u00f1o o cocina.<\/li>\n\n\n\n<li><strong>M\u00faltiples colores disponibles: <\/strong>Nuestros dispensadores de jab\u00f3n de cer\u00e1mica al por mayor est\u00e1n disponibles en una variedad de colores, incluyendo azul, gris y verde azulado, para que coincida con varios cuartos de ba\u00f1o y estilos de dise\u00f1o de interiores. La personalizaci\u00f3n tambi\u00e9n est\u00e1 disponible.<\/li>\n\n\n\n<li><strong>F\u00e1cil de limpiar: <\/strong>El esmalte no poroso de nuestros dispensadores de jab\u00f3n de cer\u00e1mica al por mayor facilita la limpieza y desinfecci\u00f3n, manteniendo la higiene y limpieza en zonas de mucho tr\u00e1nsito. Ideal para hoteles, restaurantes y otros entornos similares.<\/li>\n\n\n\n<li><strong>Aplicabilidad en varias habitaciones:<\/strong> Ideales para contener jab\u00f3n de manos, jab\u00f3n para vajilla, loci\u00f3n o desinfectante de manos, por lo que son adecuados para ba\u00f1os, cocinas y lavander\u00edas.<\/li>\n\n\n\n<li><strong>Hotel\/Retail Appeal: <\/strong>Su elegante dise\u00f1o las convierte en una excelente opci\u00f3n para hoteles boutique, Airbnbs de lujo, restaurantes y espacios comerciales para mejorar la experiencia del cliente.<\/li>\n<\/ul>\n\n\n\n<h3 class=\"wp-block-heading\">Servicio a medida<\/h3>\n\n\n\n<ul class=\"wp-block-list\">\n<li>Asistencia OEM y ODM<\/li>\n\n\n\n<li>Entrega r\u00e1pida de muestras.<\/li>\n\n\n\n<li>Proporcionamos productos personalizados en forma, color, patr\u00f3n, embalaje y otros servicios personalizados.<\/li>\n<\/ul>\n<\/div>\n\n\n\n<div class=\"wp-block-column is-layout-flow wp-block-column-is-layout-flow\">\n<figure class=\"wp-block-image size-full\"><img decoding=\"async\" width=\"1200\" height=\"1200\" src=\"https:\/\/www.kedali.com\/wp-content\/uploads\/2025\/11\/ceramic-soap-dispenser-dimension-1.webp\" alt=\"dispensador de jab\u00f3n de cer\u00e1mica dimensi\u00f3n\" class=\"wp-image-1271\" srcset=\"https:\/\/www.kedali.com\/wp-content\/uploads\/2025\/11\/ceramic-soap-dispenser-dimension-1.webp 1200w, https:\/\/www.kedali.com\/wp-content\/uploads\/2025\/11\/ceramic-soap-dispenser-dimension-1-300x300.webp 300w, https:\/\/www.kedali.com\/wp-content\/uploads\/2025\/11\/ceramic-soap-dispenser-dimension-1-150x150.webp 150w, https:\/\/www.kedali.com\/wp-content\/uploads\/2025\/11\/ceramic-soap-dispenser-dimension-1-768x768.webp 768w, https:\/\/www.kedali.com\/wp-content\/uploads\/2025\/11\/ceramic-soap-dispenser-dimension-1-12x12.webp 12w, https:\/\/www.kedali.com\/wp-content\/uploads\/2025\/11\/ceramic-soap-dispenser-dimension-1-600x600.webp 600w, https:\/\/www.kedali.com\/wp-content\/uploads\/2025\/11\/ceramic-soap-dispenser-dimension-1-100x100.webp 100w\" sizes=\"(max-width: 1200px) 100vw, 1200px\" \/><\/figure>\n<\/div>\n<\/div>\n\n\n\n<div class=\"wp-block-columns is-layout-flex wp-container-core-columns-is-layout-9d6595d7 wp-block-columns-is-layout-flex\">\n<div class=\"wp-block-column is-layout-flow wp-block-column-is-layout-flow\">\n<figure class=\"wp-block-image size-full\"><img decoding=\"async\" width=\"1200\" height=\"1200\" src=\"https:\/\/www.kedali.com\/wp-content\/uploads\/2025\/11\/wholesale-ceramic-soap-dispensers-4-1.webp\" alt=\"mayoristas dispensadores de jab\u00f3n de cer\u00e1mica (4)\" class=\"wp-image-1275\" srcset=\"https:\/\/www.kedali.com\/wp-content\/uploads\/2025\/11\/wholesale-ceramic-soap-dispensers-4-1.webp 1200w, https:\/\/www.kedali.com\/wp-content\/uploads\/2025\/11\/wholesale-ceramic-soap-dispensers-4-1-300x300.webp 300w, https:\/\/www.kedali.com\/wp-content\/uploads\/2025\/11\/wholesale-ceramic-soap-dispensers-4-1-150x150.webp 150w, https:\/\/www.kedali.com\/wp-content\/uploads\/2025\/11\/wholesale-ceramic-soap-dispensers-4-1-768x768.webp 768w, https:\/\/www.kedali.com\/wp-content\/uploads\/2025\/11\/wholesale-ceramic-soap-dispensers-4-1-12x12.webp 12w, https:\/\/www.kedali.com\/wp-content\/uploads\/2025\/11\/wholesale-ceramic-soap-dispensers-4-1-600x600.webp 600w, https:\/\/www.kedali.com\/wp-content\/uploads\/2025\/11\/wholesale-ceramic-soap-dispensers-4-1-100x100.webp 100w\" sizes=\"(max-width: 1200px) 100vw, 1200px\" \/><\/figure>\n<\/div>\n\n\n\n<div class=\"wp-block-column is-layout-flow wp-block-column-is-layout-flow\">\n<figure class=\"wp-block-image size-full\"><img decoding=\"async\" width=\"1200\" height=\"1200\" src=\"https:\/\/www.kedali.com\/wp-content\/uploads\/2025\/11\/wholesale-ceramic-soap-dispensers-5-1.webp\" alt=\"mayoristas dispensadores de jab\u00f3n de cer\u00e1mica (5)\" class=\"wp-image-1276\" srcset=\"https:\/\/www.kedali.com\/wp-content\/uploads\/2025\/11\/wholesale-ceramic-soap-dispensers-5-1.webp 1200w, https:\/\/www.kedali.com\/wp-content\/uploads\/2025\/11\/wholesale-ceramic-soap-dispensers-5-1-300x300.webp 300w, https:\/\/www.kedali.com\/wp-content\/uploads\/2025\/11\/wholesale-ceramic-soap-dispensers-5-1-150x150.webp 150w, https:\/\/www.kedali.com\/wp-content\/uploads\/2025\/11\/wholesale-ceramic-soap-dispensers-5-1-768x768.webp 768w, https:\/\/www.kedali.com\/wp-content\/uploads\/2025\/11\/wholesale-ceramic-soap-dispensers-5-1-12x12.webp 12w, https:\/\/www.kedali.com\/wp-content\/uploads\/2025\/11\/wholesale-ceramic-soap-dispensers-5-1-600x600.webp 600w, https:\/\/www.kedali.com\/wp-content\/uploads\/2025\/11\/wholesale-ceramic-soap-dispensers-5-1-100x100.webp 100w\" sizes=\"(max-width: 1200px) 100vw, 1200px\" \/><\/figure>\n<\/div>\n<\/div>","protected":false},"excerpt":{"rendered":"<p>Estamos orgullosos de presentar nuestra colecci\u00f3n de dispensadores de jab\u00f3n de cer\u00e1mica en relieve al por mayor. Estos dispensadores cuentan con un excelente peso y estabilidad para evitar vuelcos, y vienen con bombas de metal fiables y suaves dise\u00f1ados para su uso con diversos jabones l\u00edquidos y lociones, lo que garantiza un rendimiento constante. Son perfectos tanto para cuartos de ba\u00f1o como para establecimientos comerciales u hoteles.<\/p>\n<p>Como <a href=\"https:\/\/www.kedali.com\/es\/categoria-producto\/wholesale-ceramic-bathroom-accessories\/\" target=\"_blank\" rel=\"noopener\"><strong>fabricante de accesorios de ba\u00f1o de cer\u00e1mica<\/strong><\/a>, Ofrecemos una amplia gama de dispensadores de jab\u00f3n al por mayor y prestamos servicios de OEM y ODM. P\u00f3ngase en contacto con nosotros para obtener m\u00e1s informaci\u00f3n.<\/p>\n<h2>Especificaciones del dispensador de jab\u00f3n de cer\u00e1mica<\/h2>\n<table width=\"235\">\n<tbody>\n<tr>\n<td width=\"69\">Marca<\/td>\n<td width=\"166\">KDL<\/td>\n<\/tr>\n<tr>\n<td width=\"69\">Modelo<\/td>\n<td width=\"166\">BS677-1-7543C<\/td>\n<\/tr>\n<tr>\n<td width=\"69\">Material<\/td>\n<td width=\"166\">cer\u00e1mica<\/td>\n<\/tr>\n<tr>\n<td width=\"69\">color<\/td>\n<td width=\"166\">personalizable<\/td>\n<\/tr>\n<tr>\n<td width=\"69\">Aplicaci\u00f3n<\/td>\n<td width=\"166\">dispensador de jab\u00f3n<\/td>\n<\/tr>\n<tr>\n<td width=\"69\">Caracter\u00edstica<\/td>\n<td width=\"166\">en relieve<\/td>\n<\/tr>\n<tr>\n<td width=\"69\">Dimensiones<\/td>\n<td width=\"166\">8,2 \u00d7 8,2 \u00d7 18,5 cm<\/td>\n<\/tr>\n<tr>\n<td width=\"69\">Cantidad m\u00ednima de pedido<\/td>\n<td width=\"166\">800 unidades<\/td>\n<\/tr>\n<\/tbody>\n<\/table>\n<p>&nbsp;<\/p>","protected":false},"featured_media":1272,"comment_status":"closed","ping_status":"closed","template":"","meta":{"_acf_changed":false},"product_brand":[],"product_cat":[17,43],"product_tag":[],"class_list":{"0":"post-1270","1":"product","2":"type-product","3":"status-publish","4":"has-post-thumbnail","6":"product_cat-wholesale-ceramic-bathroom-accessories","7":"product_cat-wholesale-ceramic-soap-dispensers","9":"first","10":"instock","11":"shipping-taxable","12":"product-type-simple"},"acf":[],"_links":{"self":[{"href":"https:\/\/www.kedali.com\/es\/wp-json\/wp\/v2\/product\/1270","targetHints":{"allow":["GET"]}}],"collection":[{"href":"https:\/\/www.kedali.com\/es\/wp-json\/wp\/v2\/product"}],"about":[{"href":"https:\/\/www.kedali.com\/es\/wp-json\/wp\/v2\/types\/product"}],"replies":[{"embeddable":true,"href":"https:\/\/www.kedali.com\/es\/wp-json\/wp\/v2\/comments?post=1270"}],"wp:featuredmedia":[{"embeddable":true,"href":"https:\/\/www.kedali.com\/es\/wp-json\/wp\/v2\/media\/1272"}],"wp:attachment":[{"href":"https:\/\/www.kedali.com\/es\/wp-json\/wp\/v2\/media?parent=1270"}],"wp:term":[{"taxonomy":"product_brand","embeddable":true,"href":"https:\/\/www.kedali.com\/es\/wp-json\/wp\/v2\/product_brand?post=1270"},{"taxonomy":"product_cat","embeddable":true,"href":"https:\/\/www.kedali.com\/es\/wp-json\/wp\/v2\/product_cat?post=1270"},{"taxonomy":"product_tag","embeddable":true,"href":"https:\/\/www.kedali.com\/es\/wp-json\/wp\/v2\/product_tag?post=1270"}],"curies":[{"name":"wp","href":"https:\/\/api.w.org\/{rel}","templated":true}]}}