{"id":1286,"date":"2025-11-12T10:40:19","date_gmt":"2025-11-12T10:40:19","guid":{"rendered":"https:\/\/www.kedali.com\/?post_type=product&#038;p=1286"},"modified":"2025-11-13T02:33:46","modified_gmt":"2025-11-13T02:33:46","slug":"ceramic-seashell-bathroom-accessories-set-wholesale","status":"publish","type":"product","link":"https:\/\/www.kedali.com\/es\/producto\/ceramic-seashell-bathroom-accessories-set-wholesale\/","title":{"rendered":"Juego de Accesorios de Ba\u00f1o de Concha de Cer\u00e1mica al por mayor - Manufacturer Direct Supply"},"content":{"rendered":"<div class=\"wp-block-columns is-layout-flex wp-container-core-columns-is-layout-9d6595d7 wp-block-columns-is-layout-flex\">\n<div class=\"wp-block-column is-layout-flow wp-block-column-is-layout-flow\">\n<h3 class=\"wp-block-heading\">Caracter\u00edsticas del set de accesorios de ba\u00f1o de concha de cer\u00e1mica<\/h3>\n\n\n\n<ul class=\"wp-block-list\">\n<li><strong>Forma \u00fanica de concha marina:<\/strong> Los juegos de accesorios de ba\u00f1o presentan un dise\u00f1o unificado de conchas marinas con l\u00edneas elegantes y fluidas y una est\u00e9tica natural, que a\u00f1ade un toque art\u00edstico y un aire n\u00e1utico al cuarto de ba\u00f1o.<\/li>\n\n\n\n<li><strong>Colores degradados suaves: <\/strong>El juego de accesorios de ba\u00f1o utiliza una combinaci\u00f3n de colores en degradado rosa y blanco, creando un ambiente c\u00e1lido y suave que fomenta una atm\u00f3sfera de ba\u00f1o c\u00f3moda y rom\u00e1ntica.<\/li>\n\n\n\n<li><strong>Funcionalidad completa: <\/strong>Nuestro set de accesorios de ba\u00f1o al por mayor incluye un dispensador de jab\u00f3n, una jabonera, un vaso y un portacepillos de dientes, entre otros art\u00edculos de ba\u00f1o de uso com\u00fan.<\/li>\n\n\n\n<li><strong>Suministro estable:<\/strong> Como <strong><a href=\"https:\/\/www.kedali.com\/es\/categoria-producto\/wholesale-ceramic-bathroom-accessories\/\" target=\"_blank\" rel=\"noreferrer noopener\">fabricante de accesorios de ba\u00f1o de cer\u00e1mica<\/a><\/strong>, Adem\u00e1s, contamos con capacidad de producci\u00f3n profesional y econom\u00edas de escala, lo que garantiza un suministro estable y una calidad constante para pedidos de gran volumen.<\/li>\n<\/ul>\n\n\n\n<h3 class=\"wp-block-heading\">Servicio a medida<\/h3>\n\n\n\n<ul class=\"wp-block-list\">\n<li>Asistencia OEM y ODM<\/li>\n\n\n\n<li>Entrega r\u00e1pida de muestras.<\/li>\n\n\n\n<li>Proporcionamos productos personalizados en forma, color, patr\u00f3n, embalaje y otros servicios personalizados.<\/li>\n<\/ul>\n<\/div>\n\n\n\n<div class=\"wp-block-column is-layout-flow wp-block-column-is-layout-flow\">\n<figure class=\"wp-block-image size-full\"><img decoding=\"async\" width=\"790\" height=\"1141\" src=\"https:\/\/www.kedali.com\/wp-content\/uploads\/2025\/11\/ceramic-seashell-bathroom-accessories-set-dimension.webp\" alt=\"set de accesorios de ba\u00f1o de conchas de cer\u00e1mica dimensi\u00f3n\" class=\"wp-image-1295\" srcset=\"https:\/\/www.kedali.com\/wp-content\/uploads\/2025\/11\/ceramic-seashell-bathroom-accessories-set-dimension.webp 790w, https:\/\/www.kedali.com\/wp-content\/uploads\/2025\/11\/ceramic-seashell-bathroom-accessories-set-dimension-208x300.webp 208w, https:\/\/www.kedali.com\/wp-content\/uploads\/2025\/11\/ceramic-seashell-bathroom-accessories-set-dimension-768x1109.webp 768w, https:\/\/www.kedali.com\/wp-content\/uploads\/2025\/11\/ceramic-seashell-bathroom-accessories-set-dimension-8x12.webp 8w, https:\/\/www.kedali.com\/wp-content\/uploads\/2025\/11\/ceramic-seashell-bathroom-accessories-set-dimension-600x867.webp 600w\" sizes=\"(max-width: 790px) 100vw, 790px\" \/><\/figure>\n<\/div>\n<\/div>\n\n\n\n<div class=\"wp-block-columns is-layout-flex wp-container-core-columns-is-layout-9d6595d7 wp-block-columns-is-layout-flex\">\n<div class=\"wp-block-column is-layout-flow wp-block-column-is-layout-flow\">\n<figure class=\"wp-block-image size-full\"><img decoding=\"async\" width=\"790\" height=\"1261\" src=\"https:\/\/www.kedali.com\/wp-content\/uploads\/2025\/11\/ceramic-seashell-bathroom-accessories-set-details-1.webp\" alt=\"juego de accesorios de ba\u00f1o de conchas de cer\u00e1mica detalles (1)\" class=\"wp-image-1291\" srcset=\"https:\/\/www.kedali.com\/wp-content\/uploads\/2025\/11\/ceramic-seashell-bathroom-accessories-set-details-1.webp 790w, https:\/\/www.kedali.com\/wp-content\/uploads\/2025\/11\/ceramic-seashell-bathroom-accessories-set-details-1-188x300.webp 188w, https:\/\/www.kedali.com\/wp-content\/uploads\/2025\/11\/ceramic-seashell-bathroom-accessories-set-details-1-768x1226.webp 768w, https:\/\/www.kedali.com\/wp-content\/uploads\/2025\/11\/ceramic-seashell-bathroom-accessories-set-details-1-8x12.webp 8w, https:\/\/www.kedali.com\/wp-content\/uploads\/2025\/11\/ceramic-seashell-bathroom-accessories-set-details-1-600x958.webp 600w\" sizes=\"(max-width: 790px) 100vw, 790px\" \/><\/figure>\n<\/div>\n\n\n\n<div class=\"wp-block-column is-layout-flow wp-block-column-is-layout-flow\">\n<figure class=\"wp-block-image size-full\"><img decoding=\"async\" width=\"790\" height=\"1148\" src=\"https:\/\/www.kedali.com\/wp-content\/uploads\/2025\/11\/ceramic-seashell-bathroom-accessories-set-details-3.webp\" alt=\"juego de accesorios de ba\u00f1o de conchas de cer\u00e1mica detalles (3)\" class=\"wp-image-1293\" srcset=\"https:\/\/www.kedali.com\/wp-content\/uploads\/2025\/11\/ceramic-seashell-bathroom-accessories-set-details-3.webp 790w, https:\/\/www.kedali.com\/wp-content\/uploads\/2025\/11\/ceramic-seashell-bathroom-accessories-set-details-3-206x300.webp 206w, https:\/\/www.kedali.com\/wp-content\/uploads\/2025\/11\/ceramic-seashell-bathroom-accessories-set-details-3-768x1116.webp 768w, https:\/\/www.kedali.com\/wp-content\/uploads\/2025\/11\/ceramic-seashell-bathroom-accessories-set-details-3-8x12.webp 8w, https:\/\/www.kedali.com\/wp-content\/uploads\/2025\/11\/ceramic-seashell-bathroom-accessories-set-details-3-600x872.webp 600w\" sizes=\"(max-width: 790px) 100vw, 790px\" \/><\/figure>\n<\/div>\n<\/div>","protected":false},"excerpt":{"rendered":"<p>Venta al por mayor de conjuntos de accesorios de ba\u00f1o de cer\u00e1mica, con un lujoso dise\u00f1o de concha marina. Los productos utilizan una forma unificada de concha marina natural y suaves colores degradados, lo que los hace muy reconocibles y est\u00e9ticamente agradables. Cada juego incluye un dispensador de jab\u00f3n, un portacepillos de dientes, un vaso para enjuague bucal y una jabonera, que satisfacen las necesidades b\u00e1sicas del ba\u00f1o. Este potente dise\u00f1o est\u00e9tico eleva eficazmente el estilo general de su tienda y fomenta la venta cruzada. P\u00f3ngase en contacto con nosotros para solicitar un presupuesto.<\/p>\n<h2>Especificaciones del set de accesorios de ba\u00f1o de concha marina de cer\u00e1mica<\/h2>\n<table width=\"235\">\n<tbody>\n<tr>\n<td width=\"69\">Marca<\/td>\n<td width=\"166\">KDL<\/td>\n<\/tr>\n<tr>\n<td width=\"69\">Modelo<\/td>\n<td width=\"166\">BS599-GVF178<\/td>\n<\/tr>\n<tr>\n<td width=\"69\">Material<\/td>\n<td width=\"166\">cer\u00e1mica<\/td>\n<\/tr>\n<tr>\n<td width=\"69\">color<\/td>\n<td width=\"166\">rosa\/verde\/blanco<\/td>\n<\/tr>\n<tr>\n<td width=\"69\">Aplicaci\u00f3n<\/td>\n<td width=\"166\">cuarto de ba\u00f1o\u00a0<\/td>\n<\/tr>\n<tr>\n<td width=\"69\">Caracter\u00edstica<\/td>\n<td width=\"166\">tallado<\/td>\n<\/tr>\n<tr>\n<td width=\"69\">Dimensiones<\/td>\n<td width=\"166\"><strong data-start=\"32\" data-end=\"51\">Dispensador de jab\u00f3n:<\/strong> 12 \u00d7 6,2 \u00d7 15,8 cm<br data-start=\"70\" data-end=\"73\" data-is-only-node=\"\" \/><strong data-start=\"73\" data-end=\"85\">Vaso:<\/strong> 7,3 \u00d7 7,3 \u00d7 11 cm<br data-start=\"103\" data-end=\"106\" \/><strong data-start=\"106\" data-end=\"128\">Portacepillos de dientes:<\/strong> 12 \u00d7 6,3 \u00d7 10 cm<br data-start=\"145\" data-end=\"148\" \/><strong data-start=\"148\" data-end=\"162\">Jabonera:<\/strong> 12,3 \u00d7 13,3 \u00d7 3 cm<\/td>\n<\/tr>\n<tr>\n<td width=\"69\">Peso bruto (kg)<\/td>\n<td width=\"166\">1,5 kg\/set<\/td>\n<\/tr>\n<tr>\n<td width=\"69\">Cantidad m\u00ednima de pedido<\/td>\n<td width=\"166\">800 juegos<\/td>\n<\/tr>\n<\/tbody>\n<\/table>\n<p>&nbsp;<\/p>\n<p>\n<script src=\"chrome-extension:\/\/fpelahbljekknahkcaegamhcndkfpfnc\/iFrame.js\" type=\"text\/javascript\"><\/script><\/p>","protected":false},"featured_media":1296,"comment_status":"closed","ping_status":"closed","template":"","meta":{"_acf_changed":false},"product_brand":[],"product_cat":[17,32],"product_tag":[],"class_list":{"0":"post-1286","1":"product","2":"type-product","3":"status-publish","4":"has-post-thumbnail","6":"product_cat-wholesale-ceramic-bathroom-accessories","7":"product_cat-wholesale-ceramic-bath-accessories-sets","9":"first","10":"instock","11":"shipping-taxable","12":"product-type-simple"},"acf":[],"_links":{"self":[{"href":"https:\/\/www.kedali.com\/es\/wp-json\/wp\/v2\/product\/1286","targetHints":{"allow":["GET"]}}],"collection":[{"href":"https:\/\/www.kedali.com\/es\/wp-json\/wp\/v2\/product"}],"about":[{"href":"https:\/\/www.kedali.com\/es\/wp-json\/wp\/v2\/types\/product"}],"replies":[{"embeddable":true,"href":"https:\/\/www.kedali.com\/es\/wp-json\/wp\/v2\/comments?post=1286"}],"wp:featuredmedia":[{"embeddable":true,"href":"https:\/\/www.kedali.com\/es\/wp-json\/wp\/v2\/media\/1296"}],"wp:attachment":[{"href":"https:\/\/www.kedali.com\/es\/wp-json\/wp\/v2\/media?parent=1286"}],"wp:term":[{"taxonomy":"product_brand","embeddable":true,"href":"https:\/\/www.kedali.com\/es\/wp-json\/wp\/v2\/product_brand?post=1286"},{"taxonomy":"product_cat","embeddable":true,"href":"https:\/\/www.kedali.com\/es\/wp-json\/wp\/v2\/product_cat?post=1286"},{"taxonomy":"product_tag","embeddable":true,"href":"https:\/\/www.kedali.com\/es\/wp-json\/wp\/v2\/product_tag?post=1286"}],"curies":[{"name":"wp","href":"https:\/\/api.w.org\/{rel}","templated":true}]}}