{"id":1314,"date":"2025-11-13T03:00:47","date_gmt":"2025-11-13T03:00:47","guid":{"rendered":"https:\/\/www.kedali.com\/?post_type=product&#038;p=1314"},"modified":"2026-02-19T06:07:20","modified_gmt":"2026-02-19T06:07:20","slug":"wholesale-premium-ceramic-tea-set","status":"publish","type":"product","link":"https:\/\/www.kedali.com\/es\/producto\/wholesale-premium-ceramic-tea-set\/","title":{"rendered":"Juego de T\u00e9 de Cer\u00e1mica Premium al por mayor - un juego completo al por menor que incluye una tetera, tazas de t\u00e9, jarra de leche y azucarero."},"content":{"rendered":"<div class=\"wp-block-columns is-layout-flex wp-container-core-columns-is-layout-9d6595d7 wp-block-columns-is-layout-flex\">\n<div class=\"wp-block-column is-layout-flow wp-block-column-is-layout-flow\">\n<h3 class=\"wp-block-heading\">Caracter\u00edsticas del Juego de T\u00e9 de Cer\u00e1mica Premium<\/h3>\n\n\n\n<ul class=\"wp-block-list\">\n<li><strong>Aspecto elegante y atemporal: <\/strong>La combinaci\u00f3n de porcelana blanca pura y detalles dorados confiere a este juego de t\u00e9 de cer\u00e1mica al por mayor un aspecto refinado, cl\u00e1sico y moderno.<\/li>\n\n\n\n<li><strong>Juego completo: <\/strong>Este juego incluye una tetera, una lechera, un azucarero y tazas de t\u00e9 y platitos, lo que proporciona un juego de t\u00e9 completo listo para usar nada m\u00e1s sacarlo de la caja.<\/li>\n\n\n\n<li><strong>Dise\u00f1o funcional:<\/strong> La tetera cuenta con una tapa bien sellada y una boquilla bien dise\u00f1ada para verter f\u00e1cilmente. La jarra de leche tiene un borde f\u00e1cil de verter y las tazas de t\u00e9 tienen c\u00f3modas asas.<\/li>\n\n\n\n<li><strong>Demanda del mercado: <\/strong>La cultura del t\u00e9 y la moda del t\u00e9 de la tarde siguen siendo populares. Como uno de los principales fabricantes de juegos de t\u00e9 de Guangdong (China), nuestra capacidad de producci\u00f3n puede satisfacer la continua demanda del mercado de juegos de t\u00e9 exquisitos y de alta calidad.<\/li>\n<\/ul>\n\n\n\n<h3 class=\"wp-block-heading\">Servicio a medida<\/h3>\n\n\n\n<ul class=\"wp-block-list\">\n<li>Asistencia OEM y ODM<\/li>\n\n\n\n<li>Entrega r\u00e1pida de muestras.<\/li>\n\n\n\n<li>Proporcionamos productos personalizados en forma, color, patr\u00f3n, embalaje y otros servicios personalizados.<\/li>\n<\/ul>\n<\/div>\n\n\n\n<div class=\"wp-block-column is-layout-flow wp-block-column-is-layout-flow\">\n<figure class=\"wp-block-image size-full\"><img decoding=\"async\" width=\"800\" height=\"800\" src=\"https:\/\/www.kedali.com\/wp-content\/uploads\/2025\/11\/wholesale-premium-ceramic-tea-set-2.webp\" alt=\"juego de t\u00e9 de cer\u00e1mica premium al por mayor (2)\" class=\"wp-image-1326\" srcset=\"https:\/\/www.kedali.com\/wp-content\/uploads\/2025\/11\/wholesale-premium-ceramic-tea-set-2.webp 800w, https:\/\/www.kedali.com\/wp-content\/uploads\/2025\/11\/wholesale-premium-ceramic-tea-set-2-300x300.webp 300w, https:\/\/www.kedali.com\/wp-content\/uploads\/2025\/11\/wholesale-premium-ceramic-tea-set-2-150x150.webp 150w, https:\/\/www.kedali.com\/wp-content\/uploads\/2025\/11\/wholesale-premium-ceramic-tea-set-2-768x768.webp 768w, https:\/\/www.kedali.com\/wp-content\/uploads\/2025\/11\/wholesale-premium-ceramic-tea-set-2-12x12.webp 12w, https:\/\/www.kedali.com\/wp-content\/uploads\/2025\/11\/wholesale-premium-ceramic-tea-set-2-600x600.webp 600w, https:\/\/www.kedali.com\/wp-content\/uploads\/2025\/11\/wholesale-premium-ceramic-tea-set-2-100x100.webp 100w\" sizes=\"(max-width: 800px) 100vw, 800px\" \/><\/figure>\n<\/div>\n<\/div>\n\n\n\n<div class=\"wp-block-columns is-layout-flex wp-container-core-columns-is-layout-9d6595d7 wp-block-columns-is-layout-flex\">\n<div class=\"wp-block-column is-layout-flow wp-block-column-is-layout-flow\">\n<figure class=\"wp-block-image size-full\"><img decoding=\"async\" width=\"800\" height=\"800\" src=\"https:\/\/www.kedali.com\/wp-content\/uploads\/2025\/11\/wholesale-premium-ceramic-tea-set-3.webp\" alt=\"juego de t\u00e9 de cer\u00e1mica premium al por mayor (3)\" class=\"wp-image-1327\" srcset=\"https:\/\/www.kedali.com\/wp-content\/uploads\/2025\/11\/wholesale-premium-ceramic-tea-set-3.webp 800w, https:\/\/www.kedali.com\/wp-content\/uploads\/2025\/11\/wholesale-premium-ceramic-tea-set-3-300x300.webp 300w, https:\/\/www.kedali.com\/wp-content\/uploads\/2025\/11\/wholesale-premium-ceramic-tea-set-3-150x150.webp 150w, https:\/\/www.kedali.com\/wp-content\/uploads\/2025\/11\/wholesale-premium-ceramic-tea-set-3-768x768.webp 768w, https:\/\/www.kedali.com\/wp-content\/uploads\/2025\/11\/wholesale-premium-ceramic-tea-set-3-12x12.webp 12w, https:\/\/www.kedali.com\/wp-content\/uploads\/2025\/11\/wholesale-premium-ceramic-tea-set-3-600x600.webp 600w, https:\/\/www.kedali.com\/wp-content\/uploads\/2025\/11\/wholesale-premium-ceramic-tea-set-3-100x100.webp 100w\" sizes=\"(max-width: 800px) 100vw, 800px\" \/><\/figure>\n<\/div>\n\n\n\n<div class=\"wp-block-column is-layout-flow wp-block-column-is-layout-flow\">\n<figure class=\"wp-block-image size-full\"><img decoding=\"async\" width=\"800\" height=\"800\" src=\"https:\/\/www.kedali.com\/wp-content\/uploads\/2025\/11\/wholesale-premium-ceramic-tea-set-4.webp\" alt=\"juego de t\u00e9 de cer\u00e1mica premium al por mayor (4)\" class=\"wp-image-1328\" srcset=\"https:\/\/www.kedali.com\/wp-content\/uploads\/2025\/11\/wholesale-premium-ceramic-tea-set-4.webp 800w, https:\/\/www.kedali.com\/wp-content\/uploads\/2025\/11\/wholesale-premium-ceramic-tea-set-4-300x300.webp 300w, https:\/\/www.kedali.com\/wp-content\/uploads\/2025\/11\/wholesale-premium-ceramic-tea-set-4-150x150.webp 150w, https:\/\/www.kedali.com\/wp-content\/uploads\/2025\/11\/wholesale-premium-ceramic-tea-set-4-768x768.webp 768w, https:\/\/www.kedali.com\/wp-content\/uploads\/2025\/11\/wholesale-premium-ceramic-tea-set-4-12x12.webp 12w, https:\/\/www.kedali.com\/wp-content\/uploads\/2025\/11\/wholesale-premium-ceramic-tea-set-4-600x600.webp 600w, https:\/\/www.kedali.com\/wp-content\/uploads\/2025\/11\/wholesale-premium-ceramic-tea-set-4-100x100.webp 100w\" sizes=\"(max-width: 800px) 100vw, 800px\" \/><\/figure>\n<\/div>\n<\/div>","protected":false},"excerpt":{"rendered":"<p>Venta al por mayor de juegos de t\u00e9 de cer\u00e1mica, con dise\u00f1os que combinan la est\u00e9tica moderna y la funcionalidad pr\u00e1ctica, lo que los hace ideales para regalos de boda y para el mercado minorista de regalos de gama alta. Se admiten en stock y personalizaciones con logotipo.  Como fabricante de juegos de t\u00e9, Kedali ofrece una gran variedad de estilos a precios competitivos. P\u00f3ngase en contacto con nosotros<\/p>\n<h2>Especificaciones del juego de t\u00e9 de cer\u00e1mica<\/h2>\n<table width=\"235\">\n<tbody>\n<tr>\n<td width=\"69\">Marca<\/td>\n<td width=\"166\">KDL<\/td>\n<\/tr>\n<tr>\n<td width=\"69\">Modelo<\/td>\n<td width=\"166\">TPQ190-A128<\/td>\n<\/tr>\n<tr>\n<td width=\"69\">Material<\/td>\n<td width=\"166\">cer\u00e1mica<\/td>\n<\/tr>\n<tr>\n<td width=\"69\">color<\/td>\n<td width=\"166\">blanco<\/td>\n<\/tr>\n<tr>\n<td width=\"69\">Aplicaci\u00f3n<\/td>\n<td width=\"166\">juego de t\u00e9 de cer\u00e1mica<\/td>\n<\/tr>\n<tr>\n<td width=\"69\">Caracter\u00edstica<\/td>\n<td width=\"166\">calcoman\u00eda<\/td>\n<\/tr>\n<tr>\n<td width=\"69\">Dimensiones<\/td>\n<td width=\"166\"><strong data-start=\"34\" data-end=\"49\">Cafetera:<\/strong> 21 \u00d7 12,3 \u00d7 19,5 cm<br data-start=\"69\" data-end=\"72\" data-is-only-node=\"\" \/><strong data-start=\"72\" data-end=\"84\">Tetera:<\/strong> 21 \u00d7 12,8 \u00d7 14 cm<br data-start=\"102\" data-end=\"105\" \/><strong data-start=\"105\" data-end=\"119\">Tarro de az\u00facar:<\/strong> 9,4 \u00d7 9,4 \u00d7 9,5 cm<br data-start=\"138\" data-end=\"141\" \/><strong data-start=\"141\" data-end=\"154\">Tarro de leche:<\/strong> 13 \u00d7 7,5 \u00d7 9,8 cm<br data-start=\"172\" data-end=\"175\" \/><strong data-start=\"175\" data-end=\"183\">Copa:<\/strong> 12 \u00d7 9 \u00d7 6,9 cm<br data-start=\"199\" data-end=\"202\" \/><strong data-start=\"202\" data-end=\"213\">Platillo:<\/strong> 15 \u00d7 15 \u00d7 2 cm<\/td>\n<\/tr>\n<tr>\n<td width=\"69\">Peso bruto (kg)<\/td>\n<td width=\"166\">5 kg<\/td>\n<\/tr>\n<tr>\n<td width=\"69\">Cantidad m\u00ednima de pedido<\/td>\n<td width=\"166\">800 juegos<\/td>\n<\/tr>\n<\/tbody>\n<\/table>\n<p>&nbsp;<\/p>","protected":false},"featured_media":1325,"comment_status":"closed","ping_status":"closed","template":"","meta":{"_acf_changed":false},"product_brand":[],"product_cat":[29,53],"product_tag":[],"class_list":{"0":"post-1314","1":"product","2":"type-product","3":"status-publish","4":"has-post-thumbnail","6":"product_cat-wholesale-ceramic-tea-sets","7":"product_cat-wholesale-coffee-and-tea-sets","9":"first","10":"instock","11":"shipping-taxable","12":"product-type-simple"},"acf":[],"_links":{"self":[{"href":"https:\/\/www.kedali.com\/es\/wp-json\/wp\/v2\/product\/1314","targetHints":{"allow":["GET"]}}],"collection":[{"href":"https:\/\/www.kedali.com\/es\/wp-json\/wp\/v2\/product"}],"about":[{"href":"https:\/\/www.kedali.com\/es\/wp-json\/wp\/v2\/types\/product"}],"replies":[{"embeddable":true,"href":"https:\/\/www.kedali.com\/es\/wp-json\/wp\/v2\/comments?post=1314"}],"wp:featuredmedia":[{"embeddable":true,"href":"https:\/\/www.kedali.com\/es\/wp-json\/wp\/v2\/media\/1325"}],"wp:attachment":[{"href":"https:\/\/www.kedali.com\/es\/wp-json\/wp\/v2\/media?parent=1314"}],"wp:term":[{"taxonomy":"product_brand","embeddable":true,"href":"https:\/\/www.kedali.com\/es\/wp-json\/wp\/v2\/product_brand?post=1314"},{"taxonomy":"product_cat","embeddable":true,"href":"https:\/\/www.kedali.com\/es\/wp-json\/wp\/v2\/product_cat?post=1314"},{"taxonomy":"product_tag","embeddable":true,"href":"https:\/\/www.kedali.com\/es\/wp-json\/wp\/v2\/product_tag?post=1314"}],"curies":[{"name":"wp","href":"https:\/\/api.w.org\/{rel}","templated":true}]}}