{"id":1369,"date":"2025-11-14T07:19:43","date_gmt":"2025-11-14T07:19:43","guid":{"rendered":"https:\/\/www.kedali.com\/?post_type=product&#038;p=1369"},"modified":"2026-01-09T01:16:48","modified_gmt":"2026-01-09T01:16:48","slug":"wholesale-ceramic-baking-dishes-with-dual-handles","status":"publish","type":"product","link":"https:\/\/www.kedali.com\/es\/producto\/wholesale-ceramic-baking-dishes-with-dual-handles\/","title":{"rendered":"Mayorista Platos de Cer\u00e1mica para Hornear con Doble Asa - Artisan Floral Print Series"},"content":{"rendered":"<div class=\"wp-block-columns is-layout-flex wp-container-core-columns-is-layout-9d6595d7 wp-block-columns-is-layout-flex\">\n<div class=\"wp-block-column is-layout-flow wp-block-column-is-layout-flow\">\n<h3 class=\"wp-block-heading\">Caracter\u00edsticas de las fuentes de cer\u00e1mica<\/h3>\n\n\n\n<ul class=\"wp-block-list\">\n<li><strong>Forma y tama\u00f1o:<\/strong> El dise\u00f1o ovalado se ajusta a los h\u00e1bitos de colocaci\u00f3n de los alimentos, y su capacidad es adecuada para la cocina familiar cotidiana (como asar pollo, asar verduras, etc.), combinando est\u00e9tica y practicidad.<\/li>\n\n\n\n<li><strong>Impresi\u00f3n bajo vidriado: <\/strong>Los platos de cer\u00e1mica para hornear al por mayor utilizan un proceso de impresi\u00f3n bajo vidriado que evita la lixiviaci\u00f3n de sustancias nocivas como el plomo y el cadmio. Son m\u00e1s seguros para el contacto directo con los alimentos y cumplen las normas de higiene alimentaria.<\/li>\n\n\n\n<li><strong>F\u00e1cil de limpiar: <\/strong>La superficie lisa de la cer\u00e1mica permite enjuagarla con agua o limpiarla con un pa\u00f1o despu\u00e9s de cocinar, lo que elimina complicados pasos de limpieza y ahorra tiempo y esfuerzo.<\/li>\n\n\n\n<li><strong>Dise\u00f1o detallado: <\/strong>Las bandejas de horno de cer\u00e1mica est\u00e1n equipadas con asas para evitar quemaduras al levantar la bandeja, lo que mejora la seguridad y la comodidad.<\/li>\n\n\n\n<li><strong>Soporte OEM y ODM: <\/strong>En Kedali fabricante de utensilios de cocina de cer\u00e1mica, puede obtener el apoyo m\u00e1s profesional de personalizaci\u00f3n, incluyendo la personalizaci\u00f3n de los materiales, formas, colores, patrones, esmaltes, y el embalaje de sus utensilios de cer\u00e1mica para hornear.<\/li>\n<\/ul>\n\n\n\n<h3 class=\"wp-block-heading\">Servicio a medida<\/h3>\n\n\n\n<ul class=\"wp-block-list\">\n<li>Asistencia OEM y ODM<\/li>\n\n\n\n<li>Entrega r\u00e1pida de muestras.<\/li>\n\n\n\n<li>Proporcionamos productos personalizados en forma, color, patr\u00f3n, embalaje y otros servicios personalizados.<\/li>\n<\/ul>\n<\/div>\n\n\n\n<div class=\"wp-block-column is-layout-flow wp-block-column-is-layout-flow\">\n<figure class=\"wp-block-image size-full\"><img decoding=\"async\" width=\"1600\" height=\"1600\" src=\"https:\/\/www.kedali.com\/wp-content\/uploads\/2025\/11\/ceramic-baking-dish-dimension-1.webp\" alt=\"dimensi\u00f3n de la bandeja de cer\u00e1mica\" class=\"wp-image-1370\" srcset=\"https:\/\/www.kedali.com\/wp-content\/uploads\/2025\/11\/ceramic-baking-dish-dimension-1.webp 1600w, https:\/\/www.kedali.com\/wp-content\/uploads\/2025\/11\/ceramic-baking-dish-dimension-1-300x300.webp 300w, https:\/\/www.kedali.com\/wp-content\/uploads\/2025\/11\/ceramic-baking-dish-dimension-1-150x150.webp 150w, https:\/\/www.kedali.com\/wp-content\/uploads\/2025\/11\/ceramic-baking-dish-dimension-1-768x768.webp 768w, https:\/\/www.kedali.com\/wp-content\/uploads\/2025\/11\/ceramic-baking-dish-dimension-1-12x12.webp 12w, https:\/\/www.kedali.com\/wp-content\/uploads\/2025\/11\/ceramic-baking-dish-dimension-1-1200x1200.webp 1200w, https:\/\/www.kedali.com\/wp-content\/uploads\/2025\/11\/ceramic-baking-dish-dimension-1-600x600.webp 600w, https:\/\/www.kedali.com\/wp-content\/uploads\/2025\/11\/ceramic-baking-dish-dimension-1-100x100.webp 100w\" sizes=\"(max-width: 1600px) 100vw, 1600px\" \/><\/figure>\n<\/div>\n<\/div>\n\n\n\n<div class=\"wp-block-columns is-layout-flex wp-container-core-columns-is-layout-9d6595d7 wp-block-columns-is-layout-flex\">\n<div class=\"wp-block-column is-layout-flow wp-block-column-is-layout-flow\">\n<figure class=\"wp-block-image size-full\"><img decoding=\"async\" width=\"1600\" height=\"1600\" src=\"https:\/\/www.kedali.com\/wp-content\/uploads\/2025\/11\/wholesale-ceramic-baking-dishes-2.webp\" alt=\"venta al por mayor platos de cer\u00e1mica para hornear (2)\" class=\"wp-image-1372\" srcset=\"https:\/\/www.kedali.com\/wp-content\/uploads\/2025\/11\/wholesale-ceramic-baking-dishes-2.webp 1600w, https:\/\/www.kedali.com\/wp-content\/uploads\/2025\/11\/wholesale-ceramic-baking-dishes-2-300x300.webp 300w, https:\/\/www.kedali.com\/wp-content\/uploads\/2025\/11\/wholesale-ceramic-baking-dishes-2-150x150.webp 150w, https:\/\/www.kedali.com\/wp-content\/uploads\/2025\/11\/wholesale-ceramic-baking-dishes-2-768x768.webp 768w, https:\/\/www.kedali.com\/wp-content\/uploads\/2025\/11\/wholesale-ceramic-baking-dishes-2-12x12.webp 12w, https:\/\/www.kedali.com\/wp-content\/uploads\/2025\/11\/wholesale-ceramic-baking-dishes-2-1200x1200.webp 1200w, https:\/\/www.kedali.com\/wp-content\/uploads\/2025\/11\/wholesale-ceramic-baking-dishes-2-600x600.webp 600w, https:\/\/www.kedali.com\/wp-content\/uploads\/2025\/11\/wholesale-ceramic-baking-dishes-2-100x100.webp 100w\" sizes=\"(max-width: 1600px) 100vw, 1600px\" \/><\/figure>\n<\/div>\n\n\n\n<div class=\"wp-block-column is-layout-flow wp-block-column-is-layout-flow\">\n<figure class=\"wp-block-image size-full\"><img decoding=\"async\" width=\"1600\" height=\"1600\" src=\"https:\/\/www.kedali.com\/wp-content\/uploads\/2025\/11\/wholesale-ceramic-baking-dishes-5.webp\" alt=\"venta al por mayor platos de cer\u00e1mica para hornear (5)\" class=\"wp-image-1375\" srcset=\"https:\/\/www.kedali.com\/wp-content\/uploads\/2025\/11\/wholesale-ceramic-baking-dishes-5.webp 1600w, https:\/\/www.kedali.com\/wp-content\/uploads\/2025\/11\/wholesale-ceramic-baking-dishes-5-300x300.webp 300w, https:\/\/www.kedali.com\/wp-content\/uploads\/2025\/11\/wholesale-ceramic-baking-dishes-5-150x150.webp 150w, https:\/\/www.kedali.com\/wp-content\/uploads\/2025\/11\/wholesale-ceramic-baking-dishes-5-768x768.webp 768w, https:\/\/www.kedali.com\/wp-content\/uploads\/2025\/11\/wholesale-ceramic-baking-dishes-5-12x12.webp 12w, https:\/\/www.kedali.com\/wp-content\/uploads\/2025\/11\/wholesale-ceramic-baking-dishes-5-1200x1200.webp 1200w, https:\/\/www.kedali.com\/wp-content\/uploads\/2025\/11\/wholesale-ceramic-baking-dishes-5-600x600.webp 600w, https:\/\/www.kedali.com\/wp-content\/uploads\/2025\/11\/wholesale-ceramic-baking-dishes-5-100x100.webp 100w\" sizes=\"(max-width: 1600px) 100vw, 1600px\" \/><\/figure>\n<\/div>\n<\/div>","protected":false},"excerpt":{"rendered":"<p data-start=\"48\" data-end=\"312\">Bienvenido a la fuente de nuestra cer\u00e1mica al por mayor para hornear. Nuestros platos de cer\u00e1mica al por mayor combinan belleza y funcionalidad. El proceso de impresi\u00f3n bajo vidriado garantiza patrones vibrantes y duraderos que son seguros para los alimentos, no t\u00f3xicos y cumplen con las normas de higiene.<\/p>\n<p data-start=\"314\" data-end=\"438\" data-is-last-node=\"\" data-is-only-node=\"\">Como l\u00edder <a href=\"https:\/\/www.kedali.com\/es\/categoria-producto\/wholesale-ceramic-kitchenware\/\" target=\"_blank\" rel=\"noopener\"><strong>fabricante de utensilios de cocina de cer\u00e1mica<\/strong><\/a>, Kedali ofrece servicios integrales de OEM y ODM. P\u00f3ngase en contacto con nosotros para obtener un presupuesto.<\/p>\n<h2>Especificaciones de los platos de cer\u00e1mica para hornear<\/h2>\n<table width=\"235\">\n<tbody>\n<tr>\n<td width=\"69\">Marca<\/td>\n<td width=\"166\">KDL<\/td>\n<\/tr>\n<tr>\n<td width=\"69\">Modelo<\/td>\n<td width=\"166\">TDQL2085-13-H013<\/td>\n<\/tr>\n<tr>\n<td width=\"69\">Material<\/td>\n<td width=\"166\">cer\u00e1mica<\/td>\n<\/tr>\n<tr>\n<td width=\"69\">Aplicaci\u00f3n<\/td>\n<td width=\"166\">hornear<\/td>\n<\/tr>\n<tr>\n<td width=\"69\">Caracter\u00edstica<\/td>\n<td width=\"166\">color esmaltado<\/td>\n<\/tr>\n<tr>\n<td width=\"69\">Dimensiones<\/td>\n<td width=\"166\">34\u00d720\u00d76cm<\/td>\n<\/tr>\n<tr>\n<td width=\"69\">Peso bruto (kg)<\/td>\n<td width=\"166\">1,13 kg<\/td>\n<\/tr>\n<tr>\n<td width=\"69\">Cantidad m\u00ednima de pedido<\/td>\n<td width=\"166\">800 unidades<\/td>\n<\/tr>\n<\/tbody>\n<\/table>\n<p>&nbsp;<\/p>\n<p>\n<script src=\"chrome-extension:\/\/fpelahbljekknahkcaegamhcndkfpfnc\/iFrame.js\" type=\"text\/javascript\"><\/script><\/p>","protected":false},"featured_media":1371,"comment_status":"closed","ping_status":"closed","template":"","meta":{"_acf_changed":false},"product_brand":[],"product_cat":[34,18],"product_tag":[],"class_list":{"0":"post-1369","1":"product","2":"type-product","3":"status-publish","4":"has-post-thumbnail","6":"product_cat-wholesale-ceramic-bakeware","7":"product_cat-wholesale-ceramic-kitchenware","9":"first","10":"instock","11":"shipping-taxable","12":"product-type-simple"},"acf":[],"_links":{"self":[{"href":"https:\/\/www.kedali.com\/es\/wp-json\/wp\/v2\/product\/1369","targetHints":{"allow":["GET"]}}],"collection":[{"href":"https:\/\/www.kedali.com\/es\/wp-json\/wp\/v2\/product"}],"about":[{"href":"https:\/\/www.kedali.com\/es\/wp-json\/wp\/v2\/types\/product"}],"replies":[{"embeddable":true,"href":"https:\/\/www.kedali.com\/es\/wp-json\/wp\/v2\/comments?post=1369"}],"wp:featuredmedia":[{"embeddable":true,"href":"https:\/\/www.kedali.com\/es\/wp-json\/wp\/v2\/media\/1371"}],"wp:attachment":[{"href":"https:\/\/www.kedali.com\/es\/wp-json\/wp\/v2\/media?parent=1369"}],"wp:term":[{"taxonomy":"product_brand","embeddable":true,"href":"https:\/\/www.kedali.com\/es\/wp-json\/wp\/v2\/product_brand?post=1369"},{"taxonomy":"product_cat","embeddable":true,"href":"https:\/\/www.kedali.com\/es\/wp-json\/wp\/v2\/product_cat?post=1369"},{"taxonomy":"product_tag","embeddable":true,"href":"https:\/\/www.kedali.com\/es\/wp-json\/wp\/v2\/product_tag?post=1369"}],"curies":[{"name":"wp","href":"https:\/\/api.w.org\/{rel}","templated":true}]}}