{"id":1376,"date":"2025-11-14T07:49:55","date_gmt":"2025-11-14T07:49:55","guid":{"rendered":"https:\/\/www.kedali.com\/?post_type=product&#038;p=1376"},"modified":"2025-11-14T08:11:46","modified_gmt":"2025-11-14T08:11:46","slug":"wholesale-3-piece-ceramic-bakeware-sets","status":"publish","type":"product","link":"https:\/\/www.kedali.com\/es\/producto\/wholesale-3-piece-ceramic-bakeware-sets\/","title":{"rendered":"Mayorista 3-Piece Bakeware Ceramic Sets - Horno y Microondas Seguro Suministro de la F\u00e1brica, MOQ:800 pcs"},"content":{"rendered":"<div class=\"wp-block-columns is-layout-flex wp-container-core-columns-is-layout-9d6595d7 wp-block-columns-is-layout-flex\">\n<div class=\"wp-block-column is-layout-flow wp-block-column-is-layout-flow\">\n<h3 class=\"wp-block-heading\">Caracter\u00edsticas del juego de 3 piezas de cer\u00e1mica para hornear<\/h3>\n\n\n\n<ul class=\"wp-block-list\">\n<li><strong>Inofensivo y seguro:<\/strong> Nuestro juego de utensilios de cer\u00e1mica para hornear al por mayor cumple las normas de seguridad alimentaria y es seguro para el contacto directo con los alimentos, por lo que es especialmente adecuado para cocinar en casa todos los d\u00edas.<\/li>\n\n\n\n<li><strong>Muy resistente al calor:<\/strong> Soporta altas temperaturas y evita la deformaci\u00f3n y el agrietamiento debidos a los cambios de temperatura; su durabilidad supera con creces la de materiales como el pl\u00e1stico.<\/li>\n\n\n\n<li><strong>M\u00faltiples tama\u00f1os: <\/strong>El juego de cer\u00e1mica para hornear viene en varios tama\u00f1os (peque\u00f1o, mediano y grande) para satisfacer diferentes necesidades, desde comidas para una sola persona hasta comidas para varias personas, adapt\u00e1ndose con flexibilidad a los escenarios de comidas familiares.<\/li>\n\n\n\n<li><strong>Formas vers\u00e1tiles: <\/strong>Las formas cl\u00e1sicas como la cuadrada y la rectangular son adecuadas para hornos, microondas y otros equipos de cocina, y tambi\u00e9n pueden utilizarse directamente como \u201cplato expositor de productos acabados\u201d en la mesa del comedor, ahorrando la molestia de cambiar la vajilla.<\/li>\n\n\n\n<li>Material con textura: El material cer\u00e1mico tiene un brillo c\u00e1lido y un tacto delicado. En comparaci\u00f3n con los utensilios de almacenaje de metal o pl\u00e1stico, tiene un tacto superior, que a\u00f1ade un ambiente refinado al espacio.<\/li>\n<\/ul>\n\n\n\n<h3 class=\"wp-block-heading\">Servicio a medida<\/h3>\n\n\n\n<ul class=\"wp-block-list\">\n<li>Asistencia OEM y ODM<\/li>\n\n\n\n<li>Entrega r\u00e1pida de muestras.<\/li>\n\n\n\n<li>Proporcionamos productos personalizados en forma, color, patr\u00f3n, embalaje y otros servicios personalizados.<\/li>\n<\/ul>\n<\/div>\n\n\n\n<div class=\"wp-block-column is-layout-flow wp-block-column-is-layout-flow\">\n<figure class=\"wp-block-image size-full\"><img decoding=\"async\" width=\"1600\" height=\"1600\" src=\"https:\/\/www.kedali.com\/wp-content\/uploads\/2025\/11\/3-piece-ceramic-bakeware-set-dimension.webp\" alt=\"Set de cer\u00e1mica para hornear de 3 piezas dimensi\u00f3n\" class=\"wp-image-1382\" srcset=\"https:\/\/www.kedali.com\/wp-content\/uploads\/2025\/11\/3-piece-ceramic-bakeware-set-dimension.webp 1600w, https:\/\/www.kedali.com\/wp-content\/uploads\/2025\/11\/3-piece-ceramic-bakeware-set-dimension-300x300.webp 300w, https:\/\/www.kedali.com\/wp-content\/uploads\/2025\/11\/3-piece-ceramic-bakeware-set-dimension-150x150.webp 150w, https:\/\/www.kedali.com\/wp-content\/uploads\/2025\/11\/3-piece-ceramic-bakeware-set-dimension-768x768.webp 768w, https:\/\/www.kedali.com\/wp-content\/uploads\/2025\/11\/3-piece-ceramic-bakeware-set-dimension-12x12.webp 12w, https:\/\/www.kedali.com\/wp-content\/uploads\/2025\/11\/3-piece-ceramic-bakeware-set-dimension-1200x1200.webp 1200w, https:\/\/www.kedali.com\/wp-content\/uploads\/2025\/11\/3-piece-ceramic-bakeware-set-dimension-600x600.webp 600w, https:\/\/www.kedali.com\/wp-content\/uploads\/2025\/11\/3-piece-ceramic-bakeware-set-dimension-100x100.webp 100w\" sizes=\"(max-width: 1600px) 100vw, 1600px\" \/><\/figure>\n<\/div>\n<\/div>\n\n\n\n<div class=\"wp-block-columns is-layout-flex wp-container-core-columns-is-layout-9d6595d7 wp-block-columns-is-layout-flex\">\n<div class=\"wp-block-column is-layout-flow wp-block-column-is-layout-flow\">\n<figure class=\"wp-block-image size-full\"><img decoding=\"async\" width=\"1600\" height=\"1600\" src=\"https:\/\/www.kedali.com\/wp-content\/uploads\/2025\/11\/3-piece-ceramic-bakeware-set-1-1.webp\" alt=\"Juego de cer\u00e1mica para hornear de 3 piezas (1)\" class=\"wp-image-1383\" srcset=\"https:\/\/www.kedali.com\/wp-content\/uploads\/2025\/11\/3-piece-ceramic-bakeware-set-1-1.webp 1600w, https:\/\/www.kedali.com\/wp-content\/uploads\/2025\/11\/3-piece-ceramic-bakeware-set-1-1-300x300.webp 300w, https:\/\/www.kedali.com\/wp-content\/uploads\/2025\/11\/3-piece-ceramic-bakeware-set-1-1-150x150.webp 150w, https:\/\/www.kedali.com\/wp-content\/uploads\/2025\/11\/3-piece-ceramic-bakeware-set-1-1-768x768.webp 768w, https:\/\/www.kedali.com\/wp-content\/uploads\/2025\/11\/3-piece-ceramic-bakeware-set-1-1-12x12.webp 12w, https:\/\/www.kedali.com\/wp-content\/uploads\/2025\/11\/3-piece-ceramic-bakeware-set-1-1-1200x1200.webp 1200w, https:\/\/www.kedali.com\/wp-content\/uploads\/2025\/11\/3-piece-ceramic-bakeware-set-1-1-600x600.webp 600w, https:\/\/www.kedali.com\/wp-content\/uploads\/2025\/11\/3-piece-ceramic-bakeware-set-1-1-100x100.webp 100w\" sizes=\"(max-width: 1600px) 100vw, 1600px\" \/><\/figure>\n<\/div>\n\n\n\n<div class=\"wp-block-column is-layout-flow wp-block-column-is-layout-flow\">\n<figure class=\"wp-block-image size-full\"><img decoding=\"async\" width=\"1600\" height=\"1600\" src=\"https:\/\/www.kedali.com\/wp-content\/uploads\/2025\/11\/3-piece-ceramic-bakeware-set-2-1.webp\" alt=\"Juego de 3 piezas de cer\u00e1mica para hornear (2)\" class=\"wp-image-1384\" srcset=\"https:\/\/www.kedali.com\/wp-content\/uploads\/2025\/11\/3-piece-ceramic-bakeware-set-2-1.webp 1600w, https:\/\/www.kedali.com\/wp-content\/uploads\/2025\/11\/3-piece-ceramic-bakeware-set-2-1-300x300.webp 300w, https:\/\/www.kedali.com\/wp-content\/uploads\/2025\/11\/3-piece-ceramic-bakeware-set-2-1-150x150.webp 150w, https:\/\/www.kedali.com\/wp-content\/uploads\/2025\/11\/3-piece-ceramic-bakeware-set-2-1-768x768.webp 768w, https:\/\/www.kedali.com\/wp-content\/uploads\/2025\/11\/3-piece-ceramic-bakeware-set-2-1-12x12.webp 12w, https:\/\/www.kedali.com\/wp-content\/uploads\/2025\/11\/3-piece-ceramic-bakeware-set-2-1-1200x1200.webp 1200w, https:\/\/www.kedali.com\/wp-content\/uploads\/2025\/11\/3-piece-ceramic-bakeware-set-2-1-600x600.webp 600w, https:\/\/www.kedali.com\/wp-content\/uploads\/2025\/11\/3-piece-ceramic-bakeware-set-2-1-100x100.webp 100w\" sizes=\"(max-width: 1600px) 100vw, 1600px\" \/><\/figure>\n<\/div>\n<\/div>","protected":false},"excerpt":{"rendered":"<p>Le invitamos a adquirir al por mayor nuestro juego de utensilios de cer\u00e1mica para hornear de 3 piezas. El juego incluye tama\u00f1os peque\u00f1o, mediano y grande para satisfacer f\u00e1cilmente las necesidades de uno o varios comensales. Los cl\u00e1sicos dise\u00f1os cuadrados y rectangulares son aptos para hornos y microondas, y tambi\u00e9n pueden utilizarse como elegantes fuentes para servir, eliminando la necesidad de transferir los alimentos.<\/p>\n<p>Como <a href=\"https:\/\/www.kedali.com\/es\/categoria-producto\/wholesale-ceramic-kitchenware\/\" target=\"_blank\" rel=\"noopener\"><strong>fabricante de utensilios de cocina de cer\u00e1mica<\/strong><\/a>, Ofrecemos servicios completos de OEM y ODM, que le permiten personalizar materiales, formas, colores, dise\u00f1os, esmaltes y envases para adaptarlos a su marca. P\u00f3ngase en contacto con nosotros para solicitar un presupuesto.<\/p>\n<h2>Especificaciones del juego de 3 piezas de cer\u00e1mica para hornear<\/h2>\n<table width=\"235\">\n<tbody>\n<tr>\n<td width=\"69\">Marca<\/td>\n<td width=\"166\">KDL<\/td>\n<\/tr>\n<tr>\n<td width=\"69\">Modelo<\/td>\n<td width=\"166\">TDQ2213-2<\/td>\n<\/tr>\n<tr>\n<td width=\"69\">Material<\/td>\n<td width=\"166\">cer\u00e1mica<\/td>\n<\/tr>\n<tr>\n<td width=\"69\">color<\/td>\n<td width=\"166\">amarillo\/naranja\/personalizable<\/td>\n<\/tr>\n<tr>\n<td width=\"69\">Aplicaci\u00f3n<\/td>\n<td width=\"166\">hornear<\/td>\n<\/tr>\n<tr>\n<td width=\"69\">Caracter\u00edstica<\/td>\n<td width=\"166\">color esmaltado<\/td>\n<\/tr>\n<tr>\n<td width=\"69\">Dimensiones<\/td>\n<td width=\"166\">23 \u00d7 14,5 \u00d7 6,5 cm<br data-start=\"56\" data-end=\"59\" \/>30,5 \u00d7 20 \u00d7 8 cm<br data-start=\"79\" data-end=\"82\" \/>37,8 \u00d7 24,5 \u00d7 9 cm<\/td>\n<\/tr>\n<tr>\n<td width=\"69\">Cantidad m\u00ednima de pedido<\/td>\n<td width=\"166\">800 juegos<\/td>\n<\/tr>\n<\/tbody>\n<\/table>\n<p>&nbsp;<\/p>","protected":false},"featured_media":1383,"comment_status":"closed","ping_status":"closed","template":"","meta":{"_acf_changed":false},"product_brand":[],"product_cat":[18,34],"product_tag":[],"class_list":{"0":"post-1376","1":"product","2":"type-product","3":"status-publish","4":"has-post-thumbnail","6":"product_cat-wholesale-ceramic-kitchenware","7":"product_cat-wholesale-ceramic-bakeware","9":"first","10":"instock","11":"shipping-taxable","12":"product-type-simple"},"acf":[],"_links":{"self":[{"href":"https:\/\/www.kedali.com\/es\/wp-json\/wp\/v2\/product\/1376","targetHints":{"allow":["GET"]}}],"collection":[{"href":"https:\/\/www.kedali.com\/es\/wp-json\/wp\/v2\/product"}],"about":[{"href":"https:\/\/www.kedali.com\/es\/wp-json\/wp\/v2\/types\/product"}],"replies":[{"embeddable":true,"href":"https:\/\/www.kedali.com\/es\/wp-json\/wp\/v2\/comments?post=1376"}],"wp:featuredmedia":[{"embeddable":true,"href":"https:\/\/www.kedali.com\/es\/wp-json\/wp\/v2\/media\/1383"}],"wp:attachment":[{"href":"https:\/\/www.kedali.com\/es\/wp-json\/wp\/v2\/media?parent=1376"}],"wp:term":[{"taxonomy":"product_brand","embeddable":true,"href":"https:\/\/www.kedali.com\/es\/wp-json\/wp\/v2\/product_brand?post=1376"},{"taxonomy":"product_cat","embeddable":true,"href":"https:\/\/www.kedali.com\/es\/wp-json\/wp\/v2\/product_cat?post=1376"},{"taxonomy":"product_tag","embeddable":true,"href":"https:\/\/www.kedali.com\/es\/wp-json\/wp\/v2\/product_tag?post=1376"}],"curies":[{"name":"wp","href":"https:\/\/api.w.org\/{rel}","templated":true}]}}