{"id":1393,"date":"2025-11-15T00:57:31","date_gmt":"2025-11-15T00:57:31","guid":{"rendered":"https:\/\/www.kedali.com\/?post_type=product&#038;p=1393"},"modified":"2026-02-09T13:21:49","modified_gmt":"2026-02-09T13:21:49","slug":"wholesale-ceramic-pet-food-storage-jars-2","status":"publish","type":"product","link":"https:\/\/www.kedali.com\/es\/producto\/wholesale-ceramic-pet-food-storage-jars-2\/","title":{"rendered":"Mayorista Tarros de Cer\u00e1mica para Comida de Mascotas con Tapa Herm\u00e9tica - Dog &amp; Cat Treat Containers"},"content":{"rendered":"<div class=\"wp-block-columns is-layout-flex wp-container-core-columns-is-layout-9d6595d7 wp-block-columns-is-layout-flex\">\n<div class=\"wp-block-column is-layout-flow wp-block-column-is-layout-flow\">\n<h3 class=\"wp-block-heading\">Caracter\u00edsticas de los tarros de comida para mascotas<\/h3>\n\n\n\n<ul class=\"wp-block-list\">\n<li><strong>Sellado superior: <\/strong>El denso material cer\u00e1mico, combinado con una tapa sellada con goma, evita que la comida se humedezca, se oxide o se estropee, prolongando considerablemente la vida \u00fatil de los alimentos para mascotas.<\/li>\n\n\n\n<li><strong>Material seguro y respetuoso con el medio ambiente: <\/strong>Los tarros de cer\u00e1mica de alta calidad para comida de mascotas se cuecen a altas temperaturas, lo que evita la liberaci\u00f3n de sustancias nocivas. Cumplen las normas de calidad alimentaria, son seguros para el contacto directo con alimentos y no son t\u00f3xicos.<\/li>\n\n\n\n<li><strong>Multifuncional y pr\u00e1ctico:<\/strong> No s\u00f3lo sirven para guardar comida para mascotas, sino que tambi\u00e9n pueden utilizarse para sellar granos de caf\u00e9, cereales, productos secos, especias, etc.<\/li>\n\n\n\n<li><strong>Bonito y pr\u00e1ctico: <\/strong>Como fabricante de cer\u00e1mica, ofrecemos una gran variedad de estilos y vibrantes colores para nuestros tarros de conservas, lo que los hace id\u00f3neos como decoraci\u00f3n para el hogar.<\/li>\n\n\n\n<li><strong>Personalizaci\u00f3n disponible: <\/strong>Ofrecemos precios al por mayor y podemos personalizar los tarros para satisfacer las diversas necesidades de empresas y particulares, incluida la selecci\u00f3n de colores y motivos.<\/li>\n<\/ul>\n\n\n\n<h3 class=\"wp-block-heading\">Servicio a medida<\/h3>\n\n\n\n<ul class=\"wp-block-list\">\n<li>Asistencia OEM y ODM<\/li>\n\n\n\n<li>Entrega r\u00e1pida de muestras.<\/li>\n\n\n\n<li>Proporcionamos productos personalizados en forma, color, patr\u00f3n, embalaje y otros servicios personalizados.<\/li>\n<\/ul>\n<\/div>\n\n\n\n<div class=\"wp-block-column is-layout-flow wp-block-column-is-layout-flow\">\n<figure class=\"wp-block-image size-full\"><img decoding=\"async\" width=\"800\" height=\"800\" src=\"https:\/\/www.kedali.com\/wp-content\/uploads\/2025\/11\/pet-food-storage-jar-dimension.webp\" alt=\"dimensi\u00f3n del tarro de comida para mascotas\" class=\"wp-image-1394\" srcset=\"https:\/\/www.kedali.com\/wp-content\/uploads\/2025\/11\/pet-food-storage-jar-dimension.webp 800w, https:\/\/www.kedali.com\/wp-content\/uploads\/2025\/11\/pet-food-storage-jar-dimension-300x300.webp 300w, https:\/\/www.kedali.com\/wp-content\/uploads\/2025\/11\/pet-food-storage-jar-dimension-150x150.webp 150w, https:\/\/www.kedali.com\/wp-content\/uploads\/2025\/11\/pet-food-storage-jar-dimension-768x768.webp 768w, https:\/\/www.kedali.com\/wp-content\/uploads\/2025\/11\/pet-food-storage-jar-dimension-12x12.webp 12w, https:\/\/www.kedali.com\/wp-content\/uploads\/2025\/11\/pet-food-storage-jar-dimension-600x600.webp 600w, https:\/\/www.kedali.com\/wp-content\/uploads\/2025\/11\/pet-food-storage-jar-dimension-100x100.webp 100w\" sizes=\"(max-width: 800px) 100vw, 800px\" \/><\/figure>\n<\/div>\n<\/div>\n\n\n\n<div class=\"wp-block-columns is-layout-flex wp-container-core-columns-is-layout-9d6595d7 wp-block-columns-is-layout-flex\">\n<div class=\"wp-block-column is-layout-flow wp-block-column-is-layout-flow\">\n<figure class=\"wp-block-image size-full\"><img decoding=\"async\" width=\"800\" height=\"800\" src=\"https:\/\/www.kedali.com\/wp-content\/uploads\/2025\/11\/wholesale-pet-food-storage-jars-5.webp\" alt=\"venta al por mayor de tarros de comida para mascotas (5)\" class=\"wp-image-1405\" srcset=\"https:\/\/www.kedali.com\/wp-content\/uploads\/2025\/11\/wholesale-pet-food-storage-jars-5.webp 800w, https:\/\/www.kedali.com\/wp-content\/uploads\/2025\/11\/wholesale-pet-food-storage-jars-5-300x300.webp 300w, https:\/\/www.kedali.com\/wp-content\/uploads\/2025\/11\/wholesale-pet-food-storage-jars-5-150x150.webp 150w, https:\/\/www.kedali.com\/wp-content\/uploads\/2025\/11\/wholesale-pet-food-storage-jars-5-768x768.webp 768w, https:\/\/www.kedali.com\/wp-content\/uploads\/2025\/11\/wholesale-pet-food-storage-jars-5-12x12.webp 12w, https:\/\/www.kedali.com\/wp-content\/uploads\/2025\/11\/wholesale-pet-food-storage-jars-5-600x600.webp 600w, https:\/\/www.kedali.com\/wp-content\/uploads\/2025\/11\/wholesale-pet-food-storage-jars-5-100x100.webp 100w\" sizes=\"(max-width: 800px) 100vw, 800px\" \/><\/figure>\n<\/div>\n\n\n\n<div class=\"wp-block-column is-layout-flow wp-block-column-is-layout-flow\">\n<figure class=\"wp-block-image size-full\"><img decoding=\"async\" width=\"800\" height=\"800\" src=\"https:\/\/www.kedali.com\/wp-content\/uploads\/2025\/11\/wholesale-pet-food-storage-jars-6.webp\" alt=\"venta al por mayor de tarros de comida para mascotas (6)\" class=\"wp-image-1406\" srcset=\"https:\/\/www.kedali.com\/wp-content\/uploads\/2025\/11\/wholesale-pet-food-storage-jars-6.webp 800w, https:\/\/www.kedali.com\/wp-content\/uploads\/2025\/11\/wholesale-pet-food-storage-jars-6-300x300.webp 300w, https:\/\/www.kedali.com\/wp-content\/uploads\/2025\/11\/wholesale-pet-food-storage-jars-6-150x150.webp 150w, https:\/\/www.kedali.com\/wp-content\/uploads\/2025\/11\/wholesale-pet-food-storage-jars-6-768x768.webp 768w, https:\/\/www.kedali.com\/wp-content\/uploads\/2025\/11\/wholesale-pet-food-storage-jars-6-12x12.webp 12w, https:\/\/www.kedali.com\/wp-content\/uploads\/2025\/11\/wholesale-pet-food-storage-jars-6-600x600.webp 600w, https:\/\/www.kedali.com\/wp-content\/uploads\/2025\/11\/wholesale-pet-food-storage-jars-6-100x100.webp 100w\" sizes=\"(max-width: 800px) 100vw, 800px\" \/><\/figure>\n<\/div>\n<\/div>","protected":false},"excerpt":{"rendered":"<p>Mayorista de tarros de cer\u00e1mica para comida de mascotas. Nuestros tarros de cer\u00e1mica para comida y golosinas para mascotas est\u00e1n dise\u00f1ados para mantener la frescura de los alimentos y una calidad duradera, proporcionando a los usuarios una soluci\u00f3n de almacenamiento superior. Su dise\u00f1o vers\u00e1til tambi\u00e9n los hace adecuados para almacenar caf\u00e9, cereales, especias y otros productos secos.<\/p>\n<p>Como <a href=\"https:\/\/www.kedali.com\/es\/\" target=\"_blank\" rel=\"noopener\"><strong>fabricante de porcelana<\/strong><\/a>, OEM\/ODM: aceptamos pedidos OEM\/ODM y ofrecemos personalizaci\u00f3n completa. P\u00f3ngase en contacto con nosotros hoy mismo.<\/p>\n<h2>Especificaciones del tarro de comida para mascotas<\/h2>\n<table width=\"235\">\n<tbody>\n<tr>\n<td width=\"69\">Marca<\/td>\n<td width=\"166\">KDL<\/td>\n<\/tr>\n<tr>\n<td width=\"69\">Modelo<\/td>\n<td width=\"166\">TGS1654<\/td>\n<\/tr>\n<tr>\n<td width=\"69\">Material<\/td>\n<td width=\"166\">cer\u00e1mica<\/td>\n<\/tr>\n<tr>\n<td width=\"69\">color<\/td>\n<td width=\"166\">rosa\/azul<\/td>\n<\/tr>\n<tr>\n<td width=\"69\">Aplicaci\u00f3n<\/td>\n<td width=\"166\">almacenamiento de alimentos<\/td>\n<\/tr>\n<tr>\n<td width=\"69\">Caracter\u00edstica<\/td>\n<td width=\"166\">color esmaltado<\/td>\n<\/tr>\n<tr>\n<td width=\"69\">Dimensiones<\/td>\n<td width=\"166\">12,2\u00d712,2\u00d725,1 cm<\/td>\n<\/tr>\n<tr>\n<td width=\"69\">Peso bruto (kg)<\/td>\n<td width=\"166\">2kg<\/td>\n<\/tr>\n<tr>\n<td width=\"69\">Cantidad m\u00ednima de pedido<\/td>\n<td width=\"166\">800 juegos<\/td>\n<\/tr>\n<\/tbody>\n<\/table>\n<p>&nbsp;<\/p>","protected":false},"featured_media":1401,"comment_status":"closed","ping_status":"closed","template":"","meta":{"_acf_changed":false},"product_brand":[],"product_cat":[22,55],"product_tag":[],"class_list":{"0":"post-1393","1":"product","2":"type-product","3":"status-publish","4":"has-post-thumbnail","6":"product_cat-wholesale-ceramic-pet-supplies","7":"product_cat-wholesale-pet-storage","9":"first","10":"instock","11":"shipping-taxable","12":"product-type-simple"},"acf":[],"_links":{"self":[{"href":"https:\/\/www.kedali.com\/es\/wp-json\/wp\/v2\/product\/1393","targetHints":{"allow":["GET"]}}],"collection":[{"href":"https:\/\/www.kedali.com\/es\/wp-json\/wp\/v2\/product"}],"about":[{"href":"https:\/\/www.kedali.com\/es\/wp-json\/wp\/v2\/types\/product"}],"replies":[{"embeddable":true,"href":"https:\/\/www.kedali.com\/es\/wp-json\/wp\/v2\/comments?post=1393"}],"wp:featuredmedia":[{"embeddable":true,"href":"https:\/\/www.kedali.com\/es\/wp-json\/wp\/v2\/media\/1401"}],"wp:attachment":[{"href":"https:\/\/www.kedali.com\/es\/wp-json\/wp\/v2\/media?parent=1393"}],"wp:term":[{"taxonomy":"product_brand","embeddable":true,"href":"https:\/\/www.kedali.com\/es\/wp-json\/wp\/v2\/product_brand?post=1393"},{"taxonomy":"product_cat","embeddable":true,"href":"https:\/\/www.kedali.com\/es\/wp-json\/wp\/v2\/product_cat?post=1393"},{"taxonomy":"product_tag","embeddable":true,"href":"https:\/\/www.kedali.com\/es\/wp-json\/wp\/v2\/product_tag?post=1393"}],"curies":[{"name":"wp","href":"https:\/\/api.w.org\/{rel}","templated":true}]}}