{"id":1407,"date":"2025-11-15T01:24:00","date_gmt":"2025-11-15T01:24:00","guid":{"rendered":"https:\/\/www.kedali.com\/?post_type=product&#038;p=1407"},"modified":"2026-02-09T13:21:42","modified_gmt":"2026-02-09T13:21:42","slug":"wholesale-colorful-ceramic-cat-bowls","status":"publish","type":"product","link":"https:\/\/www.kedali.com\/es\/producto\/wholesale-colorful-ceramic-cat-bowls\/","title":{"rendered":"Mayorista Comederos de Cer\u00e1mica de Colores para Gatos - Comederos de Gres para Mascotas F\u00e1ciles de Limpiar"},"content":{"rendered":"<div class=\"wp-block-columns is-layout-flex wp-container-core-columns-is-layout-9d6595d7 wp-block-columns-is-layout-flex\">\n<div class=\"wp-block-column is-layout-flow wp-block-column-is-layout-flow\">\n<h3 class=\"wp-block-heading\">Caracter\u00edsticas de los cuencos de cer\u00e1mica para mascotas<\/h3>\n\n\n\n<ul class=\"wp-block-list\">\n<li><strong>Colores ricos:<\/strong> Una gran variedad de colores y dibujos hacen que este cuenco de cer\u00e1mica para mascotas sea m\u00e1s atractivo, mejorando la experiencia gastron\u00f3mica de su mascota.<\/li>\n\n\n\n<li><strong>Resistente a los ara\u00f1azos: <\/strong>La superficie del cuenco de cer\u00e1mica est\u00e1 tratada con un esmalte de alta temperatura que la hace resistente a los ara\u00f1azos y garantiza una larga vida \u00fatil.<\/li>\n\n\n\n<li><strong>Superficie f\u00e1cil de limpiar:<\/strong> El tratamiento de glaseado evita eficazmente las manchas, los olores y la proliferaci\u00f3n de bacterias.<\/li>\n\n\n\n<li><strong>\u00c1ngulo de comedor amplio y c\u00f3modo:<\/strong> La forma redonda y el borde bajo del cuenco hacen que sea m\u00e1s f\u00e1cil y c\u00f3modo para los gatos comer.<\/li>\n\n\n\n<li><strong>Adecuado para alimentos secos y h\u00famedos:<\/strong> Nuestros cuencos para mascotas al por mayor est\u00e1n hechos de cer\u00e1mica, que puede manejar diferentes tipos de alimentos sin absorber olores o grasa.<\/li>\n\n\n\n<li><strong>Suministro directo de f\u00e1brica: <\/strong>Como fabricante de cuencos de cer\u00e1mica para mascotas con 30 a\u00f1os de experiencia, ofrecemos una amplia variedad de cuencos de cer\u00e1mica al por mayor, atendiendo pedidos al por mayor y proporcionando presupuestos de f\u00e1brica.<\/li>\n<\/ul>\n\n\n\n<h3 class=\"wp-block-heading\">Servicio a medida<\/h3>\n\n\n\n<ul class=\"wp-block-list\">\n<li>Asistencia OEM y ODM<\/li>\n\n\n\n<li>Entrega r\u00e1pida de muestras.<\/li>\n\n\n\n<li>Proporcionamos productos personalizados en forma, color, patr\u00f3n, embalaje y otros servicios personalizados.<\/li>\n<\/ul>\n<\/div>\n\n\n\n<div class=\"wp-block-column is-layout-flow wp-block-column-is-layout-flow\">\n<figure class=\"wp-block-image size-full\"><img decoding=\"async\" width=\"800\" height=\"800\" src=\"https:\/\/www.kedali.com\/wp-content\/uploads\/2025\/11\/wholesale-cat-bowls-1.webp\" alt=\"venta al por mayor de comederos para gatos (1)\" class=\"wp-image-1408\" srcset=\"https:\/\/www.kedali.com\/wp-content\/uploads\/2025\/11\/wholesale-cat-bowls-1.webp 800w, https:\/\/www.kedali.com\/wp-content\/uploads\/2025\/11\/wholesale-cat-bowls-1-300x300.webp 300w, https:\/\/www.kedali.com\/wp-content\/uploads\/2025\/11\/wholesale-cat-bowls-1-150x150.webp 150w, https:\/\/www.kedali.com\/wp-content\/uploads\/2025\/11\/wholesale-cat-bowls-1-768x768.webp 768w, https:\/\/www.kedali.com\/wp-content\/uploads\/2025\/11\/wholesale-cat-bowls-1-12x12.webp 12w, https:\/\/www.kedali.com\/wp-content\/uploads\/2025\/11\/wholesale-cat-bowls-1-600x600.webp 600w, https:\/\/www.kedali.com\/wp-content\/uploads\/2025\/11\/wholesale-cat-bowls-1-100x100.webp 100w\" sizes=\"(max-width: 800px) 100vw, 800px\" \/><\/figure>\n<\/div>\n<\/div>\n\n\n\n<div class=\"wp-block-columns is-layout-flex wp-container-core-columns-is-layout-9d6595d7 wp-block-columns-is-layout-flex\">\n<div class=\"wp-block-column is-layout-flow wp-block-column-is-layout-flow\">\n<figure class=\"wp-block-image size-full\"><img decoding=\"async\" width=\"800\" height=\"800\" src=\"https:\/\/www.kedali.com\/wp-content\/uploads\/2025\/11\/wholesale-cat-bowls-4.webp\" alt=\"venta al por mayor de comederos para gatos (4)\" class=\"wp-image-1411\" srcset=\"https:\/\/www.kedali.com\/wp-content\/uploads\/2025\/11\/wholesale-cat-bowls-4.webp 800w, https:\/\/www.kedali.com\/wp-content\/uploads\/2025\/11\/wholesale-cat-bowls-4-300x300.webp 300w, https:\/\/www.kedali.com\/wp-content\/uploads\/2025\/11\/wholesale-cat-bowls-4-150x150.webp 150w, https:\/\/www.kedali.com\/wp-content\/uploads\/2025\/11\/wholesale-cat-bowls-4-768x768.webp 768w, https:\/\/www.kedali.com\/wp-content\/uploads\/2025\/11\/wholesale-cat-bowls-4-12x12.webp 12w, https:\/\/www.kedali.com\/wp-content\/uploads\/2025\/11\/wholesale-cat-bowls-4-600x600.webp 600w, https:\/\/www.kedali.com\/wp-content\/uploads\/2025\/11\/wholesale-cat-bowls-4-100x100.webp 100w\" sizes=\"(max-width: 800px) 100vw, 800px\" \/><\/figure>\n<\/div>\n\n\n\n<div class=\"wp-block-column is-layout-flow wp-block-column-is-layout-flow\">\n<figure class=\"wp-block-image size-full\"><img decoding=\"async\" width=\"800\" height=\"800\" src=\"https:\/\/www.kedali.com\/wp-content\/uploads\/2025\/11\/wholesale-cat-bowls-5.webp\" alt=\"venta al por mayor de comederos para gatos (5)\" class=\"wp-image-1412\" srcset=\"https:\/\/www.kedali.com\/wp-content\/uploads\/2025\/11\/wholesale-cat-bowls-5.webp 800w, https:\/\/www.kedali.com\/wp-content\/uploads\/2025\/11\/wholesale-cat-bowls-5-300x300.webp 300w, https:\/\/www.kedali.com\/wp-content\/uploads\/2025\/11\/wholesale-cat-bowls-5-150x150.webp 150w, https:\/\/www.kedali.com\/wp-content\/uploads\/2025\/11\/wholesale-cat-bowls-5-768x768.webp 768w, https:\/\/www.kedali.com\/wp-content\/uploads\/2025\/11\/wholesale-cat-bowls-5-12x12.webp 12w, https:\/\/www.kedali.com\/wp-content\/uploads\/2025\/11\/wholesale-cat-bowls-5-600x600.webp 600w, https:\/\/www.kedali.com\/wp-content\/uploads\/2025\/11\/wholesale-cat-bowls-5-100x100.webp 100w\" sizes=\"(max-width: 800px) 100vw, 800px\" \/><\/figure>\n<\/div>\n<\/div>","protected":false},"excerpt":{"rendered":"<p>Mayorista de cuencos de cer\u00e1mica para mascotas a precio de f\u00e1brica. Estos cuencos para mascotas est\u00e1n hechos de cer\u00e1mica de grado alimenticio cocida a alta temperatura, que no es t\u00f3xica ni tiene olor, en la que conf\u00edan los due\u00f1os de mascotas. El suave interior esmaltado es f\u00e1cil de limpiar y tiene una excelente resistencia a las manchas y ara\u00f1azos.<\/p>\n<p>Como <a href=\"https:\/\/www.kedali.com\/es\/categoria-producto\/wholesale-ceramic-pet-supplies\/\" target=\"_blank\" rel=\"noopener\"><strong>f\u00e1brica de cuencos de cer\u00e1mica para mascotas<\/strong><\/a>,Adem\u00e1s, admitimos pedidos al por mayor y ofrecemos servicios de OEM y ODM. P\u00f3ngase en contacto con nosotros.<\/p>\n<h2>Especificaciones del cuenco de cer\u00e1mica para gatos<\/h2>\n<table width=\"235\">\n<tbody>\n<tr>\n<td width=\"69\">Marca<\/td>\n<td width=\"166\">KDL<\/td>\n<\/tr>\n<tr>\n<td width=\"69\">Modelo<\/td>\n<td width=\"166\">TOS259-A949<\/td>\n<\/tr>\n<tr>\n<td width=\"69\">Material<\/td>\n<td width=\"166\">cer\u00e1mica<\/td>\n<\/tr>\n<tr>\n<td width=\"69\">color<\/td>\n<td width=\"166\">personalizable<\/td>\n<\/tr>\n<tr>\n<td width=\"69\">Aplicaci\u00f3n<\/td>\n<td width=\"166\">cuenco para mascotas\u00a0<\/td>\n<\/tr>\n<tr>\n<td width=\"69\">Caracter\u00edstica<\/td>\n<td width=\"166\">color esmaltado<\/td>\n<\/tr>\n<tr>\n<td width=\"69\">Dimensiones<\/td>\n<td width=\"166\">17,6\u00d717\u00d73,8 cm<\/td>\n<\/tr>\n<tr>\n<td width=\"69\">Peso bruto (kg)<\/td>\n<td width=\"166\">1kg<\/td>\n<\/tr>\n<tr>\n<td width=\"69\">Cantidad m\u00ednima de pedido<\/td>\n<td width=\"166\">800 juegos<\/td>\n<\/tr>\n<\/tbody>\n<\/table>\n<p>&nbsp;<\/p>\n<p>\n<script src=\"chrome-extension:\/\/fpelahbljekknahkcaegamhcndkfpfnc\/iFrame.js\" type=\"text\/javascript\"><\/script><\/p>","protected":false},"featured_media":1408,"comment_status":"closed","ping_status":"closed","template":"","meta":{"_acf_changed":false},"product_brand":[],"product_cat":[22,54],"product_tag":[],"class_list":{"0":"post-1407","1":"product","2":"type-product","3":"status-publish","4":"has-post-thumbnail","6":"product_cat-wholesale-ceramic-pet-supplies","7":"product_cat-wholesale-ceramic-pet-bowls","9":"first","10":"instock","11":"shipping-taxable","12":"product-type-simple"},"acf":[],"_links":{"self":[{"href":"https:\/\/www.kedali.com\/es\/wp-json\/wp\/v2\/product\/1407","targetHints":{"allow":["GET"]}}],"collection":[{"href":"https:\/\/www.kedali.com\/es\/wp-json\/wp\/v2\/product"}],"about":[{"href":"https:\/\/www.kedali.com\/es\/wp-json\/wp\/v2\/types\/product"}],"replies":[{"embeddable":true,"href":"https:\/\/www.kedali.com\/es\/wp-json\/wp\/v2\/comments?post=1407"}],"wp:featuredmedia":[{"embeddable":true,"href":"https:\/\/www.kedali.com\/es\/wp-json\/wp\/v2\/media\/1408"}],"wp:attachment":[{"href":"https:\/\/www.kedali.com\/es\/wp-json\/wp\/v2\/media?parent=1407"}],"wp:term":[{"taxonomy":"product_brand","embeddable":true,"href":"https:\/\/www.kedali.com\/es\/wp-json\/wp\/v2\/product_brand?post=1407"},{"taxonomy":"product_cat","embeddable":true,"href":"https:\/\/www.kedali.com\/es\/wp-json\/wp\/v2\/product_cat?post=1407"},{"taxonomy":"product_tag","embeddable":true,"href":"https:\/\/www.kedali.com\/es\/wp-json\/wp\/v2\/product_tag?post=1407"}],"curies":[{"name":"wp","href":"https:\/\/api.w.org\/{rel}","templated":true}]}}