{"id":1449,"date":"2025-11-25T09:15:44","date_gmt":"2025-11-25T09:15:44","guid":{"rendered":"https:\/\/www.kedali.com\/?post_type=product&#038;p=1449"},"modified":"2025-11-25T09:47:33","modified_gmt":"2025-11-25T09:47:33","slug":"wholesale-3-piece-rectangular-ceramic-baking-dish-set","status":"publish","type":"product","link":"https:\/\/www.kedali.com\/es\/producto\/wholesale-3-piece-rectangular-ceramic-baking-dish-set\/","title":{"rendered":"Mayorista Juego de 3 Platos Rectangulares de Cer\u00e1mica para Hornear"},"content":{"rendered":"<div class=\"wp-block-columns is-layout-flex wp-container-core-columns-is-layout-9d6595d7 wp-block-columns-is-layout-flex\">\n<div class=\"wp-block-column is-layout-flow wp-block-column-is-layout-flow\">\n<h3 class=\"wp-block-heading\">Caracter\u00edsticas del juego de 3 fuentes de cer\u00e1mica para hornear<\/h3>\n\n\n\n<ul class=\"wp-block-list\">\n<li><strong>Del horno a la mesa<\/strong>: El limpio material cer\u00e1mico y su atractivo dise\u00f1o permiten servirlas directamente del horno a la mesa sin necesidad de cambiarlas.<\/li>\n\n\n\n<li><strong>Resistencia a altas temperaturas: <\/strong>Nuestros platos para hornear al por mayor de alta calidad resisten las altas temperaturas de hornos, microondas y otros entornos de cocci\u00f3n.<\/li>\n\n\n\n<li><strong>F\u00e1cil de limpiar:<\/strong> La superficie lisa de los platos de cer\u00e1mica para hornear permite enjuagarlos f\u00e1cilmente con agua o limpiarlos con un pa\u00f1o despu\u00e9s de cocinar.<\/li>\n\n\n\n<li><strong>Dise\u00f1o de almacenamiento: <\/strong>Los platos de cer\u00e1mica para hornear de 3 piezas se pueden apilar ordenadamente, por lo que son ideales para usuarios con poco espacio en los armarios de la cocina.<\/li>\n\n\n\n<li><strong>Servicio profesional:<\/strong> Como profesional <strong><a href=\"https:\/\/www.kedali.com\/es\/categoria-producto\/wholesale-ceramic-kitchenware\/\" target=\"_blank\" rel=\"noreferrer noopener\">fabricante de utensilios de cocina de cer\u00e1mica<\/a><\/strong>, ofrecemos una amplia variedad de utensilios de cocina de cer\u00e1mica al por mayor, proporcionando presupuestos de f\u00e1brica y apoyando los servicios de OEM y ODM.<\/li>\n<\/ul>\n\n\n\n<h3 class=\"wp-block-heading\">Servicio a medida<\/h3>\n\n\n\n<ul class=\"wp-block-list\">\n<li>Asistencia OEM y ODM<\/li>\n\n\n\n<li>Entrega r\u00e1pida de muestras.<\/li>\n\n\n\n<li>Proporcionamos productos personalizados en forma, color, patr\u00f3n, embalaje y otros servicios personalizados.<\/li>\n<\/ul>\n<\/div>\n\n\n\n<div class=\"wp-block-column is-layout-flow wp-block-column-is-layout-flow\">\n<figure class=\"wp-block-image size-full\"><img decoding=\"async\" width=\"800\" height=\"800\" src=\"https:\/\/www.kedali.com\/wp-content\/uploads\/2025\/11\/specifications-of-ceramic-baking-dishes.webp\" alt=\"especificaciones de los platos de cer\u00e1mica para hornear\" class=\"wp-image-1450\" srcset=\"https:\/\/www.kedali.com\/wp-content\/uploads\/2025\/11\/specifications-of-ceramic-baking-dishes.webp 800w, https:\/\/www.kedali.com\/wp-content\/uploads\/2025\/11\/specifications-of-ceramic-baking-dishes-300x300.webp 300w, https:\/\/www.kedali.com\/wp-content\/uploads\/2025\/11\/specifications-of-ceramic-baking-dishes-150x150.webp 150w, https:\/\/www.kedali.com\/wp-content\/uploads\/2025\/11\/specifications-of-ceramic-baking-dishes-768x768.webp 768w, https:\/\/www.kedali.com\/wp-content\/uploads\/2025\/11\/specifications-of-ceramic-baking-dishes-12x12.webp 12w, https:\/\/www.kedali.com\/wp-content\/uploads\/2025\/11\/specifications-of-ceramic-baking-dishes-600x600.webp 600w, https:\/\/www.kedali.com\/wp-content\/uploads\/2025\/11\/specifications-of-ceramic-baking-dishes-100x100.webp 100w\" sizes=\"(max-width: 800px) 100vw, 800px\" \/><\/figure>\n<\/div>\n<\/div>\n\n\n\n<div class=\"wp-block-columns is-layout-flex wp-container-core-columns-is-layout-9d6595d7 wp-block-columns-is-layout-flex\">\n<div class=\"wp-block-column is-layout-flow wp-block-column-is-layout-flow\">\n<figure class=\"wp-block-image size-full\"><img decoding=\"async\" width=\"800\" height=\"800\" src=\"https:\/\/www.kedali.com\/wp-content\/uploads\/2025\/11\/wholesale-ceramic-baking-dishes-2-1.webp\" alt=\"venta al por mayor platos de cer\u00e1mica para hornear (2)\" class=\"wp-image-1452\" srcset=\"https:\/\/www.kedali.com\/wp-content\/uploads\/2025\/11\/wholesale-ceramic-baking-dishes-2-1.webp 800w, https:\/\/www.kedali.com\/wp-content\/uploads\/2025\/11\/wholesale-ceramic-baking-dishes-2-1-300x300.webp 300w, https:\/\/www.kedali.com\/wp-content\/uploads\/2025\/11\/wholesale-ceramic-baking-dishes-2-1-150x150.webp 150w, https:\/\/www.kedali.com\/wp-content\/uploads\/2025\/11\/wholesale-ceramic-baking-dishes-2-1-768x768.webp 768w, https:\/\/www.kedali.com\/wp-content\/uploads\/2025\/11\/wholesale-ceramic-baking-dishes-2-1-12x12.webp 12w, https:\/\/www.kedali.com\/wp-content\/uploads\/2025\/11\/wholesale-ceramic-baking-dishes-2-1-600x600.webp 600w, https:\/\/www.kedali.com\/wp-content\/uploads\/2025\/11\/wholesale-ceramic-baking-dishes-2-1-100x100.webp 100w\" sizes=\"(max-width: 800px) 100vw, 800px\" \/><\/figure>\n<\/div>\n\n\n\n<div class=\"wp-block-column is-layout-flow wp-block-column-is-layout-flow\">\n<figure class=\"wp-block-image size-full\"><img decoding=\"async\" width=\"800\" height=\"800\" src=\"https:\/\/www.kedali.com\/wp-content\/uploads\/2025\/11\/wholesale-ceramic-baking-dishes-3-1.webp\" alt=\"venta al por mayor platos de cer\u00e1mica para hornear (3)\" class=\"wp-image-1453\" srcset=\"https:\/\/www.kedali.com\/wp-content\/uploads\/2025\/11\/wholesale-ceramic-baking-dishes-3-1.webp 800w, https:\/\/www.kedali.com\/wp-content\/uploads\/2025\/11\/wholesale-ceramic-baking-dishes-3-1-300x300.webp 300w, https:\/\/www.kedali.com\/wp-content\/uploads\/2025\/11\/wholesale-ceramic-baking-dishes-3-1-150x150.webp 150w, https:\/\/www.kedali.com\/wp-content\/uploads\/2025\/11\/wholesale-ceramic-baking-dishes-3-1-768x768.webp 768w, https:\/\/www.kedali.com\/wp-content\/uploads\/2025\/11\/wholesale-ceramic-baking-dishes-3-1-12x12.webp 12w, https:\/\/www.kedali.com\/wp-content\/uploads\/2025\/11\/wholesale-ceramic-baking-dishes-3-1-600x600.webp 600w, https:\/\/www.kedali.com\/wp-content\/uploads\/2025\/11\/wholesale-ceramic-baking-dishes-3-1-100x100.webp 100w\" sizes=\"(max-width: 800px) 100vw, 800px\" \/><\/figure>\n<\/div>\n<\/div>","protected":false},"excerpt":{"rendered":"<p>Juego de 3 piezas de cer\u00e1mica para hornear al por mayor. Con una moderna est\u00e9tica en blanco y negro, su elegante dise\u00f1o permite comer directamente del horno a la mesa, mejorando la experiencia gastron\u00f3mica. El dise\u00f1o apilable, que ahorra espacio, facilita un almacenamiento eficiente, por lo que es adecuado tanto para cocinas comerciales como dom\u00e9sticas. Este juego est\u00e1 disponible para pedidos al por mayor a precios muy competitivos, ideal para compradores B2B.<\/p>\n<p>Somos una empresa profesional <a href=\"https:\/\/www.kedali.com\/es\/categoria-producto\/wholesale-ceramic-kitchenware\/\" target=\"_blank\" rel=\"noopener\"><strong>fabricante de utensilios de cocina de cer\u00e1mica<\/strong><\/a>, proporcionando varios tipos de utensilios de cocina de cer\u00e1mica. P\u00f3ngase en contacto con nosotros<\/p>\n<h2>Especificaciones del juego de fuentes de cer\u00e1mica para hornear<\/h2>\n<table width=\"235\">\n<tbody>\n<tr>\n<td width=\"69\">Marca<\/td>\n<td width=\"166\">KDL<\/td>\n<\/tr>\n<tr>\n<td width=\"69\">Modelo<\/td>\n<td width=\"166\">TDS1569-13AH-A446<\/td>\n<\/tr>\n<tr>\n<td width=\"69\">Material<\/td>\n<td width=\"166\">cer\u00e1mica<\/td>\n<\/tr>\n<tr>\n<td width=\"69\">color<\/td>\n<td width=\"166\">blanco<\/td>\n<\/tr>\n<tr>\n<td width=\"69\">Aplicaci\u00f3n<\/td>\n<td width=\"166\">utensilios de cer\u00e1mica<\/td>\n<\/tr>\n<tr>\n<td width=\"69\">Caracter\u00edstica<\/td>\n<td width=\"166\">calcoman\u00eda<\/td>\n<\/tr>\n<tr>\n<td width=\"69\">Dimensiones<\/td>\n<td width=\"166\">\n<p data-pm-slice=\"0 0 []\">23,2 \u00d7 13,7 \u00d7 5,1 cm \uff080,72 kg\uff09<\/p>\n<p>28,3 \u00d7 16,8 \u00d7 5,1 cm \uff081 kg\uff09<\/p>\n<p>33,5 \u00d7 20 \u00d7 5,1 cm \uff081,6 kg\uff09<\/p>\n<\/td>\n<\/tr>\n<tr>\n<td width=\"69\">Cantidad m\u00ednima de pedido<\/td>\n<td width=\"166\">800 juegos<\/td>\n<\/tr>\n<\/tbody>\n<\/table>\n<p>&nbsp;<\/p>\n<p>\n<script src=\"chrome-extension:\/\/fpelahbljekknahkcaegamhcndkfpfnc\/iFrame.js\" type=\"text\/javascript\"><\/script><\/p>","protected":false},"featured_media":1451,"comment_status":"closed","ping_status":"closed","template":"","meta":{"_acf_changed":false},"product_brand":[],"product_cat":[18,34],"product_tag":[],"class_list":{"0":"post-1449","1":"product","2":"type-product","3":"status-publish","4":"has-post-thumbnail","6":"product_cat-wholesale-ceramic-kitchenware","7":"product_cat-wholesale-ceramic-bakeware","9":"first","10":"instock","11":"shipping-taxable","12":"product-type-simple"},"acf":[],"_links":{"self":[{"href":"https:\/\/www.kedali.com\/es\/wp-json\/wp\/v2\/product\/1449","targetHints":{"allow":["GET"]}}],"collection":[{"href":"https:\/\/www.kedali.com\/es\/wp-json\/wp\/v2\/product"}],"about":[{"href":"https:\/\/www.kedali.com\/es\/wp-json\/wp\/v2\/types\/product"}],"replies":[{"embeddable":true,"href":"https:\/\/www.kedali.com\/es\/wp-json\/wp\/v2\/comments?post=1449"}],"wp:featuredmedia":[{"embeddable":true,"href":"https:\/\/www.kedali.com\/es\/wp-json\/wp\/v2\/media\/1451"}],"wp:attachment":[{"href":"https:\/\/www.kedali.com\/es\/wp-json\/wp\/v2\/media?parent=1449"}],"wp:term":[{"taxonomy":"product_brand","embeddable":true,"href":"https:\/\/www.kedali.com\/es\/wp-json\/wp\/v2\/product_brand?post=1449"},{"taxonomy":"product_cat","embeddable":true,"href":"https:\/\/www.kedali.com\/es\/wp-json\/wp\/v2\/product_cat?post=1449"},{"taxonomy":"product_tag","embeddable":true,"href":"https:\/\/www.kedali.com\/es\/wp-json\/wp\/v2\/product_tag?post=1449"}],"curies":[{"name":"wp","href":"https:\/\/api.w.org\/{rel}","templated":true}]}}