{"id":1476,"date":"2025-11-27T01:55:24","date_gmt":"2025-11-27T01:55:24","guid":{"rendered":"https:\/\/www.kedali.com\/?post_type=product&#038;p=1476"},"modified":"2025-11-27T02:21:59","modified_gmt":"2025-11-27T02:21:59","slug":"wholesale-ceramic-canister-set","status":"publish","type":"product","link":"https:\/\/www.kedali.com\/es\/producto\/wholesale-ceramic-canister-set\/","title":{"rendered":"Mayorista Juego de Tarros de Cer\u00e1mica - Tarros herm\u00e9ticos de cocina para caf\u00e9, t\u00e9, az\u00facar y m\u00e1s"},"content":{"rendered":"<div class=\"wp-block-columns is-layout-flex wp-container-core-columns-is-layout-9d6595d7 wp-block-columns-is-layout-flex\">\n<div class=\"wp-block-column is-layout-flow wp-block-column-is-layout-flow\">\n<h3 class=\"wp-block-heading\">Caracter\u00edsticas del juego de botes de cer\u00e1mica<\/h3>\n\n\n\n<ul class=\"wp-block-list\">\n<li><strong>Est\u00e9tica:<\/strong> Nuestro juego de botes de cer\u00e1mica al por mayor presenta una combinaci\u00f3n de colores blanco y negro con una tapa de bamb\u00fa natural, lo que le confiere un aspecto limpio, moderno y atractivo adecuado para la decoraci\u00f3n contempor\u00e1nea del hogar.<\/li>\n\n\n\n<li><strong>Almacenamiento seguro: <\/strong>La cer\u00e1mica es un material apto para uso alimentario, ideal para almacenar productos secos como granos de caf\u00e9, t\u00e9, az\u00facar, especias o harina.<\/li>\n\n\n\n<li><strong>Sellado: <\/strong>Tras la cocci\u00f3n a alta temperatura, el material cer\u00e1mico posee una excelente hermeticidad y resistencia a la corrosi\u00f3n, aislando eficazmente el aire exterior y la humedad.<\/li>\n\n\n\n<li><strong>Tama\u00f1os y usos vers\u00e1tiles: <\/strong>El juego de botes de cer\u00e1mica est\u00e1 disponible en varios tama\u00f1os, lo que ofrece opciones de almacenamiento flexibles para diferentes cantidades y tipos de art\u00edculos, desde caf\u00e9 en grano, t\u00e9 y az\u00facar hasta aperitivos, e incluso art\u00edculos no alimentarios como bastoncillos de algod\u00f3n o material para manualidades.<\/li>\n\n\n\n<li><strong>Suministro estable a granel:<\/strong> Como profesional <strong><a href=\"https:\/\/www.kedali.com\/es\/categoria-producto\/wholesale-ceramic-kitchenware\/wholesale-ceramic-canister-storage-jars\/\" target=\"_blank\" rel=\"noreferrer noopener\">bote cer\u00e1mico fabricante y proveedor<\/a><\/strong>, Suministramos conjuntos de recipientes de cer\u00e1mica a granel a precios competitivos y apoyamos OEM y ODM.<\/li>\n<\/ul>\n\n\n\n<h3 class=\"wp-block-heading\">Servicio a medida<\/h3>\n\n\n\n<ul class=\"wp-block-list\">\n<li>Asistencia OEM y ODM<\/li>\n\n\n\n<li>Entrega r\u00e1pida de muestras.<\/li>\n\n\n\n<li>Proporcionamos productos personalizados en forma, color, patr\u00f3n, embalaje y otros servicios personalizados.<\/li>\n<\/ul>\n<\/div>\n\n\n\n<div class=\"wp-block-column is-layout-flow wp-block-column-is-layout-flow\">\n<figure class=\"wp-block-image size-full\"><img decoding=\"async\" width=\"800\" height=\"800\" src=\"https:\/\/www.kedali.com\/wp-content\/uploads\/2025\/11\/details-of-ceramic-canister-set.webp\" alt=\"detalles del juego de botes de cer\u00e1mica\" class=\"wp-image-1477\" srcset=\"https:\/\/www.kedali.com\/wp-content\/uploads\/2025\/11\/details-of-ceramic-canister-set.webp 800w, https:\/\/www.kedali.com\/wp-content\/uploads\/2025\/11\/details-of-ceramic-canister-set-300x300.webp 300w, https:\/\/www.kedali.com\/wp-content\/uploads\/2025\/11\/details-of-ceramic-canister-set-150x150.webp 150w, https:\/\/www.kedali.com\/wp-content\/uploads\/2025\/11\/details-of-ceramic-canister-set-768x768.webp 768w, https:\/\/www.kedali.com\/wp-content\/uploads\/2025\/11\/details-of-ceramic-canister-set-12x12.webp 12w, https:\/\/www.kedali.com\/wp-content\/uploads\/2025\/11\/details-of-ceramic-canister-set-600x600.webp 600w, https:\/\/www.kedali.com\/wp-content\/uploads\/2025\/11\/details-of-ceramic-canister-set-100x100.webp 100w\" sizes=\"(max-width: 800px) 100vw, 800px\" \/><\/figure>\n<\/div>\n<\/div>","protected":false},"excerpt":{"rendered":"<p>Juego de botes de cer\u00e1mica al por mayor. Este elegante juego de recipientes de cer\u00e1mica para almacenar alimentos, con una c\u00e1lida tapa de bamb\u00fa natural, eleva el estilo de su espacio de almacenamiento. El juego incluye recipientes de varios tama\u00f1os, perfectos para almacenar caf\u00e9, t\u00e9 y productos secos, manteni\u00e9ndolos frescos y organizados. <\/p>\n<p>Como profesional <a href=\"https:\/\/www.kedali.com\/es\/categoria-producto\/wholesale-ceramic-kitchenware\/wholesale-ceramic-canister-storage-jars\/\" target=\"_blank\" rel=\"noopener\"><strong>fabricante de recipientes cer\u00e1micos<\/strong><\/a>, Ofrecemos un suministro estable y a granel a compradores B2B. P\u00f3ngase en contacto con nosotros para compras al por mayor.<\/p>\n<h2>Especificaciones del juego de botes de cer\u00e1mica<\/h2>\n<table width=\"235\">\n<tbody>\n<tr>\n<td width=\"69\">Marca<\/td>\n<td width=\"166\">KDL<\/td>\n<\/tr>\n<tr>\n<td width=\"69\">Modelo<\/td>\n<td width=\"166\">tgs1758-ah<\/td>\n<\/tr>\n<tr>\n<td width=\"69\">Material<\/td>\n<td width=\"166\">cer\u00e1mica<\/td>\n<\/tr>\n<tr>\n<td width=\"69\">color<\/td>\n<td width=\"166\">negro\/blanco<\/td>\n<\/tr>\n<tr>\n<td width=\"69\">Aplicaci\u00f3n<\/td>\n<td width=\"166\">almacenamiento de alimentos<\/td>\n<\/tr>\n<tr>\n<td width=\"69\">Caracter\u00edstica<\/td>\n<td width=\"166\">color esmaltado<\/td>\n<\/tr>\n<tr>\n<td width=\"69\">Dimensiones<\/td>\n<td width=\"166\">8,2 \u00d7 8,2 \u00d7 7,5 cm<br data-start=\"18\" data-end=\"21\" \/>10,4 \u00d7 10,4 \u00d7 14,5 cm<br data-start=\"42\" data-end=\"45\" \/>10,4 \u00d7 10,4 \u00d7 18,8 cm<\/td>\n<\/tr>\n<tr>\n<td width=\"69\">Peso bruto (kg)<\/td>\n<td width=\"166\">0,24kg\/0,59kg\/0,83kg<\/td>\n<\/tr>\n<tr>\n<td width=\"69\">Cantidad m\u00ednima de pedido<\/td>\n<td width=\"166\">800 juegos<\/td>\n<\/tr>\n<\/tbody>\n<\/table>\n<p>&nbsp;<\/p>\n<p>\n<script src=\"chrome-extension:\/\/fpelahbljekknahkcaegamhcndkfpfnc\/iFrame.js\" type=\"text\/javascript\"><\/script><\/p>","protected":false},"featured_media":1478,"comment_status":"closed","ping_status":"closed","template":"","meta":{"_acf_changed":false},"product_brand":[],"product_cat":[18,37],"product_tag":[],"class_list":{"0":"post-1476","1":"product","2":"type-product","3":"status-publish","4":"has-post-thumbnail","6":"product_cat-wholesale-ceramic-kitchenware","7":"product_cat-wholesale-ceramic-canister-storage-jars","9":"first","10":"instock","11":"shipping-taxable","12":"product-type-simple"},"acf":[],"_links":{"self":[{"href":"https:\/\/www.kedali.com\/es\/wp-json\/wp\/v2\/product\/1476","targetHints":{"allow":["GET"]}}],"collection":[{"href":"https:\/\/www.kedali.com\/es\/wp-json\/wp\/v2\/product"}],"about":[{"href":"https:\/\/www.kedali.com\/es\/wp-json\/wp\/v2\/types\/product"}],"replies":[{"embeddable":true,"href":"https:\/\/www.kedali.com\/es\/wp-json\/wp\/v2\/comments?post=1476"}],"wp:featuredmedia":[{"embeddable":true,"href":"https:\/\/www.kedali.com\/es\/wp-json\/wp\/v2\/media\/1478"}],"wp:attachment":[{"href":"https:\/\/www.kedali.com\/es\/wp-json\/wp\/v2\/media?parent=1476"}],"wp:term":[{"taxonomy":"product_brand","embeddable":true,"href":"https:\/\/www.kedali.com\/es\/wp-json\/wp\/v2\/product_brand?post=1476"},{"taxonomy":"product_cat","embeddable":true,"href":"https:\/\/www.kedali.com\/es\/wp-json\/wp\/v2\/product_cat?post=1476"},{"taxonomy":"product_tag","embeddable":true,"href":"https:\/\/www.kedali.com\/es\/wp-json\/wp\/v2\/product_tag?post=1476"}],"curies":[{"name":"wp","href":"https:\/\/api.w.org\/{rel}","templated":true}]}}