{"id":1540,"date":"2025-12-03T01:56:15","date_gmt":"2025-12-03T01:56:15","guid":{"rendered":"https:\/\/www.kedali.com\/?post_type=product&#038;p=1540"},"modified":"2025-12-03T02:17:55","modified_gmt":"2025-12-03T02:17:55","slug":"wholesale-ceramic-popcorn-bucket-set","status":"publish","type":"product","link":"https:\/\/www.kedali.com\/es\/producto\/wholesale-ceramic-popcorn-bucket-set\/","title":{"rendered":"Mayorista Cubo de Cer\u00e1mica para Palomitas - Movie Night Snack Bowl Set"},"content":{"rendered":"<div class=\"wp-block-columns is-layout-flex wp-container-core-columns-is-layout-9d6595d7 wp-block-columns-is-layout-flex\">\n<div class=\"wp-block-column is-layout-flow wp-block-column-is-layout-flow\">\n<h3 class=\"wp-block-heading\">Caracter\u00edsticas del juego de cubos de cer\u00e1mica para palomitas<\/h3>\n\n\n\n<ul class=\"wp-block-list\">\n<li><strong>Cer\u00e1mica alimentaria de primera calidad:<\/strong> Este juego de cubos de palomitas de cer\u00e1mica al por mayor est\u00e1 fabricado con cer\u00e1mica de calidad alimentaria de primera calidad, completamente libre de BPA (Ban-Fenol A) y otros productos qu\u00edmicos nocivos. La cer\u00e1mica no se filtra en los alimentos, por lo que es una opci\u00f3n m\u00e1s segura y respetuosa con el medio ambiente para su uso a largo plazo.<\/li>\n\n\n\n<li><strong>F\u00e1cil limpieza y mantenimiento: <\/strong>El cubo de palomitas de cer\u00e1mica tiene una superficie de cer\u00e1mica lisa y esmaltada que evita que se adhieran la grasa y los residuos, y es totalmente apto para el lavavajillas.<\/li>\n\n\n\n<li><strong>Tres opciones de capacidad:<\/strong> Disponibles en tama\u00f1os peque\u00f1o, mediano y grande para satisfacer diferentes necesidades de almacenamiento. Ya sea para disfrute personal, para compartir en familia o para aperitivos de fiesta.<\/li>\n\n\n\n<li><strong>Organizador de aperitivos multifuncional: <\/strong>Esta caja para aperitivos es perfecta para guardar palomitas, patatas fritas, frutos secos, caramelos, chocolate y otros aperitivos peque\u00f1os. Mantiene los aperitivos limpios y ordenados, por lo que es ideal para cines en casa, salones y tiendas de postres.<\/li>\n\n\n\n<li><strong>Uso en varias escenas:<\/strong> M\u00e1s all\u00e1 de las noches de cine, se puede utilizar para el almacenamiento diario, cuencos para servir en fiestas o incluso como pieza decorativa para a\u00f1adir un toque divertido y vibrante a la decoraci\u00f3n de tu hogar.<\/li>\n<\/ul>\n\n\n\n<h3 class=\"wp-block-heading\">Servicio a medida<\/h3>\n\n\n\n<ul class=\"wp-block-list\">\n<li>Asistencia OEM y ODM<\/li>\n\n\n\n<li>Entrega r\u00e1pida de muestras.<\/li>\n\n\n\n<li>Proporcionamos productos personalizados en forma, color, patr\u00f3n, embalaje y otros servicios personalizados.<\/li>\n<\/ul>\n<\/div>\n\n\n\n<div class=\"wp-block-column is-layout-flow wp-block-column-is-layout-flow\">\n<figure class=\"wp-block-image size-full\"><img decoding=\"async\" width=\"800\" height=\"800\" src=\"https:\/\/www.kedali.com\/wp-content\/uploads\/2025\/12\/specifications-of-ceramic-popcorn-bucket-set.webp\" alt=\"especificaciones del juego de cubos de palomitas de cer\u00e1mica\" class=\"wp-image-1541\" srcset=\"https:\/\/www.kedali.com\/wp-content\/uploads\/2025\/12\/specifications-of-ceramic-popcorn-bucket-set.webp 800w, https:\/\/www.kedali.com\/wp-content\/uploads\/2025\/12\/specifications-of-ceramic-popcorn-bucket-set-300x300.webp 300w, https:\/\/www.kedali.com\/wp-content\/uploads\/2025\/12\/specifications-of-ceramic-popcorn-bucket-set-150x150.webp 150w, https:\/\/www.kedali.com\/wp-content\/uploads\/2025\/12\/specifications-of-ceramic-popcorn-bucket-set-768x768.webp 768w, https:\/\/www.kedali.com\/wp-content\/uploads\/2025\/12\/specifications-of-ceramic-popcorn-bucket-set-12x12.webp 12w, https:\/\/www.kedali.com\/wp-content\/uploads\/2025\/12\/specifications-of-ceramic-popcorn-bucket-set-600x600.webp 600w, https:\/\/www.kedali.com\/wp-content\/uploads\/2025\/12\/specifications-of-ceramic-popcorn-bucket-set-100x100.webp 100w\" sizes=\"(max-width: 800px) 100vw, 800px\" \/><\/figure>\n<\/div>\n<\/div>\n\n\n\n<div class=\"wp-block-columns is-layout-flex wp-container-core-columns-is-layout-9d6595d7 wp-block-columns-is-layout-flex\">\n<div class=\"wp-block-column is-layout-flow wp-block-column-is-layout-flow\">\n<figure class=\"wp-block-image size-full\"><img decoding=\"async\" width=\"800\" height=\"800\" src=\"https:\/\/www.kedali.com\/wp-content\/uploads\/2025\/12\/wholesale-ceramic-popcorn-bucket-set-4.webp\" alt=\"juego de cubos de palomitas de cer\u00e1mica al por mayor (4)\" class=\"wp-image-1545\" srcset=\"https:\/\/www.kedali.com\/wp-content\/uploads\/2025\/12\/wholesale-ceramic-popcorn-bucket-set-4.webp 800w, https:\/\/www.kedali.com\/wp-content\/uploads\/2025\/12\/wholesale-ceramic-popcorn-bucket-set-4-300x300.webp 300w, https:\/\/www.kedali.com\/wp-content\/uploads\/2025\/12\/wholesale-ceramic-popcorn-bucket-set-4-150x150.webp 150w, https:\/\/www.kedali.com\/wp-content\/uploads\/2025\/12\/wholesale-ceramic-popcorn-bucket-set-4-768x768.webp 768w, https:\/\/www.kedali.com\/wp-content\/uploads\/2025\/12\/wholesale-ceramic-popcorn-bucket-set-4-12x12.webp 12w, https:\/\/www.kedali.com\/wp-content\/uploads\/2025\/12\/wholesale-ceramic-popcorn-bucket-set-4-600x600.webp 600w, https:\/\/www.kedali.com\/wp-content\/uploads\/2025\/12\/wholesale-ceramic-popcorn-bucket-set-4-100x100.webp 100w\" sizes=\"(max-width: 800px) 100vw, 800px\" \/><\/figure>\n<\/div>\n\n\n\n<div class=\"wp-block-column is-layout-flow wp-block-column-is-layout-flow\">\n<figure class=\"wp-block-image size-full\"><img decoding=\"async\" width=\"800\" height=\"800\" src=\"https:\/\/www.kedali.com\/wp-content\/uploads\/2025\/12\/wholesale-ceramic-popcorn-bucket-set-5.webp\" alt=\"mayorista juego de cubos de palomitas de cer\u00e1mica (5)\" class=\"wp-image-1546\" srcset=\"https:\/\/www.kedali.com\/wp-content\/uploads\/2025\/12\/wholesale-ceramic-popcorn-bucket-set-5.webp 800w, https:\/\/www.kedali.com\/wp-content\/uploads\/2025\/12\/wholesale-ceramic-popcorn-bucket-set-5-300x300.webp 300w, https:\/\/www.kedali.com\/wp-content\/uploads\/2025\/12\/wholesale-ceramic-popcorn-bucket-set-5-150x150.webp 150w, https:\/\/www.kedali.com\/wp-content\/uploads\/2025\/12\/wholesale-ceramic-popcorn-bucket-set-5-768x768.webp 768w, https:\/\/www.kedali.com\/wp-content\/uploads\/2025\/12\/wholesale-ceramic-popcorn-bucket-set-5-12x12.webp 12w, https:\/\/www.kedali.com\/wp-content\/uploads\/2025\/12\/wholesale-ceramic-popcorn-bucket-set-5-600x600.webp 600w, https:\/\/www.kedali.com\/wp-content\/uploads\/2025\/12\/wholesale-ceramic-popcorn-bucket-set-5-100x100.webp 100w\" sizes=\"(max-width: 800px) 100vw, 800px\" \/><\/figure>\n<\/div>\n<\/div>","protected":false},"excerpt":{"rendered":"<p>Juego de cubos de palomitas de cer\u00e1mica a granel en venta. Disponibles en varios tama\u00f1os, perfectos para contener palomitas, patatas fritas, frutos secos y otros aperitivos. Ideal para noches de cine en familia, tiendas de postres o fiestas de moda.<\/p>\n<p>Kedali <a href=\"https:\/\/www.kedali.com\/es\/categoria-producto\/wholesale-ceramic-kitchenware\/\" target=\"_blank\" rel=\"noopener\"><strong>fabricante de utensilios de cocina de cer\u00e1mica<\/strong><\/a> ofrece precios competitivos y servicios al por mayor. P\u00f3ngase en contacto con nosotros<\/p>\n<h2>Especificaciones del juego de cubos de cer\u00e1mica para palomitas<\/h2>\n<table width=\"235\">\n<tbody>\n<tr>\n<td width=\"69\">Marca<\/td>\n<td width=\"166\">KDL<\/td>\n<\/tr>\n<tr>\n<td width=\"69\">Modelo<\/td>\n<td width=\"166\">DBS2027-5-F324R<\/td>\n<\/tr>\n<tr>\n<td width=\"69\">Material<\/td>\n<td width=\"166\">cer\u00e1mica<\/td>\n<\/tr>\n<tr>\n<td width=\"69\">color<\/td>\n<td width=\"166\">blanco<\/td>\n<\/tr>\n<tr>\n<td width=\"69\">Aplicaci\u00f3n<\/td>\n<td width=\"166\">taza de cer\u00e1mica<\/td>\n<\/tr>\n<tr>\n<td width=\"69\">Caracter\u00edstica<\/td>\n<td width=\"166\">tallado<\/td>\n<\/tr>\n<tr>\n<td width=\"69\">Dimensiones<\/td>\n<td width=\"166\">13,7*13,7*9,9cm 0,44kg 16,5*16,5*12,9cm 0,68kg 22,3*22,3*19,7cm 1,37kg<\/td>\n<\/tr>\n<tr>\n<td width=\"69\">Cantidad m\u00ednima de pedido<\/td>\n<td width=\"166\">800 juegos<\/td>\n<\/tr>\n<\/tbody>\n<\/table>\n<p>&nbsp;<\/p>\n<p><script src=\"chrome-extension:\/\/fpelahbljekknahkcaegamhcndkfpfnc\/iFrame.js\" type=\"text\/javascript\"><\/script><\/p>","protected":false},"featured_media":1542,"comment_status":"closed","ping_status":"closed","template":"","meta":{"_acf_changed":false},"product_brand":[],"product_cat":[18],"product_tag":[],"class_list":{"0":"post-1540","1":"product","2":"type-product","3":"status-publish","4":"has-post-thumbnail","6":"product_cat-wholesale-ceramic-kitchenware","8":"first","9":"instock","10":"shipping-taxable","11":"product-type-simple"},"acf":[],"_links":{"self":[{"href":"https:\/\/www.kedali.com\/es\/wp-json\/wp\/v2\/product\/1540","targetHints":{"allow":["GET"]}}],"collection":[{"href":"https:\/\/www.kedali.com\/es\/wp-json\/wp\/v2\/product"}],"about":[{"href":"https:\/\/www.kedali.com\/es\/wp-json\/wp\/v2\/types\/product"}],"replies":[{"embeddable":true,"href":"https:\/\/www.kedali.com\/es\/wp-json\/wp\/v2\/comments?post=1540"}],"wp:featuredmedia":[{"embeddable":true,"href":"https:\/\/www.kedali.com\/es\/wp-json\/wp\/v2\/media\/1542"}],"wp:attachment":[{"href":"https:\/\/www.kedali.com\/es\/wp-json\/wp\/v2\/media?parent=1540"}],"wp:term":[{"taxonomy":"product_brand","embeddable":true,"href":"https:\/\/www.kedali.com\/es\/wp-json\/wp\/v2\/product_brand?post=1540"},{"taxonomy":"product_cat","embeddable":true,"href":"https:\/\/www.kedali.com\/es\/wp-json\/wp\/v2\/product_cat?post=1540"},{"taxonomy":"product_tag","embeddable":true,"href":"https:\/\/www.kedali.com\/es\/wp-json\/wp\/v2\/product_tag?post=1540"}],"curies":[{"name":"wp","href":"https:\/\/api.w.org\/{rel}","templated":true}]}}