{"id":1556,"date":"2025-12-03T03:12:42","date_gmt":"2025-12-03T03:12:42","guid":{"rendered":"https:\/\/www.kedali.com\/?post_type=product&#038;p=1556"},"modified":"2025-12-03T03:40:26","modified_gmt":"2025-12-03T03:40:26","slug":"wholesale-stylish-ceramic-egg-holders","status":"publish","type":"product","link":"https:\/\/www.kedali.com\/es\/producto\/wholesale-stylish-ceramic-egg-holders\/","title":{"rendered":"Mayorista Hueveras de Cer\u00e1mica - Duraderas y Elegantes"},"content":{"rendered":"<div class=\"wp-block-columns is-layout-flex wp-container-core-columns-is-layout-9d6595d7 wp-block-columns-is-layout-flex\">\n<div class=\"wp-block-column is-layout-flow wp-block-column-is-layout-flow\">\n<h3 class=\"wp-block-heading\">Caracter\u00edsticas de los hueveros de cer\u00e1mica <\/h3>\n\n\n\n<ul class=\"wp-block-list\">\n<li><strong>Est\u00e9tica: <\/strong>A diferencia de las cajas est\u00e1ndar de cart\u00f3n o pl\u00e1stico, el Portahuevos de Cer\u00e1mica presenta una superficie de cer\u00e1mica brillante de vivos colores, que ofrece una forma vibrante y elegante de almacenar y exponer los huevos.<\/li>\n\n\n\n<li><strong>F\u00e1cil de limpiar: <\/strong>La superficie cer\u00e1mica no porosa es f\u00e1cil de limpiar o lavar, lo que facilita mucho la limpieza y esterilizaci\u00f3n en comparaci\u00f3n con el cart\u00f3n.<\/li>\n\n\n\n<li><strong>Apilable: <\/strong>El portahuevos de cer\u00e1mica est\u00e1 dise\u00f1ado para apilarse ordenadamente, lo que ayuda a ahorrar espacio y a mantener ordenado el frigor\u00edfico.<\/li>\n\n\n\n<li><strong>Reutilizable: <\/strong>Sustituye a los cartones de huevos desechables de papel o pl\u00e1stico, reduciendo los residuos de envases.<\/li>\n<\/ul>\n\n\n\n<h3 class=\"wp-block-heading\">Servicio a medida<\/h3>\n\n\n\n<ul class=\"wp-block-list\">\n<li>Asistencia OEM y ODM<\/li>\n\n\n\n<li>Entrega r\u00e1pida de muestras.<\/li>\n\n\n\n<li>Proporcionamos productos personalizados en forma, color, patr\u00f3n, embalaje y otros servicios personalizados.<\/li>\n<\/ul>\n<\/div>\n\n\n\n<div class=\"wp-block-column is-layout-flow wp-block-column-is-layout-flow\">\n<figure class=\"wp-block-image size-full\"><img decoding=\"async\" width=\"800\" height=\"800\" src=\"https:\/\/www.kedali.com\/wp-content\/uploads\/2025\/12\/ceramic-egg-holder-specifications.webp\" alt=\"especificaciones de la huevera de cer\u00e1mica\" class=\"wp-image-1557\" srcset=\"https:\/\/www.kedali.com\/wp-content\/uploads\/2025\/12\/ceramic-egg-holder-specifications.webp 800w, https:\/\/www.kedali.com\/wp-content\/uploads\/2025\/12\/ceramic-egg-holder-specifications-300x300.webp 300w, https:\/\/www.kedali.com\/wp-content\/uploads\/2025\/12\/ceramic-egg-holder-specifications-150x150.webp 150w, https:\/\/www.kedali.com\/wp-content\/uploads\/2025\/12\/ceramic-egg-holder-specifications-768x768.webp 768w, https:\/\/www.kedali.com\/wp-content\/uploads\/2025\/12\/ceramic-egg-holder-specifications-12x12.webp 12w, https:\/\/www.kedali.com\/wp-content\/uploads\/2025\/12\/ceramic-egg-holder-specifications-600x600.webp 600w, https:\/\/www.kedali.com\/wp-content\/uploads\/2025\/12\/ceramic-egg-holder-specifications-100x100.webp 100w\" sizes=\"(max-width: 800px) 100vw, 800px\" \/><\/figure>\n<\/div>\n<\/div>\n\n\n\n<div class=\"wp-block-columns is-layout-flex wp-container-core-columns-is-layout-9d6595d7 wp-block-columns-is-layout-flex\">\n<div class=\"wp-block-column is-layout-flow wp-block-column-is-layout-flow\">\n<figure class=\"wp-block-image size-full\"><img decoding=\"async\" width=\"800\" height=\"800\" src=\"https:\/\/www.kedali.com\/wp-content\/uploads\/2025\/12\/wholesale-ceramic-egg-holder-6.webp\" alt=\"mayorista portahuevos de ceramica (6)\" class=\"wp-image-1563\" srcset=\"https:\/\/www.kedali.com\/wp-content\/uploads\/2025\/12\/wholesale-ceramic-egg-holder-6.webp 800w, https:\/\/www.kedali.com\/wp-content\/uploads\/2025\/12\/wholesale-ceramic-egg-holder-6-300x300.webp 300w, https:\/\/www.kedali.com\/wp-content\/uploads\/2025\/12\/wholesale-ceramic-egg-holder-6-150x150.webp 150w, https:\/\/www.kedali.com\/wp-content\/uploads\/2025\/12\/wholesale-ceramic-egg-holder-6-768x768.webp 768w, https:\/\/www.kedali.com\/wp-content\/uploads\/2025\/12\/wholesale-ceramic-egg-holder-6-12x12.webp 12w, https:\/\/www.kedali.com\/wp-content\/uploads\/2025\/12\/wholesale-ceramic-egg-holder-6-600x600.webp 600w, https:\/\/www.kedali.com\/wp-content\/uploads\/2025\/12\/wholesale-ceramic-egg-holder-6-100x100.webp 100w\" sizes=\"(max-width: 800px) 100vw, 800px\" \/><\/figure>\n<\/div>\n\n\n\n<div class=\"wp-block-column is-layout-flow wp-block-column-is-layout-flow\">\n<figure class=\"wp-block-image size-full\"><img decoding=\"async\" width=\"800\" height=\"800\" src=\"https:\/\/www.kedali.com\/wp-content\/uploads\/2025\/12\/wholesale-ceramic-egg-holder-7.webp\" alt=\"mayorista portahuevos de ceramica (7)\" class=\"wp-image-1564\" srcset=\"https:\/\/www.kedali.com\/wp-content\/uploads\/2025\/12\/wholesale-ceramic-egg-holder-7.webp 800w, https:\/\/www.kedali.com\/wp-content\/uploads\/2025\/12\/wholesale-ceramic-egg-holder-7-300x300.webp 300w, https:\/\/www.kedali.com\/wp-content\/uploads\/2025\/12\/wholesale-ceramic-egg-holder-7-150x150.webp 150w, https:\/\/www.kedali.com\/wp-content\/uploads\/2025\/12\/wholesale-ceramic-egg-holder-7-768x768.webp 768w, https:\/\/www.kedali.com\/wp-content\/uploads\/2025\/12\/wholesale-ceramic-egg-holder-7-12x12.webp 12w, https:\/\/www.kedali.com\/wp-content\/uploads\/2025\/12\/wholesale-ceramic-egg-holder-7-600x600.webp 600w, https:\/\/www.kedali.com\/wp-content\/uploads\/2025\/12\/wholesale-ceramic-egg-holder-7-100x100.webp 100w\" sizes=\"(max-width: 800px) 100vw, 800px\" \/><\/figure>\n<\/div>\n<\/div>","protected":false},"excerpt":{"rendered":"<p>Nuestros duraderos portahuevos de cer\u00e1mica aportan estilo y funcionalidad a su cocina. De colores vivos y resistentes, mantienen los huevos en su sitio.<\/p>\n<p>Como <a href=\"https:\/\/www.kedali.com\/es\/categoria-producto\/wholesale-ceramic-kitchenware\/\" target=\"_blank\" rel=\"noopener\"><strong>fabricante de utensilios de cocina de cer\u00e1mica,<\/strong><\/a> ofrecemos servicios de personalizaci\u00f3n OEM y ODM, incluidos el color, la forma y el embalaje. P\u00f3ngase en contacto con nosotros hoy mismo.<\/p>\n<h2>Especificaciones de los hueveros de cer\u00e1mica<\/h2>\n<table width=\"235\">\n<tbody>\n<tr>\n<td width=\"69\">Marca<\/td>\n<td width=\"166\">KDL<\/td>\n<\/tr>\n<tr>\n<td width=\"69\">Modelo<\/td>\n<td width=\"166\">TDQ1435<\/td>\n<\/tr>\n<tr>\n<td width=\"69\">Material<\/td>\n<td width=\"166\">cer\u00e1mica<\/td>\n<\/tr>\n<tr>\n<td width=\"69\">color<\/td>\n<td width=\"166\">rojo\/amarillo\/naranja\/azul<\/td>\n<\/tr>\n<tr>\n<td width=\"69\">Aplicaci\u00f3n<\/td>\n<td width=\"166\">soporte para huevos<\/td>\n<\/tr>\n<tr>\n<td width=\"69\">Caracter\u00edstica<\/td>\n<td width=\"166\">esmaltado<\/td>\n<\/tr>\n<tr>\n<td width=\"69\">Dimensiones<\/td>\n<td width=\"166\">14*14*3cm<\/td>\n<\/tr>\n<tr>\n<td width=\"69\">Peso bruto (kg)<\/td>\n<td width=\"166\">0,32 kg<\/td>\n<\/tr>\n<tr>\n<td width=\"69\">Cantidad m\u00ednima de pedido<\/td>\n<td width=\"166\">800 juegos<\/td>\n<\/tr>\n<\/tbody>\n<\/table>\n<p>&nbsp;<\/p>\n<p>\n<script src=\"chrome-extension:\/\/fpelahbljekknahkcaegamhcndkfpfnc\/iFrame.js\" type=\"text\/javascript\"><\/script><\/p>","protected":false},"featured_media":1558,"comment_status":"closed","ping_status":"closed","template":"","meta":{"_acf_changed":false},"product_brand":[],"product_cat":[18],"product_tag":[],"class_list":{"0":"post-1556","1":"product","2":"type-product","3":"status-publish","4":"has-post-thumbnail","6":"product_cat-wholesale-ceramic-kitchenware","8":"first","9":"instock","10":"shipping-taxable","11":"product-type-simple"},"acf":[],"_links":{"self":[{"href":"https:\/\/www.kedali.com\/es\/wp-json\/wp\/v2\/product\/1556","targetHints":{"allow":["GET"]}}],"collection":[{"href":"https:\/\/www.kedali.com\/es\/wp-json\/wp\/v2\/product"}],"about":[{"href":"https:\/\/www.kedali.com\/es\/wp-json\/wp\/v2\/types\/product"}],"replies":[{"embeddable":true,"href":"https:\/\/www.kedali.com\/es\/wp-json\/wp\/v2\/comments?post=1556"}],"wp:featuredmedia":[{"embeddable":true,"href":"https:\/\/www.kedali.com\/es\/wp-json\/wp\/v2\/media\/1558"}],"wp:attachment":[{"href":"https:\/\/www.kedali.com\/es\/wp-json\/wp\/v2\/media?parent=1556"}],"wp:term":[{"taxonomy":"product_brand","embeddable":true,"href":"https:\/\/www.kedali.com\/es\/wp-json\/wp\/v2\/product_brand?post=1556"},{"taxonomy":"product_cat","embeddable":true,"href":"https:\/\/www.kedali.com\/es\/wp-json\/wp\/v2\/product_cat?post=1556"},{"taxonomy":"product_tag","embeddable":true,"href":"https:\/\/www.kedali.com\/es\/wp-json\/wp\/v2\/product_tag?post=1556"}],"curies":[{"name":"wp","href":"https:\/\/api.w.org\/{rel}","templated":true}]}}