{"id":1648,"date":"2025-12-06T01:29:03","date_gmt":"2025-12-06T01:29:03","guid":{"rendered":"https:\/\/www.kedali.com\/?post_type=product&#038;p=1648"},"modified":"2026-01-19T15:27:21","modified_gmt":"2026-01-19T15:27:21","slug":"wholesale-5-piece-ceramic-nesting-bowl-set","status":"publish","type":"product","link":"https:\/\/www.kedali.com\/es\/producto\/wholesale-5-piece-ceramic-nesting-bowl-set\/","title":{"rendered":"Mayorista Juego de 5 Cuencos de Cer\u00e1mica - Elegante Dise\u00f1o Flor de Loto"},"content":{"rendered":"<div class=\"wp-block-columns is-layout-flex wp-container-core-columns-is-layout-9d6595d7 wp-block-columns-is-layout-flex\">\n<div class=\"wp-block-column is-layout-flow wp-block-column-is-layout-flow\">\n<h3 class=\"wp-block-heading\">Caracter\u00edsticas de los cuencos nido de cer\u00e1mica de 4 piezas<\/h3>\n\n\n\n<ul class=\"wp-block-list\">\n<li><strong>Almacenamiento que ahorra espacio:<\/strong> El dise\u00f1o encajable permite que los cuencos se apilen perfectamente unos dentro de otros, ahorrando mucho espacio en armarios y estanter\u00edas en comparaci\u00f3n con los cuencos est\u00e1ndar.<\/li>\n\n\n\n<li><strong>Dise\u00f1o est\u00e9tico:<\/strong> Su exclusiva forma de loto es muy decorativa y moderna, lo que la convierte en un elegante centro de mesa o plato para servir.<\/li>\n\n\n\n<li><strong>Uso vers\u00e1til:<\/strong> El juego de cuencos nido de cer\u00e1mica incluye 5 tama\u00f1os, adecuados para varios usos, como: servir aperitivos, aperitivos, condimentos, salsas, preparar ingredientes o almacenamiento decorativo.<\/li>\n\n\n\n<li><strong>Material cer\u00e1mico: <\/strong>Nuestro juego de cuencos nido al por mayor est\u00e1 fabricado con material cer\u00e1mico apto para uso alimentario, no contiene BPA y no libera sustancias nocivas, lo que garantiza la seguridad de los alimentos.<\/li>\n<\/ul>\n\n\n\n<h3 class=\"wp-block-heading\">Servicio a medida<\/h3>\n\n\n\n<ul class=\"wp-block-list\">\n<li>Asistencia OEM y ODM<\/li>\n\n\n\n<li>Entrega r\u00e1pida de muestras.<\/li>\n\n\n\n<li>Proporcionamos productos personalizados en forma, color, patr\u00f3n, embalaje y otros servicios personalizados.<\/li>\n<\/ul>\n<\/div>\n\n\n\n<div class=\"wp-block-column is-layout-flow wp-block-column-is-layout-flow\">\n<figure class=\"wp-block-image size-full\"><img decoding=\"async\" width=\"800\" height=\"800\" src=\"https:\/\/www.kedali.com\/wp-content\/uploads\/2025\/12\/specifications-of-ceramic-nesting-bowls.webp\" alt=\"especificaciones de los cuencos encajables de cer\u00e1mica\" class=\"wp-image-1649\" srcset=\"https:\/\/www.kedali.com\/wp-content\/uploads\/2025\/12\/specifications-of-ceramic-nesting-bowls.webp 800w, https:\/\/www.kedali.com\/wp-content\/uploads\/2025\/12\/specifications-of-ceramic-nesting-bowls-300x300.webp 300w, https:\/\/www.kedali.com\/wp-content\/uploads\/2025\/12\/specifications-of-ceramic-nesting-bowls-150x150.webp 150w, https:\/\/www.kedali.com\/wp-content\/uploads\/2025\/12\/specifications-of-ceramic-nesting-bowls-768x768.webp 768w, https:\/\/www.kedali.com\/wp-content\/uploads\/2025\/12\/specifications-of-ceramic-nesting-bowls-12x12.webp 12w, https:\/\/www.kedali.com\/wp-content\/uploads\/2025\/12\/specifications-of-ceramic-nesting-bowls-600x600.webp 600w, https:\/\/www.kedali.com\/wp-content\/uploads\/2025\/12\/specifications-of-ceramic-nesting-bowls-100x100.webp 100w\" sizes=\"(max-width: 800px) 100vw, 800px\" \/><\/figure>\n<\/div>\n<\/div>\n\n\n\n<p><\/p>","protected":false},"excerpt":{"rendered":"<p>Bienvenido a comprar nuestros tazones de cer\u00e1mica al por mayor al por mayor. La forma de p\u00e9talo de loto \u00fanico y vibrantes colores degradados dan este nido de cer\u00e1mica Bowl Set un excelente efecto de visualizaci\u00f3n. Incluye cinco tama\u00f1os diferentes y se puede utilizar para preparar comidas, separar ingredientes, servir aperitivos delicados o como peque\u00f1os y elegantes platos decorativos de almacenamiento.<\/p>\n<h2>Especificaciones de los cuencos nido de cer\u00e1mica<\/h2>\n<table width=\"235\">\n<tbody>\n<tr>\n<td width=\"69\">Marca<\/td>\n<td width=\"166\">KDL<\/td>\n<\/tr>\n<tr>\n<td width=\"69\">Modelo<\/td>\n<td width=\"166\">TDS1955R-\u4e2d\u82f1<\/td>\n<\/tr>\n<tr>\n<td width=\"69\">Material<\/td>\n<td width=\"166\">cer\u00e1mica<\/td>\n<\/tr>\n<tr>\n<td width=\"69\">color<\/td>\n<td width=\"166\">verde\/morado<\/td>\n<\/tr>\n<tr>\n<td width=\"69\">Aplicaci\u00f3n<\/td>\n<td width=\"166\">cuenco para servir<\/td>\n<\/tr>\n<tr>\n<td width=\"69\">Caracter\u00edstica<\/td>\n<td width=\"166\">esmaltado<\/td>\n<\/tr>\n<tr>\n<td width=\"69\">Dimensiones<\/td>\n<td width=\"166\">7,8\u00d78,6 cm<br \/>10,3\u00d78,3 cm<br \/>12,5\u00d78,5 cm<br \/>15,7\u00d78 cm<br \/>17,5\u00d78 cm<\/td>\n<\/tr>\n<tr>\n<td width=\"69\">Cantidad m\u00ednima de pedido<\/td>\n<td width=\"166\">800 juegos<\/td>\n<\/tr>\n<\/tbody>\n<\/table>\n<p>&nbsp;<\/p>\n<p><script src=\"chrome-extension:\/\/fpelahbljekknahkcaegamhcndkfpfnc\/iFrame.js\" type=\"text\/javascript\"><\/script><\/p>","protected":false},"featured_media":1650,"comment_status":"closed","ping_status":"closed","template":"","meta":{"_acf_changed":false},"product_brand":[],"product_cat":[18,39],"product_tag":[],"class_list":{"0":"post-1648","1":"product","2":"type-product","3":"status-publish","4":"has-post-thumbnail","6":"product_cat-wholesale-ceramic-kitchenware","7":"product_cat-wholesale-serving-bowls","9":"first","10":"instock","11":"shipping-taxable","12":"product-type-simple"},"acf":[],"_links":{"self":[{"href":"https:\/\/www.kedali.com\/es\/wp-json\/wp\/v2\/product\/1648","targetHints":{"allow":["GET"]}}],"collection":[{"href":"https:\/\/www.kedali.com\/es\/wp-json\/wp\/v2\/product"}],"about":[{"href":"https:\/\/www.kedali.com\/es\/wp-json\/wp\/v2\/types\/product"}],"replies":[{"embeddable":true,"href":"https:\/\/www.kedali.com\/es\/wp-json\/wp\/v2\/comments?post=1648"}],"wp:featuredmedia":[{"embeddable":true,"href":"https:\/\/www.kedali.com\/es\/wp-json\/wp\/v2\/media\/1650"}],"wp:attachment":[{"href":"https:\/\/www.kedali.com\/es\/wp-json\/wp\/v2\/media?parent=1648"}],"wp:term":[{"taxonomy":"product_brand","embeddable":true,"href":"https:\/\/www.kedali.com\/es\/wp-json\/wp\/v2\/product_brand?post=1648"},{"taxonomy":"product_cat","embeddable":true,"href":"https:\/\/www.kedali.com\/es\/wp-json\/wp\/v2\/product_cat?post=1648"},{"taxonomy":"product_tag","embeddable":true,"href":"https:\/\/www.kedali.com\/es\/wp-json\/wp\/v2\/product_tag?post=1648"}],"curies":[{"name":"wp","href":"https:\/\/api.w.org\/{rel}","templated":true}]}}