{"id":1730,"date":"2025-12-13T07:49:03","date_gmt":"2025-12-13T07:49:03","guid":{"rendered":"https:\/\/www.kedali.com\/?post_type=product&#038;p=1730"},"modified":"2026-04-21T03:04:38","modified_gmt":"2026-04-21T03:04:38","slug":"matte-black-ceramic-kitchenware-and-dinnerware-set-wholesale","status":"publish","type":"product","link":"https:\/\/www.kedali.com\/es\/producto\/matte-black-ceramic-kitchenware-and-dinnerware-set-wholesale\/","title":{"rendered":"Juego de Vajilla y Cubiertos de Cer\u00e1mica Negra Mate - Incluye Jarras, Tazas y Vajilla"},"content":{"rendered":"<div class=\"wp-block-columns is-layout-flex wp-container-core-columns-is-layout-9d6595d7 wp-block-columns-is-layout-flex\">\n<div class=\"wp-block-column is-layout-flow wp-block-column-is-layout-flow\">\n<h3 class=\"wp-block-heading\">Caracter\u00edsticas de los utensilios de cocina de cer\u00e1mica<\/h3>\n\n\n\n<ul class=\"wp-block-list\">\n<li><strong>Ajuste vers\u00e1til:<\/strong> El color negro neutro permite que este juego de utensilios de cocina combine a la perfecci\u00f3n con diversas est\u00e9ticas de cocina, desde la de granja y la r\u00fastica hasta la moderna y minimalista.<\/li>\n\n\n\n<li><strong>Colecci\u00f3n completa:<\/strong> El juego incluye todo lo necesario para almacenar en la cocina, servir bebidas y comer (botes, portautensilios, aceiteras\/vinagreras, teteras, tazas, cuencos y platos). Esto lo convierte en una soluci\u00f3n completa para los consumidores.<\/li>\n\n\n\n<li><strong>Material cer\u00e1mico duradero: <\/strong>El menaje de cer\u00e1mica es f\u00e1cil de limpiar, muy duradero y resistente a manchas y olores, lo que prolonga su vida \u00fatil.<\/li>\n\n\n\n<li><strong>Dise\u00f1ado para el servicio de bebidas: <\/strong>La inclusi\u00f3n de una tetera, tazas y platillos se dirige directamente al popular mercado del caf\u00e9 y el t\u00e9.<\/li>\n\n\n\n<li><strong>Soporte OEM y ODM: <\/strong>Somos fabricantes profesionales de menaje de cocina y vajilla con un sistema maduro de I+D y producci\u00f3n, y ofrecemos soluciones personalizadas integrales a clientes B2B de todo el mundo.<\/li>\n<\/ul>\n\n\n\n<h3 class=\"wp-block-heading\">Servicio a medida<\/h3>\n\n\n\n<ul class=\"wp-block-list\">\n<li>Asistencia OEM y ODM<\/li>\n\n\n\n<li>Entrega r\u00e1pida de muestras.<\/li>\n\n\n\n<li>Proporcionamos productos personalizados en forma, color, patr\u00f3n, embalaje y otros servicios personalizados.<\/li>\n<\/ul>\n<\/div>\n\n\n\n<div class=\"wp-block-column is-layout-flow wp-block-column-is-layout-flow\">\n<figure class=\"wp-block-image size-full\"><img decoding=\"async\" width=\"800\" height=\"800\" src=\"https:\/\/www.kedali.com\/wp-content\/uploads\/2025\/12\/matte-black-ceramic-kitchenware-7.webp\" alt=\"\" class=\"wp-image-1737\" srcset=\"https:\/\/www.kedali.com\/wp-content\/uploads\/2025\/12\/matte-black-ceramic-kitchenware-7.webp 800w, https:\/\/www.kedali.com\/wp-content\/uploads\/2025\/12\/matte-black-ceramic-kitchenware-7-300x300.webp 300w, https:\/\/www.kedali.com\/wp-content\/uploads\/2025\/12\/matte-black-ceramic-kitchenware-7-150x150.webp 150w, https:\/\/www.kedali.com\/wp-content\/uploads\/2025\/12\/matte-black-ceramic-kitchenware-7-768x768.webp 768w, https:\/\/www.kedali.com\/wp-content\/uploads\/2025\/12\/matte-black-ceramic-kitchenware-7-12x12.webp 12w, https:\/\/www.kedali.com\/wp-content\/uploads\/2025\/12\/matte-black-ceramic-kitchenware-7-600x600.webp 600w, https:\/\/www.kedali.com\/wp-content\/uploads\/2025\/12\/matte-black-ceramic-kitchenware-7-100x100.webp 100w\" sizes=\"(max-width: 800px) 100vw, 800px\" \/><\/figure>\n<\/div>\n<\/div>\n\n\n\n<div class=\"wp-block-columns is-layout-flex wp-container-core-columns-is-layout-9d6595d7 wp-block-columns-is-layout-flex\">\n<div class=\"wp-block-column is-layout-flow wp-block-column-is-layout-flow\">\n<figure class=\"wp-block-image size-full\"><img decoding=\"async\" width=\"800\" height=\"800\" src=\"https:\/\/www.kedali.com\/wp-content\/uploads\/2025\/12\/matte-black-ceramic-kitchenware-3.webp\" alt=\"\" class=\"wp-image-1733\" srcset=\"https:\/\/www.kedali.com\/wp-content\/uploads\/2025\/12\/matte-black-ceramic-kitchenware-3.webp 800w, https:\/\/www.kedali.com\/wp-content\/uploads\/2025\/12\/matte-black-ceramic-kitchenware-3-300x300.webp 300w, https:\/\/www.kedali.com\/wp-content\/uploads\/2025\/12\/matte-black-ceramic-kitchenware-3-150x150.webp 150w, https:\/\/www.kedali.com\/wp-content\/uploads\/2025\/12\/matte-black-ceramic-kitchenware-3-768x768.webp 768w, https:\/\/www.kedali.com\/wp-content\/uploads\/2025\/12\/matte-black-ceramic-kitchenware-3-12x12.webp 12w, https:\/\/www.kedali.com\/wp-content\/uploads\/2025\/12\/matte-black-ceramic-kitchenware-3-600x600.webp 600w, https:\/\/www.kedali.com\/wp-content\/uploads\/2025\/12\/matte-black-ceramic-kitchenware-3-100x100.webp 100w\" sizes=\"(max-width: 800px) 100vw, 800px\" \/><\/figure>\n<\/div>\n\n\n\n<div class=\"wp-block-column is-layout-flow wp-block-column-is-layout-flow\">\n<figure class=\"wp-block-image size-full\"><img decoding=\"async\" width=\"800\" height=\"800\" src=\"https:\/\/www.kedali.com\/wp-content\/uploads\/2025\/12\/matte-black-ceramic-kitchenware-5.webp\" alt=\"\" class=\"wp-image-1735\" srcset=\"https:\/\/www.kedali.com\/wp-content\/uploads\/2025\/12\/matte-black-ceramic-kitchenware-5.webp 800w, https:\/\/www.kedali.com\/wp-content\/uploads\/2025\/12\/matte-black-ceramic-kitchenware-5-300x300.webp 300w, https:\/\/www.kedali.com\/wp-content\/uploads\/2025\/12\/matte-black-ceramic-kitchenware-5-150x150.webp 150w, https:\/\/www.kedali.com\/wp-content\/uploads\/2025\/12\/matte-black-ceramic-kitchenware-5-768x768.webp 768w, https:\/\/www.kedali.com\/wp-content\/uploads\/2025\/12\/matte-black-ceramic-kitchenware-5-12x12.webp 12w, https:\/\/www.kedali.com\/wp-content\/uploads\/2025\/12\/matte-black-ceramic-kitchenware-5-600x600.webp 600w, https:\/\/www.kedali.com\/wp-content\/uploads\/2025\/12\/matte-black-ceramic-kitchenware-5-100x100.webp 100w\" sizes=\"(max-width: 800px) 100vw, 800px\" \/><\/figure>\n<\/div>\n<\/div>","protected":false},"excerpt":{"rendered":"<p>Juego de vajilla negro mate al por mayor. Una colecci\u00f3n completa de menaje de cocina muy solicitada, este juego incluye m\u00e1s de 30 productos, que ofrecen un valor inigualable al consumidor final. P\u00f3ngase en contacto con nosotros para solicitar un presupuesto.<\/p>\n<h2>Especificaciones de los utensilios de cocina de cer\u00e1mica negra mate<\/h2>\n<table width=\"235\">\n<tbody>\n<tr>\n<td width=\"69\">Marca<\/td>\n<td width=\"166\">KDL<\/td>\n<\/tr>\n<tr>\n<td width=\"69\">Modelo<\/td>\n<td width=\"166\">TBQL101-5<\/td>\n<\/tr>\n<tr>\n<td width=\"69\">Material<\/td>\n<td width=\"166\">cer\u00e1mica<\/td>\n<\/tr>\n<tr>\n<td width=\"69\">color<\/td>\n<td width=\"166\">blanco<\/td>\n<\/tr>\n<tr>\n<td width=\"69\">Aplicaci\u00f3n<\/td>\n<td width=\"166\">taza de cer\u00e1mica<\/td>\n<\/tr>\n<tr>\n<td width=\"69\">Caracter\u00edstica<\/td>\n<td width=\"166\">calcoman\u00eda<\/td>\n<\/tr>\n<tr>\n<td width=\"69\">Dimensiones<\/td>\n<td width=\"166\">12,5*9*9,5cm \/ 8,5*6*6,4cm\u00a0<\/td>\n<\/tr>\n<tr>\n<td width=\"69\">Cantidad m\u00ednima de pedido<\/td>\n<td width=\"166\">800 juegos<\/td>\n<\/tr>\n<\/tbody>\n<\/table>\n<p>&nbsp;<\/p>\n<p><script src=\"chrome-extension:\/\/fpelahbljekknahkcaegamhcndkfpfnc\/iFrame.js\" type=\"text\/javascript\"><\/script><\/p>\n<p><script src=\"chrome-extension:\/\/fpelahbljekknahkcaegamhcndkfpfnc\/iFrame.js\" type=\"text\/javascript\"><\/script><\/p>","protected":false},"featured_media":1731,"comment_status":"closed","ping_status":"closed","template":"","meta":{"_acf_changed":false},"product_brand":[],"product_cat":[19,57],"product_tag":[],"class_list":{"0":"post-1730","1":"product","2":"type-product","3":"status-publish","4":"has-post-thumbnail","6":"product_cat-wholesale-ceramic-tableware","7":"product_cat-wholesale-dinnerware-sets","9":"first","10":"instock","11":"shipping-taxable","12":"product-type-simple"},"acf":[],"_links":{"self":[{"href":"https:\/\/www.kedali.com\/es\/wp-json\/wp\/v2\/product\/1730","targetHints":{"allow":["GET"]}}],"collection":[{"href":"https:\/\/www.kedali.com\/es\/wp-json\/wp\/v2\/product"}],"about":[{"href":"https:\/\/www.kedali.com\/es\/wp-json\/wp\/v2\/types\/product"}],"replies":[{"embeddable":true,"href":"https:\/\/www.kedali.com\/es\/wp-json\/wp\/v2\/comments?post=1730"}],"wp:featuredmedia":[{"embeddable":true,"href":"https:\/\/www.kedali.com\/es\/wp-json\/wp\/v2\/media\/1731"}],"wp:attachment":[{"href":"https:\/\/www.kedali.com\/es\/wp-json\/wp\/v2\/media?parent=1730"}],"wp:term":[{"taxonomy":"product_brand","embeddable":true,"href":"https:\/\/www.kedali.com\/es\/wp-json\/wp\/v2\/product_brand?post=1730"},{"taxonomy":"product_cat","embeddable":true,"href":"https:\/\/www.kedali.com\/es\/wp-json\/wp\/v2\/product_cat?post=1730"},{"taxonomy":"product_tag","embeddable":true,"href":"https:\/\/www.kedali.com\/es\/wp-json\/wp\/v2\/product_tag?post=1730"}],"curies":[{"name":"wp","href":"https:\/\/api.w.org\/{rel}","templated":true}]}}