{"id":1772,"date":"2025-12-14T23:00:17","date_gmt":"2025-12-14T23:00:17","guid":{"rendered":"https:\/\/www.kedali.com\/?post_type=product&#038;p=1772"},"modified":"2026-02-09T13:21:27","modified_gmt":"2026-02-09T13:21:27","slug":"wholesale-pet-bowl-slow-feeder","status":"publish","type":"product","link":"https:\/\/www.kedali.com\/es\/producto\/wholesale-pet-bowl-slow-feeder\/","title":{"rendered":"Mayorista Comedero Lento para Perros y Gatos - Dise\u00f1o Antiahogo y Alimentaci\u00f3n Saludable"},"content":{"rendered":"<div class=\"wp-block-columns is-layout-flex wp-container-core-columns-is-layout-9d6595d7 wp-block-columns-is-layout-flex\">\n<div class=\"wp-block-column is-layout-flow wp-block-column-is-layout-flow\">\n<h3 class=\"wp-block-heading\">Caracter\u00edsticas del comedero lento Pet Bowl<\/h3>\n\n\n\n<ul class=\"wp-block-list\">\n<li><strong>Promueve una velocidad de alimentaci\u00f3n saludable:<\/strong> Cuando las mascotas comen despacio, mastican la comida m\u00e1s a fondo, lo que da a las enzimas digestivas m\u00e1s tiempo para descomponer los alimentos y mejorar la absorci\u00f3n de nutrientes.<\/li>\n\n\n\n<li><strong>Antideslizante y estable: <\/strong>Este comedero para mascotas est\u00e1 dise\u00f1ado para sujetar firmemente la comida durante la alimentaci\u00f3n, reduciendo los derrames y la suciedad en el suelo.<\/li>\n\n\n\n<li><strong>Adecuado para varios tipos de mascotas:<\/strong> Nuestro comedero lento para mascotas al por mayor es adecuado para perros y gatos de todos los tama\u00f1os, incluidos cachorros y perros peque\u00f1os.<\/li>\n\n\n\n<li><strong>Suministro al por mayor y a medida:<\/strong> Somos fabricantes profesionales de cuencos de cer\u00e1mica para perros, aceptamos pedidos al por mayor y ofrecemos servicios de OEM y ODM, incluidos tama\u00f1os, colores, materiales y marcas personalizados para marcas y minoristas de mascotas.<\/li>\n<\/ul>\n\n\n\n<h3 class=\"wp-block-heading\">Servicio Personalizado<\/h3>\n\n\n\n<ul class=\"wp-block-list\">\n<li>El OEM y el ODM de apoyo<\/li>\n\n\n\n<li>R\u00e1pida entrega de la muestra.<\/li>\n\n\n\n<li>Ofrecer productos personalizados de forma, color, dise\u00f1o, empaque y otros servicios personalizados.<\/li>\n<\/ul>\n<\/div>\n\n\n\n<div class=\"wp-block-column is-layout-flow wp-block-column-is-layout-flow\">\n<figure class=\"wp-block-image size-full\"><img decoding=\"async\" width=\"800\" height=\"800\" src=\"https:\/\/www.kedali.com\/wp-content\/uploads\/2025\/12\/specifications-of-the-pet-slow-feeder-bowl.webp\" alt=\"especificaciones del comedero lento para mascotas\" class=\"wp-image-1779\" srcset=\"https:\/\/www.kedali.com\/wp-content\/uploads\/2025\/12\/specifications-of-the-pet-slow-feeder-bowl.webp 800w, https:\/\/www.kedali.com\/wp-content\/uploads\/2025\/12\/specifications-of-the-pet-slow-feeder-bowl-300x300.webp 300w, https:\/\/www.kedali.com\/wp-content\/uploads\/2025\/12\/specifications-of-the-pet-slow-feeder-bowl-150x150.webp 150w, https:\/\/www.kedali.com\/wp-content\/uploads\/2025\/12\/specifications-of-the-pet-slow-feeder-bowl-768x768.webp 768w, https:\/\/www.kedali.com\/wp-content\/uploads\/2025\/12\/specifications-of-the-pet-slow-feeder-bowl-12x12.webp 12w, https:\/\/www.kedali.com\/wp-content\/uploads\/2025\/12\/specifications-of-the-pet-slow-feeder-bowl-600x600.webp 600w, https:\/\/www.kedali.com\/wp-content\/uploads\/2025\/12\/specifications-of-the-pet-slow-feeder-bowl-100x100.webp 100w\" sizes=\"(max-width: 800px) 100vw, 800px\" \/><\/figure>\n<\/div>\n<\/div>","protected":false},"excerpt":{"rendered":"<p data-pm-slice=\"0 0 []\">Bienvenido a comprar al por mayor nuestro Comedero Lento para Mascotas. Fomentar h\u00e1bitos alimenticios m\u00e1s saludables con nuestra venta al por mayor Pet Bowl Slow Feeder, dise\u00f1ado para ayudar a los perros y gatos comen a un ritmo m\u00e1s seguro, m\u00e1s natural.Cont\u00e1ctenos para una cotizaci\u00f3n.<\/p>\n<p>Este producto, que se ofrece al por mayor, se puede personalizar mediante OEM y ODM, incluidos materiales, colores, tama\u00f1os y logotipos.<\/p>\n<h2>Especificaciones del comedero lento Pet Bowl<\/h2>\n<table width=\"235\">\n<tbody>\n<tr>\n<td width=\"69\">Marca<\/td>\n<td width=\"166\">KDL<\/td>\n<\/tr>\n<tr>\n<td width=\"69\">Modelo<\/td>\n<td width=\"166\">TOS271-8.5<\/td>\n<\/tr>\n<tr>\n<td width=\"69\">Material<\/td>\n<td width=\"166\">cer\u00e1mica<\/td>\n<\/tr>\n<tr>\n<td width=\"69\">color<\/td>\n<td width=\"166\">blanco\/negro\/verde<\/td>\n<\/tr>\n<tr>\n<td width=\"69\">Aplicaci\u00f3n<\/td>\n<td width=\"166\">cuenco para mascotas<\/td>\n<\/tr>\n<tr>\n<td width=\"69\">Caracter\u00edstica<\/td>\n<td width=\"166\">Color glaseado<\/td>\n<\/tr>\n<tr>\n<td width=\"69\">Dimensiones<\/td>\n<td width=\"166\">21,5*21,5*4,7 cm<\/td>\n<\/tr>\n<tr>\n<td width=\"69\">Peso bruto (kg)<\/td>\n<td width=\"166\">1,5 kg<\/td>\n<\/tr>\n<tr>\n<td width=\"69\">Cantidad De Orden M\u00ednima<\/td>\n<td width=\"166\">800 conjuntos<\/td>\n<\/tr>\n<\/tbody>\n<\/table>\n<p>&nbsp;<\/p>\n<p>\n<script src=\"chrome-extension:\/\/fpelahbljekknahkcaegamhcndkfpfnc\/iFrame.js\" type=\"text\/javascript\"><\/script><\/p>","protected":false},"featured_media":1773,"comment_status":"closed","ping_status":"closed","template":"","meta":{"_acf_changed":false},"product_brand":[],"product_cat":[22,54],"product_tag":[],"class_list":{"0":"post-1772","1":"product","2":"type-product","3":"status-publish","4":"has-post-thumbnail","6":"product_cat-wholesale-ceramic-pet-supplies","7":"product_cat-wholesale-ceramic-pet-bowls","9":"first","10":"instock","11":"shipping-taxable","12":"product-type-simple"},"acf":[],"_links":{"self":[{"href":"https:\/\/www.kedali.com\/es\/wp-json\/wp\/v2\/product\/1772","targetHints":{"allow":["GET"]}}],"collection":[{"href":"https:\/\/www.kedali.com\/es\/wp-json\/wp\/v2\/product"}],"about":[{"href":"https:\/\/www.kedali.com\/es\/wp-json\/wp\/v2\/types\/product"}],"replies":[{"embeddable":true,"href":"https:\/\/www.kedali.com\/es\/wp-json\/wp\/v2\/comments?post=1772"}],"wp:featuredmedia":[{"embeddable":true,"href":"https:\/\/www.kedali.com\/es\/wp-json\/wp\/v2\/media\/1773"}],"wp:attachment":[{"href":"https:\/\/www.kedali.com\/es\/wp-json\/wp\/v2\/media?parent=1772"}],"wp:term":[{"taxonomy":"product_brand","embeddable":true,"href":"https:\/\/www.kedali.com\/es\/wp-json\/wp\/v2\/product_brand?post=1772"},{"taxonomy":"product_cat","embeddable":true,"href":"https:\/\/www.kedali.com\/es\/wp-json\/wp\/v2\/product_cat?post=1772"},{"taxonomy":"product_tag","embeddable":true,"href":"https:\/\/www.kedali.com\/es\/wp-json\/wp\/v2\/product_tag?post=1772"}],"curies":[{"name":"wp","href":"https:\/\/api.w.org\/{rel}","templated":true}]}}