{"id":1784,"date":"2025-12-14T23:18:04","date_gmt":"2025-12-14T23:18:04","guid":{"rendered":"https:\/\/www.kedali.com\/?post_type=product&#038;p=1784"},"modified":"2026-02-09T13:21:18","modified_gmt":"2026-02-09T13:21:18","slug":"wholesale-ceramic-elevated-pet-bowls","status":"publish","type":"product","link":"https:\/\/www.kedali.com\/es\/producto\/wholesale-ceramic-elevated-pet-bowls\/","title":{"rendered":"Mayorista Cuenco Elevado de Cer\u00e1mica para Mascotas - Est\u00e9tico Dise\u00f1o en Forma de Vieira"},"content":{"rendered":"<div class=\"wp-block-columns is-layout-flex wp-container-core-columns-is-layout-9d6595d7 wp-block-columns-is-layout-flex\">\n<div class=\"wp-block-column is-layout-flow wp-block-column-is-layout-flow\">\n<h3 class=\"wp-block-heading\">Caracter\u00edsticas del cuenco elevado de cer\u00e1mica para mascotas<\/h3>\n\n\n\n<ul class=\"wp-block-list\">\n<li><strong>Elegante est\u00e9tica en forma de fest\u00f3n: <\/strong>El dise\u00f1o en forma de fest\u00f3n a\u00f1ade un toque de refinada elegancia, lo que convierte a este cuenco para mascotas en un elegante complemento para la decoraci\u00f3n moderna del hogar.<\/li>\n\n\n\n<li><strong>Favorece una mejor postura: <\/strong>La base elevada del comedero reduce la necesidad de que las mascotas estiren el cuello hacia abajo, aliviando as\u00ed la presi\u00f3n sobre la columna cervical y las articulaciones durante la alimentaci\u00f3n.<\/li>\n\n\n\n<li><strong>Higi\u00e9nico y f\u00e1cil de limpiar: <\/strong>Los cuencos de cer\u00e1mica son m\u00e1s f\u00e1ciles de limpiar e higi\u00e9nicos que los de pl\u00e1stico. La superficie lisa del material cer\u00e1mico impide la proliferaci\u00f3n de bacterias y es muy f\u00e1cil de limpiar.<\/li>\n\n\n\n<li><strong>Suministro al por mayor y apoyo a la personalizaci\u00f3n: <\/strong>Kedali es un fabricante profesional de cuencos de cer\u00e1mica para mascotas. Aceptamos pedidos al por mayor y ofrecemos opciones de OEM y ODM, incluida la personalizaci\u00f3n del tama\u00f1o, el color, el esmalte y el logotipo.<\/li>\n<\/ul>\n\n\n\n<h3 class=\"wp-block-heading\">Servicio Personalizado<\/h3>\n\n\n\n<ul class=\"wp-block-list\">\n<li>El OEM y el ODM de apoyo<\/li>\n\n\n\n<li>R\u00e1pida entrega de la muestra.<\/li>\n\n\n\n<li>Ofrecer productos personalizados de forma, color, dise\u00f1o, empaque y otros servicios personalizados.<\/li>\n<\/ul>\n<\/div>\n\n\n\n<div class=\"wp-block-column is-layout-flow wp-block-column-is-layout-flow\">\n<figure class=\"wp-block-image size-full\"><img decoding=\"async\" width=\"800\" height=\"800\" src=\"https:\/\/www.kedali.com\/wp-content\/uploads\/2025\/12\/specifications-of-the-ceramic-elevated-pet-bowl.webp\" alt=\"especificaciones del cuenco elevado de cer\u00e1mica para mascotas\" class=\"wp-image-1785\" srcset=\"https:\/\/www.kedali.com\/wp-content\/uploads\/2025\/12\/specifications-of-the-ceramic-elevated-pet-bowl.webp 800w, https:\/\/www.kedali.com\/wp-content\/uploads\/2025\/12\/specifications-of-the-ceramic-elevated-pet-bowl-300x300.webp 300w, https:\/\/www.kedali.com\/wp-content\/uploads\/2025\/12\/specifications-of-the-ceramic-elevated-pet-bowl-150x150.webp 150w, https:\/\/www.kedali.com\/wp-content\/uploads\/2025\/12\/specifications-of-the-ceramic-elevated-pet-bowl-768x768.webp 768w, https:\/\/www.kedali.com\/wp-content\/uploads\/2025\/12\/specifications-of-the-ceramic-elevated-pet-bowl-12x12.webp 12w, https:\/\/www.kedali.com\/wp-content\/uploads\/2025\/12\/specifications-of-the-ceramic-elevated-pet-bowl-600x600.webp 600w, https:\/\/www.kedali.com\/wp-content\/uploads\/2025\/12\/specifications-of-the-ceramic-elevated-pet-bowl-100x100.webp 100w\" sizes=\"(max-width: 800px) 100vw, 800px\" \/><\/figure>\n<\/div>\n<\/div>\n\n\n\n<p><\/p>","protected":false},"excerpt":{"rendered":"<p>Cuenco elevado de cer\u00e1mica para mascotas al por mayor. Este cuenco al por mayor para mascotas presenta una estructura elevada cient\u00edficamente dise\u00f1ada que reduce significativamente la necesidad de que las mascotas doblen el cuello mientras comen, aliviando la presi\u00f3n sobre la columna cervical, la espalda y las articulaciones, y favoreciendo una digesti\u00f3n m\u00e1s suave. Esta serie presenta un dise\u00f1o en forma de fest\u00f3n para complementar la est\u00e9tica del hogar y est\u00e1 disponible en tres colores. P\u00f3ngase en contacto con nosotros para solicitar un presupuesto.<\/p>\n<h2>Especificaciones del cuenco elevado de cer\u00e1mica para mascotas<\/h2>\n<table width=\"235\">\n<tbody>\n<tr>\n<td width=\"69\">Marca<\/td>\n<td width=\"166\">KDL<\/td>\n<\/tr>\n<tr>\n<td width=\"69\">Modelo<\/td>\n<td width=\"166\">TOS1888-6-B<\/td>\n<\/tr>\n<tr>\n<td width=\"69\">Material<\/td>\n<td width=\"166\">cer\u00e1mica<\/td>\n<\/tr>\n<tr>\n<td width=\"69\">color<\/td>\n<td width=\"166\">azul\/rosa\/amarillo<\/td>\n<\/tr>\n<tr>\n<td width=\"69\">Aplicaci\u00f3n<\/td>\n<td width=\"166\">cuenco para mascotas<\/td>\n<\/tr>\n<tr>\n<td width=\"69\">Caracter\u00edstica<\/td>\n<td width=\"166\">Color glaseado<\/td>\n<\/tr>\n<tr>\n<td width=\"69\">Dimensiones<\/td>\n<td width=\"166\">15,9\u00d714,5\u00d711,3 cm<\/td>\n<\/tr>\n<tr>\n<td width=\"69\">Peso bruto (kg)<\/td>\n<td width=\"166\">2kg<\/td>\n<\/tr>\n<tr>\n<td width=\"69\">Cantidad De Orden M\u00ednima<\/td>\n<td width=\"166\">800 conjuntos<\/td>\n<\/tr>\n<\/tbody>\n<\/table>\n<p>&nbsp;<\/p>","protected":false},"featured_media":1786,"comment_status":"closed","ping_status":"closed","template":"","meta":{"_acf_changed":false},"product_brand":[],"product_cat":[22,54],"product_tag":[],"class_list":{"0":"post-1784","1":"product","2":"type-product","3":"status-publish","4":"has-post-thumbnail","6":"product_cat-wholesale-ceramic-pet-supplies","7":"product_cat-wholesale-ceramic-pet-bowls","9":"first","10":"instock","11":"shipping-taxable","12":"product-type-simple"},"acf":[],"_links":{"self":[{"href":"https:\/\/www.kedali.com\/es\/wp-json\/wp\/v2\/product\/1784","targetHints":{"allow":["GET"]}}],"collection":[{"href":"https:\/\/www.kedali.com\/es\/wp-json\/wp\/v2\/product"}],"about":[{"href":"https:\/\/www.kedali.com\/es\/wp-json\/wp\/v2\/types\/product"}],"replies":[{"embeddable":true,"href":"https:\/\/www.kedali.com\/es\/wp-json\/wp\/v2\/comments?post=1784"}],"wp:featuredmedia":[{"embeddable":true,"href":"https:\/\/www.kedali.com\/es\/wp-json\/wp\/v2\/media\/1786"}],"wp:attachment":[{"href":"https:\/\/www.kedali.com\/es\/wp-json\/wp\/v2\/media?parent=1784"}],"wp:term":[{"taxonomy":"product_brand","embeddable":true,"href":"https:\/\/www.kedali.com\/es\/wp-json\/wp\/v2\/product_brand?post=1784"},{"taxonomy":"product_cat","embeddable":true,"href":"https:\/\/www.kedali.com\/es\/wp-json\/wp\/v2\/product_cat?post=1784"},{"taxonomy":"product_tag","embeddable":true,"href":"https:\/\/www.kedali.com\/es\/wp-json\/wp\/v2\/product_tag?post=1784"}],"curies":[{"name":"wp","href":"https:\/\/api.w.org\/{rel}","templated":true}]}}