{"id":1791,"date":"2025-12-14T23:35:59","date_gmt":"2025-12-14T23:35:59","guid":{"rendered":"https:\/\/www.kedali.com\/?post_type=product&#038;p=1791"},"modified":"2026-02-09T13:21:09","modified_gmt":"2026-02-09T13:21:09","slug":"wholesale-classical-ceramic-dog-bowls","status":"publish","type":"product","link":"https:\/\/www.kedali.com\/es\/producto\/wholesale-classical-ceramic-dog-bowls\/","title":{"rendered":"Mayorista Taz\u00f3n de cer\u00e1mica para perros con estampado cl\u00e1sico de patas"},"content":{"rendered":"<div class=\"wp-block-columns is-layout-flex wp-container-core-columns-is-layout-9d6595d7 wp-block-columns-is-layout-flex\">\n<div class=\"wp-block-column is-layout-flow wp-block-column-is-layout-flow\">\n<h3 class=\"wp-block-heading\">Caracter\u00edsticas de los cuencos de cer\u00e1mica para perros<\/h3>\n\n\n\n<ul class=\"wp-block-list\">\n<li><strong>Dise\u00f1o cl\u00e1sico y elegante:<\/strong> Con una combinaci\u00f3n de colores en blanco y negro, este dise\u00f1o presenta un aspecto sencillo y moderno que combina f\u00e1cilmente con varios estilos de decoraci\u00f3n del hogar.<\/li>\n\n\n\n<li><strong>Apto para alimentos o agua:<\/strong> Puede utilizarse para croquetas secas, comida h\u00fameda o como bebedero.<\/li>\n\n\n\n<li><strong>Superficie acristalada lisa: <\/strong>Nuestro cuenco de cer\u00e1mica para perros est\u00e1 esmaltado, lo que lo hace resistente a manchas y olores, garantizando que el cuenco sea higi\u00e9nico y f\u00e1cil de limpiar.<\/li>\n\n\n\n<li><strong>Preparado para la venta al por mayor y la personalizaci\u00f3n:<\/strong> Como fabricante profesional de cuencos para mascotas, aceptamos pedidos al por mayor y ofrecemos asistencia OEM y ODM, incluidos tama\u00f1os, colores, dise\u00f1os y logotipos personalizados para marcas y minoristas de mascotas.<\/li>\n<\/ul>\n\n\n\n<h3 class=\"wp-block-heading\">Servicio a medida<\/h3>\n\n\n\n<ul class=\"wp-block-list\">\n<li>Asistencia OEM y ODM<\/li>\n\n\n\n<li>Entrega r\u00e1pida de muestras.<\/li>\n\n\n\n<li>Proporcionamos productos personalizados en forma, color, patr\u00f3n, embalaje y otros servicios personalizados.<\/li>\n<\/ul>\n<\/div>\n\n\n\n<div class=\"wp-block-column is-layout-flow wp-block-column-is-layout-flow\">\n<figure class=\"wp-block-image size-full\"><img decoding=\"async\" width=\"1600\" height=\"1600\" src=\"https:\/\/www.kedali.com\/wp-content\/uploads\/2025\/12\/Specifications-of-ceramic-dog-bowls.webp\" alt=\"Especificaciones de los cuencos de cer\u00e1mica para perros\" class=\"wp-image-1792\" srcset=\"https:\/\/www.kedali.com\/wp-content\/uploads\/2025\/12\/Specifications-of-ceramic-dog-bowls.webp 1600w, https:\/\/www.kedali.com\/wp-content\/uploads\/2025\/12\/Specifications-of-ceramic-dog-bowls-300x300.webp 300w, https:\/\/www.kedali.com\/wp-content\/uploads\/2025\/12\/Specifications-of-ceramic-dog-bowls-150x150.webp 150w, https:\/\/www.kedali.com\/wp-content\/uploads\/2025\/12\/Specifications-of-ceramic-dog-bowls-768x768.webp 768w, https:\/\/www.kedali.com\/wp-content\/uploads\/2025\/12\/Specifications-of-ceramic-dog-bowls-12x12.webp 12w, https:\/\/www.kedali.com\/wp-content\/uploads\/2025\/12\/Specifications-of-ceramic-dog-bowls-1200x1200.webp 1200w, https:\/\/www.kedali.com\/wp-content\/uploads\/2025\/12\/Specifications-of-ceramic-dog-bowls-600x600.webp 600w, https:\/\/www.kedali.com\/wp-content\/uploads\/2025\/12\/Specifications-of-ceramic-dog-bowls-100x100.webp 100w\" sizes=\"(max-width: 1600px) 100vw, 1600px\" \/><\/figure>\n<\/div>\n<\/div>\n\n\n\n<div class=\"wp-block-columns is-layout-flex wp-container-core-columns-is-layout-9d6595d7 wp-block-columns-is-layout-flex\">\n<div class=\"wp-block-column is-layout-flow wp-block-column-is-layout-flow\">\n<figure class=\"wp-block-image size-full\"><img decoding=\"async\" width=\"1600\" height=\"1600\" src=\"https:\/\/www.kedali.com\/wp-content\/uploads\/2025\/12\/wholesale-ceramic-dog-bowls-1.webp\" alt=\"venta al por mayor cuencos de cer\u00e1mica para perros (1)\" class=\"wp-image-1793\" srcset=\"https:\/\/www.kedali.com\/wp-content\/uploads\/2025\/12\/wholesale-ceramic-dog-bowls-1.webp 1600w, https:\/\/www.kedali.com\/wp-content\/uploads\/2025\/12\/wholesale-ceramic-dog-bowls-1-300x300.webp 300w, https:\/\/www.kedali.com\/wp-content\/uploads\/2025\/12\/wholesale-ceramic-dog-bowls-1-150x150.webp 150w, https:\/\/www.kedali.com\/wp-content\/uploads\/2025\/12\/wholesale-ceramic-dog-bowls-1-768x768.webp 768w, https:\/\/www.kedali.com\/wp-content\/uploads\/2025\/12\/wholesale-ceramic-dog-bowls-1-12x12.webp 12w, https:\/\/www.kedali.com\/wp-content\/uploads\/2025\/12\/wholesale-ceramic-dog-bowls-1-1200x1200.webp 1200w, https:\/\/www.kedali.com\/wp-content\/uploads\/2025\/12\/wholesale-ceramic-dog-bowls-1-600x600.webp 600w, https:\/\/www.kedali.com\/wp-content\/uploads\/2025\/12\/wholesale-ceramic-dog-bowls-1-100x100.webp 100w\" sizes=\"(max-width: 1600px) 100vw, 1600px\" \/><\/figure>\n<\/div>\n\n\n\n<div class=\"wp-block-column is-layout-flow wp-block-column-is-layout-flow\">\n<figure class=\"wp-block-image size-full\"><img decoding=\"async\" width=\"1600\" height=\"1600\" src=\"https:\/\/www.kedali.com\/wp-content\/uploads\/2025\/12\/wholesale-ceramic-dog-bowls-4.webp\" alt=\"venta al por mayor cuencos de cer\u00e1mica para perros (4)\" class=\"wp-image-1796\" srcset=\"https:\/\/www.kedali.com\/wp-content\/uploads\/2025\/12\/wholesale-ceramic-dog-bowls-4.webp 1600w, https:\/\/www.kedali.com\/wp-content\/uploads\/2025\/12\/wholesale-ceramic-dog-bowls-4-300x300.webp 300w, https:\/\/www.kedali.com\/wp-content\/uploads\/2025\/12\/wholesale-ceramic-dog-bowls-4-150x150.webp 150w, https:\/\/www.kedali.com\/wp-content\/uploads\/2025\/12\/wholesale-ceramic-dog-bowls-4-768x768.webp 768w, https:\/\/www.kedali.com\/wp-content\/uploads\/2025\/12\/wholesale-ceramic-dog-bowls-4-12x12.webp 12w, https:\/\/www.kedali.com\/wp-content\/uploads\/2025\/12\/wholesale-ceramic-dog-bowls-4-1200x1200.webp 1200w, https:\/\/www.kedali.com\/wp-content\/uploads\/2025\/12\/wholesale-ceramic-dog-bowls-4-600x600.webp 600w, https:\/\/www.kedali.com\/wp-content\/uploads\/2025\/12\/wholesale-ceramic-dog-bowls-4-100x100.webp 100w\" sizes=\"(max-width: 1600px) 100vw, 1600px\" \/><\/figure>\n<\/div>\n<\/div>","protected":false},"excerpt":{"rendered":"<p>Suministro a granel de cuencos de cer\u00e1mica para perros. Este cuenco de cer\u00e1mica cl\u00e1sico para perros con un dise\u00f1o de huellas de patas es una adici\u00f3n esencial a su colecci\u00f3n de art\u00edculos para mascotas. Disponible en dos tama\u00f1os, este cuenco de cer\u00e1mica duradera es perfecto para la comida seca, comida h\u00fameda, o el agua. Contacte con nosotros para precios al por mayor.<\/p>\n<h2>Especificaciones de los cuencos de cer\u00e1mica para perros<\/h2>\n<table width=\"235\">\n<tbody>\n<tr>\n<td width=\"69\">Marca<\/td>\n<td width=\"166\">KDL<\/td>\n<\/tr>\n<tr>\n<td width=\"69\">Modelo<\/td>\n<td width=\"166\">TOS1975<\/td>\n<\/tr>\n<tr>\n<td width=\"69\">Material<\/td>\n<td width=\"166\">cer\u00e1mica<\/td>\n<\/tr>\n<tr>\n<td width=\"69\">color<\/td>\n<td width=\"166\">negro<\/td>\n<\/tr>\n<tr>\n<td width=\"69\">Aplicaci\u00f3n<\/td>\n<td width=\"166\">cuenco para mascotas<\/td>\n<\/tr>\n<tr>\n<td width=\"69\">Caracter\u00edstica<\/td>\n<td width=\"166\">color esmaltado<\/td>\n<\/tr>\n<tr>\n<td width=\"69\">Dimensiones<\/td>\n<td width=\"166\">15,2\u00d715,2\u00d75,1CM\u00a0<\/td>\n<\/tr>\n<tr>\n<td width=\"69\">Peso bruto (kg)<\/td>\n<td width=\"166\">1,5 kg<\/td>\n<\/tr>\n<tr>\n<td width=\"69\">Cantidad m\u00ednima de pedido<\/td>\n<td width=\"166\">800 juegos<\/td>\n<\/tr>\n<\/tbody>\n<\/table>\n<p>&nbsp;<\/p>\n<p>\n<script src=\"chrome-extension:\/\/fpelahbljekknahkcaegamhcndkfpfnc\/iFrame.js\" type=\"text\/javascript\"><\/script><\/p>","protected":false},"featured_media":1793,"comment_status":"closed","ping_status":"closed","template":"","meta":{"_acf_changed":false},"product_brand":[],"product_cat":[22,54],"product_tag":[],"class_list":{"0":"post-1791","1":"product","2":"type-product","3":"status-publish","4":"has-post-thumbnail","6":"product_cat-wholesale-ceramic-pet-supplies","7":"product_cat-wholesale-ceramic-pet-bowls","9":"first","10":"instock","11":"shipping-taxable","12":"product-type-simple"},"acf":[],"_links":{"self":[{"href":"https:\/\/www.kedali.com\/es\/wp-json\/wp\/v2\/product\/1791","targetHints":{"allow":["GET"]}}],"collection":[{"href":"https:\/\/www.kedali.com\/es\/wp-json\/wp\/v2\/product"}],"about":[{"href":"https:\/\/www.kedali.com\/es\/wp-json\/wp\/v2\/types\/product"}],"replies":[{"embeddable":true,"href":"https:\/\/www.kedali.com\/es\/wp-json\/wp\/v2\/comments?post=1791"}],"wp:featuredmedia":[{"embeddable":true,"href":"https:\/\/www.kedali.com\/es\/wp-json\/wp\/v2\/media\/1793"}],"wp:attachment":[{"href":"https:\/\/www.kedali.com\/es\/wp-json\/wp\/v2\/media?parent=1791"}],"wp:term":[{"taxonomy":"product_brand","embeddable":true,"href":"https:\/\/www.kedali.com\/es\/wp-json\/wp\/v2\/product_brand?post=1791"},{"taxonomy":"product_cat","embeddable":true,"href":"https:\/\/www.kedali.com\/es\/wp-json\/wp\/v2\/product_cat?post=1791"},{"taxonomy":"product_tag","embeddable":true,"href":"https:\/\/www.kedali.com\/es\/wp-json\/wp\/v2\/product_tag?post=1791"}],"curies":[{"name":"wp","href":"https:\/\/api.w.org\/{rel}","templated":true}]}}