{"id":1895,"date":"2025-12-23T03:23:58","date_gmt":"2025-12-23T03:23:58","guid":{"rendered":"https:\/\/www.kedali.com\/?post_type=product&#038;p=1895"},"modified":"2026-02-19T06:07:03","modified_gmt":"2026-02-19T06:07:03","slug":"wholesale-japanese-style-ceramic-tea-set","status":"publish","type":"product","link":"https:\/\/www.kedali.com\/es\/producto\/wholesale-japanese-style-ceramic-tea-set\/","title":{"rendered":"Mayorista Juego de T\u00e9 de Cer\u00e1mica Estilo Japon\u00e9s"},"content":{"rendered":"<div class=\"wp-block-columns is-layout-flex wp-container-core-columns-is-layout-9d6595d7 wp-block-columns-is-layout-flex\">\n<div class=\"wp-block-column is-layout-flow wp-block-column-is-layout-flow\">\n<h3 class=\"wp-block-heading\">Caracter\u00edsticas del juego de t\u00e9 de cer\u00e1mica<\/h3>\n\n\n\n<ul class=\"wp-block-list\">\n<li><strong>Aspecto cl\u00e1sico: <\/strong>El acabado mate y la silueta org\u00e1nica combinan la est\u00e9tica tradicional japonesa con el dise\u00f1o moderno, lo que la convierte en una hermosa pieza central para una mesa de centro o una estanter\u00eda de cocina.<\/li>\n\n\n\n<li><strong>Mango de bamb\u00fa natural: <\/strong>El asa arqueada de bamb\u00fa no es s\u00f3lo est\u00e9tica; se mantiene fr\u00eda al tacto incluso cuando la tetera est\u00e1 llena de agua hirviendo, proporcionando un agarre c\u00f3modo y seguro.<\/li>\n\n\n\n<li><strong>Ca\u00f1o de precisi\u00f3n:<\/strong> La boquilla est\u00e1 dise\u00f1ada para un vertido constante y sin goteos, esencial para el ritual de servir el t\u00e9.<\/li>\n\n\n\n<li><strong>Amplia apertura: <\/strong>La gran abertura de la tapa facilita la adici\u00f3n de t\u00e9 a granel o bolsitas de t\u00e9 y simplifica el proceso de limpieza del interior de la tetera.<\/li>\n<\/ul>\n\n\n\n<h3 class=\"wp-block-heading\">Servicio a medida<\/h3>\n\n\n\n<ul class=\"wp-block-list\">\n<li>Asistencia OEM y ODM<\/li>\n\n\n\n<li>Entrega r\u00e1pida de muestras.<\/li>\n\n\n\n<li>Proporcionamos productos personalizados en forma, color, patr\u00f3n, embalaje y otros servicios personalizados.<\/li>\n<\/ul>\n<\/div>\n\n\n\n<div class=\"wp-block-column is-layout-flow wp-block-column-is-layout-flow\">\n<figure class=\"wp-block-image size-full\"><img decoding=\"async\" width=\"790\" height=\"790\" src=\"https:\/\/www.kedali.com\/wp-content\/uploads\/2025\/12\/specifications-of-japanese-style-ceramic-tea-set.webp\" alt=\"especificaciones del juego de t\u00e9 de cer\u00e1mica de estilo japon\u00e9s\" class=\"wp-image-1896\" srcset=\"https:\/\/www.kedali.com\/wp-content\/uploads\/2025\/12\/specifications-of-japanese-style-ceramic-tea-set.webp 790w, https:\/\/www.kedali.com\/wp-content\/uploads\/2025\/12\/specifications-of-japanese-style-ceramic-tea-set-300x300.webp 300w, https:\/\/www.kedali.com\/wp-content\/uploads\/2025\/12\/specifications-of-japanese-style-ceramic-tea-set-150x150.webp 150w, https:\/\/www.kedali.com\/wp-content\/uploads\/2025\/12\/specifications-of-japanese-style-ceramic-tea-set-768x768.webp 768w, https:\/\/www.kedali.com\/wp-content\/uploads\/2025\/12\/specifications-of-japanese-style-ceramic-tea-set-12x12.webp 12w, https:\/\/www.kedali.com\/wp-content\/uploads\/2025\/12\/specifications-of-japanese-style-ceramic-tea-set-600x600.webp 600w, https:\/\/www.kedali.com\/wp-content\/uploads\/2025\/12\/specifications-of-japanese-style-ceramic-tea-set-100x100.webp 100w\" sizes=\"(max-width: 790px) 100vw, 790px\" \/><\/figure>\n<\/div>\n<\/div>\n\n\n\n<div class=\"wp-block-columns is-layout-flex wp-container-core-columns-is-layout-9d6595d7 wp-block-columns-is-layout-flex\">\n<div class=\"wp-block-column is-layout-flow wp-block-column-is-layout-flow\">\n<figure class=\"wp-block-image size-full\"><img decoding=\"async\" width=\"790\" height=\"790\" src=\"https:\/\/www.kedali.com\/wp-content\/uploads\/2025\/12\/wholesale-japanese-style-ceramic-tea-set-1.webp\" alt=\"venta al por mayor juego de t\u00e9 de cer\u00e1mica de estilo japon\u00e9s (1)\" class=\"wp-image-1897\" srcset=\"https:\/\/www.kedali.com\/wp-content\/uploads\/2025\/12\/wholesale-japanese-style-ceramic-tea-set-1.webp 790w, https:\/\/www.kedali.com\/wp-content\/uploads\/2025\/12\/wholesale-japanese-style-ceramic-tea-set-1-300x300.webp 300w, https:\/\/www.kedali.com\/wp-content\/uploads\/2025\/12\/wholesale-japanese-style-ceramic-tea-set-1-150x150.webp 150w, https:\/\/www.kedali.com\/wp-content\/uploads\/2025\/12\/wholesale-japanese-style-ceramic-tea-set-1-768x768.webp 768w, https:\/\/www.kedali.com\/wp-content\/uploads\/2025\/12\/wholesale-japanese-style-ceramic-tea-set-1-12x12.webp 12w, https:\/\/www.kedali.com\/wp-content\/uploads\/2025\/12\/wholesale-japanese-style-ceramic-tea-set-1-600x600.webp 600w, https:\/\/www.kedali.com\/wp-content\/uploads\/2025\/12\/wholesale-japanese-style-ceramic-tea-set-1-100x100.webp 100w\" sizes=\"(max-width: 790px) 100vw, 790px\" \/><\/figure>\n<\/div>\n\n\n\n<div class=\"wp-block-column is-layout-flow wp-block-column-is-layout-flow\">\n<figure class=\"wp-block-image size-full\"><img decoding=\"async\" width=\"790\" height=\"790\" src=\"https:\/\/www.kedali.com\/wp-content\/uploads\/2025\/12\/wholesale-japanese-style-ceramic-tea-set-4.webp\" alt=\"mayorista juego de t\u00e9 de cer\u00e1mica estilo japon\u00e9s (4)\" class=\"wp-image-1900\" srcset=\"https:\/\/www.kedali.com\/wp-content\/uploads\/2025\/12\/wholesale-japanese-style-ceramic-tea-set-4.webp 790w, https:\/\/www.kedali.com\/wp-content\/uploads\/2025\/12\/wholesale-japanese-style-ceramic-tea-set-4-300x300.webp 300w, https:\/\/www.kedali.com\/wp-content\/uploads\/2025\/12\/wholesale-japanese-style-ceramic-tea-set-4-150x150.webp 150w, https:\/\/www.kedali.com\/wp-content\/uploads\/2025\/12\/wholesale-japanese-style-ceramic-tea-set-4-768x768.webp 768w, https:\/\/www.kedali.com\/wp-content\/uploads\/2025\/12\/wholesale-japanese-style-ceramic-tea-set-4-12x12.webp 12w, https:\/\/www.kedali.com\/wp-content\/uploads\/2025\/12\/wholesale-japanese-style-ceramic-tea-set-4-600x600.webp 600w, https:\/\/www.kedali.com\/wp-content\/uploads\/2025\/12\/wholesale-japanese-style-ceramic-tea-set-4-100x100.webp 100w\" sizes=\"(max-width: 790px) 100vw, 790px\" \/><\/figure>\n<\/div>\n<\/div>","protected":false},"excerpt":{"rendered":"<p data-pm-slice=\"0 0 []\">Experimente la elegancia de la cultura tradicional japonesa del t\u00e9 con este juego de t\u00e9 de cer\u00e1mica al por mayor de estilo japon\u00e9s. El juego incluye una tetera de 650 ml y cuatro tazas de 100 ml a juego, fabricadas en cer\u00e1mica duradera de alta calidad. P\u00f3ngase en contacto con nosotros para solicitar un presupuesto.<\/p>\n<h2>Especificaciones del juego de t\u00e9 de cer\u00e1mica de estilo japon\u00e9s<\/h2>\n<table width=\"235\">\n<tbody>\n<tr>\n<td width=\"69\">Marca<\/td>\n<td width=\"166\">KDL<\/td>\n<\/tr>\n<tr>\n<td width=\"69\">Modelo<\/td>\n<td width=\"166\">TPS792<\/td>\n<\/tr>\n<tr>\n<td width=\"69\">Material<\/td>\n<td width=\"166\">cer\u00e1mica<\/td>\n<\/tr>\n<tr>\n<td width=\"69\">color<\/td>\n<td width=\"166\">negro\/rojo<\/td>\n<\/tr>\n<tr>\n<td width=\"69\">Aplicaci\u00f3n<\/td>\n<td width=\"166\">juego de caf\u00e9 y t\u00e9<\/td>\n<\/tr>\n<tr>\n<td width=\"69\">Caracter\u00edstica<\/td>\n<td width=\"166\">color esmaltado<\/td>\n<\/tr>\n<tr>\n<td width=\"69\">Dimensiones<\/td>\n<td width=\"166\">Tetera: 21,5\u00d716,9\u00d79,5 cm<br data-start=\"25\" data-end=\"28\" \/>Taza: 7,9\u00d77,9\u00d75,6 cm<\/td>\n<\/tr>\n<tr>\n<td width=\"69\">Peso bruto (kg)<\/td>\n<td width=\"166\">5 kg<\/td>\n<\/tr>\n<tr>\n<td width=\"69\">Cantidad m\u00ednima de pedido<\/td>\n<td width=\"166\">800 juegos<\/td>\n<\/tr>\n<\/tbody>\n<\/table>\n<p>&nbsp;<\/p>","protected":false},"featured_media":1897,"comment_status":"closed","ping_status":"closed","template":"","meta":{"_acf_changed":false},"product_brand":[],"product_cat":[29,53],"product_tag":[],"class_list":{"0":"post-1895","1":"product","2":"type-product","3":"status-publish","4":"has-post-thumbnail","6":"product_cat-wholesale-ceramic-tea-sets","7":"product_cat-wholesale-coffee-and-tea-sets","9":"first","10":"instock","11":"shipping-taxable","12":"product-type-simple"},"acf":[],"_links":{"self":[{"href":"https:\/\/www.kedali.com\/es\/wp-json\/wp\/v2\/product\/1895","targetHints":{"allow":["GET"]}}],"collection":[{"href":"https:\/\/www.kedali.com\/es\/wp-json\/wp\/v2\/product"}],"about":[{"href":"https:\/\/www.kedali.com\/es\/wp-json\/wp\/v2\/types\/product"}],"replies":[{"embeddable":true,"href":"https:\/\/www.kedali.com\/es\/wp-json\/wp\/v2\/comments?post=1895"}],"wp:featuredmedia":[{"embeddable":true,"href":"https:\/\/www.kedali.com\/es\/wp-json\/wp\/v2\/media\/1897"}],"wp:attachment":[{"href":"https:\/\/www.kedali.com\/es\/wp-json\/wp\/v2\/media?parent=1895"}],"wp:term":[{"taxonomy":"product_brand","embeddable":true,"href":"https:\/\/www.kedali.com\/es\/wp-json\/wp\/v2\/product_brand?post=1895"},{"taxonomy":"product_cat","embeddable":true,"href":"https:\/\/www.kedali.com\/es\/wp-json\/wp\/v2\/product_cat?post=1895"},{"taxonomy":"product_tag","embeddable":true,"href":"https:\/\/www.kedali.com\/es\/wp-json\/wp\/v2\/product_tag?post=1895"}],"curies":[{"name":"wp","href":"https:\/\/api.w.org\/{rel}","templated":true}]}}