{"id":1969,"date":"2026-01-13T09:55:16","date_gmt":"2026-01-13T09:55:16","guid":{"rendered":"https:\/\/www.kedali.com\/?post_type=product&#038;p=1969"},"modified":"2026-01-13T10:17:37","modified_gmt":"2026-01-13T10:17:37","slug":"wholesale-ceramic-bathroom-accessories-7-piece-set","status":"publish","type":"product","link":"https:\/\/www.kedali.com\/es\/producto\/wholesale-ceramic-bathroom-accessories-7-piece-set\/","title":{"rendered":"Mayorista Accesorios de Ba\u00f1o de Cer\u00e1mica Juego de 7 Piezas"},"content":{"rendered":"<div class=\"wp-block-columns is-layout-flex wp-container-core-columns-is-layout-9d6595d7 wp-block-columns-is-layout-flex\">\n<div class=\"wp-block-column is-layout-flow wp-block-column-is-layout-flow\">\n<h3 class=\"wp-block-heading\">Caracter\u00edsticas del set de accesorios de cer\u00e1mica para ba\u00f1o<\/h3>\n\n\n\n<ul class=\"wp-block-list\">\n<li><strong>Soluci\u00f3n completa de 7 piezas para el ba\u00f1o: <\/strong>Cubre todas las necesidades diarias del cuarto de ba\u00f1o en un conjunto coordinado, garantizando un aspecto coherente y de primera calidad en todo el espacio.<\/li>\n\n\n\n<li><strong>Construcci\u00f3n de cer\u00e1mica de alta calidad: <\/strong>Fabricado en cer\u00e1mica duradera de alta cocci\u00f3n con una suave superficie esmaltada, resistente a la humedad, f\u00e1cil de limpiar y dise\u00f1ado para un uso prolongado.<\/li>\n\n\n\n<li><strong>Dise\u00f1o unificado para una est\u00e9tica cohesiva: <\/strong>La combinaci\u00f3n de formas y acabados crea un aspecto limpio, organizado y de lujo en el cuarto de ba\u00f1o.<\/li>\n\n\n\n<li><strong>Adecuado para m\u00faltiples aplicaciones:<\/strong> Ideal para uso dom\u00e9stico, hoteles, apartamentos, propiedades de alquiler y proyectos de renovaci\u00f3n de cuartos de ba\u00f1o.<\/li>\n<\/ul>\n\n\n\n<h3 class=\"wp-block-heading\">Servicio a medida<\/h3>\n\n\n\n<ul class=\"wp-block-list\">\n<li>Asistencia OEM y ODM<\/li>\n\n\n\n<li>Entrega r\u00e1pida de muestras.<\/li>\n\n\n\n<li>Proporcionamos productos personalizados en forma, color, patr\u00f3n, embalaje y otros servicios personalizados.<\/li>\n<\/ul>\n<\/div>\n\n\n\n<div class=\"wp-block-column is-layout-flow wp-block-column-is-layout-flow\">\n<figure class=\"wp-block-image size-full\"><img decoding=\"async\" width=\"750\" height=\"750\" src=\"https:\/\/www.kedali.com\/wp-content\/uploads\/2026\/01\/wholesale-ceramic-bathroom-accessories-7-piece-set-1.webp\" alt=\"mayorista accesorios de ba\u00f1o de cer\u00e1mica juego de 7 piezas (1)\" class=\"wp-image-1977\" srcset=\"https:\/\/www.kedali.com\/wp-content\/uploads\/2026\/01\/wholesale-ceramic-bathroom-accessories-7-piece-set-1.webp 750w, https:\/\/www.kedali.com\/wp-content\/uploads\/2026\/01\/wholesale-ceramic-bathroom-accessories-7-piece-set-1-300x300.webp 300w, https:\/\/www.kedali.com\/wp-content\/uploads\/2026\/01\/wholesale-ceramic-bathroom-accessories-7-piece-set-1-150x150.webp 150w, https:\/\/www.kedali.com\/wp-content\/uploads\/2026\/01\/wholesale-ceramic-bathroom-accessories-7-piece-set-1-12x12.webp 12w, https:\/\/www.kedali.com\/wp-content\/uploads\/2026\/01\/wholesale-ceramic-bathroom-accessories-7-piece-set-1-600x600.webp 600w, https:\/\/www.kedali.com\/wp-content\/uploads\/2026\/01\/wholesale-ceramic-bathroom-accessories-7-piece-set-1-100x100.webp 100w\" sizes=\"(max-width: 750px) 100vw, 750px\" \/><\/figure>\n<\/div>\n<\/div>\n\n\n\n<div class=\"wp-block-columns is-layout-flex wp-container-core-columns-is-layout-9d6595d7 wp-block-columns-is-layout-flex\">\n<div class=\"wp-block-column is-layout-flow wp-block-column-is-layout-flow\">\n<figure class=\"wp-block-image size-full\"><img decoding=\"async\" width=\"1600\" height=\"1600\" src=\"https:\/\/www.kedali.com\/wp-content\/uploads\/2026\/01\/wholesale-ceramic-bathroom-accessories-7-piece-set-2.webp\" alt=\"mayorista accesorios de ba\u00f1o de cer\u00e1mica juego de 7 piezas (2)\" class=\"wp-image-1978\" srcset=\"https:\/\/www.kedali.com\/wp-content\/uploads\/2026\/01\/wholesale-ceramic-bathroom-accessories-7-piece-set-2.webp 1600w, https:\/\/www.kedali.com\/wp-content\/uploads\/2026\/01\/wholesale-ceramic-bathroom-accessories-7-piece-set-2-300x300.webp 300w, https:\/\/www.kedali.com\/wp-content\/uploads\/2026\/01\/wholesale-ceramic-bathroom-accessories-7-piece-set-2-150x150.webp 150w, https:\/\/www.kedali.com\/wp-content\/uploads\/2026\/01\/wholesale-ceramic-bathroom-accessories-7-piece-set-2-768x768.webp 768w, https:\/\/www.kedali.com\/wp-content\/uploads\/2026\/01\/wholesale-ceramic-bathroom-accessories-7-piece-set-2-12x12.webp 12w, https:\/\/www.kedali.com\/wp-content\/uploads\/2026\/01\/wholesale-ceramic-bathroom-accessories-7-piece-set-2-1200x1200.webp 1200w, https:\/\/www.kedali.com\/wp-content\/uploads\/2026\/01\/wholesale-ceramic-bathroom-accessories-7-piece-set-2-600x600.webp 600w, https:\/\/www.kedali.com\/wp-content\/uploads\/2026\/01\/wholesale-ceramic-bathroom-accessories-7-piece-set-2-100x100.webp 100w\" sizes=\"(max-width: 1600px) 100vw, 1600px\" \/><\/figure>\n<\/div>\n\n\n\n<div class=\"wp-block-column is-layout-flow wp-block-column-is-layout-flow\">\n<figure class=\"wp-block-image size-full\"><img decoding=\"async\" width=\"1600\" height=\"1600\" src=\"https:\/\/www.kedali.com\/wp-content\/uploads\/2026\/01\/wholesale-ceramic-bathroom-accessories-7-piece-set-3.webp\" alt=\"mayorista accesorios de ba\u00f1o de cer\u00e1mica juego de 7 piezas (3)\" class=\"wp-image-1979\" srcset=\"https:\/\/www.kedali.com\/wp-content\/uploads\/2026\/01\/wholesale-ceramic-bathroom-accessories-7-piece-set-3.webp 1600w, https:\/\/www.kedali.com\/wp-content\/uploads\/2026\/01\/wholesale-ceramic-bathroom-accessories-7-piece-set-3-300x300.webp 300w, https:\/\/www.kedali.com\/wp-content\/uploads\/2026\/01\/wholesale-ceramic-bathroom-accessories-7-piece-set-3-150x150.webp 150w, https:\/\/www.kedali.com\/wp-content\/uploads\/2026\/01\/wholesale-ceramic-bathroom-accessories-7-piece-set-3-768x768.webp 768w, https:\/\/www.kedali.com\/wp-content\/uploads\/2026\/01\/wholesale-ceramic-bathroom-accessories-7-piece-set-3-12x12.webp 12w, https:\/\/www.kedali.com\/wp-content\/uploads\/2026\/01\/wholesale-ceramic-bathroom-accessories-7-piece-set-3-1200x1200.webp 1200w, https:\/\/www.kedali.com\/wp-content\/uploads\/2026\/01\/wholesale-ceramic-bathroom-accessories-7-piece-set-3-600x600.webp 600w, https:\/\/www.kedali.com\/wp-content\/uploads\/2026\/01\/wholesale-ceramic-bathroom-accessories-7-piece-set-3-100x100.webp 100w\" sizes=\"(max-width: 1600px) 100vw, 1600px\" \/><\/figure>\n<\/div>\n<\/div>","protected":false},"excerpt":{"rendered":"<p>Mejore cualquier cuarto de ba\u00f1o con nuestro Juego de 7 Piezas de Accesorios de Ba\u00f1o de Cer\u00e1mica al por mayor. Este conjunto de ba\u00f1o meticulosamente dise\u00f1ado incluye una botella de desinfectante de manos, taza de enjuague bucal, cepillo de dientes titular, jabonera, recipiente de almacenamiento, y escobillero. Su armonioso dise\u00f1o lo hace ideal para casas, hoteles, apartamentos y pensiones que buscan una est\u00e9tica de ba\u00f1o sofisticada y organizada.<\/p>\n<h2>Especificaciones del set de 10 piezas de accesorios de ba\u00f1o de cer\u00e1mica<\/h2>\n<table width=\"235\">\n<tbody>\n<tr>\n<td width=\"69\">Marca<\/td>\n<td width=\"166\">KDL<\/td>\n<\/tr>\n<tr>\n<td width=\"69\">Modelo<\/td>\n<td width=\"166\">DBS170-JF032<\/td>\n<\/tr>\n<tr>\n<td width=\"69\">Material<\/td>\n<td width=\"166\">cer\u00e1mica<\/td>\n<\/tr>\n<tr>\n<td width=\"69\">color<\/td>\n<td width=\"166\">blanco\/negro\/marfil<\/td>\n<\/tr>\n<tr>\n<td width=\"69\">Aplicaci\u00f3n<\/td>\n<td width=\"166\">set de ba\u00f1o<\/td>\n<\/tr>\n<tr>\n<td width=\"69\">Caracter\u00edstica<\/td>\n<td width=\"166\">tallado<\/td>\n<\/tr>\n<tr>\n<td width=\"69\">Dimensiones<\/td>\n<td width=\"166\">Dispensador: 8,2\u00d78,2\u00d718,6 cm<br data-start=\"58\" data-end=\"61\" \/>Vaso: 9\u00d79\u00d710,9 cm<br data-start=\"81\" data-end=\"84\" data-is-only-node=\"\" \/>Portacepillos de dientes: 9,1\u00d79,1\u00d712,2 cm<br data-start=\"118\" data-end=\"121\" \/>Jabonera: 12,7\u00d78\u00d72,3 cm<br data-start=\"145\" data-end=\"148\" \/>Tarro de almacenamiento: 10,3\u00d710,3\u00d719 cm<br data-start=\"176\" data-end=\"179\" \/>Tarro de almacenaje peque\u00f1o: 10,3\u00d710,3\u00d711,7 cm<br data-start=\"215\" data-end=\"218\" \/>Escobillero: 12,5\u00d712,5\u00d724 cm<\/td>\n<\/tr>\n<tr>\n<td width=\"69\">Peso bruto (kg)<\/td>\n<td width=\"166\">4 kg\/set<\/td>\n<\/tr>\n<tr>\n<td width=\"69\">Cantidad m\u00ednima de pedido<\/td>\n<td width=\"166\">800 juegos<\/td>\n<\/tr>\n<\/tbody>\n<\/table>\n<p>&nbsp;<\/p>","protected":false},"featured_media":1977,"comment_status":"closed","ping_status":"closed","template":"","meta":{"_acf_changed":false},"product_brand":[],"product_cat":[17,32],"product_tag":[],"class_list":{"0":"post-1969","1":"product","2":"type-product","3":"status-publish","4":"has-post-thumbnail","6":"product_cat-wholesale-ceramic-bathroom-accessories","7":"product_cat-wholesale-ceramic-bath-accessories-sets","9":"first","10":"instock","11":"shipping-taxable","12":"product-type-simple"},"acf":[],"_links":{"self":[{"href":"https:\/\/www.kedali.com\/es\/wp-json\/wp\/v2\/product\/1969","targetHints":{"allow":["GET"]}}],"collection":[{"href":"https:\/\/www.kedali.com\/es\/wp-json\/wp\/v2\/product"}],"about":[{"href":"https:\/\/www.kedali.com\/es\/wp-json\/wp\/v2\/types\/product"}],"replies":[{"embeddable":true,"href":"https:\/\/www.kedali.com\/es\/wp-json\/wp\/v2\/comments?post=1969"}],"wp:featuredmedia":[{"embeddable":true,"href":"https:\/\/www.kedali.com\/es\/wp-json\/wp\/v2\/media\/1977"}],"wp:attachment":[{"href":"https:\/\/www.kedali.com\/es\/wp-json\/wp\/v2\/media?parent=1969"}],"wp:term":[{"taxonomy":"product_brand","embeddable":true,"href":"https:\/\/www.kedali.com\/es\/wp-json\/wp\/v2\/product_brand?post=1969"},{"taxonomy":"product_cat","embeddable":true,"href":"https:\/\/www.kedali.com\/es\/wp-json\/wp\/v2\/product_cat?post=1969"},{"taxonomy":"product_tag","embeddable":true,"href":"https:\/\/www.kedali.com\/es\/wp-json\/wp\/v2\/product_tag?post=1969"}],"curies":[{"name":"wp","href":"https:\/\/api.w.org\/{rel}","templated":true}]}}