{"id":1984,"date":"2026-01-13T10:21:36","date_gmt":"2026-01-13T10:21:36","guid":{"rendered":"https:\/\/www.kedali.com\/?post_type=product&#038;p=1984"},"modified":"2026-01-13T10:39:01","modified_gmt":"2026-01-13T10:39:01","slug":"memphis-inspired-geometric-bathroom-set-wholesale","status":"publish","type":"product","link":"https:\/\/www.kedali.com\/es\/producto\/memphis-inspired-geometric-bathroom-set-wholesale\/","title":{"rendered":"Juego de ba\u00f1o geom\u00e9trico inspirado en Memphis al por mayor"},"content":{"rendered":"<div class=\"wp-block-columns is-layout-flex wp-container-core-columns-is-layout-9d6595d7 wp-block-columns-is-layout-flex\">\n<div class=\"wp-block-column is-layout-flow wp-block-column-is-layout-flow\">\n<h3 class=\"wp-block-heading\">Caracter\u00edsticas del set de ba\u00f1o<\/h3>\n\n\n\n<ul class=\"wp-block-list\">\n<li><strong>Dise\u00f1o y est\u00e9tica:<\/strong> Este juego de ba\u00f1o presenta un dise\u00f1o inspirado en Memphis, que combina ingeniosamente varios motivos y colores primarios para crear un aspecto visualmente atractivo y sofisticado a la vez.<\/li>\n\n\n\n<li><strong>Fuerte diferenciaci\u00f3n en el mercado: <\/strong>Un dise\u00f1o art\u00edstico \u00fanico ayuda a las marcas y a los minoristas a desmarcarse de los accesorios de ba\u00f1o convencionales, atrayendo a los consumidores m\u00e1s j\u00f3venes, a las tiendas de estilo de vida y a los mercados impulsados por el dise\u00f1o.<\/li>\n\n\n\n<li><strong>Juego coordinado completo: <\/strong>Incluye accesorios de ba\u00f1o esenciales con un lenguaje de dise\u00f1o unificado, lo que facilita a los compradores ofrecer una soluci\u00f3n de ba\u00f1o cohesionada y aumentar el valor medio de los pedidos.<\/li>\n\n\n\n<li><strong>Soporte de personalizaci\u00f3n OEM y ODM:<\/strong> Colores, dise\u00f1os, materiales, logotipos y envases personalizados para adaptarse a la identidad de la marca o a las preferencias del mercado local.<\/li>\n<\/ul>\n\n\n\n<h3 class=\"wp-block-heading\">Servicio a medida<\/h3>\n\n\n\n<ul class=\"wp-block-list\">\n<li>Asistencia OEM y ODM<\/li>\n\n\n\n<li>Entrega r\u00e1pida de muestras.<\/li>\n\n\n\n<li>Proporcionamos productos personalizados en forma, color, patr\u00f3n, embalaje y otros servicios personalizados.<\/li>\n\n\n\n<li><\/li>\n<\/ul>\n<\/div>\n\n\n\n<div class=\"wp-block-column is-layout-flow wp-block-column-is-layout-flow\">\n<figure class=\"wp-block-image size-full\"><img decoding=\"async\" width=\"3292\" height=\"2405\" src=\"https:\/\/www.kedali.com\/wp-content\/uploads\/2026\/01\/memphis-inspired-geometric-bathroom-set-wholesale-7.webp\" alt=\"juego de ba\u00f1o geom\u00e9trico inspirado en memphis al por mayor (7)\" class=\"wp-image-1991\" srcset=\"https:\/\/www.kedali.com\/wp-content\/uploads\/2026\/01\/memphis-inspired-geometric-bathroom-set-wholesale-7.webp 3292w, https:\/\/www.kedali.com\/wp-content\/uploads\/2026\/01\/memphis-inspired-geometric-bathroom-set-wholesale-7-300x219.webp 300w, https:\/\/www.kedali.com\/wp-content\/uploads\/2026\/01\/memphis-inspired-geometric-bathroom-set-wholesale-7-768x561.webp 768w, https:\/\/www.kedali.com\/wp-content\/uploads\/2026\/01\/memphis-inspired-geometric-bathroom-set-wholesale-7-16x12.webp 16w, https:\/\/www.kedali.com\/wp-content\/uploads\/2026\/01\/memphis-inspired-geometric-bathroom-set-wholesale-7-1200x877.webp 1200w, https:\/\/www.kedali.com\/wp-content\/uploads\/2026\/01\/memphis-inspired-geometric-bathroom-set-wholesale-7-600x438.webp 600w\" sizes=\"(max-width: 3292px) 100vw, 3292px\" \/><\/figure>\n<\/div>\n<\/div>\n\n\n\n<div class=\"wp-block-columns is-layout-flex wp-container-core-columns-is-layout-9d6595d7 wp-block-columns-is-layout-flex\">\n<div class=\"wp-block-column is-layout-flow wp-block-column-is-layout-flow\">\n<figure class=\"wp-block-image size-full\"><img decoding=\"async\" width=\"1600\" height=\"1600\" src=\"https:\/\/www.kedali.com\/wp-content\/uploads\/2026\/01\/memphis-inspired-geometric-bathroom-set-wholesale-1.webp\" alt=\"juego de ba\u00f1o geom\u00e9trico inspirado en memphis al por mayor (1)\" class=\"wp-image-1985\" srcset=\"https:\/\/www.kedali.com\/wp-content\/uploads\/2026\/01\/memphis-inspired-geometric-bathroom-set-wholesale-1.webp 1600w, https:\/\/www.kedali.com\/wp-content\/uploads\/2026\/01\/memphis-inspired-geometric-bathroom-set-wholesale-1-300x300.webp 300w, https:\/\/www.kedali.com\/wp-content\/uploads\/2026\/01\/memphis-inspired-geometric-bathroom-set-wholesale-1-150x150.webp 150w, https:\/\/www.kedali.com\/wp-content\/uploads\/2026\/01\/memphis-inspired-geometric-bathroom-set-wholesale-1-768x768.webp 768w, https:\/\/www.kedali.com\/wp-content\/uploads\/2026\/01\/memphis-inspired-geometric-bathroom-set-wholesale-1-12x12.webp 12w, https:\/\/www.kedali.com\/wp-content\/uploads\/2026\/01\/memphis-inspired-geometric-bathroom-set-wholesale-1-1200x1200.webp 1200w, https:\/\/www.kedali.com\/wp-content\/uploads\/2026\/01\/memphis-inspired-geometric-bathroom-set-wholesale-1-600x600.webp 600w, https:\/\/www.kedali.com\/wp-content\/uploads\/2026\/01\/memphis-inspired-geometric-bathroom-set-wholesale-1-100x100.webp 100w\" sizes=\"(max-width: 1600px) 100vw, 1600px\" \/><\/figure>\n<\/div>\n\n\n\n<div class=\"wp-block-column is-layout-flow wp-block-column-is-layout-flow\">\n<figure class=\"wp-block-image size-full\"><img decoding=\"async\" width=\"1600\" height=\"1600\" src=\"https:\/\/www.kedali.com\/wp-content\/uploads\/2026\/01\/memphis-inspired-geometric-bathroom-set-wholesale-2.webp\" alt=\"juego de ba\u00f1o geom\u00e9trico inspirado en memphis al por mayor (2)\" class=\"wp-image-1986\" srcset=\"https:\/\/www.kedali.com\/wp-content\/uploads\/2026\/01\/memphis-inspired-geometric-bathroom-set-wholesale-2.webp 1600w, https:\/\/www.kedali.com\/wp-content\/uploads\/2026\/01\/memphis-inspired-geometric-bathroom-set-wholesale-2-300x300.webp 300w, https:\/\/www.kedali.com\/wp-content\/uploads\/2026\/01\/memphis-inspired-geometric-bathroom-set-wholesale-2-150x150.webp 150w, https:\/\/www.kedali.com\/wp-content\/uploads\/2026\/01\/memphis-inspired-geometric-bathroom-set-wholesale-2-768x768.webp 768w, https:\/\/www.kedali.com\/wp-content\/uploads\/2026\/01\/memphis-inspired-geometric-bathroom-set-wholesale-2-12x12.webp 12w, https:\/\/www.kedali.com\/wp-content\/uploads\/2026\/01\/memphis-inspired-geometric-bathroom-set-wholesale-2-1200x1200.webp 1200w, https:\/\/www.kedali.com\/wp-content\/uploads\/2026\/01\/memphis-inspired-geometric-bathroom-set-wholesale-2-600x600.webp 600w, https:\/\/www.kedali.com\/wp-content\/uploads\/2026\/01\/memphis-inspired-geometric-bathroom-set-wholesale-2-100x100.webp 100w\" sizes=\"(max-width: 1600px) 100vw, 1600px\" \/><\/figure>\n<\/div>\n<\/div>","protected":false},"excerpt":{"rendered":"<p data-pm-slice=\"0 0 []\">Aporte una creatividad audaz a los cuartos de ba\u00f1o modernos con nuestro set de ba\u00f1o geom\u00e9trico inspirado en Memphis, dise\u00f1ado para marcas y minoristas que buscan colecciones destacadas y de dise\u00f1o. Como fabricante profesional de accesorios de ba\u00f1o, combinamos un dise\u00f1o original con una producci\u00f3n fiable a gran escala para ofrecer conjuntos listos para la venta al por mayor que equilibran estilo, durabilidad y funcionalidad.<\/p>\n<h2>Especificaciones del set de ba\u00f1o geom\u00e9trico inspirado en Memphis<\/h2>\n<table width=\"235\">\n<tbody>\n<tr>\n<td width=\"69\">Marca<\/td>\n<td width=\"166\">KDL<\/td>\n<\/tr>\n<tr>\n<td width=\"69\">Modelo<\/td>\n<td width=\"166\">DBS617<\/td>\n<\/tr>\n<tr>\n<td width=\"69\">Material<\/td>\n<td width=\"166\">cer\u00e1mica<\/td>\n<\/tr>\n<tr>\n<td width=\"69\">color<\/td>\n<td width=\"166\">como muestra la imagen<\/td>\n<\/tr>\n<tr>\n<td width=\"69\">Aplicaci\u00f3n<\/td>\n<td width=\"166\">juego de ba\u00f1o de cer\u00e1mica<\/td>\n<\/tr>\n<tr>\n<td width=\"69\">Caracter\u00edstica<\/td>\n<td width=\"166\">Calcoman\u00eda\/Color glaseado<\/td>\n<\/tr>\n<tr>\n<td width=\"69\">Dimensiones<\/td>\n<td width=\"166\">Dispensador: 7,5 \u00d7 7,5 \u00d7 19 cm<br data-start=\"46\" data-end=\"49\" \/>Soporte para cepillo de dientes: 7,5 \u00d7 7,5 \u00d7 12 cm<br data-start=\"85\" data-end=\"88\" \/>Jabonera: 13,5 \u00d7 8,5 \u00d7 2,9 cm<br data-start=\"118\" data-end=\"121\" \/>Tarro de almacenamiento: 8,5 \u00d7 8,5 \u00d7 12 cm<br data-start=\"151\" data-end=\"154\" \/>Escobillero: 10 \u00d7 10 \u00d7 18 cm<\/td>\n<\/tr>\n<tr>\n<td width=\"69\">Peso bruto (kg)<\/td>\n<td width=\"166\">3\/set<\/td>\n<\/tr>\n<tr>\n<td width=\"69\">Cantidad m\u00ednima de pedido<\/td>\n<td width=\"166\">800 juegos<\/td>\n<\/tr>\n<\/tbody>\n<\/table>\n<p>&nbsp;<\/p>","protected":false},"featured_media":1985,"comment_status":"closed","ping_status":"closed","template":"","meta":{"_acf_changed":false},"product_brand":[],"product_cat":[17,32],"product_tag":[],"class_list":{"0":"post-1984","1":"product","2":"type-product","3":"status-publish","4":"has-post-thumbnail","6":"product_cat-wholesale-ceramic-bathroom-accessories","7":"product_cat-wholesale-ceramic-bath-accessories-sets","9":"first","10":"instock","11":"shipping-taxable","12":"product-type-simple"},"acf":[],"_links":{"self":[{"href":"https:\/\/www.kedali.com\/es\/wp-json\/wp\/v2\/product\/1984","targetHints":{"allow":["GET"]}}],"collection":[{"href":"https:\/\/www.kedali.com\/es\/wp-json\/wp\/v2\/product"}],"about":[{"href":"https:\/\/www.kedali.com\/es\/wp-json\/wp\/v2\/types\/product"}],"replies":[{"embeddable":true,"href":"https:\/\/www.kedali.com\/es\/wp-json\/wp\/v2\/comments?post=1984"}],"wp:featuredmedia":[{"embeddable":true,"href":"https:\/\/www.kedali.com\/es\/wp-json\/wp\/v2\/media\/1985"}],"wp:attachment":[{"href":"https:\/\/www.kedali.com\/es\/wp-json\/wp\/v2\/media?parent=1984"}],"wp:term":[{"taxonomy":"product_brand","embeddable":true,"href":"https:\/\/www.kedali.com\/es\/wp-json\/wp\/v2\/product_brand?post=1984"},{"taxonomy":"product_cat","embeddable":true,"href":"https:\/\/www.kedali.com\/es\/wp-json\/wp\/v2\/product_cat?post=1984"},{"taxonomy":"product_tag","embeddable":true,"href":"https:\/\/www.kedali.com\/es\/wp-json\/wp\/v2\/product_tag?post=1984"}],"curies":[{"name":"wp","href":"https:\/\/api.w.org\/{rel}","templated":true}]}}