{"id":1999,"date":"2026-01-13T11:05:24","date_gmt":"2026-01-13T11:05:24","guid":{"rendered":"https:\/\/www.kedali.com\/?post_type=product&#038;p=1999"},"modified":"2026-01-13T11:16:01","modified_gmt":"2026-01-13T11:16:01","slug":"terrazzo-textured-ceramic-bathroom-accessories-set-wholesale","status":"publish","type":"product","link":"https:\/\/www.kedali.com\/es\/producto\/terrazzo-textured-ceramic-bathroom-accessories-set-wholesale\/","title":{"rendered":"Terrazzo Textured Ceramic Bathroom Accessories Set Venta al por mayor"},"content":{"rendered":"<div class=\"wp-block-columns is-layout-flex wp-container-core-columns-is-layout-9d6595d7 wp-block-columns-is-layout-flex\">\n<div class=\"wp-block-column is-layout-flow wp-block-column-is-layout-flow\">\n<h3 class=\"wp-block-heading\">Caracter\u00edsticas de los juegos de accesorios de ba\u00f1o<\/h3>\n\n\n\n<ul class=\"wp-block-list\">\n<li><strong>Est\u00e9tica de terrazo atemporal: <\/strong>La textura cl\u00e1sica del terrazo combinada con la moderna artesan\u00eda cer\u00e1mica ofrece un aspecto limpio y elegante que se adapta a los dise\u00f1os de ba\u00f1os contempor\u00e1neos, minimalistas y n\u00f3rdicos.<\/li>\n\n\n\n<li><strong>Material cer\u00e1mico de primera calidad: <\/strong>Fabricado en cer\u00e1mica de alta calidad con un suave esmalte y una estructura densa, ofrece una excelente durabilidad, resistencia a los ara\u00f1azos y una refinada sensaci\u00f3n t\u00e1ctil.<\/li>\n\n\n\n<li><strong>Personalizaci\u00f3n OEM y ODM disponible: <\/strong>Como fabricantes de conjuntos de ba\u00f1o, apoyamos la personalizaci\u00f3n de los patrones de los accesorios de ba\u00f1o, las combinaciones de colores, las formas, los logotipos y los envases para satisfacer las necesidades de diferentes marcas y mercados.<\/li>\n<\/ul>\n\n\n\n<h3 class=\"wp-block-heading\">Servicio a medida<\/h3>\n\n\n\n<ul class=\"wp-block-list\">\n<li>Asistencia OEM y ODM<\/li>\n\n\n\n<li>Entrega r\u00e1pida de muestras.<\/li>\n\n\n\n<li>Proporcionamos productos personalizados en forma, color, patr\u00f3n, embalaje y otros servicios personalizados.<\/li>\n<\/ul>\n<\/div>\n\n\n\n<div class=\"wp-block-column is-layout-flow wp-block-column-is-layout-flow\">\n<figure class=\"wp-block-image size-full\"><img decoding=\"async\" width=\"800\" height=\"800\" src=\"https:\/\/www.kedali.com\/wp-content\/uploads\/2026\/01\/specifications-of-bathroom-accessories-set.webp\" alt=\"especificaciones del juego de accesorios de ba\u00f1o\" class=\"wp-image-2000\" srcset=\"https:\/\/www.kedali.com\/wp-content\/uploads\/2026\/01\/specifications-of-bathroom-accessories-set.webp 800w, https:\/\/www.kedali.com\/wp-content\/uploads\/2026\/01\/specifications-of-bathroom-accessories-set-300x300.webp 300w, https:\/\/www.kedali.com\/wp-content\/uploads\/2026\/01\/specifications-of-bathroom-accessories-set-150x150.webp 150w, https:\/\/www.kedali.com\/wp-content\/uploads\/2026\/01\/specifications-of-bathroom-accessories-set-768x768.webp 768w, https:\/\/www.kedali.com\/wp-content\/uploads\/2026\/01\/specifications-of-bathroom-accessories-set-12x12.webp 12w, https:\/\/www.kedali.com\/wp-content\/uploads\/2026\/01\/specifications-of-bathroom-accessories-set-600x600.webp 600w, https:\/\/www.kedali.com\/wp-content\/uploads\/2026\/01\/specifications-of-bathroom-accessories-set-100x100.webp 100w\" sizes=\"(max-width: 800px) 100vw, 800px\" \/><\/figure>\n<\/div>\n<\/div>\n\n\n\n<div class=\"wp-block-columns is-layout-flex wp-container-core-columns-is-layout-9d6595d7 wp-block-columns-is-layout-flex\">\n<div class=\"wp-block-column is-layout-flow wp-block-column-is-layout-flow\">\n<figure class=\"wp-block-image size-full\"><img decoding=\"async\" width=\"800\" height=\"800\" src=\"https:\/\/www.kedali.com\/wp-content\/uploads\/2026\/01\/terrazzo-textured-ceramic-bathroom-accessories-set-1.webp\" alt=\"juego de accesorios de ba\u00f1o de cer\u00e1mica con textura terrazo (1)\" class=\"wp-image-2001\" srcset=\"https:\/\/www.kedali.com\/wp-content\/uploads\/2026\/01\/terrazzo-textured-ceramic-bathroom-accessories-set-1.webp 800w, https:\/\/www.kedali.com\/wp-content\/uploads\/2026\/01\/terrazzo-textured-ceramic-bathroom-accessories-set-1-300x300.webp 300w, https:\/\/www.kedali.com\/wp-content\/uploads\/2026\/01\/terrazzo-textured-ceramic-bathroom-accessories-set-1-150x150.webp 150w, https:\/\/www.kedali.com\/wp-content\/uploads\/2026\/01\/terrazzo-textured-ceramic-bathroom-accessories-set-1-768x768.webp 768w, https:\/\/www.kedali.com\/wp-content\/uploads\/2026\/01\/terrazzo-textured-ceramic-bathroom-accessories-set-1-12x12.webp 12w, https:\/\/www.kedali.com\/wp-content\/uploads\/2026\/01\/terrazzo-textured-ceramic-bathroom-accessories-set-1-600x600.webp 600w, https:\/\/www.kedali.com\/wp-content\/uploads\/2026\/01\/terrazzo-textured-ceramic-bathroom-accessories-set-1-100x100.webp 100w\" sizes=\"(max-width: 800px) 100vw, 800px\" \/><\/figure>\n<\/div>\n\n\n\n<div class=\"wp-block-column is-layout-flow wp-block-column-is-layout-flow\">\n<figure class=\"wp-block-image size-full\"><img decoding=\"async\" width=\"800\" height=\"800\" src=\"https:\/\/www.kedali.com\/wp-content\/uploads\/2026\/01\/terrazzo-textured-ceramic-bathroom-accessories-set-2.webp\" alt=\"juego de accesorios de ba\u00f1o de cer\u00e1mica con textura terrazo (2)\" class=\"wp-image-2002\" srcset=\"https:\/\/www.kedali.com\/wp-content\/uploads\/2026\/01\/terrazzo-textured-ceramic-bathroom-accessories-set-2.webp 800w, https:\/\/www.kedali.com\/wp-content\/uploads\/2026\/01\/terrazzo-textured-ceramic-bathroom-accessories-set-2-300x300.webp 300w, https:\/\/www.kedali.com\/wp-content\/uploads\/2026\/01\/terrazzo-textured-ceramic-bathroom-accessories-set-2-150x150.webp 150w, https:\/\/www.kedali.com\/wp-content\/uploads\/2026\/01\/terrazzo-textured-ceramic-bathroom-accessories-set-2-768x768.webp 768w, https:\/\/www.kedali.com\/wp-content\/uploads\/2026\/01\/terrazzo-textured-ceramic-bathroom-accessories-set-2-12x12.webp 12w, https:\/\/www.kedali.com\/wp-content\/uploads\/2026\/01\/terrazzo-textured-ceramic-bathroom-accessories-set-2-600x600.webp 600w, https:\/\/www.kedali.com\/wp-content\/uploads\/2026\/01\/terrazzo-textured-ceramic-bathroom-accessories-set-2-100x100.webp 100w\" sizes=\"(max-width: 800px) 100vw, 800px\" \/><\/figure>\n<\/div>\n<\/div>","protected":false},"excerpt":{"rendered":"<p>Juego de accesorios de ba\u00f1o de cer\u00e1mica con textura de terrazo al por mayor. Esta colecci\u00f3n cuenta con exquisitos patrones de terrazo y dise\u00f1os de cer\u00e1mica limpias, a\u00f1adiendo textura sutil y profundidad visual a los espacios de ba\u00f1o moderno.<\/p>\n<p>Como profesional <a href=\"https:\/\/www.kedali.com\/es\/categoria-producto\/wholesale-ceramic-bathroom-accessories\/\" target=\"_blank\" rel=\"noopener\"><strong>fabricante de accesorios de ba\u00f1o<\/strong><\/a>, Ofrecemos servicios integrales de OEM y ODM utilizando materiales cer\u00e1micos de primera calidad y t\u00e9cnicas de esmaltado superiores. P\u00f3ngase en contacto con nosotros hoy mismo.<\/p>\n<h2>Especificaciones del set de accesorios de ba\u00f1o<\/h2>\n<table width=\"235\">\n<tbody>\n<tr>\n<td width=\"69\">Marca<\/td>\n<td width=\"166\">KDL<\/td>\n<\/tr>\n<tr>\n<td width=\"69\">Modelo<\/td>\n<td width=\"166\">TBQL101-5<\/td>\n<\/tr>\n<tr>\n<td width=\"69\">Material<\/td>\n<td width=\"166\">cer\u00e1mica<\/td>\n<\/tr>\n<tr>\n<td width=\"69\">color<\/td>\n<td width=\"166\">blanco<\/td>\n<\/tr>\n<tr>\n<td width=\"69\">Aplicaci\u00f3n<\/td>\n<td width=\"166\">taza de cer\u00e1mica<\/td>\n<\/tr>\n<tr>\n<td width=\"69\">Caracter\u00edstica<\/td>\n<td width=\"166\">calcoman\u00eda<\/td>\n<\/tr>\n<tr>\n<td width=\"69\">Dimensiones<\/td>\n<td width=\"166\">12,5*9*9,5cm \/ 8,5*6*6,4cm\u00a0<\/td>\n<\/tr>\n<tr>\n<td width=\"69\">Peso bruto (kg)<\/td>\n<td width=\"166\">0.32\/0.1<\/td>\n<\/tr>\n<tr>\n<td width=\"69\">Cantidad m\u00ednima de pedido<\/td>\n<td width=\"166\">800 juegos<\/td>\n<\/tr>\n<\/tbody>\n<\/table>\n<p>&nbsp;<\/p>\n<p>\n<script src=\"chrome-extension:\/\/fpelahbljekknahkcaegamhcndkfpfnc\/iFrame.js\" type=\"text\/javascript\"><\/script><\/p>","protected":false},"featured_media":2001,"comment_status":"closed","ping_status":"closed","template":"","meta":{"_acf_changed":false},"product_brand":[],"product_cat":[17,32],"product_tag":[],"class_list":{"0":"post-1999","1":"product","2":"type-product","3":"status-publish","4":"has-post-thumbnail","6":"product_cat-wholesale-ceramic-bathroom-accessories","7":"product_cat-wholesale-ceramic-bath-accessories-sets","9":"first","10":"instock","11":"shipping-taxable","12":"product-type-simple"},"acf":[],"_links":{"self":[{"href":"https:\/\/www.kedali.com\/es\/wp-json\/wp\/v2\/product\/1999","targetHints":{"allow":["GET"]}}],"collection":[{"href":"https:\/\/www.kedali.com\/es\/wp-json\/wp\/v2\/product"}],"about":[{"href":"https:\/\/www.kedali.com\/es\/wp-json\/wp\/v2\/types\/product"}],"replies":[{"embeddable":true,"href":"https:\/\/www.kedali.com\/es\/wp-json\/wp\/v2\/comments?post=1999"}],"wp:featuredmedia":[{"embeddable":true,"href":"https:\/\/www.kedali.com\/es\/wp-json\/wp\/v2\/media\/2001"}],"wp:attachment":[{"href":"https:\/\/www.kedali.com\/es\/wp-json\/wp\/v2\/media?parent=1999"}],"wp:term":[{"taxonomy":"product_brand","embeddable":true,"href":"https:\/\/www.kedali.com\/es\/wp-json\/wp\/v2\/product_brand?post=1999"},{"taxonomy":"product_cat","embeddable":true,"href":"https:\/\/www.kedali.com\/es\/wp-json\/wp\/v2\/product_cat?post=1999"},{"taxonomy":"product_tag","embeddable":true,"href":"https:\/\/www.kedali.com\/es\/wp-json\/wp\/v2\/product_tag?post=1999"}],"curies":[{"name":"wp","href":"https:\/\/api.w.org\/{rel}","templated":true}]}}