{"id":2082,"date":"2026-01-26T09:57:42","date_gmt":"2026-01-26T09:57:42","guid":{"rendered":"https:\/\/www.kedali.com\/?post_type=product&#038;p=2082"},"modified":"2026-01-27T03:14:34","modified_gmt":"2026-01-27T03:14:34","slug":"wholesale-ceramic-soap-dishes","status":"publish","type":"product","link":"https:\/\/www.kedali.com\/es\/producto\/wholesale-ceramic-soap-dishes\/","title":{"rendered":"Mayorista Jaboneras de Cer\u00e1mica, Proveedor de Jaboneras a Granel"},"content":{"rendered":"<div class=\"wp-block-columns is-layout-flex wp-container-core-columns-is-layout-9d6595d7 wp-block-columns-is-layout-flex\">\n<div class=\"wp-block-column is-layout-flow wp-block-column-is-layout-flow\">\n<h3 class=\"wp-block-heading\">Caracter\u00edsticas de las jaboneras de cer\u00e1mica<\/h3>\n\n\n\n<ul class=\"wp-block-list\">\n<li>Dise\u00f1o de drenaje eficiente: Esta jabonera al por mayor presenta una pared interior inclinada y un desag\u00fce frontal abierto. Esto permite que el exceso de agua fluya directamente hacia el fregadero en lugar de acumularse en el fondo, manteniendo el jab\u00f3n seco y evitando que se vuelva blando o pegajoso.<\/li>\n\n\n\n<li>Estructura elevada inspirada en la ba\u00f1era: Dise\u00f1ada en forma de miniba\u00f1era, la estructura elevada eleva la pastilla de jab\u00f3n lejos de la acumulaci\u00f3n de agua. Esto ayuda a mejorar el drenaje y el flujo de aire, reduciendo el reblandecimiento del jab\u00f3n y alargando su vida \u00fatil, a la vez que mantiene la encimera limpia y seca.<\/li>\n\n\n\n<li>Tama\u00f1o compacto con capacidad pr\u00e1ctica: Con unas proporciones pensadas para alojar pastillas de jab\u00f3n est\u00e1ndar, la jabonera ofrece un amplio espacio de almacenamiento a la vez que ocupa poco espacio. Cabe f\u00e1cilmente en fregaderos, estanter\u00edas o encimeras sin ocupar demasiado espacio.<\/li>\n\n\n\n<li>Versatilidad decorativa y funcional: Combinando la practicidad con la elegancia visual, esta jabonera sirve tanto como accesorio de uso diario como acento decorativo para el ba\u00f1o. Es adecuada para uso residencial, cuartos de ba\u00f1o de hoteles, casas de hu\u00e9spedes y sets de regalo de primera calidad, mejorando la presentaci\u00f3n general del espacio.<\/li>\n<\/ul>\n\n\n\n<h3 class=\"wp-block-heading\">Servicio a medida<\/h3>\n\n\n\n<ul class=\"wp-block-list\">\n<li>Asistencia OEM y ODM<\/li>\n\n\n\n<li>Entrega r\u00e1pida de muestras.<\/li>\n\n\n\n<li>Proporcionamos productos personalizados en forma, color, patr\u00f3n, embalaje y otros servicios personalizados.<\/li>\n<\/ul>\n<\/div>\n\n\n\n<div class=\"wp-block-column is-layout-flow wp-block-column-is-layout-flow\">\n<figure class=\"wp-block-image size-full\"><img decoding=\"async\" width=\"800\" height=\"800\" src=\"https:\/\/www.kedali.com\/wp-content\/uploads\/2026\/01\/ceramic-soap-dishes-dimensions.webp\" alt=\"jaboneras de cer\u00e1mica dimensiones\" class=\"wp-image-2083\" srcset=\"https:\/\/www.kedali.com\/wp-content\/uploads\/2026\/01\/ceramic-soap-dishes-dimensions.webp 800w, https:\/\/www.kedali.com\/wp-content\/uploads\/2026\/01\/ceramic-soap-dishes-dimensions-300x300.webp 300w, https:\/\/www.kedali.com\/wp-content\/uploads\/2026\/01\/ceramic-soap-dishes-dimensions-150x150.webp 150w, https:\/\/www.kedali.com\/wp-content\/uploads\/2026\/01\/ceramic-soap-dishes-dimensions-768x768.webp 768w, https:\/\/www.kedali.com\/wp-content\/uploads\/2026\/01\/ceramic-soap-dishes-dimensions-12x12.webp 12w, https:\/\/www.kedali.com\/wp-content\/uploads\/2026\/01\/ceramic-soap-dishes-dimensions-600x600.webp 600w, https:\/\/www.kedali.com\/wp-content\/uploads\/2026\/01\/ceramic-soap-dishes-dimensions-100x100.webp 100w\" sizes=\"(max-width: 800px) 100vw, 800px\" \/><\/figure>\n<\/div>\n<\/div>\n\n\n\n<div class=\"wp-block-columns is-layout-flex wp-container-core-columns-is-layout-9d6595d7 wp-block-columns-is-layout-flex\">\n<div class=\"wp-block-column is-layout-flow wp-block-column-is-layout-flow\">\n<figure class=\"wp-block-image size-full\"><img decoding=\"async\" width=\"800\" height=\"800\" src=\"https:\/\/www.kedali.com\/wp-content\/uploads\/2026\/01\/wholesale-ceramic-soap-dishes-1.webp\" alt=\"jaboneras de ceramica al por mayor (1)\" class=\"wp-image-2084\" srcset=\"https:\/\/www.kedali.com\/wp-content\/uploads\/2026\/01\/wholesale-ceramic-soap-dishes-1.webp 800w, https:\/\/www.kedali.com\/wp-content\/uploads\/2026\/01\/wholesale-ceramic-soap-dishes-1-300x300.webp 300w, https:\/\/www.kedali.com\/wp-content\/uploads\/2026\/01\/wholesale-ceramic-soap-dishes-1-150x150.webp 150w, https:\/\/www.kedali.com\/wp-content\/uploads\/2026\/01\/wholesale-ceramic-soap-dishes-1-768x768.webp 768w, https:\/\/www.kedali.com\/wp-content\/uploads\/2026\/01\/wholesale-ceramic-soap-dishes-1-12x12.webp 12w, https:\/\/www.kedali.com\/wp-content\/uploads\/2026\/01\/wholesale-ceramic-soap-dishes-1-600x600.webp 600w, https:\/\/www.kedali.com\/wp-content\/uploads\/2026\/01\/wholesale-ceramic-soap-dishes-1-100x100.webp 100w\" sizes=\"(max-width: 800px) 100vw, 800px\" \/><\/figure>\n<\/div>\n\n\n\n<div class=\"wp-block-column is-layout-flow wp-block-column-is-layout-flow\">\n<figure class=\"wp-block-image size-full\"><img decoding=\"async\" width=\"800\" height=\"800\" src=\"https:\/\/www.kedali.com\/wp-content\/uploads\/2026\/01\/wholesale-ceramic-soap-dishes-2.webp\" alt=\"jaboneras de cer\u00e1mica al por mayor (2)\" class=\"wp-image-2085\" srcset=\"https:\/\/www.kedali.com\/wp-content\/uploads\/2026\/01\/wholesale-ceramic-soap-dishes-2.webp 800w, https:\/\/www.kedali.com\/wp-content\/uploads\/2026\/01\/wholesale-ceramic-soap-dishes-2-300x300.webp 300w, https:\/\/www.kedali.com\/wp-content\/uploads\/2026\/01\/wholesale-ceramic-soap-dishes-2-150x150.webp 150w, https:\/\/www.kedali.com\/wp-content\/uploads\/2026\/01\/wholesale-ceramic-soap-dishes-2-768x768.webp 768w, https:\/\/www.kedali.com\/wp-content\/uploads\/2026\/01\/wholesale-ceramic-soap-dishes-2-12x12.webp 12w, https:\/\/www.kedali.com\/wp-content\/uploads\/2026\/01\/wholesale-ceramic-soap-dishes-2-600x600.webp 600w, https:\/\/www.kedali.com\/wp-content\/uploads\/2026\/01\/wholesale-ceramic-soap-dishes-2-100x100.webp 100w\" sizes=\"(max-width: 800px) 100vw, 800px\" \/><\/figure>\n<\/div>\n<\/div>","protected":false},"excerpt":{"rendered":"<p>Jaboneras de cer\u00e1mica al por mayor. Esta jabonera de forma \u00fanica, que se asemeja a una mini ba\u00f1era y adornada con un delicado ribete dorado, eleva un simple art\u00edculo de ba\u00f1o a una sofisticada pieza decorativa.<\/p>\n<p>Nuestras jaboneras al por mayor presentan una estructura elevada para reducir el contacto del jab\u00f3n con el agua, mientras que el desag\u00fce frontal abierto permite que el exceso de agua fluya directamente al fregadero, ayudando a mantener el jab\u00f3n seco. P\u00f3ngase en contacto con nosotros para solicitar un presupuesto.<\/p>\n<h2>Especificaciones de las jaboneras de cer\u00e1mica<\/h2>\n<table width=\"235\">\n<tbody>\n<tr>\n<td width=\"69\">Marca<\/td>\n<td width=\"166\">KDL<\/td>\n<\/tr>\n<tr>\n<td width=\"69\">Modelo<\/td>\n<td width=\"166\">BQL325-K889<\/td>\n<\/tr>\n<tr>\n<td width=\"69\">Material<\/td>\n<td width=\"166\">Cer\u00e1mica<\/td>\n<\/tr>\n<tr>\n<td width=\"69\">color<\/td>\n<td width=\"166\">Blanco\/Verde<\/td>\n<\/tr>\n<tr>\n<td width=\"69\">Aplicaci\u00f3n<\/td>\n<td width=\"166\">Cuarto de ba\u00f1o<\/td>\n<\/tr>\n<tr>\n<td width=\"69\">Caracter\u00edstica<\/td>\n<td width=\"166\">Esmaltado en color<\/td>\n<\/tr>\n<tr>\n<td width=\"69\">Dimensiones<\/td>\n<td width=\"166\">14\u00d77,4\u00d77,9 cm<\/td>\n<\/tr>\n<tr>\n<td width=\"69\">Peso bruto (kg)<\/td>\n<td width=\"166\">0,3 kg\/unidad<\/td>\n<\/tr>\n<tr>\n<td width=\"69\">Cantidad m\u00ednima de pedido<\/td>\n<td width=\"166\">500 unidades<\/td>\n<\/tr>\n<\/tbody>\n<\/table>\n<p>&nbsp;<\/p>\n<p>&nbsp;<\/p>\n<p>&nbsp;<\/p>\n<p><script src=\"chrome-extension:\/\/fpelahbljekknahkcaegamhcndkfpfnc\/iFrame.js\" type=\"text\/javascript\"><\/script><\/p>","protected":false},"featured_media":2084,"comment_status":"closed","ping_status":"closed","template":"","meta":{"_acf_changed":false},"product_brand":[],"product_cat":[17,33],"product_tag":[],"class_list":{"0":"post-2082","1":"product","2":"type-product","3":"status-publish","4":"has-post-thumbnail","6":"product_cat-wholesale-ceramic-bathroom-accessories","7":"product_cat-wholesale-ceramic-soap-dishes","9":"first","10":"instock","11":"shipping-taxable","12":"product-type-simple"},"acf":[],"_links":{"self":[{"href":"https:\/\/www.kedali.com\/es\/wp-json\/wp\/v2\/product\/2082","targetHints":{"allow":["GET"]}}],"collection":[{"href":"https:\/\/www.kedali.com\/es\/wp-json\/wp\/v2\/product"}],"about":[{"href":"https:\/\/www.kedali.com\/es\/wp-json\/wp\/v2\/types\/product"}],"replies":[{"embeddable":true,"href":"https:\/\/www.kedali.com\/es\/wp-json\/wp\/v2\/comments?post=2082"}],"wp:featuredmedia":[{"embeddable":true,"href":"https:\/\/www.kedali.com\/es\/wp-json\/wp\/v2\/media\/2084"}],"wp:attachment":[{"href":"https:\/\/www.kedali.com\/es\/wp-json\/wp\/v2\/media?parent=2082"}],"wp:term":[{"taxonomy":"product_brand","embeddable":true,"href":"https:\/\/www.kedali.com\/es\/wp-json\/wp\/v2\/product_brand?post=2082"},{"taxonomy":"product_cat","embeddable":true,"href":"https:\/\/www.kedali.com\/es\/wp-json\/wp\/v2\/product_cat?post=2082"},{"taxonomy":"product_tag","embeddable":true,"href":"https:\/\/www.kedali.com\/es\/wp-json\/wp\/v2\/product_tag?post=2082"}],"curies":[{"name":"wp","href":"https:\/\/api.w.org\/{rel}","templated":true}]}}