{"id":2165,"date":"2026-02-24T07:50:41","date_gmt":"2026-02-24T07:50:41","guid":{"rendered":"https:\/\/www.kedali.com\/?post_type=product&#038;p=2165"},"modified":"2026-02-24T08:20:07","modified_gmt":"2026-02-24T08:20:07","slug":"luxury-ceramic-soap-dish-wholesale","status":"publish","type":"product","link":"https:\/\/www.kedali.com\/es\/producto\/luxury-ceramic-soap-dish-wholesale\/","title":{"rendered":"Jabonera de Lujo al por mayor, Mini Jabonera de Cer\u00e1mica en forma de Ba\u00f1era con Detalles Dorados - Fabricante de Jaboneras"},"content":{"rendered":"<div class=\"wp-block-columns is-layout-flex wp-container-core-columns-is-layout-9d6595d7 wp-block-columns-is-layout-flex\">\n<div class=\"wp-block-column is-layout-flow wp-block-column-is-layout-flow\">\n<h3 class=\"wp-block-heading\">Caracter\u00edsticas de las jaboneras de cer\u00e1mica<\/h3>\n\n\n\n<ul class=\"wp-block-list\">\n<li><strong>Dise\u00f1o de primera calidad y atractivo visual:<\/strong> Esta mini jabonera en forma de ba\u00f1era combina delicados detalles dorados con un dise\u00f1o cl\u00e1sico de patas de garra. Puede contener jab\u00f3n a la vez que sirve como pieza de arte decorativa.<\/li>\n\n\n\n<li><strong>Funcionalidad pr\u00e1ctica:<\/strong> El tama\u00f1o compacto de la jabonera encaja perfectamente en fregaderos y encimeras sin ocupar espacio. Su dise\u00f1o de garras elevadas aleja el jab\u00f3n del agua estancada, garantizando que se mantenga seco.<\/li>\n\n\n\n<li><strong>Uso vers\u00e1til y valor de regalo:<\/strong> Esta jabonera es ideal para uso dom\u00e9stico, y tambi\u00e9n es una opci\u00f3n perfecta para bodas, fiestas de inauguraci\u00f3n o lujosos lotes de regalo.<\/li>\n\n\n\n<li><strong>Reliable Wholesale Supply:<\/strong> Como fabricante de jaboneras de cer\u00e1mica, ofrecemos precios competitivos directos de f\u00e1brica, un inventario estable y un control de calidad constante.<\/li>\n<\/ul>\n\n\n\n<h3 class=\"wp-block-heading\">Servicio a medida<\/h3>\n\n\n\n<ul class=\"wp-block-list\">\n<li>Asistencia OEM y ODM<\/li>\n\n\n\n<li>Entrega r\u00e1pida de muestras.<\/li>\n\n\n\n<li>Proporcionamos productos personalizados en forma, color, patr\u00f3n, embalaje y otros servicios personalizados.<\/li>\n<\/ul>\n<\/div>\n\n\n\n<div class=\"wp-block-column is-layout-flow wp-block-column-is-layout-flow\">\n<figure class=\"wp-block-image size-full\"><img decoding=\"async\" width=\"800\" height=\"800\" src=\"https:\/\/www.kedali.com\/wp-content\/uploads\/2026\/02\/soap-dish-dimensions-1.webp\" alt=\"dimensiones de la jabonera\" class=\"wp-image-2166\" srcset=\"https:\/\/www.kedali.com\/wp-content\/uploads\/2026\/02\/soap-dish-dimensions-1.webp 800w, https:\/\/www.kedali.com\/wp-content\/uploads\/2026\/02\/soap-dish-dimensions-1-300x300.webp 300w, https:\/\/www.kedali.com\/wp-content\/uploads\/2026\/02\/soap-dish-dimensions-1-150x150.webp 150w, https:\/\/www.kedali.com\/wp-content\/uploads\/2026\/02\/soap-dish-dimensions-1-768x768.webp 768w, https:\/\/www.kedali.com\/wp-content\/uploads\/2026\/02\/soap-dish-dimensions-1-12x12.webp 12w, https:\/\/www.kedali.com\/wp-content\/uploads\/2026\/02\/soap-dish-dimensions-1-600x600.webp 600w, https:\/\/www.kedali.com\/wp-content\/uploads\/2026\/02\/soap-dish-dimensions-1-100x100.webp 100w\" sizes=\"(max-width: 800px) 100vw, 800px\" \/><\/figure>\n<\/div>\n<\/div>\n\n\n\n<div class=\"wp-block-columns is-layout-flex wp-container-core-columns-is-layout-9d6595d7 wp-block-columns-is-layout-flex\">\n<div class=\"wp-block-column is-layout-flow wp-block-column-is-layout-flow\">\n<figure class=\"wp-block-image size-full\"><img decoding=\"async\" width=\"800\" height=\"800\" src=\"https:\/\/www.kedali.com\/wp-content\/uploads\/2026\/02\/soap-dish-wholesale-4.webp\" alt=\"jabonera al por mayor (4)\" class=\"wp-image-2170\" srcset=\"https:\/\/www.kedali.com\/wp-content\/uploads\/2026\/02\/soap-dish-wholesale-4.webp 800w, https:\/\/www.kedali.com\/wp-content\/uploads\/2026\/02\/soap-dish-wholesale-4-300x300.webp 300w, https:\/\/www.kedali.com\/wp-content\/uploads\/2026\/02\/soap-dish-wholesale-4-150x150.webp 150w, https:\/\/www.kedali.com\/wp-content\/uploads\/2026\/02\/soap-dish-wholesale-4-768x768.webp 768w, https:\/\/www.kedali.com\/wp-content\/uploads\/2026\/02\/soap-dish-wholesale-4-12x12.webp 12w, https:\/\/www.kedali.com\/wp-content\/uploads\/2026\/02\/soap-dish-wholesale-4-600x600.webp 600w, https:\/\/www.kedali.com\/wp-content\/uploads\/2026\/02\/soap-dish-wholesale-4-100x100.webp 100w\" sizes=\"(max-width: 800px) 100vw, 800px\" \/><\/figure>\n<\/div>\n\n\n\n<div class=\"wp-block-column is-layout-flow wp-block-column-is-layout-flow\">\n<figure class=\"wp-block-image size-full\"><img decoding=\"async\" width=\"800\" height=\"800\" src=\"https:\/\/www.kedali.com\/wp-content\/uploads\/2026\/02\/soap-dish-wholesale-5.webp\" alt=\"jabonera al por mayor (5)\" class=\"wp-image-2171\" srcset=\"https:\/\/www.kedali.com\/wp-content\/uploads\/2026\/02\/soap-dish-wholesale-5.webp 800w, https:\/\/www.kedali.com\/wp-content\/uploads\/2026\/02\/soap-dish-wholesale-5-300x300.webp 300w, https:\/\/www.kedali.com\/wp-content\/uploads\/2026\/02\/soap-dish-wholesale-5-150x150.webp 150w, https:\/\/www.kedali.com\/wp-content\/uploads\/2026\/02\/soap-dish-wholesale-5-768x768.webp 768w, https:\/\/www.kedali.com\/wp-content\/uploads\/2026\/02\/soap-dish-wholesale-5-12x12.webp 12w, https:\/\/www.kedali.com\/wp-content\/uploads\/2026\/02\/soap-dish-wholesale-5-600x600.webp 600w, https:\/\/www.kedali.com\/wp-content\/uploads\/2026\/02\/soap-dish-wholesale-5-100x100.webp 100w\" sizes=\"(max-width: 800px) 100vw, 800px\" \/><\/figure>\n<\/div>\n<\/div>","protected":false},"excerpt":{"rendered":"<p>Somos una empresa profesional <a href=\"https:\/\/www.kedali.com\/es\/categoria-producto\/wholesale-ceramic-bathroom-accessories\/wholesale-ceramic-soap-dishes\/\" target=\"_blank\" rel=\"noopener\"><strong>fabricante de jaboneras<\/strong><\/a>, que suministra lujosas jaboneras de cer\u00e1mica en forma de miniba\u00f1era que combinan elegantes detalles dorados con el dise\u00f1o cl\u00e1sico de las patas de garra. Cada pieza sirve tanto de jabonera funcional como de elemento decorativo. Con un control de calidad fiable y un dise\u00f1o elegante, estas jaboneras son una opci\u00f3n popular para mejorar la est\u00e9tica del ba\u00f1o y a\u00f1adir un toque de lujo de gama alta.<\/p>\n<h2>Especificaciones de las jaboneras de cer\u00e1mica<\/h2>\n<table width=\"235\">\n<tbody>\n<tr>\n<td width=\"69\">Marca<\/td>\n<td width=\"166\">KDL<\/td>\n<\/tr>\n<tr>\n<td width=\"69\">Modelo<\/td>\n<td width=\"166\">BS247-5.5JFG<\/td>\n<\/tr>\n<tr>\n<td width=\"69\">Material<\/td>\n<td width=\"166\">cer\u00e1mica<\/td>\n<\/tr>\n<tr>\n<td width=\"69\">color<\/td>\n<td width=\"166\">como muestra la imagen<\/td>\n<\/tr>\n<tr>\n<td width=\"69\">Aplicaci\u00f3n<\/td>\n<td width=\"166\">jabonera<\/td>\n<\/tr>\n<tr>\n<td width=\"69\">Caracter\u00edstica<\/td>\n<td width=\"166\">galvanoplastia<\/td>\n<\/tr>\n<tr>\n<td width=\"69\">Dimensiones<\/td>\n<td width=\"166\">14,2\u00d77,7\u00d77,7 cm<\/td>\n<\/tr>\n<tr>\n<td width=\"69\">Peso bruto (kg)<\/td>\n<td width=\"166\">0,3\/unidad<\/td>\n<\/tr>\n<tr>\n<td width=\"69\">Cantidad m\u00ednima de pedido<\/td>\n<td width=\"166\">800 juegos<\/td>\n<\/tr>\n<\/tbody>\n<\/table>\n<p>&nbsp;<\/p>\n<p>\n<script src=\"chrome-extension:\/\/fpelahbljekknahkcaegamhcndkfpfnc\/iFrame.js\" type=\"text\/javascript\"><\/script><\/p>","protected":false},"featured_media":2167,"comment_status":"closed","ping_status":"closed","template":"","meta":{"_acf_changed":false},"product_brand":[],"product_cat":[17,33],"product_tag":[],"class_list":{"0":"post-2165","1":"product","2":"type-product","3":"status-publish","4":"has-post-thumbnail","6":"product_cat-wholesale-ceramic-bathroom-accessories","7":"product_cat-wholesale-ceramic-soap-dishes","9":"first","10":"instock","11":"shipping-taxable","12":"product-type-simple"},"acf":[],"_links":{"self":[{"href":"https:\/\/www.kedali.com\/es\/wp-json\/wp\/v2\/product\/2165","targetHints":{"allow":["GET"]}}],"collection":[{"href":"https:\/\/www.kedali.com\/es\/wp-json\/wp\/v2\/product"}],"about":[{"href":"https:\/\/www.kedali.com\/es\/wp-json\/wp\/v2\/types\/product"}],"replies":[{"embeddable":true,"href":"https:\/\/www.kedali.com\/es\/wp-json\/wp\/v2\/comments?post=2165"}],"wp:featuredmedia":[{"embeddable":true,"href":"https:\/\/www.kedali.com\/es\/wp-json\/wp\/v2\/media\/2167"}],"wp:attachment":[{"href":"https:\/\/www.kedali.com\/es\/wp-json\/wp\/v2\/media?parent=2165"}],"wp:term":[{"taxonomy":"product_brand","embeddable":true,"href":"https:\/\/www.kedali.com\/es\/wp-json\/wp\/v2\/product_brand?post=2165"},{"taxonomy":"product_cat","embeddable":true,"href":"https:\/\/www.kedali.com\/es\/wp-json\/wp\/v2\/product_cat?post=2165"},{"taxonomy":"product_tag","embeddable":true,"href":"https:\/\/www.kedali.com\/es\/wp-json\/wp\/v2\/product_tag?post=2165"}],"curies":[{"name":"wp","href":"https:\/\/api.w.org\/{rel}","templated":true}]}}