{"id":2178,"date":"2026-02-24T08:51:20","date_gmt":"2026-02-24T08:51:20","guid":{"rendered":"https:\/\/www.kedali.com\/?post_type=product&#038;p=2178"},"modified":"2026-02-24T09:17:12","modified_gmt":"2026-02-24T09:17:12","slug":"wholesale-bathtub-shaped-soap-dishes","status":"publish","type":"product","link":"https:\/\/www.kedali.com\/es\/producto\/wholesale-bathtub-shaped-soap-dishes\/","title":{"rendered":"Jabonera de Cer\u00e1mica para Ba\u00f1era a Granel, Mayorista Jabonera en Forma de Ba\u00f1era"},"content":{"rendered":"<div class=\"wp-block-columns is-layout-flex wp-container-core-columns-is-layout-9d6595d7 wp-block-columns-is-layout-flex\">\n<div class=\"wp-block-column is-layout-flow wp-block-column-is-layout-flow\">\n<h3 class=\"wp-block-heading\">Caracter\u00edsticas de las jaboneras de cer\u00e1mica para ba\u00f1era<\/h3>\n\n\n\n<ul class=\"wp-block-list\">\n<li><strong>Ba\u00f1era de dise\u00f1o \u00fanico: <\/strong>Esta jabonera presenta un dise\u00f1o en forma de ba\u00f1era que la distingue de las jaboneras normales y realza la est\u00e9tica general de cualquier espacio.<\/li>\n\n\n\n<li><strong>Detalles elegantes: <\/strong>Las jaboneras al por mayor est\u00e1n adornadas con bellos motivos florales y muestran una exquisita artesan\u00eda y atenci\u00f3n al detalle, combinando a la perfecci\u00f3n con diversos estilos de ba\u00f1o.<\/li>\n\n\n\n<li><strong>Jabonera funcional:<\/strong> Nuestras jaboneras al por mayor presentan un dise\u00f1o en relieve con perforaciones internas para mantener el jab\u00f3n elevado y seco, evitando que se filtre y manche las encimeras.<\/li>\n\n\n\n<li><strong>F\u00e1cil de limpiar y mantener:<\/strong> La superficie lisa de cer\u00e1mica esmaltada facilita la limpieza. Basta con aclarar con agua o pasar un pa\u00f1o h\u00famedo para eliminar los restos de jab\u00f3n, por lo que resulta c\u00f3modo para el uso diario, al tiempo que mantiene un acabado limpio y brillante.<\/li>\n\n\n\n<li><strong>A granel y al por mayor:<\/strong> Nuestras jaboneras se venden a precios de f\u00e1brica competitivos, lo que las hace ideales para minoristas, tiendas de regalos, hoteles y organizadores de eventos, y perfectas como complemento de su l\u00ednea de productos.<\/li>\n<\/ul>\n\n\n\n<h3 class=\"wp-block-heading\">Servicio a medida<\/h3>\n\n\n\n<ul class=\"wp-block-list\">\n<li>Asistencia OEM y ODM<\/li>\n\n\n\n<li>Entrega r\u00e1pida de muestras.<\/li>\n\n\n\n<li>Proporcionamos productos personalizados en forma, color, patr\u00f3n, embalaje y otros servicios personalizados.<\/li>\n<\/ul>\n<\/div>\n\n\n\n<div class=\"wp-block-column is-layout-flow wp-block-column-is-layout-flow\">\n<figure class=\"wp-block-image size-full\"><img decoding=\"async\" width=\"750\" height=\"750\" src=\"https:\/\/www.kedali.com\/wp-content\/uploads\/2026\/02\/Bathtub-shaped-soap-dish-dimensions.webp\" alt=\"Dimensiones de la jabonera en forma de ba\u00f1era\" class=\"wp-image-2179\" srcset=\"https:\/\/www.kedali.com\/wp-content\/uploads\/2026\/02\/Bathtub-shaped-soap-dish-dimensions.webp 750w, https:\/\/www.kedali.com\/wp-content\/uploads\/2026\/02\/Bathtub-shaped-soap-dish-dimensions-300x300.webp 300w, https:\/\/www.kedali.com\/wp-content\/uploads\/2026\/02\/Bathtub-shaped-soap-dish-dimensions-150x150.webp 150w, https:\/\/www.kedali.com\/wp-content\/uploads\/2026\/02\/Bathtub-shaped-soap-dish-dimensions-12x12.webp 12w, https:\/\/www.kedali.com\/wp-content\/uploads\/2026\/02\/Bathtub-shaped-soap-dish-dimensions-600x600.webp 600w, https:\/\/www.kedali.com\/wp-content\/uploads\/2026\/02\/Bathtub-shaped-soap-dish-dimensions-100x100.webp 100w\" sizes=\"(max-width: 750px) 100vw, 750px\" \/><\/figure>\n<\/div>\n<\/div>\n\n\n\n<div class=\"wp-block-columns is-layout-flex wp-container-core-columns-is-layout-9d6595d7 wp-block-columns-is-layout-flex\">\n<div class=\"wp-block-column is-layout-flow wp-block-column-is-layout-flow\"><\/div>\n\n\n\n<div class=\"wp-block-column is-layout-flow wp-block-column-is-layout-flow\"><\/div>\n<\/div>\n\n\n\n<div class=\"wp-block-columns is-layout-flex wp-container-core-columns-is-layout-9d6595d7 wp-block-columns-is-layout-flex\">\n<div class=\"wp-block-column is-layout-flow wp-block-column-is-layout-flow\">\n<figure class=\"wp-block-image size-full\"><img decoding=\"async\" width=\"800\" height=\"800\" src=\"https:\/\/www.kedali.com\/wp-content\/uploads\/2026\/02\/wholesale-bathtub-shaped-soap-dish-2.webp\" alt=\"mayorista jabonera con forma de ba\u00f1era (2)\" class=\"wp-image-2181\" srcset=\"https:\/\/www.kedali.com\/wp-content\/uploads\/2026\/02\/wholesale-bathtub-shaped-soap-dish-2.webp 800w, https:\/\/www.kedali.com\/wp-content\/uploads\/2026\/02\/wholesale-bathtub-shaped-soap-dish-2-300x300.webp 300w, https:\/\/www.kedali.com\/wp-content\/uploads\/2026\/02\/wholesale-bathtub-shaped-soap-dish-2-150x150.webp 150w, https:\/\/www.kedali.com\/wp-content\/uploads\/2026\/02\/wholesale-bathtub-shaped-soap-dish-2-768x768.webp 768w, https:\/\/www.kedali.com\/wp-content\/uploads\/2026\/02\/wholesale-bathtub-shaped-soap-dish-2-12x12.webp 12w, https:\/\/www.kedali.com\/wp-content\/uploads\/2026\/02\/wholesale-bathtub-shaped-soap-dish-2-600x600.webp 600w, https:\/\/www.kedali.com\/wp-content\/uploads\/2026\/02\/wholesale-bathtub-shaped-soap-dish-2-100x100.webp 100w\" sizes=\"(max-width: 800px) 100vw, 800px\" \/><\/figure>\n<\/div>\n\n\n\n<div class=\"wp-block-column is-layout-flow wp-block-column-is-layout-flow\">\n<figure class=\"wp-block-image size-full\"><img decoding=\"async\" width=\"800\" height=\"800\" src=\"https:\/\/www.kedali.com\/wp-content\/uploads\/2026\/02\/wholesale-bathtub-shaped-soap-dish-4.webp\" alt=\"mayorista jabonera con forma de ba\u00f1era (4)\" class=\"wp-image-2183\" srcset=\"https:\/\/www.kedali.com\/wp-content\/uploads\/2026\/02\/wholesale-bathtub-shaped-soap-dish-4.webp 800w, https:\/\/www.kedali.com\/wp-content\/uploads\/2026\/02\/wholesale-bathtub-shaped-soap-dish-4-300x300.webp 300w, https:\/\/www.kedali.com\/wp-content\/uploads\/2026\/02\/wholesale-bathtub-shaped-soap-dish-4-150x150.webp 150w, https:\/\/www.kedali.com\/wp-content\/uploads\/2026\/02\/wholesale-bathtub-shaped-soap-dish-4-768x768.webp 768w, https:\/\/www.kedali.com\/wp-content\/uploads\/2026\/02\/wholesale-bathtub-shaped-soap-dish-4-12x12.webp 12w, https:\/\/www.kedali.com\/wp-content\/uploads\/2026\/02\/wholesale-bathtub-shaped-soap-dish-4-600x600.webp 600w, https:\/\/www.kedali.com\/wp-content\/uploads\/2026\/02\/wholesale-bathtub-shaped-soap-dish-4-100x100.webp 100w\" sizes=\"(max-width: 800px) 100vw, 800px\" \/><\/figure>\n<\/div>\n<\/div>","protected":false},"excerpt":{"rendered":"<p data-pm-slice=\"0 0 []\">Mayorista Jaboneras de cer\u00e1mica para ba\u00f1era. Esta jabonera con forma de ba\u00f1era es multifuncional, perfecta para guardar jab\u00f3n, peque\u00f1as baratijas o detalles decorativos. Ideal como un regalo pensativo para la decoraci\u00f3n del hogar o cuarto de ba\u00f1o. Como f\u00e1brica de jaboneras de cer\u00e1mica, ofrecemos productos de alta calidad a precios al por mayor competitivos.<\/p>\n<h2>Especificaciones de Jaboneras de cer\u00e1mica para ba\u00f1era<\/h2>\n<table width=\"235\">\n<tbody>\n<tr>\n<td width=\"69\">Marca<\/td>\n<td width=\"166\">KDL<\/td>\n<\/tr>\n<tr>\n<td width=\"69\">Modelo<\/td>\n<td width=\"166\">BS247-5.5<\/td>\n<\/tr>\n<tr>\n<td width=\"69\">Material<\/td>\n<td width=\"166\">cer\u00e1mica<\/td>\n<\/tr>\n<tr>\n<td width=\"69\">color<\/td>\n<td width=\"166\">blanco<\/td>\n<\/tr>\n<tr>\n<td width=\"69\">Aplicaci\u00f3n<\/td>\n<td width=\"166\">jabonera<\/td>\n<\/tr>\n<tr>\n<td width=\"69\">Caracter\u00edstica<\/td>\n<td width=\"166\">calcoman\u00eda<\/td>\n<\/tr>\n<tr>\n<td width=\"69\">Dimensiones<\/td>\n<td width=\"166\">14,2\u00d77,7\u00d77,7 cm<\/td>\n<\/tr>\n<tr>\n<td width=\"69\">Peso bruto (kg)<\/td>\n<td width=\"166\">0,3 kg\/unidad<\/td>\n<\/tr>\n<tr>\n<td width=\"69\">Cantidad m\u00ednima de pedido<\/td>\n<td width=\"166\">800 juegos<\/td>\n<\/tr>\n<\/tbody>\n<\/table>\n<p>&nbsp;<\/p>\n<p>&nbsp;<\/p>\n<p>&nbsp;<\/p>\n<p>\n<script src=\"chrome-extension:\/\/fpelahbljekknahkcaegamhcndkfpfnc\/iFrame.js\" type=\"text\/javascript\"><\/script><\/p>","protected":false},"featured_media":2181,"comment_status":"closed","ping_status":"closed","template":"","meta":{"_acf_changed":false},"product_brand":[],"product_cat":[17,33],"product_tag":[],"class_list":{"0":"post-2178","1":"product","2":"type-product","3":"status-publish","4":"has-post-thumbnail","6":"product_cat-wholesale-ceramic-bathroom-accessories","7":"product_cat-wholesale-ceramic-soap-dishes","9":"first","10":"instock","11":"shipping-taxable","12":"product-type-simple"},"acf":[],"_links":{"self":[{"href":"https:\/\/www.kedali.com\/es\/wp-json\/wp\/v2\/product\/2178","targetHints":{"allow":["GET"]}}],"collection":[{"href":"https:\/\/www.kedali.com\/es\/wp-json\/wp\/v2\/product"}],"about":[{"href":"https:\/\/www.kedali.com\/es\/wp-json\/wp\/v2\/types\/product"}],"replies":[{"embeddable":true,"href":"https:\/\/www.kedali.com\/es\/wp-json\/wp\/v2\/comments?post=2178"}],"wp:featuredmedia":[{"embeddable":true,"href":"https:\/\/www.kedali.com\/es\/wp-json\/wp\/v2\/media\/2181"}],"wp:attachment":[{"href":"https:\/\/www.kedali.com\/es\/wp-json\/wp\/v2\/media?parent=2178"}],"wp:term":[{"taxonomy":"product_brand","embeddable":true,"href":"https:\/\/www.kedali.com\/es\/wp-json\/wp\/v2\/product_brand?post=2178"},{"taxonomy":"product_cat","embeddable":true,"href":"https:\/\/www.kedali.com\/es\/wp-json\/wp\/v2\/product_cat?post=2178"},{"taxonomy":"product_tag","embeddable":true,"href":"https:\/\/www.kedali.com\/es\/wp-json\/wp\/v2\/product_tag?post=2178"}],"curies":[{"name":"wp","href":"https:\/\/api.w.org\/{rel}","templated":true}]}}