{"id":2349,"date":"2026-04-03T02:51:54","date_gmt":"2026-04-03T02:51:54","guid":{"rendered":"https:\/\/www.kedali.com\/?post_type=product&#038;p=2349"},"modified":"2026-04-03T02:57:31","modified_gmt":"2026-04-03T02:57:31","slug":"bulk-6-piece-ceramic-bathroom-sets","status":"publish","type":"product","link":"https:\/\/www.kedali.com\/es\/producto\/bulk-6-piece-ceramic-bathroom-sets\/","title":{"rendered":"Wholesale 6-Piece Ceramic Bathroom Sets \u2013 B2B Bathroom Accessories Manufacturer"},"content":{"rendered":"<div class=\"wp-block-columns is-layout-flex wp-container-core-columns-is-layout-9d6595d7 wp-block-columns-is-layout-flex\">\n<div class=\"wp-block-column is-layout-flow wp-block-column-is-layout-flow\">\n<h3 class=\"wp-block-heading\">Set de accesorios de ba\u00f1o de cer\u00e1mica Caracter\u00edsticas<\/h3>\n\n\n\n<ul class=\"wp-block-list\">\n<li><strong>Complete 6-Piece Set:<\/strong> Includes essential bathroom accessories in one coordinated package, offering convenience for end users and higher value for retail offerings.<\/li>\n\n\n\n<li><strong>Coordinated Design Aesthetic: <\/strong>Unified style across all pieces enhances bathroom d\u00e9cor, making it ideal for modern homes, hotels, and interior projects.<\/li>\n\n\n\n<li><strong>Customization &amp; OEM Support:<\/strong> Available for custom colors, finishes, logo application, and packaging, helping brands create differentiated collections.<\/li>\n\n\n\n<li><strong>Reliable Bulk Manufacturing: <\/strong>As an experienced bathroom accessories factory, we ensure consistent quality, scalable production, and efficient fulfillment for large orders.<\/li>\n<\/ul>\n\n\n\n<h3 class=\"wp-block-heading\">Servicio a medida<\/h3>\n\n\n\n<ul class=\"wp-block-list\">\n<li>Asistencia OEM y ODM<\/li>\n\n\n\n<li>Entrega r\u00e1pida de muestras.<\/li>\n\n\n\n<li>Proporcionamos productos personalizados en forma, color, patr\u00f3n, embalaje y otros servicios personalizados.<\/li>\n<\/ul>\n<\/div>\n\n\n\n<div class=\"wp-block-column is-layout-flow wp-block-column-is-layout-flow\">\n<figure class=\"wp-block-image size-full\"><img decoding=\"async\" width=\"800\" height=\"800\" src=\"https:\/\/www.kedali.com\/wp-content\/uploads\/2026\/03\/F192-7.webp\" alt=\"\" class=\"wp-image-2356\" srcset=\"https:\/\/www.kedali.com\/wp-content\/uploads\/2026\/03\/F192-7.webp 800w, https:\/\/www.kedali.com\/wp-content\/uploads\/2026\/03\/F192-7-300x300.webp 300w, https:\/\/www.kedali.com\/wp-content\/uploads\/2026\/03\/F192-7-150x150.webp 150w, https:\/\/www.kedali.com\/wp-content\/uploads\/2026\/03\/F192-7-768x768.webp 768w, https:\/\/www.kedali.com\/wp-content\/uploads\/2026\/03\/F192-7-12x12.webp 12w, https:\/\/www.kedali.com\/wp-content\/uploads\/2026\/03\/F192-7-600x600.webp 600w, https:\/\/www.kedali.com\/wp-content\/uploads\/2026\/03\/F192-7-100x100.webp 100w\" sizes=\"(max-width: 800px) 100vw, 800px\" \/><\/figure>\n<\/div>\n<\/div>\n\n\n\n<div class=\"wp-block-columns is-layout-flex wp-container-core-columns-is-layout-9d6595d7 wp-block-columns-is-layout-flex\">\n<div class=\"wp-block-column is-layout-flow wp-block-column-is-layout-flow\">\n<figure class=\"wp-block-image size-full\"><img decoding=\"async\" width=\"800\" height=\"800\" src=\"https:\/\/www.kedali.com\/wp-content\/uploads\/2026\/03\/F192-2.webp\" alt=\"\" class=\"wp-image-2351\" srcset=\"https:\/\/www.kedali.com\/wp-content\/uploads\/2026\/03\/F192-2.webp 800w, https:\/\/www.kedali.com\/wp-content\/uploads\/2026\/03\/F192-2-300x300.webp 300w, https:\/\/www.kedali.com\/wp-content\/uploads\/2026\/03\/F192-2-150x150.webp 150w, https:\/\/www.kedali.com\/wp-content\/uploads\/2026\/03\/F192-2-768x768.webp 768w, https:\/\/www.kedali.com\/wp-content\/uploads\/2026\/03\/F192-2-12x12.webp 12w, https:\/\/www.kedali.com\/wp-content\/uploads\/2026\/03\/F192-2-600x600.webp 600w, https:\/\/www.kedali.com\/wp-content\/uploads\/2026\/03\/F192-2-100x100.webp 100w\" sizes=\"(max-width: 800px) 100vw, 800px\" \/><\/figure>\n<\/div>\n\n\n\n<div class=\"wp-block-column is-layout-flow wp-block-column-is-layout-flow\">\n<figure class=\"wp-block-image size-full\"><img decoding=\"async\" width=\"800\" height=\"800\" src=\"https:\/\/www.kedali.com\/wp-content\/uploads\/2026\/03\/F192-3.webp\" alt=\"\" class=\"wp-image-2352\" srcset=\"https:\/\/www.kedali.com\/wp-content\/uploads\/2026\/03\/F192-3.webp 800w, https:\/\/www.kedali.com\/wp-content\/uploads\/2026\/03\/F192-3-300x300.webp 300w, https:\/\/www.kedali.com\/wp-content\/uploads\/2026\/03\/F192-3-150x150.webp 150w, https:\/\/www.kedali.com\/wp-content\/uploads\/2026\/03\/F192-3-768x768.webp 768w, https:\/\/www.kedali.com\/wp-content\/uploads\/2026\/03\/F192-3-12x12.webp 12w, https:\/\/www.kedali.com\/wp-content\/uploads\/2026\/03\/F192-3-600x600.webp 600w, https:\/\/www.kedali.com\/wp-content\/uploads\/2026\/03\/F192-3-100x100.webp 100w\" sizes=\"(max-width: 800px) 100vw, 800px\" \/><\/figure>\n<\/div>\n<\/div>\n\n\n\n<div class=\"wp-block-columns is-layout-flex wp-container-core-columns-is-layout-9d6595d7 wp-block-columns-is-layout-flex\">\n<div class=\"wp-block-column is-layout-flow wp-block-column-is-layout-flow\">\n<figure class=\"wp-block-image size-full\"><img decoding=\"async\" width=\"800\" height=\"800\" src=\"https:\/\/www.kedali.com\/wp-content\/uploads\/2026\/03\/F192-4.webp\" alt=\"\" class=\"wp-image-2353\" srcset=\"https:\/\/www.kedali.com\/wp-content\/uploads\/2026\/03\/F192-4.webp 800w, https:\/\/www.kedali.com\/wp-content\/uploads\/2026\/03\/F192-4-300x300.webp 300w, https:\/\/www.kedali.com\/wp-content\/uploads\/2026\/03\/F192-4-150x150.webp 150w, https:\/\/www.kedali.com\/wp-content\/uploads\/2026\/03\/F192-4-768x768.webp 768w, https:\/\/www.kedali.com\/wp-content\/uploads\/2026\/03\/F192-4-12x12.webp 12w, https:\/\/www.kedali.com\/wp-content\/uploads\/2026\/03\/F192-4-600x600.webp 600w, https:\/\/www.kedali.com\/wp-content\/uploads\/2026\/03\/F192-4-100x100.webp 100w\" sizes=\"(max-width: 800px) 100vw, 800px\" \/><\/figure>\n<\/div>\n\n\n\n<div class=\"wp-block-column is-layout-flow wp-block-column-is-layout-flow\">\n<figure class=\"wp-block-image size-full\"><img decoding=\"async\" width=\"800\" height=\"800\" src=\"https:\/\/www.kedali.com\/wp-content\/uploads\/2026\/03\/F192-5.webp\" alt=\"\" class=\"wp-image-2354\" srcset=\"https:\/\/www.kedali.com\/wp-content\/uploads\/2026\/03\/F192-5.webp 800w, https:\/\/www.kedali.com\/wp-content\/uploads\/2026\/03\/F192-5-300x300.webp 300w, https:\/\/www.kedali.com\/wp-content\/uploads\/2026\/03\/F192-5-150x150.webp 150w, https:\/\/www.kedali.com\/wp-content\/uploads\/2026\/03\/F192-5-768x768.webp 768w, https:\/\/www.kedali.com\/wp-content\/uploads\/2026\/03\/F192-5-12x12.webp 12w, https:\/\/www.kedali.com\/wp-content\/uploads\/2026\/03\/F192-5-600x600.webp 600w, https:\/\/www.kedali.com\/wp-content\/uploads\/2026\/03\/F192-5-100x100.webp 100w\" sizes=\"(max-width: 800px) 100vw, 800px\" \/><\/figure>\n<\/div>\n<\/div>\n\n\n\n<p><\/p>","protected":false},"excerpt":{"rendered":"<p data-pm-slice=\"0 0 []\">Upgrade your bathroom accessory collection with our wholesale 6-piece ceramic bathroom sets. Each set typically includes essential items such as a soap dispenser, toothbrush holder, tumbler, soap dish, and additional coordinated accessories, providing a complete and convenient package for end users.<\/p>\n<p data-pm-slice=\"0 0 []\">Como profesional <strong><a href=\"https:\/\/www.kedali.com\/es\/categoria-producto\/wholesale-ceramic-bathroom-accessories\/\" target=\"_blank\" rel=\"noopener\">accesorios de ba\u00f1o<\/a> manufacturer<\/strong>, we offer reliable bulk supply and flexible OEM and ODM customization services, supporting B2B clients in developing exclusive product lines tailored to their market positioning. Please contact us.<\/p>\n<h2>Ceramic Bathroom Accessories 6-Piece Set Specifications<\/h2>\n<table style=\"height: 705px;\" width=\"390\">\n<tbody>\n<tr>\n<td width=\"69\">Marca<\/td>\n<td width=\"166\">KDL<\/td>\n<\/tr>\n<tr>\n<td width=\"69\">Modelo<\/td>\n<td width=\"166\">F192<\/td>\n<\/tr>\n<tr>\n<td width=\"69\">Material<\/td>\n<td width=\"166\">cer\u00e1mica<\/td>\n<\/tr>\n<tr>\n<td width=\"69\">color<\/td>\n<td width=\"166\">blanco\/negro\/marfil<\/td>\n<\/tr>\n<tr>\n<td width=\"69\">Aplicaci\u00f3n<\/td>\n<td width=\"166\">set de ba\u00f1o<\/td>\n<\/tr>\n<tr>\n<td width=\"69\">Caracter\u00edstica<\/td>\n<td width=\"166\">tallado<\/td>\n<\/tr>\n<tr>\n<td width=\"69\">Dimensiones<\/td>\n<td width=\"166\">\n<p>Dispensper: 7.5\u00d77.5\u00d718.8 cm<br data-start=\"58\" data-end=\"61\" \/>Toothbrush Cup:7.5\u00d77.5\u00d711.2 cm<br data-start=\"118\" data-end=\"121\" \/>Jewelry tray: 13.4\u00d713.4\u00d71.9 cm<br data-start=\"145\" data-end=\"148\" \/>Storage jar: 8.9\u00d78.9\u00d711.1 cm<br data-start=\"176\" data-end=\"179\" \/>Soap dish: 20.5\u00d710.5\u00d711cm<br data-start=\"215\" data-end=\"218\" \/>Toilet brush holder: 8.9\u00d78.9\u00d711 cm<\/p>\n<\/td>\n<\/tr>\n<tr>\n<td width=\"69\">Cantidad m\u00ednima de pedido<\/td>\n<td width=\"166\">800 juegos<\/td>\n<\/tr>\n<\/tbody>\n<\/table>\n<p>&nbsp;<\/p>\n<p>\n<script src=\"chrome-extension:\/\/fpelahbljekknahkcaegamhcndkfpfnc\/iFrame.js\" type=\"text\/javascript\"><\/script><\/p>","protected":false},"featured_media":2350,"comment_status":"closed","ping_status":"closed","template":"","meta":{"_acf_changed":false},"product_brand":[],"product_cat":[17,32],"product_tag":[],"class_list":{"0":"post-2349","1":"product","2":"type-product","3":"status-publish","4":"has-post-thumbnail","6":"product_cat-wholesale-ceramic-bathroom-accessories","7":"product_cat-wholesale-ceramic-bath-accessories-sets","9":"first","10":"instock","11":"shipping-taxable","12":"product-type-simple"},"acf":[],"_links":{"self":[{"href":"https:\/\/www.kedali.com\/es\/wp-json\/wp\/v2\/product\/2349","targetHints":{"allow":["GET"]}}],"collection":[{"href":"https:\/\/www.kedali.com\/es\/wp-json\/wp\/v2\/product"}],"about":[{"href":"https:\/\/www.kedali.com\/es\/wp-json\/wp\/v2\/types\/product"}],"replies":[{"embeddable":true,"href":"https:\/\/www.kedali.com\/es\/wp-json\/wp\/v2\/comments?post=2349"}],"wp:featuredmedia":[{"embeddable":true,"href":"https:\/\/www.kedali.com\/es\/wp-json\/wp\/v2\/media\/2350"}],"wp:attachment":[{"href":"https:\/\/www.kedali.com\/es\/wp-json\/wp\/v2\/media?parent=2349"}],"wp:term":[{"taxonomy":"product_brand","embeddable":true,"href":"https:\/\/www.kedali.com\/es\/wp-json\/wp\/v2\/product_brand?post=2349"},{"taxonomy":"product_cat","embeddable":true,"href":"https:\/\/www.kedali.com\/es\/wp-json\/wp\/v2\/product_cat?post=2349"},{"taxonomy":"product_tag","embeddable":true,"href":"https:\/\/www.kedali.com\/es\/wp-json\/wp\/v2\/product_tag?post=2349"}],"curies":[{"name":"wp","href":"https:\/\/api.w.org\/{rel}","templated":true}]}}