{"id":2552,"date":"2026-04-01T01:15:45","date_gmt":"2026-04-01T01:15:45","guid":{"rendered":"https:\/\/www.kedali.com\/?post_type=product&#038;p=2552"},"modified":"2026-04-01T01:15:47","modified_gmt":"2026-04-01T01:15:47","slug":"wholesale-ceramic-milk-cartons","status":"publish","type":"product","link":"https:\/\/www.kedali.com\/es\/producto\/wholesale-ceramic-milk-cartons\/","title":{"rendered":"Mayorista Cajas de Leche de Cer\u00e1mica, Tarros de Az\u00facar - Almacenaje Pr\u00e1ctico y Elegantes Recipientes Decorativos"},"content":{"rendered":"<div class=\"wp-block-columns is-layout-flex wp-container-core-columns-is-layout-9d6595d7 wp-block-columns-is-layout-flex\">\n<div class=\"wp-block-column is-layout-flow wp-block-column-is-layout-flow\">\n<h3 class=\"wp-block-heading\">Caracter\u00edsticas del cart\u00f3n de leche de cer\u00e1mica<\/h3>\n\n\n\n<ul class=\"wp-block-list\">\n<li><strong>Ambiente retro: <\/strong>Este cart\u00f3n de leche de cer\u00e1mica, con su acabado cremoso, letras rojas en negrita y el sello \u201cAA\u201d, evoca el estilo americano de los a\u00f1os 50 o la est\u00e9tica de una tienda de ultramarinos cl\u00e1sica.<\/li>\n\n\n\n<li><strong>Decoraci\u00f3n vers\u00e1til: <\/strong>M\u00e1s que un pr\u00e1ctico contenedor de almacenamiento, combina a la perfecci\u00f3n con una gran variedad de estilos de interiorismo populares, por lo que es perfecto para realzar la decoraci\u00f3n de hogares, cafeter\u00edas y espacios tem\u00e1ticos.<\/li>\n\n\n\n<li><strong>Almacenamiento multifuncional: <\/strong>Este cart\u00f3n de leche de cer\u00e1mica se puede utilizar para contener leche, bebidas o almacenar de forma creativa aperitivos y peque\u00f1os objetos, por lo que resulta adecuado para cocinas dom\u00e9sticas y como decoraci\u00f3n de mesa y pieza de exposici\u00f3n en restaurantes.<\/li>\n\n\n\n<li><strong>Seguro para los alimentos y no t\u00f3xico: <\/strong>Fabricado con materiales aptos para uso alimentario y acristalamiento seguro, conforme a las normas internacionales, que garantizan un contacto seguro con alimentos y bebidas.<\/li>\n<\/ul>\n\n\n\n<h3 class=\"wp-block-heading\">Servicio a medida<\/h3>\n\n\n\n<ul class=\"wp-block-list\">\n<li>Asistencia OEM y ODM<\/li>\n\n\n\n<li>Entrega r\u00e1pida de muestras.<\/li>\n\n\n\n<li>Proporcionamos productos personalizados en forma, color, patr\u00f3n, embalaje y otros servicios personalizados.<\/li>\n<\/ul>\n<\/div>\n\n\n\n<div class=\"wp-block-column is-layout-flow wp-block-column-is-layout-flow\">\n<figure class=\"wp-block-image size-full\"><img decoding=\"async\" width=\"1600\" height=\"1600\" src=\"https:\/\/www.kedali.com\/wp-content\/uploads\/2026\/03\/TPS167-J-3-7.jpg\" alt=\"\" class=\"wp-image-2560\" srcset=\"https:\/\/www.kedali.com\/wp-content\/uploads\/2026\/03\/TPS167-J-3-7.jpg 1600w, https:\/\/www.kedali.com\/wp-content\/uploads\/2026\/03\/TPS167-J-3-7-300x300.jpg 300w, https:\/\/www.kedali.com\/wp-content\/uploads\/2026\/03\/TPS167-J-3-7-150x150.jpg 150w, https:\/\/www.kedali.com\/wp-content\/uploads\/2026\/03\/TPS167-J-3-7-768x768.jpg 768w, https:\/\/www.kedali.com\/wp-content\/uploads\/2026\/03\/TPS167-J-3-7-12x12.jpg 12w, https:\/\/www.kedali.com\/wp-content\/uploads\/2026\/03\/TPS167-J-3-7-1200x1200.jpg 1200w, https:\/\/www.kedali.com\/wp-content\/uploads\/2026\/03\/TPS167-J-3-7-600x600.jpg 600w, https:\/\/www.kedali.com\/wp-content\/uploads\/2026\/03\/TPS167-J-3-7-100x100.jpg 100w\" sizes=\"(max-width: 1600px) 100vw, 1600px\" \/><\/figure>\n<\/div>\n<\/div>\n\n\n\n<div class=\"wp-block-columns is-layout-flex wp-container-core-columns-is-layout-9d6595d7 wp-block-columns-is-layout-flex\">\n<div class=\"wp-block-column is-layout-flow wp-block-column-is-layout-flow\">\n<figure class=\"wp-block-image size-full\"><img decoding=\"async\" width=\"1838\" height=\"1838\" src=\"https:\/\/www.kedali.com\/wp-content\/uploads\/2026\/03\/TPS167-J-3-1.png\" alt=\"\" class=\"wp-image-2554\" srcset=\"https:\/\/www.kedali.com\/wp-content\/uploads\/2026\/03\/TPS167-J-3-1.png 1838w, https:\/\/www.kedali.com\/wp-content\/uploads\/2026\/03\/TPS167-J-3-1-300x300.png 300w, https:\/\/www.kedali.com\/wp-content\/uploads\/2026\/03\/TPS167-J-3-1-150x150.png 150w, https:\/\/www.kedali.com\/wp-content\/uploads\/2026\/03\/TPS167-J-3-1-768x768.png 768w, https:\/\/www.kedali.com\/wp-content\/uploads\/2026\/03\/TPS167-J-3-1-12x12.png 12w, https:\/\/www.kedali.com\/wp-content\/uploads\/2026\/03\/TPS167-J-3-1-1200x1200.png 1200w, https:\/\/www.kedali.com\/wp-content\/uploads\/2026\/03\/TPS167-J-3-1-600x600.png 600w, https:\/\/www.kedali.com\/wp-content\/uploads\/2026\/03\/TPS167-J-3-1-100x100.png 100w\" sizes=\"(max-width: 1838px) 100vw, 1838px\" \/><\/figure>\n<\/div>\n\n\n\n<div class=\"wp-block-column is-layout-flow wp-block-column-is-layout-flow\">\n<figure class=\"wp-block-image size-full\"><img decoding=\"async\" width=\"2048\" height=\"2048\" src=\"https:\/\/www.kedali.com\/wp-content\/uploads\/2026\/03\/TPS167-J-3-3.jpg\" alt=\"\" class=\"wp-image-2556\" srcset=\"https:\/\/www.kedali.com\/wp-content\/uploads\/2026\/03\/TPS167-J-3-3.jpg 2048w, https:\/\/www.kedali.com\/wp-content\/uploads\/2026\/03\/TPS167-J-3-3-300x300.jpg 300w, https:\/\/www.kedali.com\/wp-content\/uploads\/2026\/03\/TPS167-J-3-3-150x150.jpg 150w, https:\/\/www.kedali.com\/wp-content\/uploads\/2026\/03\/TPS167-J-3-3-768x768.jpg 768w, https:\/\/www.kedali.com\/wp-content\/uploads\/2026\/03\/TPS167-J-3-3-12x12.jpg 12w, https:\/\/www.kedali.com\/wp-content\/uploads\/2026\/03\/TPS167-J-3-3-1200x1200.jpg 1200w, https:\/\/www.kedali.com\/wp-content\/uploads\/2026\/03\/TPS167-J-3-3-600x600.jpg 600w, https:\/\/www.kedali.com\/wp-content\/uploads\/2026\/03\/TPS167-J-3-3-100x100.jpg 100w\" sizes=\"(max-width: 2048px) 100vw, 2048px\" \/><\/figure>\n<\/div>\n<\/div>\n\n\n\n<div class=\"wp-block-columns is-layout-flex wp-container-core-columns-is-layout-9d6595d7 wp-block-columns-is-layout-flex\">\n<div class=\"wp-block-column is-layout-flow wp-block-column-is-layout-flow\">\n<figure class=\"wp-block-image size-full\"><img decoding=\"async\" width=\"2048\" height=\"2048\" src=\"https:\/\/www.kedali.com\/wp-content\/uploads\/2026\/03\/TPS167-J-3-1.jpg\" alt=\"\" class=\"wp-image-2553\" srcset=\"https:\/\/www.kedali.com\/wp-content\/uploads\/2026\/03\/TPS167-J-3-1.jpg 2048w, https:\/\/www.kedali.com\/wp-content\/uploads\/2026\/03\/TPS167-J-3-1-300x300.jpg 300w, https:\/\/www.kedali.com\/wp-content\/uploads\/2026\/03\/TPS167-J-3-1-150x150.jpg 150w, https:\/\/www.kedali.com\/wp-content\/uploads\/2026\/03\/TPS167-J-3-1-768x768.jpg 768w, https:\/\/www.kedali.com\/wp-content\/uploads\/2026\/03\/TPS167-J-3-1-12x12.jpg 12w, https:\/\/www.kedali.com\/wp-content\/uploads\/2026\/03\/TPS167-J-3-1-1200x1200.jpg 1200w, https:\/\/www.kedali.com\/wp-content\/uploads\/2026\/03\/TPS167-J-3-1-600x600.jpg 600w, https:\/\/www.kedali.com\/wp-content\/uploads\/2026\/03\/TPS167-J-3-1-100x100.jpg 100w\" sizes=\"(max-width: 2048px) 100vw, 2048px\" \/><\/figure>\n<\/div>\n\n\n\n<div class=\"wp-block-column is-layout-flow wp-block-column-is-layout-flow\">\n<figure class=\"wp-block-image size-full\"><img decoding=\"async\" width=\"1262\" height=\"1262\" src=\"https:\/\/www.kedali.com\/wp-content\/uploads\/2026\/03\/TPS167-J-3-4.jpg\" alt=\"\" class=\"wp-image-2557\" srcset=\"https:\/\/www.kedali.com\/wp-content\/uploads\/2026\/03\/TPS167-J-3-4.jpg 1262w, https:\/\/www.kedali.com\/wp-content\/uploads\/2026\/03\/TPS167-J-3-4-300x300.jpg 300w, https:\/\/www.kedali.com\/wp-content\/uploads\/2026\/03\/TPS167-J-3-4-150x150.jpg 150w, https:\/\/www.kedali.com\/wp-content\/uploads\/2026\/03\/TPS167-J-3-4-768x768.jpg 768w, https:\/\/www.kedali.com\/wp-content\/uploads\/2026\/03\/TPS167-J-3-4-12x12.jpg 12w, https:\/\/www.kedali.com\/wp-content\/uploads\/2026\/03\/TPS167-J-3-4-1200x1200.jpg 1200w, https:\/\/www.kedali.com\/wp-content\/uploads\/2026\/03\/TPS167-J-3-4-600x600.jpg 600w, https:\/\/www.kedali.com\/wp-content\/uploads\/2026\/03\/TPS167-J-3-4-100x100.jpg 100w\" sizes=\"(max-width: 1262px) 100vw, 1262px\" \/><\/figure>\n<\/div>\n<\/div>","protected":false},"excerpt":{"rendered":"<p>Estos cartones de leche de cer\u00e1mica son m\u00e1s que simples recipientes funcionales. Est\u00e1n dise\u00f1ados para elevar cualquier espacio con su forma \u00fanica y juguetona. La ic\u00f3nica forma de los cartones de leche, combinada con suaves acabados cer\u00e1micos, los convierte en una pieza decorativa destacada para cocinas, mesas de caf\u00e9, cafeter\u00edas y expositores comerciales.<\/p>\n<h2>Especificaciones de los cartones de leche de cer\u00e1mica<\/h2>\n<table width=\"235\">\n<tbody>\n<tr>\n<td width=\"69\">Marca<\/td>\n<td width=\"166\">KDL<\/td>\n<\/tr>\n<tr>\n<td width=\"69\">Modelo<\/td>\n<td width=\"166\">TPS167-J-3.5Y-B428B<\/td>\n<\/tr>\n<tr>\n<td width=\"69\">Material<\/td>\n<td width=\"166\">cer\u00e1mica<\/td>\n<\/tr>\n<tr>\n<td width=\"69\">color<\/td>\n<td width=\"166\">rojo\/azul<\/td>\n<\/tr>\n<tr>\n<td width=\"69\">Aplicaci\u00f3n<\/td>\n<td width=\"166\">recipiente de cer\u00e1mica<\/td>\n<\/tr>\n<tr>\n<td width=\"69\">Caracter\u00edstica<\/td>\n<td width=\"166\">calcoman\u00eda<\/td>\n<\/tr>\n<tr>\n<td width=\"69\">Dimensiones<\/td>\n<td width=\"166\">\n<p>hervidor:8*6.9*9.5cm\/<\/p>\n<p>lata:7*7*9,8cm<\/p>\n<\/td>\n<\/tr>\n<tr>\n<td width=\"69\">Cantidad m\u00ednima de pedido<\/td>\n<td width=\"166\">800 juegos<\/td>\n<\/tr>\n<\/tbody>\n<\/table>\n<p>&nbsp;<\/p>\n<p>&nbsp;<\/p>\n<p>&nbsp;<\/p>","protected":false},"featured_media":2555,"comment_status":"closed","ping_status":"closed","template":"","meta":{"_acf_changed":false},"product_brand":[],"product_cat":[19],"product_tag":[],"class_list":{"0":"post-2552","1":"product","2":"type-product","3":"status-publish","4":"has-post-thumbnail","6":"product_cat-wholesale-ceramic-tableware","8":"first","9":"instock","10":"shipping-taxable","11":"product-type-simple"},"acf":[],"_links":{"self":[{"href":"https:\/\/www.kedali.com\/es\/wp-json\/wp\/v2\/product\/2552","targetHints":{"allow":["GET"]}}],"collection":[{"href":"https:\/\/www.kedali.com\/es\/wp-json\/wp\/v2\/product"}],"about":[{"href":"https:\/\/www.kedali.com\/es\/wp-json\/wp\/v2\/types\/product"}],"replies":[{"embeddable":true,"href":"https:\/\/www.kedali.com\/es\/wp-json\/wp\/v2\/comments?post=2552"}],"wp:featuredmedia":[{"embeddable":true,"href":"https:\/\/www.kedali.com\/es\/wp-json\/wp\/v2\/media\/2555"}],"wp:attachment":[{"href":"https:\/\/www.kedali.com\/es\/wp-json\/wp\/v2\/media?parent=2552"}],"wp:term":[{"taxonomy":"product_brand","embeddable":true,"href":"https:\/\/www.kedali.com\/es\/wp-json\/wp\/v2\/product_brand?post=2552"},{"taxonomy":"product_cat","embeddable":true,"href":"https:\/\/www.kedali.com\/es\/wp-json\/wp\/v2\/product_cat?post=2552"},{"taxonomy":"product_tag","embeddable":true,"href":"https:\/\/www.kedali.com\/es\/wp-json\/wp\/v2\/product_tag?post=2552"}],"curies":[{"name":"wp","href":"https:\/\/api.w.org\/{rel}","templated":true}]}}