{"id":464,"date":"2025-10-19T06:31:30","date_gmt":"2025-10-19T06:31:30","guid":{"rendered":"https:\/\/www.kedali.com\/?post_type=product&#038;p=464"},"modified":"2026-02-02T09:00:48","modified_gmt":"2026-02-02T09:00:48","slug":"wholesale-bathtub-shaped-storage-containers","status":"publish","type":"product","link":"https:\/\/www.kedali.com\/es\/producto\/wholesale-bathtub-shaped-storage-containers\/","title":{"rendered":"Mayorista de Accesorios de Ba\u00f1o - Jabonera en Forma de Ba\u00f1era, Recipiente para Guardar Joyas"},"content":{"rendered":"<div class=\"wp-block-columns is-layout-flex wp-container-core-columns-is-layout-9d6595d7 wp-block-columns-is-layout-flex\">\n<div class=\"wp-block-column is-layout-flow wp-block-column-is-layout-flow\">\n<h3 class=\"wp-block-heading\">Accesorios de ba\u00f1o Caracter\u00edsticas<\/h3>\n\n\n\n<ul class=\"wp-block-list\">\n<li><strong>Dise\u00f1o patentado:<\/strong> Este producto es un producto patentado desarrollado independientemente por nuestra empresa. Se trata de un almacenamiento de cer\u00e1mica en forma de ba\u00f1era.<\/li>\n\n\n\n<li><strong>Construcci\u00f3n de cer\u00e1mica de primera calidad: <\/strong>Cada pieza del juego est\u00e1 meticulosamente elaborada en cer\u00e1mica de alta calidad, lo que garantiza su durabilidad y longevidad. El acabado liso y esmaltado a\u00f1ade un toque de sofisticaci\u00f3n a la decoraci\u00f3n de su cuarto de ba\u00f1o.<\/li>\n\n\n\n<li><strong>Gran durabilidad: <\/strong>Gracias al proceso de fabricaci\u00f3n y a las caracter\u00edsticas del material de porcelana duradera, tiene una gran resistencia al calor y a los impactos, no es f\u00e1cil de romper y tiene una larga vida \u00fatil, por lo que es adecuado para el uso diario.<\/li>\n\n\n\n<li><strong>F\u00e1cil de limpiar:<\/strong> Mantener la higiene en su cuarto de ba\u00f1o no supone ning\u00fan esfuerzo con nuestro juego de accesorios de cer\u00e1mica. Basta con limpiarlos con un pa\u00f1o h\u00famedo para mantenerlos impecables d\u00eda tras d\u00eda.<\/li>\n<\/ul>\n\n\n\n<h3 class=\"wp-block-heading\">Servicio de accesorios de ba\u00f1o a medida<\/h3>\n\n\n\n<ul class=\"wp-block-list\">\n<li>Asistencia OEM y ODM<\/li>\n\n\n\n<li>Entrega r\u00e1pida de muestras.<\/li>\n\n\n\n<li>Proporcionamos productos personalizados en forma, color, patr\u00f3n, embalaje y otros servicios personalizados.<\/li>\n<\/ul>\n<\/div>\n\n\n\n<div class=\"wp-block-column is-layout-flow wp-block-column-is-layout-flow\">\n<figure class=\"wp-block-image size-full\"><img decoding=\"async\" width=\"800\" height=\"800\" src=\"https:\/\/www.kedali.com\/wp-content\/uploads\/2025\/10\/Ceramic-storage-box-dimensions.webp\" alt=\"Dimensiones de la caja de cer\u00e1mica\" class=\"wp-image-470\" srcset=\"https:\/\/www.kedali.com\/wp-content\/uploads\/2025\/10\/Ceramic-storage-box-dimensions.webp 800w, https:\/\/www.kedali.com\/wp-content\/uploads\/2025\/10\/Ceramic-storage-box-dimensions-300x300.webp 300w, https:\/\/www.kedali.com\/wp-content\/uploads\/2025\/10\/Ceramic-storage-box-dimensions-150x150.webp 150w, https:\/\/www.kedali.com\/wp-content\/uploads\/2025\/10\/Ceramic-storage-box-dimensions-768x768.webp 768w, https:\/\/www.kedali.com\/wp-content\/uploads\/2025\/10\/Ceramic-storage-box-dimensions-600x600.webp 600w, https:\/\/www.kedali.com\/wp-content\/uploads\/2025\/10\/Ceramic-storage-box-dimensions-100x100.webp 100w\" sizes=\"(max-width: 800px) 100vw, 800px\" \/><\/figure>\n<\/div>\n<\/div>\n\n\n\n<div class=\"wp-block-columns is-layout-flex wp-container-core-columns-is-layout-9d6595d7 wp-block-columns-is-layout-flex\">\n<div class=\"wp-block-column is-layout-flow wp-block-column-is-layout-flow\">\n<figure class=\"wp-block-image size-full\"><img decoding=\"async\" width=\"800\" height=\"800\" src=\"https:\/\/www.kedali.com\/wp-content\/uploads\/2025\/10\/bathroom-shaped-ceramic-storage-box-4.webp\" alt=\"caja de cer\u00e1mica con forma de cuarto de ba\u00f1o (4)\" class=\"wp-image-468\" srcset=\"https:\/\/www.kedali.com\/wp-content\/uploads\/2025\/10\/bathroom-shaped-ceramic-storage-box-4.webp 800w, https:\/\/www.kedali.com\/wp-content\/uploads\/2025\/10\/bathroom-shaped-ceramic-storage-box-4-300x300.webp 300w, https:\/\/www.kedali.com\/wp-content\/uploads\/2025\/10\/bathroom-shaped-ceramic-storage-box-4-150x150.webp 150w, https:\/\/www.kedali.com\/wp-content\/uploads\/2025\/10\/bathroom-shaped-ceramic-storage-box-4-768x768.webp 768w, https:\/\/www.kedali.com\/wp-content\/uploads\/2025\/10\/bathroom-shaped-ceramic-storage-box-4-600x600.webp 600w, https:\/\/www.kedali.com\/wp-content\/uploads\/2025\/10\/bathroom-shaped-ceramic-storage-box-4-100x100.webp 100w\" sizes=\"(max-width: 800px) 100vw, 800px\" \/><\/figure>\n<\/div>\n\n\n\n<div class=\"wp-block-column is-layout-flow wp-block-column-is-layout-flow\">\n<figure class=\"wp-block-image size-full\"><img decoding=\"async\" width=\"800\" height=\"800\" src=\"https:\/\/www.kedali.com\/wp-content\/uploads\/2025\/10\/bathroom-shaped-ceramic-storage-box-5.webp\" alt=\"caja de cer\u00e1mica con forma de cuarto de ba\u00f1o (5)\" class=\"wp-image-469\" srcset=\"https:\/\/www.kedali.com\/wp-content\/uploads\/2025\/10\/bathroom-shaped-ceramic-storage-box-5.webp 800w, https:\/\/www.kedali.com\/wp-content\/uploads\/2025\/10\/bathroom-shaped-ceramic-storage-box-5-300x300.webp 300w, https:\/\/www.kedali.com\/wp-content\/uploads\/2025\/10\/bathroom-shaped-ceramic-storage-box-5-150x150.webp 150w, https:\/\/www.kedali.com\/wp-content\/uploads\/2025\/10\/bathroom-shaped-ceramic-storage-box-5-768x768.webp 768w, https:\/\/www.kedali.com\/wp-content\/uploads\/2025\/10\/bathroom-shaped-ceramic-storage-box-5-600x600.webp 600w, https:\/\/www.kedali.com\/wp-content\/uploads\/2025\/10\/bathroom-shaped-ceramic-storage-box-5-100x100.webp 100w\" sizes=\"(max-width: 800px) 100vw, 800px\" \/><\/figure>\n<\/div>\n<\/div>","protected":false},"excerpt":{"rendered":"<p>Este recipiente de cer\u00e1mica patentado con forma de ba\u00f1era es un accesorio de ba\u00f1o \u00fanico y de alta calidad que combina estilo y funcionalidad, perfecto para guardar jab\u00f3n, joyas o peque\u00f1os objetos esenciales. P\u00f3ngase en contacto con nosotros para solicitar un presupuesto.<\/p>\n<h2>Especificaciones del contenedor de almacenamiento en forma de ba\u00f1era<\/h2>\n<table style=\"border-collapse: collapse;width: 689px;height: 247px\" border=\"0\" width=\"447\" cellspacing=\"0\" cellpadding=\"0\">\n<tbody>\n<tr style=\"height: 13.50pt\">\n<td class=\"et2\" style=\"height: 13.50pt;width: 110.25pt\" width=\"147\" height=\"18\">Marca<\/td>\n<td class=\"et2\" style=\"width: 225.00pt\" width=\"300\">KDL<\/td>\n<\/tr>\n<tr style=\"height: 13.50pt\">\n<td class=\"et2\" style=\"height: 13.50pt;width: 110.25pt\" width=\"147\" height=\"18\">Modelo<\/td>\n<td class=\"et2\" style=\"width: 225.00pt\" width=\"300\">BDL205-10-K306&amp;K146<\/td>\n<\/tr>\n<tr style=\"height: 13.50pt\">\n<td class=\"et2\" style=\"height: 13.50pt;width: 110.25pt\" width=\"147\" height=\"18\">Color<\/td>\n<td class=\"et2\" style=\"width: 225.00pt\" width=\"300\">blanco<\/td>\n<\/tr>\n<tr style=\"height: 13.50pt\">\n<td class=\"et2\" style=\"height: 13.50pt;width: 110.25pt\" width=\"147\" height=\"18\">Material<\/td>\n<td class=\"et2\" style=\"width: 225.00pt\" width=\"300\">cer\u00e1mica<\/td>\n<\/tr>\n<tr style=\"height: 13.50pt\">\n<td class=\"et2\" style=\"height: 13.50pt;width: 110.25pt\" width=\"147\" height=\"18\">Aplicaci\u00f3n<\/td>\n<td class=\"et2\" style=\"width: 225.00pt\" width=\"300\">almacenamiento en el ba\u00f1o<\/td>\n<\/tr>\n<tr style=\"height: 14.00pt\">\n<td class=\"et2\" style=\"height: 14.00pt;width: 110.25pt\" width=\"147\" height=\"18\">Dimensiones<\/td>\n<td class=\"et2\" style=\"width: 225.00pt\" width=\"300\">24.3*12.7*11cm<\/td>\n<\/tr>\n<tr style=\"height: 14.00pt\">\n<td class=\"et2\" style=\"height: 14.00pt;width: 110.25pt\" width=\"147\" height=\"18\">Peso bruto (kg)<\/td>\n<td class=\"et2\" style=\"width: 225.00pt\" width=\"300\">0,58kg\/SET<\/td>\n<\/tr>\n<tr style=\"height: 13.50pt\">\n<td class=\"et2\" style=\"height: 13.50pt;width: 110.25pt\" width=\"147\" height=\"18\">Caracter\u00edstica<\/td>\n<td class=\"et2\" style=\"width: 225.00pt\" width=\"300\">Calcoman\u00eda<\/td>\n<\/tr>\n<tr style=\"height: 27.00pt\">\n<td class=\"et2\" style=\"height: 27.00pt;width: 110.25pt\" width=\"147\" height=\"36\">Cantidad m\u00ednima de pedido<\/td>\n<td class=\"et2\" style=\"width: 225.00pt\" width=\"300\">800 unidades<\/td>\n<\/tr>\n<\/tbody>\n<\/table>","protected":false},"featured_media":465,"comment_status":"closed","ping_status":"closed","template":"","meta":{"_acf_changed":false},"product_brand":[],"product_cat":[17,31],"product_tag":[],"class_list":{"0":"post-464","1":"product","2":"type-product","3":"status-publish","4":"has-post-thumbnail","6":"product_cat-wholesale-ceramic-bathroom-accessories","7":"product_cat-wholesale-ceramic-bath-storage","9":"first","10":"instock","11":"shipping-taxable","12":"product-type-simple"},"acf":[],"_links":{"self":[{"href":"https:\/\/www.kedali.com\/es\/wp-json\/wp\/v2\/product\/464","targetHints":{"allow":["GET"]}}],"collection":[{"href":"https:\/\/www.kedali.com\/es\/wp-json\/wp\/v2\/product"}],"about":[{"href":"https:\/\/www.kedali.com\/es\/wp-json\/wp\/v2\/types\/product"}],"replies":[{"embeddable":true,"href":"https:\/\/www.kedali.com\/es\/wp-json\/wp\/v2\/comments?post=464"}],"wp:featuredmedia":[{"embeddable":true,"href":"https:\/\/www.kedali.com\/es\/wp-json\/wp\/v2\/media\/465"}],"wp:attachment":[{"href":"https:\/\/www.kedali.com\/es\/wp-json\/wp\/v2\/media?parent=464"}],"wp:term":[{"taxonomy":"product_brand","embeddable":true,"href":"https:\/\/www.kedali.com\/es\/wp-json\/wp\/v2\/product_brand?post=464"},{"taxonomy":"product_cat","embeddable":true,"href":"https:\/\/www.kedali.com\/es\/wp-json\/wp\/v2\/product_cat?post=464"},{"taxonomy":"product_tag","embeddable":true,"href":"https:\/\/www.kedali.com\/es\/wp-json\/wp\/v2\/product_tag?post=464"}],"curies":[{"name":"wp","href":"https:\/\/api.w.org\/{rel}","templated":true}]}}