{"id":472,"date":"2025-10-19T06:47:58","date_gmt":"2025-10-19T06:47:58","guid":{"rendered":"https:\/\/www.kedali.com\/?post_type=product&#038;p=472"},"modified":"2026-02-02T08:59:08","modified_gmt":"2026-02-02T08:59:08","slug":"bulk-ceramic-bathroom-accessories","status":"publish","type":"product","link":"https:\/\/www.kedali.com\/es\/producto\/bulk-ceramic-bathroom-accessories\/","title":{"rendered":"Accesorios de ba\u00f1o de cer\u00e1mica a granel - Organizadores de cer\u00e1mica para miniba\u00f1eras"},"content":{"rendered":"<div class=\"wp-block-columns is-layout-flex wp-container-core-columns-is-layout-9d6595d7 wp-block-columns-is-layout-flex\">\n<div class=\"wp-block-column is-layout-flow wp-block-column-is-layout-flow\">\n<h3 class=\"wp-block-heading\">Organizadores de cer\u00e1mica para miniba\u00f1eras Caracter\u00edsticas<\/h3>\n\n\n\n<ul class=\"wp-block-list\">\n<li><strong>Forma \u00fanica: <\/strong>Adopta la forma de una ba\u00f1era y puede utilizarse como elemento decorativo y de almacenamiento.<\/li>\n\n\n\n<li><strong>Calcoman\u00edas de patrones: <\/strong>El patr\u00f3n adopta el proceso de calcoman\u00eda y la tecnolog\u00eda de horneado a 800 grados, que no se desvanece tras un uso prolongado y mantiene los colores brillantes.<\/li>\n\n\n\n<li><strong>Apoyo a la personalizaci\u00f3n: <\/strong>Ofrecemos precios al por mayor y servicios de compra al por mayor, y podemos personalizarlos seg\u00fan las necesidades del cliente, incluida la selecci\u00f3n de colores y estampados, para satisfacer las diversas necesidades de empresas y particulares.<\/li>\n\n\n\n<li><strong>Tama\u00f1o adecuado:<\/strong> El contenedor de cer\u00e1mica para el ba\u00f1o es lo suficientemente largo para guardar cepillos o toallas sin ocupar demasiado espacio, lo que le ayudar\u00e1 a aprovechar al m\u00e1ximo su limitada zona de tocador.<\/li>\n\n\n\n<li><strong>Duradero y f\u00e1cil de limpiar: <\/strong>Nuestros accesorios de ba\u00f1o al por mayor est\u00e1n fabricados con materiales cer\u00e1micos de alta calidad para garantizar su resistencia a las grietas y a la humedad, as\u00ed como su f\u00e1cil limpieza y mantenimiento, y mantenerlos como nuevos durante un uso prolongado.<\/li>\n<\/ul>\n\n\n\n<h3 class=\"wp-block-heading\">Servicio a medida<\/h3>\n\n\n\n<ul class=\"wp-block-list\">\n<li>Asistencia OEM y ODM<\/li>\n\n\n\n<li>Entrega r\u00e1pida de muestras.<\/li>\n\n\n\n<li>Proporcionamos productos personalizados en forma, color, patr\u00f3n, embalaje y otros servicios personalizados.<\/li>\n<\/ul>\n<\/div>\n\n\n\n<div class=\"wp-block-column is-layout-flow wp-block-column-is-layout-flow\">\n<figure class=\"wp-block-image size-full\"><img decoding=\"async\" width=\"750\" height=\"750\" src=\"https:\/\/www.kedali.com\/wp-content\/uploads\/2025\/10\/Ceramic-mini-bathtub-organizer-dimensions.webp\" alt=\"Dimensiones del organizador de cer\u00e1mica para miniba\u00f1eras\" class=\"wp-image-473\" srcset=\"https:\/\/www.kedali.com\/wp-content\/uploads\/2025\/10\/Ceramic-mini-bathtub-organizer-dimensions.webp 750w, https:\/\/www.kedali.com\/wp-content\/uploads\/2025\/10\/Ceramic-mini-bathtub-organizer-dimensions-300x300.webp 300w, https:\/\/www.kedali.com\/wp-content\/uploads\/2025\/10\/Ceramic-mini-bathtub-organizer-dimensions-150x150.webp 150w, https:\/\/www.kedali.com\/wp-content\/uploads\/2025\/10\/Ceramic-mini-bathtub-organizer-dimensions-600x600.webp 600w, https:\/\/www.kedali.com\/wp-content\/uploads\/2025\/10\/Ceramic-mini-bathtub-organizer-dimensions-100x100.webp 100w\" sizes=\"(max-width: 750px) 100vw, 750px\" \/><\/figure>\n<\/div>\n<\/div>\n\n\n\n<div class=\"wp-block-columns is-layout-flex wp-container-core-columns-is-layout-9d6595d7 wp-block-columns-is-layout-flex\">\n<div class=\"wp-block-column is-layout-flow wp-block-column-is-layout-flow\">\n<figure class=\"wp-block-image size-full\"><img decoding=\"async\" width=\"750\" height=\"750\" src=\"https:\/\/www.kedali.com\/wp-content\/uploads\/2025\/10\/ceramic-mini-bathtub-organizers-4.webp\" alt=\"organizadores de cer\u00e1mica para miniba\u00f1eras (4)\" class=\"wp-image-477\" srcset=\"https:\/\/www.kedali.com\/wp-content\/uploads\/2025\/10\/ceramic-mini-bathtub-organizers-4.webp 750w, https:\/\/www.kedali.com\/wp-content\/uploads\/2025\/10\/ceramic-mini-bathtub-organizers-4-300x300.webp 300w, https:\/\/www.kedali.com\/wp-content\/uploads\/2025\/10\/ceramic-mini-bathtub-organizers-4-150x150.webp 150w, https:\/\/www.kedali.com\/wp-content\/uploads\/2025\/10\/ceramic-mini-bathtub-organizers-4-600x600.webp 600w, https:\/\/www.kedali.com\/wp-content\/uploads\/2025\/10\/ceramic-mini-bathtub-organizers-4-100x100.webp 100w\" sizes=\"(max-width: 750px) 100vw, 750px\" \/><\/figure>\n<\/div>\n\n\n\n<div class=\"wp-block-column is-layout-flow wp-block-column-is-layout-flow\">\n<figure class=\"wp-block-image size-full\"><img decoding=\"async\" width=\"750\" height=\"750\" src=\"https:\/\/www.kedali.com\/wp-content\/uploads\/2025\/10\/ceramic-mini-bathtub-organizers-5.webp\" alt=\"organizadores de cer\u00e1mica para miniba\u00f1eras (5)\" class=\"wp-image-478\" srcset=\"https:\/\/www.kedali.com\/wp-content\/uploads\/2025\/10\/ceramic-mini-bathtub-organizers-5.webp 750w, https:\/\/www.kedali.com\/wp-content\/uploads\/2025\/10\/ceramic-mini-bathtub-organizers-5-300x300.webp 300w, https:\/\/www.kedali.com\/wp-content\/uploads\/2025\/10\/ceramic-mini-bathtub-organizers-5-150x150.webp 150w, https:\/\/www.kedali.com\/wp-content\/uploads\/2025\/10\/ceramic-mini-bathtub-organizers-5-600x600.webp 600w, https:\/\/www.kedali.com\/wp-content\/uploads\/2025\/10\/ceramic-mini-bathtub-organizers-5-100x100.webp 100w\" sizes=\"(max-width: 750px) 100vw, 750px\" \/><\/figure>\n<\/div>\n<\/div>","protected":false},"excerpt":{"rendered":"<p>Accesorios de ba\u00f1o de cer\u00e1mica al por mayor, este adorable mini organizador de ba\u00f1era de cer\u00e1mica cuenta con un atractivo \u00fanico y elegante. De tama\u00f1o perfecto, encaja perfectamente en su tocador o encimera de ba\u00f1o, almacenando convenientemente elementos esenciales como pinceles de maquillaje, toallas enrolladas, jab\u00f3n o herramientas de belleza - una soluci\u00f3n pr\u00e1ctica y hermosa.<\/p>\n<p>Como fabricante profesional de porcelana dom\u00e9stica, ofrecemos accesorios de ba\u00f1o de cer\u00e1mica a granel a precios de f\u00e1brica y ofrecemos servicios de OEM y ODM. P\u00f3ngase en contacto con nosotros para solicitar un presupuesto.<\/p>\n<h2>Especificaciones de los accesorios de ba\u00f1o de cer\u00e1mica<\/h2>\n<table style=\"border-collapse: collapse;width: 676px;height: 250px\" border=\"0\" width=\"635\" cellspacing=\"0\" cellpadding=\"0\">\n<tbody>\n<tr style=\"height: 13.50pt\">\n<td class=\"et2\" style=\"height: 13.50pt;width: 110.25pt\" width=\"147\" height=\"18\">Marca<\/td>\n<td class=\"et2\" style=\"width: 366.00pt\" width=\"488\">KDL<\/td>\n<\/tr>\n<tr style=\"height: 13.50pt\">\n<td class=\"et2\" style=\"height: 13.50pt;width: 110.25pt\" width=\"147\" height=\"18\">Modelo<\/td>\n<td class=\"et2\" style=\"width: 366.00pt\" width=\"488\">BDL205-10-K306&amp;K146<\/td>\n<\/tr>\n<tr style=\"height: 13.50pt\">\n<td class=\"et2\" style=\"height: 13.50pt;width: 110.25pt\" width=\"147\" height=\"18\">Color<\/td>\n<td class=\"et2\" style=\"width: 366.00pt\" width=\"488\">blanco<\/td>\n<\/tr>\n<tr style=\"height: 13.50pt\">\n<td class=\"et2\" style=\"height: 13.50pt;width: 110.25pt\" width=\"147\" height=\"18\">Material<\/td>\n<td class=\"et2\" style=\"width: 366.00pt\" width=\"488\">cer\u00e1mica<\/td>\n<\/tr>\n<tr style=\"height: 13.50pt\">\n<td class=\"et2\" style=\"height: 13.50pt;width: 110.25pt\" width=\"147\" height=\"18\">Aplicaci\u00f3n<\/td>\n<td class=\"et2\" style=\"width: 366.00pt\" width=\"488\">almacenamiento en el ba\u00f1o<\/td>\n<\/tr>\n<tr style=\"height: 14.00pt\">\n<td class=\"et2\" style=\"height: 14.00pt;width: 110.25pt\" width=\"147\" height=\"18\">Dimensiones<\/td>\n<td class=\"et2\" style=\"width: 366.00pt\" width=\"488\">24.3*12.7*11cm<\/td>\n<\/tr>\n<tr style=\"height: 14.00pt\">\n<td class=\"et2\" style=\"height: 14.00pt;width: 110.25pt\" width=\"147\" height=\"18\">Peso bruto (kg)<\/td>\n<td class=\"et2\" style=\"width: 366.00pt\" width=\"488\">0,58kg\/SET<\/td>\n<\/tr>\n<tr style=\"height: 13.50pt\">\n<td class=\"et2\" style=\"height: 13.50pt;width: 110.25pt\" width=\"147\" height=\"18\">Caracter\u00edstica<\/td>\n<td class=\"et2\" style=\"width: 366.00pt\" width=\"488\">Calcoman\u00eda<\/td>\n<\/tr>\n<tr style=\"height: 27.00pt\">\n<td class=\"et2\" style=\"height: 27.00pt;width: 110.25pt\" width=\"147\" height=\"36\">Cantidad m\u00ednima de pedido<\/td>\n<td class=\"et2\" style=\"width: 366.00pt\" width=\"488\">800 unidades<\/td>\n<\/tr>\n<\/tbody>\n<\/table>","protected":false},"featured_media":474,"comment_status":"closed","ping_status":"closed","template":"","meta":{"_acf_changed":false},"product_brand":[],"product_cat":[17,31],"product_tag":[],"class_list":{"0":"post-472","1":"product","2":"type-product","3":"status-publish","4":"has-post-thumbnail","6":"product_cat-wholesale-ceramic-bathroom-accessories","7":"product_cat-wholesale-ceramic-bath-storage","9":"first","10":"instock","11":"shipping-taxable","12":"product-type-simple"},"acf":[],"_links":{"self":[{"href":"https:\/\/www.kedali.com\/es\/wp-json\/wp\/v2\/product\/472","targetHints":{"allow":["GET"]}}],"collection":[{"href":"https:\/\/www.kedali.com\/es\/wp-json\/wp\/v2\/product"}],"about":[{"href":"https:\/\/www.kedali.com\/es\/wp-json\/wp\/v2\/types\/product"}],"replies":[{"embeddable":true,"href":"https:\/\/www.kedali.com\/es\/wp-json\/wp\/v2\/comments?post=472"}],"wp:featuredmedia":[{"embeddable":true,"href":"https:\/\/www.kedali.com\/es\/wp-json\/wp\/v2\/media\/474"}],"wp:attachment":[{"href":"https:\/\/www.kedali.com\/es\/wp-json\/wp\/v2\/media?parent=472"}],"wp:term":[{"taxonomy":"product_brand","embeddable":true,"href":"https:\/\/www.kedali.com\/es\/wp-json\/wp\/v2\/product_brand?post=472"},{"taxonomy":"product_cat","embeddable":true,"href":"https:\/\/www.kedali.com\/es\/wp-json\/wp\/v2\/product_cat?post=472"},{"taxonomy":"product_tag","embeddable":true,"href":"https:\/\/www.kedali.com\/es\/wp-json\/wp\/v2\/product_tag?post=472"}],"curies":[{"name":"wp","href":"https:\/\/api.w.org\/{rel}","templated":true}]}}