{"id":488,"date":"2025-10-21T07:52:08","date_gmt":"2025-10-21T07:52:08","guid":{"rendered":"https:\/\/www.kedali.com\/?post_type=product&#038;p=488"},"modified":"2026-01-08T06:19:59","modified_gmt":"2026-01-08T06:19:59","slug":"wholesale-6-piece-luxury-ceramic-bathroom-accessories-set","status":"publish","type":"product","link":"https:\/\/www.kedali.com\/es\/producto\/wholesale-6-piece-luxury-ceramic-bathroom-accessories-set\/","title":{"rendered":"Set de accesorios de ba\u00f1o de cer\u00e1mica de lujo de 6 piezas con dosificador, vaso, jarra y jabonera"},"content":{"rendered":"<div class=\"wp-block-columns is-layout-flex wp-container-core-columns-is-layout-9d6595d7 wp-block-columns-is-layout-flex\">\n<div class=\"wp-block-column is-layout-flow wp-block-column-is-layout-flow\">\n<h3 class=\"wp-block-heading\">Set de Accesorios de Ba\u00f1o de Cer\u00e1mica Caracter\u00edsticas<\/h3>\n\n\n\n<ul class=\"wp-block-list\">\n<li><strong>Est\u00e9tica elegante: <\/strong>Esta colecci\u00f3n de accesorios de ba\u00f1o de cer\u00e1mica crea un aspecto unificado y de alta gama en cualquier cuarto de ba\u00f1o, creando una lujosa est\u00e9tica francesa o cl\u00e1sica moderna.<\/li>\n\n\n\n<li><strong>Variedad de estilos: <\/strong>La colecci\u00f3n incluye numerosos estilos, cada uno con una rica selecci\u00f3n de accesorios de ba\u00f1o, que ofrecen un alto valor percibido al consumidor final, lo que la convierte en un atractivo art\u00edculo de venta al por menor en tiendas de art\u00edculos para el hogar, tiendas de regalos y grandes almacenes.<\/li>\n\n\n\n<li><strong>Durabilidad: <\/strong>La gran dureza y resistencia al desgaste de la cer\u00e1mica la hacen resistente a los ara\u00f1azos y da\u00f1os del uso diario. Mantiene una superficie lisa con el paso del tiempo, lo que reduce el riesgo de bacterias procedentes de superficies rugosas.<\/li>\n\n\n\n<li><strong>F\u00e1cil de limpiar y mantener: <\/strong>La superficie cer\u00e1mica es resistente a las manchas, lo que facilita y agiliza la limpieza diaria y garantiza una limpieza y belleza duraderas.<\/li>\n\n\n\n<li><strong>Gran estabilidad:<\/strong> La alta densidad del material lo hace muy resistente a la deformaci\u00f3n y a los da\u00f1os causados por la humedad y la presi\u00f3n, lo que garantiza una larga vida \u00fatil.<\/li>\n<\/ul>\n\n\n\n<h3 class=\"wp-block-heading\">Servicio a medida<\/h3>\n\n\n\n<ul class=\"wp-block-list\">\n<li>Asistencia OEM y ODM<\/li>\n\n\n\n<li>Entrega r\u00e1pida de muestras.<\/li>\n\n\n\n<li>Proporcionamos productos personalizados en forma, color, patr\u00f3n, embalaje y otros servicios personalizados.<\/li>\n<\/ul>\n<\/div>\n\n\n\n<div class=\"wp-block-column is-layout-flow wp-block-column-is-layout-flow\">\n<figure class=\"wp-block-image size-full\"><img decoding=\"async\" width=\"790\" height=\"790\" src=\"https:\/\/www.kedali.com\/wp-content\/uploads\/2025\/10\/wholesale-ceramic-bathroom-accessories-sets-1.webp\" alt=\"venta al por mayor conjuntos de accesorios de ba\u00f1o de cer\u00e1mica (1)\" class=\"wp-image-489\" srcset=\"https:\/\/www.kedali.com\/wp-content\/uploads\/2025\/10\/wholesale-ceramic-bathroom-accessories-sets-1.webp 790w, https:\/\/www.kedali.com\/wp-content\/uploads\/2025\/10\/wholesale-ceramic-bathroom-accessories-sets-1-300x300.webp 300w, https:\/\/www.kedali.com\/wp-content\/uploads\/2025\/10\/wholesale-ceramic-bathroom-accessories-sets-1-150x150.webp 150w, https:\/\/www.kedali.com\/wp-content\/uploads\/2025\/10\/wholesale-ceramic-bathroom-accessories-sets-1-768x768.webp 768w, https:\/\/www.kedali.com\/wp-content\/uploads\/2025\/10\/wholesale-ceramic-bathroom-accessories-sets-1-600x600.webp 600w, https:\/\/www.kedali.com\/wp-content\/uploads\/2025\/10\/wholesale-ceramic-bathroom-accessories-sets-1-100x100.webp 100w\" sizes=\"(max-width: 790px) 100vw, 790px\" \/><\/figure>\n<\/div>\n<\/div>\n\n\n\n<div class=\"wp-block-columns is-layout-flex wp-container-core-columns-is-layout-9d6595d7 wp-block-columns-is-layout-flex\">\n<div class=\"wp-block-column is-layout-flow wp-block-column-is-layout-flow\">\n<figure class=\"wp-block-image size-full\"><img decoding=\"async\" width=\"750\" height=\"750\" src=\"https:\/\/www.kedali.com\/wp-content\/uploads\/2025\/10\/wholesale-ceramic-bathroom-accessories-sets-6.webp\" alt=\"venta al mayor juegos de accesorios de ba\u00f1o de cer\u00e1mica (6)\" class=\"wp-image-494\" srcset=\"https:\/\/www.kedali.com\/wp-content\/uploads\/2025\/10\/wholesale-ceramic-bathroom-accessories-sets-6.webp 750w, https:\/\/www.kedali.com\/wp-content\/uploads\/2025\/10\/wholesale-ceramic-bathroom-accessories-sets-6-300x300.webp 300w, https:\/\/www.kedali.com\/wp-content\/uploads\/2025\/10\/wholesale-ceramic-bathroom-accessories-sets-6-150x150.webp 150w, https:\/\/www.kedali.com\/wp-content\/uploads\/2025\/10\/wholesale-ceramic-bathroom-accessories-sets-6-600x600.webp 600w, https:\/\/www.kedali.com\/wp-content\/uploads\/2025\/10\/wholesale-ceramic-bathroom-accessories-sets-6-100x100.webp 100w\" sizes=\"(max-width: 750px) 100vw, 750px\" \/><\/figure>\n<\/div>\n\n\n\n<div class=\"wp-block-column is-layout-flow wp-block-column-is-layout-flow\">\n<figure class=\"wp-block-image size-full\"><img decoding=\"async\" width=\"790\" height=\"790\" src=\"https:\/\/www.kedali.com\/wp-content\/uploads\/2025\/10\/wholesale-ceramic-bathroom-accessories-sets-8.webp\" alt=\"venta al por mayor juegos de accesorios de ba\u00f1o de cer\u00e1mica (8)\" class=\"wp-image-496\" srcset=\"https:\/\/www.kedali.com\/wp-content\/uploads\/2025\/10\/wholesale-ceramic-bathroom-accessories-sets-8.webp 790w, https:\/\/www.kedali.com\/wp-content\/uploads\/2025\/10\/wholesale-ceramic-bathroom-accessories-sets-8-300x300.webp 300w, https:\/\/www.kedali.com\/wp-content\/uploads\/2025\/10\/wholesale-ceramic-bathroom-accessories-sets-8-150x150.webp 150w, https:\/\/www.kedali.com\/wp-content\/uploads\/2025\/10\/wholesale-ceramic-bathroom-accessories-sets-8-768x768.webp 768w, https:\/\/www.kedali.com\/wp-content\/uploads\/2025\/10\/wholesale-ceramic-bathroom-accessories-sets-8-600x600.webp 600w, https:\/\/www.kedali.com\/wp-content\/uploads\/2025\/10\/wholesale-ceramic-bathroom-accessories-sets-8-100x100.webp 100w\" sizes=\"(max-width: 790px) 100vw, 790px\" \/><\/figure>\n<\/div>\n<\/div>","protected":false},"excerpt":{"rendered":"<p>Juego de accesorios de ba\u00f1o de cer\u00e1mica de lujo al por mayor, que combina belleza y practicidad. Incluye un dispensador de jab\u00f3n l\u00edquido con una bomba de cromo elegante, un soporte de cepillo de dientes, una taza de enjuague, un plato de jab\u00f3n, un hisopo de algod\u00f3n o recipiente de almacenamiento de bolas con una tapa, y un soporte de cepillo de inodoro. P\u00f3ngase en contacto con nosotros para precios al por mayor.<\/p>\n<h2>Especificaciones del set de accesorios de cer\u00e1mica para ba\u00f1o<\/h2>\n<table style=\"height: 348px;\" width=\"702\">\n<tbody>\n<tr>\n<td style=\"text-align: center;\" width=\"147\">Marca<\/td>\n<td style=\"text-align: center;\" width=\"488\">KDL<\/td>\n<\/tr>\n<tr>\n<td style=\"text-align: center;\" width=\"147\">Modelo<\/td>\n<td style=\"text-align: center;\" width=\"488\">BQ537-K738<\/td>\n<\/tr>\n<tr>\n<td width=\"147\">Color<\/td>\n<td width=\"488\">blanco<\/td>\n<\/tr>\n<tr>\n<td width=\"147\">Material<\/td>\n<td width=\"488\">cer\u00e1mica<\/td>\n<\/tr>\n<tr>\n<td width=\"147\">Aplicaci\u00f3n<\/td>\n<td width=\"488\">set de accesorios de ba\u00f1o<\/td>\n<\/tr>\n<tr>\n<td style=\"text-align: center;\" width=\"147\">Dimensiones<\/td>\n<td style=\"text-align: center;\" width=\"488\">Dispensador:7*7*21,5cm; Vaciador:7*7*11,5cm; Portacepillo de dientes:11,3*6,6*12cm; Jabonera:14,6*10*3cm; Portacepillo de toallas:10*10*13cm; Tarro:10*10*16cm;<\/td>\n<\/tr>\n<tr>\n<td width=\"147\">Peso bruto (kg)<\/td>\n<td width=\"488\">4 kg\/set<\/td>\n<\/tr>\n<tr>\n<td width=\"147\">Caracter\u00edstica<\/td>\n<td width=\"488\">galvanoplastia<\/td>\n<\/tr>\n<tr>\n<td style=\"text-align: center;\" width=\"147\">Cantidad m\u00ednima de pedido<\/td>\n<td style=\"text-align: center;\" width=\"488\">800 conjuntos<\/td>\n<\/tr>\n<\/tbody>\n<\/table>\n<p>&nbsp;<\/p>\n<p><script src=\"chrome-extension:\/\/fpelahbljekknahkcaegamhcndkfpfnc\/iFrame.js\" type=\"text\/javascript\"><\/script><\/p>","protected":false},"featured_media":489,"comment_status":"closed","ping_status":"closed","template":"","meta":{"_acf_changed":false},"product_brand":[],"product_cat":[17,32],"product_tag":[],"class_list":{"0":"post-488","1":"product","2":"type-product","3":"status-publish","4":"has-post-thumbnail","6":"product_cat-wholesale-ceramic-bathroom-accessories","7":"product_cat-wholesale-ceramic-bath-accessories-sets","9":"first","10":"instock","11":"shipping-taxable","12":"product-type-simple"},"acf":[],"_links":{"self":[{"href":"https:\/\/www.kedali.com\/es\/wp-json\/wp\/v2\/product\/488","targetHints":{"allow":["GET"]}}],"collection":[{"href":"https:\/\/www.kedali.com\/es\/wp-json\/wp\/v2\/product"}],"about":[{"href":"https:\/\/www.kedali.com\/es\/wp-json\/wp\/v2\/types\/product"}],"replies":[{"embeddable":true,"href":"https:\/\/www.kedali.com\/es\/wp-json\/wp\/v2\/comments?post=488"}],"wp:featuredmedia":[{"embeddable":true,"href":"https:\/\/www.kedali.com\/es\/wp-json\/wp\/v2\/media\/489"}],"wp:attachment":[{"href":"https:\/\/www.kedali.com\/es\/wp-json\/wp\/v2\/media?parent=488"}],"wp:term":[{"taxonomy":"product_brand","embeddable":true,"href":"https:\/\/www.kedali.com\/es\/wp-json\/wp\/v2\/product_brand?post=488"},{"taxonomy":"product_cat","embeddable":true,"href":"https:\/\/www.kedali.com\/es\/wp-json\/wp\/v2\/product_cat?post=488"},{"taxonomy":"product_tag","embeddable":true,"href":"https:\/\/www.kedali.com\/es\/wp-json\/wp\/v2\/product_tag?post=488"}],"curies":[{"name":"wp","href":"https:\/\/api.w.org\/{rel}","templated":true}]}}