{"id":501,"date":"2025-10-21T11:04:28","date_gmt":"2025-10-21T11:04:28","guid":{"rendered":"https:\/\/www.kedali.com\/?post_type=product&#038;p=501"},"modified":"2025-11-13T06:10:30","modified_gmt":"2025-11-13T06:10:30","slug":"4-piece-ceramic-bathroom-accessories-set-wholesale","status":"publish","type":"product","link":"https:\/\/www.kedali.com\/es\/producto\/4-piece-ceramic-bathroom-accessories-set-wholesale\/","title":{"rendered":"Precio de f\u00e1brica Accesorios de ba\u00f1o de cer\u00e1mica 4 piezas con letras en relieve"},"content":{"rendered":"<div class=\"wp-block-columns is-layout-flex wp-container-core-columns-is-layout-9d6595d7 wp-block-columns-is-layout-flex\">\n<div class=\"wp-block-column is-layout-flow wp-block-column-is-layout-flow\">\n<h3 class=\"wp-block-heading\">Set de accesorios de ba\u00f1o de cer\u00e1mica Caracter\u00edsticas<\/h3>\n\n\n\n<ul class=\"wp-block-list\">\n<li><strong>Dise\u00f1o creativo:<\/strong> El exclusivo dise\u00f1o del tarro Mason encarna una est\u00e9tica moderna y cl\u00e1sica.<\/li>\n\n\n\n<li><strong>Dise\u00f1o funcional: <\/strong>Cada una de las piezas del juego se ha dise\u00f1ado pensando en la funcionalidad, para que sirva a un prop\u00f3sito espec\u00edfico y combine a la perfecci\u00f3n con la decoraci\u00f3n de su cuarto de ba\u00f1o.<\/li>\n\n\n\n<li><strong>Vers\u00e1til: <\/strong>El juego de accesorios de ba\u00f1o incluye un dosificador de jab\u00f3n, un portacepillos de dientes, un vaso\/jarra y una jabonera, que completan lo esencial para la encimera de su ba\u00f1o.<\/li>\n\n\n\n<li><strong>Variedad de colores: <\/strong>El conjunto est\u00e1 disponible en una variedad de colores vivos y elegantes, como blanco, gris, beige\/taup\u00e9 y azul claro\/verde menta. Esta gama de colores permite que las piezas combinen a la perfecci\u00f3n con cualquier estilo de ba\u00f1o.<\/li>\n\n\n\n<li><strong>Duradera: <\/strong>La duradera cer\u00e1mica es muy resistente al calor y a los golpes, lo que la hace irrompible y duradera para el uso diario.<\/li>\n\n\n\n<li><strong>F\u00e1cil de limpiar:<\/strong> Mantener la higiene del ba\u00f1o es f\u00e1cil con nuestro juego de accesorios de cer\u00e1mica. Basta con pasar un pa\u00f1o h\u00famedo para obtener un acabado limpio y de aspecto fresco, d\u00eda tras d\u00eda.<\/li>\n<\/ul>\n\n\n\n<h3 class=\"wp-block-heading\">Servicio a medida<\/h3>\n\n\n\n<ul class=\"wp-block-list\">\n<li>Asistencia OEM y ODM<\/li>\n\n\n\n<li>Entrega r\u00e1pida de muestras.<\/li>\n\n\n\n<li>Proporcionamos productos personalizados en forma, color, patr\u00f3n, embalaje y otros servicios personalizados.<\/li>\n<\/ul>\n<\/div>\n\n\n\n<div class=\"wp-block-column is-layout-flow wp-block-column-is-layout-flow\">\n<figure class=\"wp-block-image size-full\"><img decoding=\"async\" width=\"750\" height=\"750\" src=\"https:\/\/www.kedali.com\/wp-content\/uploads\/2025\/10\/4-piece-ceramic-bathroom-accessories-set-6.webp\" alt=\"Juego de accesorios de ba\u00f1o de cer\u00e1mica de 4 piezas (6)\" class=\"wp-image-507\" srcset=\"https:\/\/www.kedali.com\/wp-content\/uploads\/2025\/10\/4-piece-ceramic-bathroom-accessories-set-6.webp 750w, https:\/\/www.kedali.com\/wp-content\/uploads\/2025\/10\/4-piece-ceramic-bathroom-accessories-set-6-300x300.webp 300w, https:\/\/www.kedali.com\/wp-content\/uploads\/2025\/10\/4-piece-ceramic-bathroom-accessories-set-6-150x150.webp 150w, https:\/\/www.kedali.com\/wp-content\/uploads\/2025\/10\/4-piece-ceramic-bathroom-accessories-set-6-600x600.webp 600w, https:\/\/www.kedali.com\/wp-content\/uploads\/2025\/10\/4-piece-ceramic-bathroom-accessories-set-6-100x100.webp 100w\" sizes=\"(max-width: 750px) 100vw, 750px\" \/><\/figure>\n<\/div>\n<\/div>\n\n\n\n<div class=\"wp-block-columns is-layout-flex wp-container-core-columns-is-layout-9d6595d7 wp-block-columns-is-layout-flex\">\n<div class=\"wp-block-column is-layout-flow wp-block-column-is-layout-flow\">\n<figure class=\"wp-block-image size-full\"><img decoding=\"async\" width=\"750\" height=\"750\" src=\"https:\/\/www.kedali.com\/wp-content\/uploads\/2025\/10\/4-piece-ceramic-bathroom-accessories-set-4.webp\" alt=\"Juego de accesorios de ba\u00f1o de cer\u00e1mica de 4 piezas (4)\" class=\"wp-image-505\" srcset=\"https:\/\/www.kedali.com\/wp-content\/uploads\/2025\/10\/4-piece-ceramic-bathroom-accessories-set-4.webp 750w, https:\/\/www.kedali.com\/wp-content\/uploads\/2025\/10\/4-piece-ceramic-bathroom-accessories-set-4-300x300.webp 300w, https:\/\/www.kedali.com\/wp-content\/uploads\/2025\/10\/4-piece-ceramic-bathroom-accessories-set-4-150x150.webp 150w, https:\/\/www.kedali.com\/wp-content\/uploads\/2025\/10\/4-piece-ceramic-bathroom-accessories-set-4-600x600.webp 600w, https:\/\/www.kedali.com\/wp-content\/uploads\/2025\/10\/4-piece-ceramic-bathroom-accessories-set-4-100x100.webp 100w\" sizes=\"(max-width: 750px) 100vw, 750px\" \/><\/figure>\n<\/div>\n\n\n\n<div class=\"wp-block-column is-layout-flow wp-block-column-is-layout-flow\">\n<figure class=\"wp-block-image size-full\"><img decoding=\"async\" width=\"750\" height=\"750\" src=\"https:\/\/www.kedali.com\/wp-content\/uploads\/2025\/10\/4-piece-ceramic-bathroom-accessories-set-5.webp\" alt=\"Juego de accesorios de ba\u00f1o de cer\u00e1mica de 4 piezas (5)\" class=\"wp-image-506\" srcset=\"https:\/\/www.kedali.com\/wp-content\/uploads\/2025\/10\/4-piece-ceramic-bathroom-accessories-set-5.webp 750w, https:\/\/www.kedali.com\/wp-content\/uploads\/2025\/10\/4-piece-ceramic-bathroom-accessories-set-5-300x300.webp 300w, https:\/\/www.kedali.com\/wp-content\/uploads\/2025\/10\/4-piece-ceramic-bathroom-accessories-set-5-150x150.webp 150w, https:\/\/www.kedali.com\/wp-content\/uploads\/2025\/10\/4-piece-ceramic-bathroom-accessories-set-5-600x600.webp 600w, https:\/\/www.kedali.com\/wp-content\/uploads\/2025\/10\/4-piece-ceramic-bathroom-accessories-set-5-100x100.webp 100w\" sizes=\"(max-width: 750px) 100vw, 750px\" \/><\/figure>\n<\/div>\n<\/div>","protected":false},"excerpt":{"rendered":"<p style=\"text-align: left;\">Venta al por mayor de conjuntos de accesorios de ba\u00f1o de cer\u00e1mica Mason jar. Cada juego incluye un dispensador de jab\u00f3n l\u00edquido con una bomba de acero inoxidable, un portacepillos de dientes abierto, un vaso de enjuague y una jabonera de rejilla de dise\u00f1o inteligente, reuniendo todos los elementos esenciales para el ba\u00f1o. Disponible en varios colores para adaptarse a cualquier estilo de ba\u00f1o. La cantidad m\u00ednima de pedido es de 800 juegos. Minoristas, mayoristas e importadores pueden ponerse en contacto con nosotros.<\/p>\n<h2 style=\"text-align: left;\">Especificaciones del juego de accesorios de ba\u00f1o de cer\u00e1mica de 4 piezas<\/h2>\n<table class=\"alignleft\" width=\"635\">\n<tbody>\n<tr>\n<td width=\"147\">Marca<\/td>\n<td width=\"488\">KDL<\/td>\n<\/tr>\n<tr>\n<td width=\"147\">Modelo<\/td>\n<td width=\"488\">DBS266-K466<\/td>\n<\/tr>\n<tr>\n<td width=\"147\">Nombre<\/td>\n<td width=\"488\">set de accesorios de ba\u00f1o de cer\u00e1mica<\/td>\n<\/tr>\n<tr>\n<td width=\"147\">Color<\/td>\n<td width=\"488\">blanco<\/td>\n<\/tr>\n<tr>\n<td width=\"147\">Material<\/td>\n<td width=\"488\">cer\u00e1mica<\/td>\n<\/tr>\n<tr>\n<td width=\"147\">Aplicaci\u00f3n<\/td>\n<td width=\"488\">cuarto de ba\u00f1o\u00a0<\/td>\n<\/tr>\n<tr>\n<td width=\"147\">Dimensiones<\/td>\n<td width=\"488\">Dispensador:7,7*7,7*18,5cm; Vaso:7,7*7,7*12cm Portacepillos de dientes:7,7*7,7*12cm; Jabonera:13,2*8*1,7cm;<\/td>\n<\/tr>\n<tr>\n<td width=\"147\">Peso bruto (kg)<\/td>\n<td width=\"488\">2kg\/set<\/td>\n<\/tr>\n<tr>\n<td width=\"147\">Caracter\u00edstica<\/td>\n<td width=\"488\">Tallado<\/td>\n<\/tr>\n<tr>\n<td width=\"147\">Cantidad m\u00ednima de pedido<\/td>\n<td width=\"488\">800 conjuntos<\/td>\n<\/tr>\n<\/tbody>\n<\/table>\n<p style=\"text-align: left;\">\u00a0<\/p>\n<p style=\"text-align: left;\">\u00a0<\/p>","protected":false},"featured_media":502,"comment_status":"closed","ping_status":"closed","template":"","meta":{"_acf_changed":false},"product_brand":[],"product_cat":[17,32],"product_tag":[],"class_list":{"0":"post-501","1":"product","2":"type-product","3":"status-publish","4":"has-post-thumbnail","6":"product_cat-wholesale-ceramic-bathroom-accessories","7":"product_cat-wholesale-ceramic-bath-accessories-sets","9":"first","10":"instock","11":"shipping-taxable","12":"product-type-simple"},"acf":[],"_links":{"self":[{"href":"https:\/\/www.kedali.com\/es\/wp-json\/wp\/v2\/product\/501","targetHints":{"allow":["GET"]}}],"collection":[{"href":"https:\/\/www.kedali.com\/es\/wp-json\/wp\/v2\/product"}],"about":[{"href":"https:\/\/www.kedali.com\/es\/wp-json\/wp\/v2\/types\/product"}],"replies":[{"embeddable":true,"href":"https:\/\/www.kedali.com\/es\/wp-json\/wp\/v2\/comments?post=501"}],"wp:featuredmedia":[{"embeddable":true,"href":"https:\/\/www.kedali.com\/es\/wp-json\/wp\/v2\/media\/502"}],"wp:attachment":[{"href":"https:\/\/www.kedali.com\/es\/wp-json\/wp\/v2\/media?parent=501"}],"wp:term":[{"taxonomy":"product_brand","embeddable":true,"href":"https:\/\/www.kedali.com\/es\/wp-json\/wp\/v2\/product_brand?post=501"},{"taxonomy":"product_cat","embeddable":true,"href":"https:\/\/www.kedali.com\/es\/wp-json\/wp\/v2\/product_cat?post=501"},{"taxonomy":"product_tag","embeddable":true,"href":"https:\/\/www.kedali.com\/es\/wp-json\/wp\/v2\/product_tag?post=501"}],"curies":[{"name":"wp","href":"https:\/\/api.w.org\/{rel}","templated":true}]}}