{"id":652,"date":"2025-10-21T06:41:14","date_gmt":"2025-10-21T06:41:14","guid":{"rendered":"https:\/\/www.kedali.com\/?post_type=product&#038;p=652"},"modified":"2026-02-19T06:07:37","modified_gmt":"2026-02-19T06:07:37","slug":"wholesale-ceramic-tea-set-4-piece","status":"publish","type":"product","link":"https:\/\/www.kedali.com\/es\/producto\/wholesale-ceramic-tea-set-4-piece\/","title":{"rendered":"Juego de T\u00e9 de Cer\u00e1mica al por mayor - Soporte para postres de dos pisos y portavasos incluidos"},"content":{"rendered":"<div class=\"wp-block-columns is-layout-flex wp-container-core-columns-is-layout-9d6595d7 wp-block-columns-is-layout-flex\">\n<div class=\"wp-block-column is-layout-flow wp-block-column-is-layout-flow\">\n<h3 class=\"wp-block-heading\">Juego de t\u00e9 de cer\u00e1mica Caracter\u00edsticas<\/h3>\n\n\n\n<ul class=\"wp-block-list\">\n<li><strong>Dise\u00f1o creativo: <\/strong>Con un \u201cglobo aerost\u00e1tico\u201d como elemento central del dise\u00f1o, tanto la tetera como las tazas de t\u00e9 adoptan esta forma \u00fanica, creando un aspecto muy reconocible y memorable.<\/li>\n\n\n\n<li><strong>Materiales seguros: <\/strong>Fabricado con caol\u00edn o arcilla de porcelana de alta calidad, el sinterizado de alta densidad da como resultado una superficie lisa y sin part\u00edculas. El esmalte de calidad alimentaria es resistente a la liberaci\u00f3n de metales pesados con el paso del tiempo.<\/li>\n\n\n\n<li><strong>Artesan\u00eda exquisita: <\/strong>Este juego de t\u00e9 de alta gama utiliza una t\u00e9cnica de cocci\u00f3n lenta a alta temperatura para aumentar la densidad de la vajilla, reducir la absorci\u00f3n de agua y proporcionar una mayor resistencia a los impactos.<\/li>\n\n\n\n<li><strong>F\u00e1cil de limpiar:<\/strong> Este juego de t\u00e9 de cer\u00e1mica es f\u00e1cil de usar y limpiar, y recupera su brillo inmaculado con una simple limpieza.<\/li>\n<\/ul>\n\n\n\n<h3 class=\"wp-block-heading\">Servicio a medida<\/h3>\n\n\n\n<ul class=\"wp-block-list\">\n<li>Asistencia OEM y ODM<\/li>\n\n\n\n<li>Entrega r\u00e1pida de muestras.<\/li>\n\n\n\n<li>Proporcionamos productos personalizados en forma, color, patr\u00f3n, embalaje y otros servicios personalizados.<\/li>\n<\/ul>\n<\/div>\n\n\n\n<div class=\"wp-block-column is-layout-flow wp-block-column-is-layout-flow\">\n<figure class=\"wp-block-image size-full\"><img decoding=\"async\" width=\"800\" height=\"800\" src=\"https:\/\/www.kedali.com\/wp-content\/uploads\/2025\/10\/ceramic-tea-set-dimensions-1.webp\" alt=\"juego de t\u00e9 de cer\u00e1mica dimensiones\" class=\"wp-image-657\" srcset=\"https:\/\/www.kedali.com\/wp-content\/uploads\/2025\/10\/ceramic-tea-set-dimensions-1.webp 800w, https:\/\/www.kedali.com\/wp-content\/uploads\/2025\/10\/ceramic-tea-set-dimensions-1-300x300.webp 300w, https:\/\/www.kedali.com\/wp-content\/uploads\/2025\/10\/ceramic-tea-set-dimensions-1-150x150.webp 150w, https:\/\/www.kedali.com\/wp-content\/uploads\/2025\/10\/ceramic-tea-set-dimensions-1-768x768.webp 768w, https:\/\/www.kedali.com\/wp-content\/uploads\/2025\/10\/ceramic-tea-set-dimensions-1-600x600.webp 600w, https:\/\/www.kedali.com\/wp-content\/uploads\/2025\/10\/ceramic-tea-set-dimensions-1-100x100.webp 100w\" sizes=\"(max-width: 800px) 100vw, 800px\" \/><\/figure>\n<\/div>\n<\/div>\n\n\n\n<div class=\"wp-block-columns is-layout-flex wp-container-core-columns-is-layout-9d6595d7 wp-block-columns-is-layout-flex\">\n<div class=\"wp-block-column is-layout-flow wp-block-column-is-layout-flow\">\n<figure class=\"wp-block-image size-full\"><img decoding=\"async\" width=\"800\" height=\"800\" src=\"https:\/\/www.kedali.com\/wp-content\/uploads\/2025\/10\/wholesale-ceramic-tea-set-3.webp\" alt=\"juego de t\u00e9 de cer\u00e1mica al por mayor (3)\" class=\"wp-image-660\" srcset=\"https:\/\/www.kedali.com\/wp-content\/uploads\/2025\/10\/wholesale-ceramic-tea-set-3.webp 800w, https:\/\/www.kedali.com\/wp-content\/uploads\/2025\/10\/wholesale-ceramic-tea-set-3-300x300.webp 300w, https:\/\/www.kedali.com\/wp-content\/uploads\/2025\/10\/wholesale-ceramic-tea-set-3-150x150.webp 150w, https:\/\/www.kedali.com\/wp-content\/uploads\/2025\/10\/wholesale-ceramic-tea-set-3-768x768.webp 768w, https:\/\/www.kedali.com\/wp-content\/uploads\/2025\/10\/wholesale-ceramic-tea-set-3-600x600.webp 600w, https:\/\/www.kedali.com\/wp-content\/uploads\/2025\/10\/wholesale-ceramic-tea-set-3-100x100.webp 100w\" sizes=\"(max-width: 800px) 100vw, 800px\" \/><\/figure>\n<\/div>\n\n\n\n<div class=\"wp-block-column is-layout-flow wp-block-column-is-layout-flow\">\n<figure class=\"wp-block-image size-full\"><img decoding=\"async\" width=\"800\" height=\"800\" src=\"https:\/\/www.kedali.com\/wp-content\/uploads\/2025\/10\/wholesale-ceramic-tea-set-4.webp\" alt=\"juego de t\u00e9 de cer\u00e1mica al por mayor (4)\" class=\"wp-image-661\" srcset=\"https:\/\/www.kedali.com\/wp-content\/uploads\/2025\/10\/wholesale-ceramic-tea-set-4.webp 800w, https:\/\/www.kedali.com\/wp-content\/uploads\/2025\/10\/wholesale-ceramic-tea-set-4-300x300.webp 300w, https:\/\/www.kedali.com\/wp-content\/uploads\/2025\/10\/wholesale-ceramic-tea-set-4-150x150.webp 150w, https:\/\/www.kedali.com\/wp-content\/uploads\/2025\/10\/wholesale-ceramic-tea-set-4-768x768.webp 768w, https:\/\/www.kedali.com\/wp-content\/uploads\/2025\/10\/wholesale-ceramic-tea-set-4-600x600.webp 600w, https:\/\/www.kedali.com\/wp-content\/uploads\/2025\/10\/wholesale-ceramic-tea-set-4-100x100.webp 100w\" sizes=\"(max-width: 800px) 100vw, 800px\" \/><\/figure>\n<\/div>\n<\/div>","protected":false},"excerpt":{"rendered":"<p>Juego de t\u00e9 al por mayor. Este encantador juego de t\u00e9 de cer\u00e1mica con globo aerost\u00e1tico combina a la perfecci\u00f3n capricho y opulencia, seguro que realzar\u00e1 su t\u00e9 de la tarde. P\u00f3ngase en contacto con nosotros para un presupuesto al por mayor.<\/p>\n<h2>Especificaciones del juego de t\u00e9 de cer\u00e1mica estilo globo aerost\u00e1tico<\/h2>\n<table style=\"height: 443px;\" width=\"438\">\n<tbody>\n<tr>\n<td width=\"107\">Marca<\/td>\n<td width=\"337\">KDL<\/td>\n<\/tr>\n<tr>\n<td width=\"107\">Modelo<\/td>\n<td width=\"337\">TDQ241-A197<\/td>\n<\/tr>\n<tr>\n<td width=\"107\">Color<\/td>\n<td width=\"337\">Blanco y rojo<\/td>\n<\/tr>\n<tr>\n<td width=\"107\">Material<\/td>\n<td width=\"337\">Cer\u00e1mica<\/td>\n<\/tr>\n<tr>\n<td width=\"107\">Aplicaci\u00f3n<\/td>\n<td width=\"337\">Juego de t\u00e9 de cer\u00e1mica<\/td>\n<\/tr>\n<tr>\n<td width=\"107\">Dimensiones<\/td>\n<td width=\"337\">Tetera:24.5*13*21.8cm<br \/>Tarro de leche:12*8*10 0cm<br \/>Taza:11*7.8*9.2cm<br \/>Platillo:14*14*2cm<br \/>Placa de dos capas:25.5*25.5*24cm<\/td>\n<\/tr>\n<tr>\n<td width=\"107\">Peso bruto (kg)<\/td>\n<td width=\"337\">5 kg<\/td>\n<\/tr>\n<tr>\n<td width=\"107\">Caracter\u00edstica<\/td>\n<td width=\"337\">Color glaseado<\/td>\n<\/tr>\n<tr>\n<td width=\"107\">Cantidad m\u00ednima de pedido<\/td>\n<td width=\"337\">800 juegos<\/td>\n<\/tr>\n<\/tbody>\n<\/table>","protected":false},"featured_media":658,"comment_status":"closed","ping_status":"closed","template":"","meta":{"_acf_changed":false},"product_brand":[],"product_cat":[29,53,21],"product_tag":[],"class_list":{"0":"post-652","1":"product","2":"type-product","3":"status-publish","4":"has-post-thumbnail","6":"product_cat-wholesale-ceramic-tea-sets","7":"product_cat-wholesale-coffee-and-tea-sets","8":"product_cat-wholesale-ceramic-mugs-and-cups","10":"first","11":"instock","12":"shipping-taxable","13":"product-type-simple"},"acf":[],"_links":{"self":[{"href":"https:\/\/www.kedali.com\/es\/wp-json\/wp\/v2\/product\/652","targetHints":{"allow":["GET"]}}],"collection":[{"href":"https:\/\/www.kedali.com\/es\/wp-json\/wp\/v2\/product"}],"about":[{"href":"https:\/\/www.kedali.com\/es\/wp-json\/wp\/v2\/types\/product"}],"replies":[{"embeddable":true,"href":"https:\/\/www.kedali.com\/es\/wp-json\/wp\/v2\/comments?post=652"}],"wp:featuredmedia":[{"embeddable":true,"href":"https:\/\/www.kedali.com\/es\/wp-json\/wp\/v2\/media\/658"}],"wp:attachment":[{"href":"https:\/\/www.kedali.com\/es\/wp-json\/wp\/v2\/media?parent=652"}],"wp:term":[{"taxonomy":"product_brand","embeddable":true,"href":"https:\/\/www.kedali.com\/es\/wp-json\/wp\/v2\/product_brand?post=652"},{"taxonomy":"product_cat","embeddable":true,"href":"https:\/\/www.kedali.com\/es\/wp-json\/wp\/v2\/product_cat?post=652"},{"taxonomy":"product_tag","embeddable":true,"href":"https:\/\/www.kedali.com\/es\/wp-json\/wp\/v2\/product_tag?post=652"}],"curies":[{"name":"wp","href":"https:\/\/api.w.org\/{rel}","templated":true}]}}