{"id":666,"date":"2025-10-21T09:05:42","date_gmt":"2025-10-21T09:05:42","guid":{"rendered":"https:\/\/www.kedali.com\/?post_type=product&#038;p=666"},"modified":"2026-02-19T06:07:27","modified_gmt":"2026-02-19T06:07:27","slug":"wholesale-elegant-embossed-ceramic-tea-set","status":"publish","type":"product","link":"https:\/\/www.kedali.com\/es\/producto\/wholesale-elegant-embossed-ceramic-tea-set\/","title":{"rendered":"Mayorista Elegante Juego de T\u00e9 de Cer\u00e1mica en Relieve - 3 Colores Disponibles"},"content":{"rendered":"<div class=\"wp-block-columns is-layout-flex wp-container-core-columns-is-layout-9d6595d7 wp-block-columns-is-layout-flex\">\n<div class=\"wp-block-column is-layout-flow wp-block-column-is-layout-flow\">\n<h3 class=\"wp-block-heading\">&nbsp;Juego de t\u00e9 de cer\u00e1mica de 4 piezas Caracter\u00edsticas<\/h3>\n\n\n\n<ul class=\"wp-block-list\">\n<li><strong>M\u00faltiples opciones de color:<\/strong> Esta serie ofrece tonos como el blanco puro, el rosa claro y el azul gris\u00e1ceo para satisfacer diversas preferencias est\u00e9ticas y adaptarse f\u00e1cilmente a cualquier estilo de hogar.<\/li>\n\n\n\n<li><strong>Configuraci\u00f3n del juego completo: <\/strong>El juego de t\u00e9 incluye componentes b\u00e1sicos como una tetera, tazas de t\u00e9, una jarra de leche y un azucarero, que satisfacen todas las necesidades de preparaci\u00f3n, consumo y almacenamiento del t\u00e9, por lo que resulta muy pr\u00e1ctico.<\/li>\n\n\n\n<li><strong>La idea de regalo perfecta: <\/strong>El dise\u00f1o de alta gama, las diversas opciones de color y el juego completo lo convierten en un regalo bien pensado para la inauguraci\u00f3n de una casa, una boda, el D\u00eda de la Madre o para cualquier amante del t\u00e9.<\/li>\n\n\n\n<li><strong>Dise\u00f1o en relieve:<\/strong> Gracias a la tecnolog\u00eda tradicional de tallado a mano, la textura es delicada y en capas, y el efecto visual es tridimensional y v\u00edvido.<\/li>\n\n\n\n<li><strong>Color de esmalte estable: <\/strong>La cocci\u00f3n a alta temperatura forma una pel\u00edcula protectora sobre la superficie del esmalte, combinando belleza y seguridad.<\/li>\n<\/ul>\n\n\n\n<h3 class=\"wp-block-heading\">Servicio a medida<\/h3>\n\n\n\n<ul class=\"wp-block-list\">\n<li>Asistencia OEM y ODM<\/li>\n\n\n\n<li>Entrega r\u00e1pida de muestras.<\/li>\n\n\n\n<li>Proporcionamos productos personalizados en forma, color, patr\u00f3n, embalaje y otros servicios personalizados.<\/li>\n<\/ul>\n<\/div>\n\n\n\n<div class=\"wp-block-column is-layout-flow wp-block-column-is-layout-flow\">\n<figure class=\"wp-block-image size-full\"><img decoding=\"async\" width=\"800\" height=\"800\" src=\"https:\/\/www.kedali.com\/wp-content\/uploads\/2025\/10\/ceramic-tea-set-dimensions-2.webp\" alt=\"juego de t\u00e9 de cer\u00e1mica dimensiones\" class=\"wp-image-667\" srcset=\"https:\/\/www.kedali.com\/wp-content\/uploads\/2025\/10\/ceramic-tea-set-dimensions-2.webp 800w, https:\/\/www.kedali.com\/wp-content\/uploads\/2025\/10\/ceramic-tea-set-dimensions-2-300x300.webp 300w, https:\/\/www.kedali.com\/wp-content\/uploads\/2025\/10\/ceramic-tea-set-dimensions-2-150x150.webp 150w, https:\/\/www.kedali.com\/wp-content\/uploads\/2025\/10\/ceramic-tea-set-dimensions-2-768x768.webp 768w, https:\/\/www.kedali.com\/wp-content\/uploads\/2025\/10\/ceramic-tea-set-dimensions-2-600x600.webp 600w, https:\/\/www.kedali.com\/wp-content\/uploads\/2025\/10\/ceramic-tea-set-dimensions-2-100x100.webp 100w\" sizes=\"(max-width: 800px) 100vw, 800px\" \/><\/figure>\n<\/div>\n<\/div>\n\n\n\n<div class=\"wp-block-columns is-layout-flex wp-container-core-columns-is-layout-9d6595d7 wp-block-columns-is-layout-flex\">\n<div class=\"wp-block-column is-layout-flow wp-block-column-is-layout-flow\">\n<figure class=\"wp-block-image size-full\"><img decoding=\"async\" width=\"800\" height=\"800\" src=\"https:\/\/www.kedali.com\/wp-content\/uploads\/2025\/10\/wholesale-ceramic-tea-sets-6.webp\" alt=\"juegos de t\u00e9 de cer\u00e1mica al por mayor (6)\" class=\"wp-image-673\" srcset=\"https:\/\/www.kedali.com\/wp-content\/uploads\/2025\/10\/wholesale-ceramic-tea-sets-6.webp 800w, https:\/\/www.kedali.com\/wp-content\/uploads\/2025\/10\/wholesale-ceramic-tea-sets-6-300x300.webp 300w, https:\/\/www.kedali.com\/wp-content\/uploads\/2025\/10\/wholesale-ceramic-tea-sets-6-150x150.webp 150w, https:\/\/www.kedali.com\/wp-content\/uploads\/2025\/10\/wholesale-ceramic-tea-sets-6-768x768.webp 768w, https:\/\/www.kedali.com\/wp-content\/uploads\/2025\/10\/wholesale-ceramic-tea-sets-6-600x600.webp 600w, https:\/\/www.kedali.com\/wp-content\/uploads\/2025\/10\/wholesale-ceramic-tea-sets-6-100x100.webp 100w\" sizes=\"(max-width: 800px) 100vw, 800px\" \/><\/figure>\n<\/div>\n\n\n\n<div class=\"wp-block-column is-layout-flow wp-block-column-is-layout-flow\">\n<figure class=\"wp-block-image size-full\"><img decoding=\"async\" width=\"800\" height=\"800\" src=\"https:\/\/www.kedali.com\/wp-content\/uploads\/2025\/10\/wholesale-ceramic-tea-sets-7-1.webp\" alt=\"juegos de t\u00e9 de cer\u00e1mica al por mayor (7)\" class=\"wp-image-674\" srcset=\"https:\/\/www.kedali.com\/wp-content\/uploads\/2025\/10\/wholesale-ceramic-tea-sets-7-1.webp 800w, https:\/\/www.kedali.com\/wp-content\/uploads\/2025\/10\/wholesale-ceramic-tea-sets-7-1-300x300.webp 300w, https:\/\/www.kedali.com\/wp-content\/uploads\/2025\/10\/wholesale-ceramic-tea-sets-7-1-150x150.webp 150w, https:\/\/www.kedali.com\/wp-content\/uploads\/2025\/10\/wholesale-ceramic-tea-sets-7-1-768x768.webp 768w, https:\/\/www.kedali.com\/wp-content\/uploads\/2025\/10\/wholesale-ceramic-tea-sets-7-1-600x600.webp 600w, https:\/\/www.kedali.com\/wp-content\/uploads\/2025\/10\/wholesale-ceramic-tea-sets-7-1-100x100.webp 100w\" sizes=\"(max-width: 800px) 100vw, 800px\" \/><\/figure>\n<\/div>\n<\/div>","protected":false},"excerpt":{"rendered":"<p>Juego de t\u00e9 de cer\u00e1mica al por mayor. Disponible al por mayor de f\u00e1brica. Experimente la elegancia atemporal de un juego de t\u00e9 cl\u00e1sico con este exquisito juego de t\u00e9 de cer\u00e1mica en relieve. Disponible en tres exquisitos colores para complementar la decoraci\u00f3n de su hogar. P\u00f3ngase en contacto con nosotros para solicitar un presupuesto.<\/p>\n<h2>Especificaciones del juego de t\u00e9 de cer\u00e1mica<\/h2>\n<table width=\"444\">\n<tbody>\n<tr>\n<td width=\"107\">Marca<\/td>\n<td width=\"337\">KDL<\/td>\n<\/tr>\n<tr>\n<td width=\"107\">Modelo<\/td>\n<td width=\"337\">TPQ069-F027<\/td>\n<\/tr>\n<tr>\n<td width=\"107\">Material<\/td>\n<td width=\"337\">Cer\u00e1mica<\/td>\n<\/tr>\n<tr>\n<td width=\"107\">Aplicaci\u00f3n<\/td>\n<td width=\"337\">juego de caf\u00e9 y t\u00e9<\/td>\n<\/tr>\n<tr>\n<td width=\"107\">Dimensiones<\/td>\n<td width=\"337\">Tetera:21.8*13.4*14.5cm<br \/>Tarro de az\u00facar:9.6*9.9*9.2cm<br \/>Tarro de leche:13.4*8.3*7.6cm<br \/>Taza:11.2*8.9*6.3cm<br \/>Platillo:11.2*8.9*6.3<\/td>\n<\/tr>\n<tr>\n<td width=\"107\">Peso bruto (kg)<\/td>\n<td width=\"337\">5 kg<\/td>\n<\/tr>\n<tr>\n<td width=\"107\">Caracter\u00edstica<\/td>\n<td width=\"337\">chapado<\/td>\n<\/tr>\n<tr>\n<td width=\"107\">Cantidad m\u00ednima de pedido<\/td>\n<td width=\"337\">800 juegos<\/td>\n<\/tr>\n<\/tbody>\n<\/table>\n<p>&nbsp;<\/p>","protected":false},"featured_media":668,"comment_status":"closed","ping_status":"closed","template":"","meta":{"_acf_changed":false},"product_brand":[],"product_cat":[29,53],"product_tag":[],"class_list":{"0":"post-666","1":"product","2":"type-product","3":"status-publish","4":"has-post-thumbnail","6":"product_cat-wholesale-ceramic-tea-sets","7":"product_cat-wholesale-coffee-and-tea-sets","9":"first","10":"instock","11":"shipping-taxable","12":"product-type-simple"},"acf":[],"_links":{"self":[{"href":"https:\/\/www.kedali.com\/es\/wp-json\/wp\/v2\/product\/666","targetHints":{"allow":["GET"]}}],"collection":[{"href":"https:\/\/www.kedali.com\/es\/wp-json\/wp\/v2\/product"}],"about":[{"href":"https:\/\/www.kedali.com\/es\/wp-json\/wp\/v2\/types\/product"}],"replies":[{"embeddable":true,"href":"https:\/\/www.kedali.com\/es\/wp-json\/wp\/v2\/comments?post=666"}],"wp:featuredmedia":[{"embeddable":true,"href":"https:\/\/www.kedali.com\/es\/wp-json\/wp\/v2\/media\/668"}],"wp:attachment":[{"href":"https:\/\/www.kedali.com\/es\/wp-json\/wp\/v2\/media?parent=666"}],"wp:term":[{"taxonomy":"product_brand","embeddable":true,"href":"https:\/\/www.kedali.com\/es\/wp-json\/wp\/v2\/product_brand?post=666"},{"taxonomy":"product_cat","embeddable":true,"href":"https:\/\/www.kedali.com\/es\/wp-json\/wp\/v2\/product_cat?post=666"},{"taxonomy":"product_tag","embeddable":true,"href":"https:\/\/www.kedali.com\/es\/wp-json\/wp\/v2\/product_tag?post=666"}],"curies":[{"name":"wp","href":"https:\/\/api.w.org\/{rel}","templated":true}]}}