{"id":709,"date":"2025-10-21T10:41:16","date_gmt":"2025-10-21T10:41:16","guid":{"rendered":"https:\/\/www.kedali.com\/?post_type=product&#038;p=709"},"modified":"2025-11-13T06:07:14","modified_gmt":"2025-11-13T06:07:14","slug":"wholesale-comprehensive-ceramic-tableware-sets","status":"publish","type":"product","link":"https:\/\/www.kedali.com\/es\/producto\/wholesale-comprehensive-ceramic-tableware-sets\/","title":{"rendered":"Vajillas de cer\u00e1mica al por mayor con una amplia gama de accesorios: una soluci\u00f3n completa para comer y servir"},"content":{"rendered":"<div class=\"wp-block-columns is-layout-flex wp-container-core-columns-is-layout-9d6595d7 wp-block-columns-is-layout-flex\">\n<div class=\"wp-block-column is-layout-flow wp-block-column-is-layout-flow\">\n<h3 class=\"wp-block-heading\">Vajilla de cer\u00e1mica Caracter\u00edsticas<\/h3>\n\n\n\n<ul class=\"wp-block-list\">\n<li><strong>Vajilla integral:<\/strong> Este juego de vajilla incluye cuencos, platos llanos, tazas de caf\u00e9, tazas y un soporte para postres, que satisface las necesidades diarias de la mesa, como servir arroz, platos, t\u00e9\/caf\u00e9 y exponer platos. Es perfecto tanto para uso familiar como para recibir invitados.<\/li>\n\n\n\n<li><strong>Apto para microondas: <\/strong>La cer\u00e1mica es resistente al calor y a la corrosi\u00f3n, resiste la deformaci\u00f3n y el agrietamiento con el uso diario, manteniendo su calidad a lo largo del tiempo.<\/li>\n\n\n\n<li><strong>Detalles bien pensados:<\/strong> Los cuencos curvados sujetan f\u00e1cilmente los alimentos; las asas ergon\u00f3micas proporcionan un agarre c\u00f3modo; y el soporte para postres permite servir postres en capas, mejorando la experiencia gastron\u00f3mica.<\/li>\n\n\n\n<li><strong>F\u00e1cil de limpiar: <\/strong>La superficie lisa de cer\u00e1mica elimina f\u00e1cilmente la grasa y los restos de comida, y se puede lavar en el lavavajillas para un mantenimiento diario sin preocupaciones.<\/li>\n<\/ul>\n\n\n\n<h3 class=\"wp-block-heading\">Servicio a medida<\/h3>\n\n\n\n<ul class=\"wp-block-list\">\n<li>Asistencia OEM y ODM<\/li>\n\n\n\n<li>Entrega r\u00e1pida de muestras.<\/li>\n\n\n\n<li>Proporcionamos productos personalizados en forma, color, patr\u00f3n, embalaje y otros servicios personalizados.<\/li>\n<\/ul>\n<\/div>\n\n\n\n<div class=\"wp-block-column is-layout-flow wp-block-column-is-layout-flow\">\n<figure class=\"wp-block-image size-full\"><img decoding=\"async\" width=\"1600\" height=\"1600\" src=\"https:\/\/www.kedali.com\/wp-content\/uploads\/2025\/10\/ceramic-tableware-set-dimensions.webp\" alt=\"vajilla de cer\u00e1mica dimensiones\" class=\"wp-image-710\" srcset=\"https:\/\/www.kedali.com\/wp-content\/uploads\/2025\/10\/ceramic-tableware-set-dimensions.webp 1600w, https:\/\/www.kedali.com\/wp-content\/uploads\/2025\/10\/ceramic-tableware-set-dimensions-300x300.webp 300w, https:\/\/www.kedali.com\/wp-content\/uploads\/2025\/10\/ceramic-tableware-set-dimensions-150x150.webp 150w, https:\/\/www.kedali.com\/wp-content\/uploads\/2025\/10\/ceramic-tableware-set-dimensions-768x768.webp 768w, https:\/\/www.kedali.com\/wp-content\/uploads\/2025\/10\/ceramic-tableware-set-dimensions-1200x1200.webp 1200w, https:\/\/www.kedali.com\/wp-content\/uploads\/2025\/10\/ceramic-tableware-set-dimensions-600x600.webp 600w, https:\/\/www.kedali.com\/wp-content\/uploads\/2025\/10\/ceramic-tableware-set-dimensions-100x100.webp 100w\" sizes=\"(max-width: 1600px) 100vw, 1600px\" \/><\/figure>\n<\/div>\n<\/div>\n\n\n\n<div class=\"wp-block-columns is-layout-flex wp-container-core-columns-is-layout-9d6595d7 wp-block-columns-is-layout-flex\">\n<div class=\"wp-block-column is-layout-flow wp-block-column-is-layout-flow\">\n<figure class=\"wp-block-image size-full\"><img decoding=\"async\" width=\"1600\" height=\"1600\" src=\"https:\/\/www.kedali.com\/wp-content\/uploads\/2025\/10\/wholesale-ceramic-tableware-sets-1.webp\" alt=\"venta al por mayor juegos de vajilla de cer\u00e1mica (1)\" class=\"wp-image-711\" srcset=\"https:\/\/www.kedali.com\/wp-content\/uploads\/2025\/10\/wholesale-ceramic-tableware-sets-1.webp 1600w, https:\/\/www.kedali.com\/wp-content\/uploads\/2025\/10\/wholesale-ceramic-tableware-sets-1-300x300.webp 300w, https:\/\/www.kedali.com\/wp-content\/uploads\/2025\/10\/wholesale-ceramic-tableware-sets-1-150x150.webp 150w, https:\/\/www.kedali.com\/wp-content\/uploads\/2025\/10\/wholesale-ceramic-tableware-sets-1-768x768.webp 768w, https:\/\/www.kedali.com\/wp-content\/uploads\/2025\/10\/wholesale-ceramic-tableware-sets-1-1200x1200.webp 1200w, https:\/\/www.kedali.com\/wp-content\/uploads\/2025\/10\/wholesale-ceramic-tableware-sets-1-600x600.webp 600w, https:\/\/www.kedali.com\/wp-content\/uploads\/2025\/10\/wholesale-ceramic-tableware-sets-1-100x100.webp 100w\" sizes=\"(max-width: 1600px) 100vw, 1600px\" \/><\/figure>\n<\/div>\n\n\n\n<div class=\"wp-block-column is-layout-flow wp-block-column-is-layout-flow\">\n<figure class=\"wp-block-image size-full\"><img decoding=\"async\" width=\"1600\" height=\"1600\" src=\"https:\/\/www.kedali.com\/wp-content\/uploads\/2025\/10\/wholesale-ceramic-tableware-sets-2.webp\" alt=\"juegos de vajilla de cer\u00e1mica al por mayor (2)\" class=\"wp-image-712\" srcset=\"https:\/\/www.kedali.com\/wp-content\/uploads\/2025\/10\/wholesale-ceramic-tableware-sets-2.webp 1600w, https:\/\/www.kedali.com\/wp-content\/uploads\/2025\/10\/wholesale-ceramic-tableware-sets-2-300x300.webp 300w, https:\/\/www.kedali.com\/wp-content\/uploads\/2025\/10\/wholesale-ceramic-tableware-sets-2-150x150.webp 150w, https:\/\/www.kedali.com\/wp-content\/uploads\/2025\/10\/wholesale-ceramic-tableware-sets-2-768x768.webp 768w, https:\/\/www.kedali.com\/wp-content\/uploads\/2025\/10\/wholesale-ceramic-tableware-sets-2-1200x1200.webp 1200w, https:\/\/www.kedali.com\/wp-content\/uploads\/2025\/10\/wholesale-ceramic-tableware-sets-2-600x600.webp 600w, https:\/\/www.kedali.com\/wp-content\/uploads\/2025\/10\/wholesale-ceramic-tableware-sets-2-100x100.webp 100w\" sizes=\"(max-width: 1600px) 100vw, 1600px\" \/><\/figure>\n<\/div>\n<\/div>","protected":false},"excerpt":{"rendered":"<p>Vajilla de cer\u00e1mica al por mayor. Este amplio juego de vajilla incluye todo lo esencial para comer, tomar el t\u00e9, servir y almacenar, incluidos platos, cuencos, fuentes, teteras, jarras, soportes para tartas y tres tama\u00f1os de tarros con tapa. Perfecto para hoteles o regalos. P\u00f3ngase en contacto con nosotros para precios al por mayor.<\/p>\n<h2>Especificaciones del juego de vajilla de cer\u00e1mica al por mayor<\/h2>\n<table style=\"border-collapse: collapse; width: 333.02pt;\" border=\"0\" width=\"444\" cellspacing=\"0\" cellpadding=\"0\">\n<tbody>\n<tr style=\"height: 13.50pt;\">\n<td class=\"et2\" style=\"height: 13.50pt; width: 80.25pt;\" width=\"107\" height=\"18\">Marca<\/td>\n<td class=\"et2\" style=\"width: 252.75pt;\" width=\"337\">KDL<\/td>\n<\/tr>\n<tr style=\"height: 13.50pt;\">\n<td class=\"et2\" style=\"height: 13.50pt; width: 80.25pt;\" width=\"107\" height=\"18\">Modelo<\/td>\n<td class=\"et2\" style=\"width: 252.75pt;\" width=\"337\">F414<\/td>\n<\/tr>\n<tr style=\"height: 13.50pt;\">\n<td class=\"et2\" style=\"height: 13.50pt; width: 80.25pt;\" width=\"107\" height=\"18\">Material<\/td>\n<td class=\"et2\" style=\"width: 252.75pt;\" width=\"337\">cer\u00e1mica<\/td>\n<\/tr>\n<tr style=\"height: 13.50pt;\">\n<td class=\"et2\" style=\"height: 13.50pt; width: 80.25pt;\" width=\"107\" height=\"18\">color<\/td>\n<td class=\"et2\" style=\"width: 252.75pt;\" width=\"337\">rosa\/azul<\/td>\n<\/tr>\n<tr style=\"height: 13.50pt;\">\n<td class=\"et2\" style=\"height: 13.50pt; width: 80.25pt;\" width=\"107\" height=\"18\">Aplicaci\u00f3n<\/td>\n<td class=\"et2\" style=\"width: 252.75pt;\" width=\"337\">vajilla<\/td>\n<\/tr>\n<tr style=\"height: 40.50pt;\">\n<td class=\"et2\" style=\"height: 40.50pt; width: 80.25pt;\" width=\"107\" height=\"54\">Cantidad m\u00ednima de pedido<\/td>\n<td class=\"et2\" style=\"width: 252.75pt;\" width=\"337\">800 conjuntos<\/td>\n<\/tr>\n<\/tbody>\n<\/table>\n<p><script src=\"chrome-extension:\/\/fpelahbljekknahkcaegamhcndkfpfnc\/iFrame.js\" type=\"text\/javascript\"><\/script><\/p>","protected":false},"featured_media":711,"comment_status":"closed","ping_status":"closed","template":"","meta":{"_acf_changed":false},"product_brand":[],"product_cat":[19],"product_tag":[],"class_list":{"0":"post-709","1":"product","2":"type-product","3":"status-publish","4":"has-post-thumbnail","6":"product_cat-wholesale-ceramic-tableware","8":"first","9":"instock","10":"shipping-taxable","11":"product-type-simple"},"acf":[],"_links":{"self":[{"href":"https:\/\/www.kedali.com\/es\/wp-json\/wp\/v2\/product\/709","targetHints":{"allow":["GET"]}}],"collection":[{"href":"https:\/\/www.kedali.com\/es\/wp-json\/wp\/v2\/product"}],"about":[{"href":"https:\/\/www.kedali.com\/es\/wp-json\/wp\/v2\/types\/product"}],"replies":[{"embeddable":true,"href":"https:\/\/www.kedali.com\/es\/wp-json\/wp\/v2\/comments?post=709"}],"wp:featuredmedia":[{"embeddable":true,"href":"https:\/\/www.kedali.com\/es\/wp-json\/wp\/v2\/media\/711"}],"wp:attachment":[{"href":"https:\/\/www.kedali.com\/es\/wp-json\/wp\/v2\/media?parent=709"}],"wp:term":[{"taxonomy":"product_brand","embeddable":true,"href":"https:\/\/www.kedali.com\/es\/wp-json\/wp\/v2\/product_brand?post=709"},{"taxonomy":"product_cat","embeddable":true,"href":"https:\/\/www.kedali.com\/es\/wp-json\/wp\/v2\/product_cat?post=709"},{"taxonomy":"product_tag","embeddable":true,"href":"https:\/\/www.kedali.com\/es\/wp-json\/wp\/v2\/product_tag?post=709"}],"curies":[{"name":"wp","href":"https:\/\/api.w.org\/{rel}","templated":true}]}}