{"id":769,"date":"2025-10-18T07:50:11","date_gmt":"2025-10-18T07:50:11","guid":{"rendered":"https:\/\/www.kedali.com\/?post_type=product&#038;p=769"},"modified":"2025-11-13T03:16:22","modified_gmt":"2025-11-13T03:16:22","slug":"wholesale-ceramic-mug-with-silicone-lid","status":"publish","type":"product","link":"https:\/\/www.kedali.com\/es\/producto\/wholesale-ceramic-mug-with-silicone-lid\/","title":{"rendered":"Mayorista Taza de Cer\u00e1mica para Bebidas con Tapa de Silicona - M\u00faltiples Usos"},"content":{"rendered":"<div class=\"wp-block-columns is-layout-flex wp-container-core-columns-is-layout-9d6595d7 wp-block-columns-is-layout-flex\">\n<div class=\"wp-block-column is-layout-flow wp-block-column-is-layout-flow\">\n<h3 class=\"wp-block-heading\">Caracter\u00edsticas de la taza de cer\u00e1mica para bebidas<\/h3>\n\n\n\n<ul class=\"wp-block-list\">\n<li><strong>Color brillante con tapas coordinadas: <\/strong>Nuestra taza de cer\u00e1mica al por mayor est\u00e1 disponible en verde azulado y amarillo anaranjado, cada taza est\u00e1 emparejada con una tapa de silicona a juego para un aspecto unificado. <\/li>\n<\/ul>\n\n\n\n<ul class=\"wp-block-list\">\n<li><strong>Combinaci\u00f3n de materiales de primera calidad: <\/strong>Cer\u00e1mica y silicona<br>Esta taza de cer\u00e1mica tiene la elegancia de la porcelana. Es c\u00f3moda de sostener, f\u00e1cil de limpiar y duradera.<br><br><strong>Tapa de silicona<\/strong> tiene un excelente rendimiento de sellado, a prueba de polvo y fugas, y es f\u00e1cil de abrir y cerrar, perfecto para llevarlo encima.<\/li>\n<\/ul>\n\n\n\n<ul class=\"wp-block-list\">\n<li><strong>Boquilla para beber:<\/strong> La tapa de nuestra taza de cer\u00e1mica incluye un peque\u00f1o orificio redondo para beber, que le permite sorber directamente sin quitarla. Ideal para desplazamientos, viajes o actividades al aire libre.<\/li>\n<\/ul>\n\n\n\n<h3 class=\"wp-block-heading\">Servicio a medida<\/h3>\n\n\n\n<ul class=\"wp-block-list\">\n<li>Asistencia OEM y ODM<\/li>\n\n\n\n<li>Entrega r\u00e1pida de muestras.<\/li>\n\n\n\n<li>Proporcionamos productos personalizados en forma, color, patr\u00f3n, embalaje y otros servicios personalizados.<\/li>\n<\/ul>\n<\/div>\n\n\n\n<div class=\"wp-block-column is-layout-flow wp-block-column-is-layout-flow\">\n<figure class=\"wp-block-image size-full\"><img decoding=\"async\" width=\"800\" height=\"800\" src=\"https:\/\/www.kedali.com\/wp-content\/uploads\/2025\/10\/wholesale-ceramic-travel-mug-2.webp\" alt=\"mayorista taza de viaje de cer\u00e1mica 2\" class=\"wp-image-771\" srcset=\"https:\/\/www.kedali.com\/wp-content\/uploads\/2025\/10\/wholesale-ceramic-travel-mug-2.webp 800w, https:\/\/www.kedali.com\/wp-content\/uploads\/2025\/10\/wholesale-ceramic-travel-mug-2-300x300.webp 300w, https:\/\/www.kedali.com\/wp-content\/uploads\/2025\/10\/wholesale-ceramic-travel-mug-2-150x150.webp 150w, https:\/\/www.kedali.com\/wp-content\/uploads\/2025\/10\/wholesale-ceramic-travel-mug-2-768x768.webp 768w, https:\/\/www.kedali.com\/wp-content\/uploads\/2025\/10\/wholesale-ceramic-travel-mug-2-600x600.webp 600w, https:\/\/www.kedali.com\/wp-content\/uploads\/2025\/10\/wholesale-ceramic-travel-mug-2-100x100.webp 100w\" sizes=\"(max-width: 800px) 100vw, 800px\" \/><\/figure>\n<\/div>\n<\/div>\n\n\n\n<div class=\"wp-block-columns is-layout-flex wp-container-core-columns-is-layout-9d6595d7 wp-block-columns-is-layout-flex\">\n<div class=\"wp-block-column is-layout-flow wp-block-column-is-layout-flow\">\n<figure class=\"wp-block-image size-full\"><img decoding=\"async\" width=\"800\" height=\"800\" src=\"https:\/\/www.kedali.com\/wp-content\/uploads\/2025\/10\/wholesale-ceramic-travel-mug-1.webp\" alt=\"mayorista taza de viaje de cer\u00e1mica 1\" class=\"wp-image-770\" srcset=\"https:\/\/www.kedali.com\/wp-content\/uploads\/2025\/10\/wholesale-ceramic-travel-mug-1.webp 800w, https:\/\/www.kedali.com\/wp-content\/uploads\/2025\/10\/wholesale-ceramic-travel-mug-1-300x300.webp 300w, https:\/\/www.kedali.com\/wp-content\/uploads\/2025\/10\/wholesale-ceramic-travel-mug-1-150x150.webp 150w, https:\/\/www.kedali.com\/wp-content\/uploads\/2025\/10\/wholesale-ceramic-travel-mug-1-768x768.webp 768w, https:\/\/www.kedali.com\/wp-content\/uploads\/2025\/10\/wholesale-ceramic-travel-mug-1-600x600.webp 600w, https:\/\/www.kedali.com\/wp-content\/uploads\/2025\/10\/wholesale-ceramic-travel-mug-1-100x100.webp 100w\" sizes=\"(max-width: 800px) 100vw, 800px\" \/><\/figure>\n<\/div>\n\n\n\n<div class=\"wp-block-column is-layout-flow wp-block-column-is-layout-flow\">\n<figure class=\"wp-block-image size-full\"><img decoding=\"async\" width=\"800\" height=\"800\" src=\"https:\/\/www.kedali.com\/wp-content\/uploads\/2025\/10\/wholesale-ceramic-travel-mug-3-1.webp\" alt=\"\" class=\"wp-image-1319\" srcset=\"https:\/\/www.kedali.com\/wp-content\/uploads\/2025\/10\/wholesale-ceramic-travel-mug-3-1.webp 800w, https:\/\/www.kedali.com\/wp-content\/uploads\/2025\/10\/wholesale-ceramic-travel-mug-3-1-300x300.webp 300w, https:\/\/www.kedali.com\/wp-content\/uploads\/2025\/10\/wholesale-ceramic-travel-mug-3-1-150x150.webp 150w, https:\/\/www.kedali.com\/wp-content\/uploads\/2025\/10\/wholesale-ceramic-travel-mug-3-1-768x768.webp 768w, https:\/\/www.kedali.com\/wp-content\/uploads\/2025\/10\/wholesale-ceramic-travel-mug-3-1-12x12.webp 12w, https:\/\/www.kedali.com\/wp-content\/uploads\/2025\/10\/wholesale-ceramic-travel-mug-3-1-600x600.webp 600w, https:\/\/www.kedali.com\/wp-content\/uploads\/2025\/10\/wholesale-ceramic-travel-mug-3-1-100x100.webp 100w\" sizes=\"(max-width: 800px) 100vw, 800px\" \/><\/figure>\n<\/div>\n<\/div>\n\n\n\n<p><\/p>","protected":false},"excerpt":{"rendered":"<p>Tazas de cer\u00e1mica al por mayor. Dise\u00f1ada con una forma moderna y elegante y con una suave tapa de silicona, esta taza combina a la perfecci\u00f3n estilo y funcionalidad. Ideal para usar en casa, en la oficina o al aire libre. P\u00f3ngase en contacto con nosotros para obtener su presupuesto.<\/p>\n<h2>Especificaciones de la taza de cer\u00e1mica para bebidas<\/h2>\n<table style=\"border-collapse: collapse; width: 235.03pt;\" border=\"0\" width=\"235\" cellspacing=\"0\" cellpadding=\"0\">\n<tbody>\n<tr style=\"height: 17.00pt;\">\n<td class=\"et2\" style=\"height: 17.00pt; width: 69.55pt;\" width=\"69\" height=\"17\">Marca<\/td>\n<td class=\"et2\" style=\"width: 166.40pt;\" width=\"166\">KDL<\/td>\n<\/tr>\n<tr style=\"height: 17.00pt;\">\n<td class=\"et2\" style=\"height: 17.00pt; width: 69.55pt;\" width=\"69\" height=\"17\">Modelo<\/td>\n<td class=\"et2\" style=\"width: 166.40pt;\" width=\"166\">TBQ945-6+G-A514<\/td>\n<\/tr>\n<tr style=\"height: 17.00pt;\">\n<td class=\"et2\" style=\"height: 17.00pt; width: 69.55pt;\" width=\"69\" height=\"17\">Material<\/td>\n<td class=\"et2\" style=\"width: 166.40pt;\" width=\"166\">cer\u00e1mica<\/td>\n<\/tr>\n<tr style=\"height: 17.00pt;\">\n<td class=\"et2\" style=\"height: 17.00pt; width: 69.55pt;\" width=\"69\" height=\"17\">color<\/td>\n<td class=\"et2\" style=\"width: 166.40pt;\" width=\"166\">azul\/naranja<\/td>\n<\/tr>\n<tr style=\"height: 17.00pt;\">\n<td class=\"et2\" style=\"height: 17.00pt; width: 69.55pt;\" width=\"69\" height=\"17\">Aplicaci\u00f3n<\/td>\n<td class=\"et2\" style=\"width: 166.40pt;\" width=\"166\">taza de viaje de cer\u00e1mica<\/td>\n<\/tr>\n<tr style=\"height: 17.00pt;\">\n<td class=\"et2\" style=\"height: 17.00pt; width: 69.55pt;\" width=\"69\" height=\"17\">Caracter\u00edstica<\/td>\n<td class=\"et2\" style=\"width: 166.40pt;\" width=\"166\">color esmaltado<\/td>\n<\/tr>\n<tr style=\"height: 17.00pt;\">\n<td class=\"et2\" style=\"height: 17.00pt; width: 69.55pt;\" width=\"69\" height=\"17\">Dimensiones<\/td>\n<td class=\"et2\" style=\"width: 166.40pt;\" width=\"166\">9,9*9,9*15,2 cm<\/td>\n<\/tr>\n<tr style=\"height: 34.00pt;\">\n<td class=\"et2\" style=\"height: 34.00pt; width: 69.55pt;\" width=\"69\" height=\"34\">Peso bruto (kg)<\/td>\n<td class=\"et2\" style=\"width: 166.40pt;\" align=\"right\" width=\"166\">0.4<\/td>\n<\/tr>\n<tr style=\"height: 51.00pt;\">\n<td class=\"et2\" style=\"height: 51.00pt; width: 69.55pt;\" width=\"69\" height=\"51\">Cantidad m\u00ednima de pedido<\/td>\n<td class=\"et2\" style=\"width: 166.40pt;\" width=\"166\">800 juegos<\/td>\n<\/tr>\n<\/tbody>\n<\/table>\n<p>&nbsp;<\/p>\n<p><script src=\"chrome-extension:\/\/fpelahbljekknahkcaegamhcndkfpfnc\/iFrame.js\" type=\"text\/javascript\"><\/script><\/p>","protected":false},"featured_media":770,"comment_status":"closed","ping_status":"closed","template":"","meta":{"_acf_changed":false},"product_brand":[],"product_cat":[21],"product_tag":[],"class_list":{"0":"post-769","1":"product","2":"type-product","3":"status-publish","4":"has-post-thumbnail","6":"product_cat-wholesale-ceramic-mugs-and-cups","8":"first","9":"instock","10":"shipping-taxable","11":"product-type-simple"},"acf":[],"_links":{"self":[{"href":"https:\/\/www.kedali.com\/es\/wp-json\/wp\/v2\/product\/769","targetHints":{"allow":["GET"]}}],"collection":[{"href":"https:\/\/www.kedali.com\/es\/wp-json\/wp\/v2\/product"}],"about":[{"href":"https:\/\/www.kedali.com\/es\/wp-json\/wp\/v2\/types\/product"}],"replies":[{"embeddable":true,"href":"https:\/\/www.kedali.com\/es\/wp-json\/wp\/v2\/comments?post=769"}],"wp:featuredmedia":[{"embeddable":true,"href":"https:\/\/www.kedali.com\/es\/wp-json\/wp\/v2\/media\/770"}],"wp:attachment":[{"href":"https:\/\/www.kedali.com\/es\/wp-json\/wp\/v2\/media?parent=769"}],"wp:term":[{"taxonomy":"product_brand","embeddable":true,"href":"https:\/\/www.kedali.com\/es\/wp-json\/wp\/v2\/product_brand?post=769"},{"taxonomy":"product_cat","embeddable":true,"href":"https:\/\/www.kedali.com\/es\/wp-json\/wp\/v2\/product_cat?post=769"},{"taxonomy":"product_tag","embeddable":true,"href":"https:\/\/www.kedali.com\/es\/wp-json\/wp\/v2\/product_tag?post=769"}],"curies":[{"name":"wp","href":"https:\/\/api.w.org\/{rel}","templated":true}]}}