{"id":797,"date":"2025-10-18T09:58:56","date_gmt":"2025-10-18T09:58:56","guid":{"rendered":"https:\/\/www.kedali.com\/?post_type=product&#038;p=797"},"modified":"2025-11-13T03:34:58","modified_gmt":"2025-11-13T03:34:58","slug":"bulk-ceramic-mugs-supply","status":"publish","type":"product","link":"https:\/\/www.kedali.com\/es\/producto\/bulk-ceramic-mugs-supply\/","title":{"rendered":"Tazas de cer\u00e1mica a granel con el patr\u00f3n de la hoja del alfabeto - Fun Ceramic Mug Supplier"},"content":{"rendered":"<div class=\"wp-block-columns is-layout-flex wp-container-core-columns-is-layout-9d6595d7 wp-block-columns-is-layout-flex\">\n<div class=\"wp-block-column is-layout-flow wp-block-column-is-layout-flow\">\n<h3 class=\"wp-block-heading\">Caracter\u00edsticas de las tazas de cer\u00e1mica<\/h3>\n\n\n\n<ul class=\"wp-block-list\">\n<li><strong>Abecedario y hojas<\/strong>: Cada taza de cer\u00e1mica muestra una letra may\u00fascula central en refinada tipograf\u00eda art\u00edstica, rodeada de motivos sim\u00e9tricos de hojas negras. Sencillo pero expresivo.<\/li>\n<\/ul>\n\n\n\n<ul class=\"wp-block-list\">\n<li><strong>Mango ergon\u00f3mico: <\/strong>El mango oscuro en forma de C, disponible en acabado mate o brillante, proporciona un agarre firme y c\u00f3modo, garantizando la practicidad cotidiana con coherencia est\u00e9tica.<\/li>\n<\/ul>\n\n\n\n<ul class=\"wp-block-list\">\n<li><strong>Cer\u00e1mica Premium:<\/strong> Fabricada en cer\u00e1mica blanca de alta calidad, la superficie de la taza es lisa, esmaltada y ligeramente brillante, ofreciendo un aspecto atemporal y minimalista.<\/li>\n<\/ul>\n\n\n\n<ul class=\"wp-block-list\">\n<li><strong>Serie unificada, identidad \u00fanica:<\/strong> Cada taza de cer\u00e1mica conserva el mismo tema art\u00edstico, logrando el equilibrio perfecto entre individualidad y unidad visual. <\/li>\n<\/ul>\n\n\n\n<h3 class=\"wp-block-heading\">Servicio a medida<\/h3>\n\n\n\n<ul class=\"wp-block-list\">\n<li>Asistencia OEM y ODM<\/li>\n\n\n\n<li>Entrega r\u00e1pida de muestras.<\/li>\n\n\n\n<li>Proporcionamos productos personalizados en forma, color, patr\u00f3n, embalaje y otros servicios personalizados.<\/li>\n<\/ul>\n<\/div>\n\n\n\n<div class=\"wp-block-column is-layout-flow wp-block-column-is-layout-flow\">\n<figure class=\"wp-block-image size-full\"><img decoding=\"async\" width=\"1328\" height=\"1328\" src=\"https:\/\/www.kedali.com\/wp-content\/uploads\/2025\/10\/bulk-ceramic-cup-wholeslaer-4.webp\" alt=\"taza de cer\u00e1mica a granel wholeslaer 4\" class=\"wp-image-801\" srcset=\"https:\/\/www.kedali.com\/wp-content\/uploads\/2025\/10\/bulk-ceramic-cup-wholeslaer-4.webp 1328w, https:\/\/www.kedali.com\/wp-content\/uploads\/2025\/10\/bulk-ceramic-cup-wholeslaer-4-300x300.webp 300w, https:\/\/www.kedali.com\/wp-content\/uploads\/2025\/10\/bulk-ceramic-cup-wholeslaer-4-150x150.webp 150w, https:\/\/www.kedali.com\/wp-content\/uploads\/2025\/10\/bulk-ceramic-cup-wholeslaer-4-768x768.webp 768w, https:\/\/www.kedali.com\/wp-content\/uploads\/2025\/10\/bulk-ceramic-cup-wholeslaer-4-1200x1200.webp 1200w, https:\/\/www.kedali.com\/wp-content\/uploads\/2025\/10\/bulk-ceramic-cup-wholeslaer-4-600x600.webp 600w, https:\/\/www.kedali.com\/wp-content\/uploads\/2025\/10\/bulk-ceramic-cup-wholeslaer-4-100x100.webp 100w\" sizes=\"(max-width: 1328px) 100vw, 1328px\" \/><\/figure>\n<\/div>\n<\/div>\n\n\n\n<div class=\"wp-block-columns is-layout-flex wp-container-core-columns-is-layout-9d6595d7 wp-block-columns-is-layout-flex\">\n<div class=\"wp-block-column is-layout-flow wp-block-column-is-layout-flow\">\n<figure class=\"wp-block-image size-full\"><img decoding=\"async\" width=\"1328\" height=\"1328\" src=\"https:\/\/www.kedali.com\/wp-content\/uploads\/2025\/10\/bulk-ceramic-cup-wholeslaer-3.webp\" alt=\"taza de cer\u00e1mica a granel wholeslaer 3\" class=\"wp-image-800\" srcset=\"https:\/\/www.kedali.com\/wp-content\/uploads\/2025\/10\/bulk-ceramic-cup-wholeslaer-3.webp 1328w, https:\/\/www.kedali.com\/wp-content\/uploads\/2025\/10\/bulk-ceramic-cup-wholeslaer-3-300x300.webp 300w, https:\/\/www.kedali.com\/wp-content\/uploads\/2025\/10\/bulk-ceramic-cup-wholeslaer-3-150x150.webp 150w, https:\/\/www.kedali.com\/wp-content\/uploads\/2025\/10\/bulk-ceramic-cup-wholeslaer-3-768x768.webp 768w, https:\/\/www.kedali.com\/wp-content\/uploads\/2025\/10\/bulk-ceramic-cup-wholeslaer-3-1200x1200.webp 1200w, https:\/\/www.kedali.com\/wp-content\/uploads\/2025\/10\/bulk-ceramic-cup-wholeslaer-3-600x600.webp 600w, https:\/\/www.kedali.com\/wp-content\/uploads\/2025\/10\/bulk-ceramic-cup-wholeslaer-3-100x100.webp 100w\" sizes=\"(max-width: 1328px) 100vw, 1328px\" \/><\/figure>\n<\/div>\n\n\n\n<div class=\"wp-block-column is-layout-flow wp-block-column-is-layout-flow\">\n<figure class=\"wp-block-image size-full\"><img decoding=\"async\" width=\"1328\" height=\"1328\" src=\"https:\/\/www.kedali.com\/wp-content\/uploads\/2025\/10\/bulk-ceramic-cup-wholeslaer-1.webp\" alt=\"taza de cer\u00e1mica a granel wholeslaer 1\" class=\"wp-image-798\" srcset=\"https:\/\/www.kedali.com\/wp-content\/uploads\/2025\/10\/bulk-ceramic-cup-wholeslaer-1.webp 1328w, https:\/\/www.kedali.com\/wp-content\/uploads\/2025\/10\/bulk-ceramic-cup-wholeslaer-1-300x300.webp 300w, https:\/\/www.kedali.com\/wp-content\/uploads\/2025\/10\/bulk-ceramic-cup-wholeslaer-1-150x150.webp 150w, https:\/\/www.kedali.com\/wp-content\/uploads\/2025\/10\/bulk-ceramic-cup-wholeslaer-1-768x768.webp 768w, https:\/\/www.kedali.com\/wp-content\/uploads\/2025\/10\/bulk-ceramic-cup-wholeslaer-1-1200x1200.webp 1200w, https:\/\/www.kedali.com\/wp-content\/uploads\/2025\/10\/bulk-ceramic-cup-wholeslaer-1-600x600.webp 600w, https:\/\/www.kedali.com\/wp-content\/uploads\/2025\/10\/bulk-ceramic-cup-wholeslaer-1-100x100.webp 100w\" sizes=\"(max-width: 1328px) 100vw, 1328px\" \/><\/figure>\n<\/div>\n<\/div>","protected":false},"excerpt":{"rendered":"<p>Venta al Mayor de Tazas de Cer\u00e1mica Alfabeto. Cada taza de cer\u00e1mica cuenta con una letra may\u00fascula en negrita rodeada de elegante follaje negro, mezclando la personalizaci\u00f3n con la est\u00e9tica natural. Como una f\u00e1brica de cer\u00e1mica, apoyamos OEM y ODM. \u00a1Obtenga un presupuesto al por mayor ahora!<\/p>\n<h2>Especificaciones de la taza de cer\u00e1mica<\/h2>\n<table width=\"235\">\n<tbody>\n<tr>\n<td width=\"69\">Marca<\/td>\n<td width=\"166\">KDL<\/td>\n<\/tr>\n<tr>\n<td width=\"69\">Modelo<\/td>\n<td width=\"166\">TBQL101-5<\/td>\n<\/tr>\n<tr>\n<td width=\"69\">Material<\/td>\n<td width=\"166\">cer\u00e1mica<\/td>\n<\/tr>\n<tr>\n<td width=\"69\">color<\/td>\n<td width=\"166\">blanco<\/td>\n<\/tr>\n<tr>\n<td width=\"69\">Aplicaci\u00f3n<\/td>\n<td width=\"166\">taza de cer\u00e1mica<\/td>\n<\/tr>\n<tr>\n<td width=\"69\">Caracter\u00edstica<\/td>\n<td width=\"166\">calcoman\u00eda<\/td>\n<\/tr>\n<tr>\n<td width=\"69\">Dimensiones<\/td>\n<td width=\"166\">12,5*9*9,5cm \/ 8,5*6*6,4cm\u00a0<\/td>\n<\/tr>\n<tr>\n<td width=\"69\">Peso bruto (kg)<\/td>\n<td width=\"166\">0.32\/0.1<\/td>\n<\/tr>\n<tr>\n<td width=\"69\">Cantidad m\u00ednima de pedido<\/td>\n<td width=\"166\">800 juegos<\/td>\n<\/tr>\n<\/tbody>\n<\/table>\n<p>&nbsp;<\/p>\n<p><script src=\"chrome-extension:\/\/fpelahbljekknahkcaegamhcndkfpfnc\/iFrame.js\" type=\"text\/javascript\"><\/script><\/p>","protected":false},"featured_media":799,"comment_status":"closed","ping_status":"closed","template":"","meta":{"_acf_changed":false},"product_brand":[],"product_cat":[21],"product_tag":[],"class_list":{"0":"post-797","1":"product","2":"type-product","3":"status-publish","4":"has-post-thumbnail","6":"product_cat-wholesale-ceramic-mugs-and-cups","8":"first","9":"instock","10":"shipping-taxable","11":"product-type-simple"},"acf":[],"_links":{"self":[{"href":"https:\/\/www.kedali.com\/es\/wp-json\/wp\/v2\/product\/797","targetHints":{"allow":["GET"]}}],"collection":[{"href":"https:\/\/www.kedali.com\/es\/wp-json\/wp\/v2\/product"}],"about":[{"href":"https:\/\/www.kedali.com\/es\/wp-json\/wp\/v2\/types\/product"}],"replies":[{"embeddable":true,"href":"https:\/\/www.kedali.com\/es\/wp-json\/wp\/v2\/comments?post=797"}],"wp:featuredmedia":[{"embeddable":true,"href":"https:\/\/www.kedali.com\/es\/wp-json\/wp\/v2\/media\/799"}],"wp:attachment":[{"href":"https:\/\/www.kedali.com\/es\/wp-json\/wp\/v2\/media?parent=797"}],"wp:term":[{"taxonomy":"product_brand","embeddable":true,"href":"https:\/\/www.kedali.com\/es\/wp-json\/wp\/v2\/product_brand?post=797"},{"taxonomy":"product_cat","embeddable":true,"href":"https:\/\/www.kedali.com\/es\/wp-json\/wp\/v2\/product_cat?post=797"},{"taxonomy":"product_tag","embeddable":true,"href":"https:\/\/www.kedali.com\/es\/wp-json\/wp\/v2\/product_tag?post=797"}],"curies":[{"name":"wp","href":"https:\/\/api.w.org\/{rel}","templated":true}]}}