{"id":968,"date":"2025-10-05T10:52:14","date_gmt":"2025-10-05T10:52:14","guid":{"rendered":"https:\/\/www.kedali.com\/?post_type=product&#038;p=968"},"modified":"2026-02-09T13:22:15","modified_gmt":"2026-02-09T13:22:15","slug":"wholesale-ceramic-cat-bowl-set","status":"publish","type":"product","link":"https:\/\/www.kedali.com\/es\/producto\/wholesale-ceramic-cat-bowl-set\/","title":{"rendered":"Mayorista Juego de Cuencos de Cer\u00e1mica para Gato, Adorable Dise\u00f1o de Orejas de Gato"},"content":{"rendered":"<div class=\"wp-block-columns is-layout-flex wp-container-core-columns-is-layout-9d6595d7 wp-block-columns-is-layout-flex\">\n<div class=\"wp-block-column is-layout-flow wp-block-column-is-layout-flow\">\n<h3 class=\"wp-block-heading\">Caracter\u00edsticas del set de cer\u00e1mica para gatos<\/h3>\n\n\n\n<ul class=\"wp-block-list\">\n<li><strong>Antibacteriano y resistente al moho: <\/strong>La superficie lisa de cer\u00e1mica impide que se acumulen restos de comida, lo que facilita su limpieza y reduce eficazmente la proliferaci\u00f3n de bacterias, ayudando as\u00ed a mantener la salud digestiva de su mascota.<\/li>\n\n\n\n<li><strong>Dise\u00f1o de doble cubeta:<\/strong> Una rejilla met\u00e1lica sujeta dos cuencos simult\u00e1neamente, para que su mascota beba y coma c\u00f3modamente. Estimula el apetito: Los colores c\u00e1lidos y el dise\u00f1o de los cuencos de cer\u00e1mica realzan el atractivo visual de la comida, estimulando indirectamente el apetito de su mascota.<\/li>\n\n\n\n<li><strong>F\u00e1cil de limpiar: <\/strong>Fabricados en cer\u00e1mica suave y delicada, los cuencos para mascotas pueden lavarse directamente con agua con excelentes resultados de limpieza.<\/li>\n\n\n\n<li><strong>Personalizaci\u00f3n disponible: <\/strong>Ofrecemos precios al por mayor y servicios de compra al por mayor, y podemos personalizar para satisfacer diversas necesidades de empresas y particulares, incluida la selecci\u00f3n de colores y estampados.<\/li>\n<\/ul>\n\n\n\n<h3 class=\"wp-block-heading\">Servicio a medida<\/h3>\n\n\n\n<ul class=\"wp-block-list\">\n<li>Asistencia OEM y ODM<\/li>\n\n\n\n<li>Entrega r\u00e1pida de muestras.<\/li>\n\n\n\n<li>Proporcionamos productos personalizados en forma, color, patr\u00f3n, embalaje y otros servicios personalizados.<\/li>\n<\/ul>\n<\/div>\n\n\n\n<div class=\"wp-block-column is-layout-flow wp-block-column-is-layout-flow\">\n<figure class=\"wp-block-image size-full\"><img decoding=\"async\" width=\"800\" height=\"800\" src=\"https:\/\/www.kedali.com\/wp-content\/uploads\/2025\/11\/wholesale-ceramic-cat-bowl-8.webp\" alt=\"mayorista comedero de ceramica para gatos (8)\" class=\"wp-image-976\" srcset=\"https:\/\/www.kedali.com\/wp-content\/uploads\/2025\/11\/wholesale-ceramic-cat-bowl-8.webp 800w, https:\/\/www.kedali.com\/wp-content\/uploads\/2025\/11\/wholesale-ceramic-cat-bowl-8-300x300.webp 300w, https:\/\/www.kedali.com\/wp-content\/uploads\/2025\/11\/wholesale-ceramic-cat-bowl-8-150x150.webp 150w, https:\/\/www.kedali.com\/wp-content\/uploads\/2025\/11\/wholesale-ceramic-cat-bowl-8-768x768.webp 768w, https:\/\/www.kedali.com\/wp-content\/uploads\/2025\/11\/wholesale-ceramic-cat-bowl-8-600x600.webp 600w, https:\/\/www.kedali.com\/wp-content\/uploads\/2025\/11\/wholesale-ceramic-cat-bowl-8-100x100.webp 100w\" sizes=\"(max-width: 800px) 100vw, 800px\" \/><\/figure>\n<\/div>\n<\/div>\n\n\n\n<div class=\"wp-block-columns is-layout-flex wp-container-core-columns-is-layout-9d6595d7 wp-block-columns-is-layout-flex\">\n<div class=\"wp-block-column is-layout-flow wp-block-column-is-layout-flow\">\n<figure class=\"wp-block-image size-full\"><img decoding=\"async\" width=\"800\" height=\"800\" src=\"https:\/\/www.kedali.com\/wp-content\/uploads\/2025\/11\/wholesale-ceramic-cat-bowl-6.webp\" alt=\"mayorista comedero de ceramica para gatos (6)\" class=\"wp-image-974\" srcset=\"https:\/\/www.kedali.com\/wp-content\/uploads\/2025\/11\/wholesale-ceramic-cat-bowl-6.webp 800w, https:\/\/www.kedali.com\/wp-content\/uploads\/2025\/11\/wholesale-ceramic-cat-bowl-6-300x300.webp 300w, https:\/\/www.kedali.com\/wp-content\/uploads\/2025\/11\/wholesale-ceramic-cat-bowl-6-150x150.webp 150w, https:\/\/www.kedali.com\/wp-content\/uploads\/2025\/11\/wholesale-ceramic-cat-bowl-6-768x768.webp 768w, https:\/\/www.kedali.com\/wp-content\/uploads\/2025\/11\/wholesale-ceramic-cat-bowl-6-600x600.webp 600w, https:\/\/www.kedali.com\/wp-content\/uploads\/2025\/11\/wholesale-ceramic-cat-bowl-6-100x100.webp 100w\" sizes=\"(max-width: 800px) 100vw, 800px\" \/><\/figure>\n<\/div>\n\n\n\n<div class=\"wp-block-column is-layout-flow wp-block-column-is-layout-flow\">\n<figure class=\"wp-block-image size-full\"><img decoding=\"async\" width=\"800\" height=\"800\" src=\"https:\/\/www.kedali.com\/wp-content\/uploads\/2025\/11\/wholesale-ceramic-cat-bowl-1.webp\" alt=\"mayorista comedero de ceramica para gatos (1)\" class=\"wp-image-969\" srcset=\"https:\/\/www.kedali.com\/wp-content\/uploads\/2025\/11\/wholesale-ceramic-cat-bowl-1.webp 800w, https:\/\/www.kedali.com\/wp-content\/uploads\/2025\/11\/wholesale-ceramic-cat-bowl-1-300x300.webp 300w, https:\/\/www.kedali.com\/wp-content\/uploads\/2025\/11\/wholesale-ceramic-cat-bowl-1-150x150.webp 150w, https:\/\/www.kedali.com\/wp-content\/uploads\/2025\/11\/wholesale-ceramic-cat-bowl-1-768x768.webp 768w, https:\/\/www.kedali.com\/wp-content\/uploads\/2025\/11\/wholesale-ceramic-cat-bowl-1-600x600.webp 600w, https:\/\/www.kedali.com\/wp-content\/uploads\/2025\/11\/wholesale-ceramic-cat-bowl-1-100x100.webp 100w\" sizes=\"(max-width: 800px) 100vw, 800px\" \/><\/figure>\n<\/div>\n<\/div>\n\n\n\n<p><\/p>","protected":false},"excerpt":{"rendered":"<p>Venta al por mayor de juegos de cuencos de cer\u00e1mica de alta calidad para gatos, adorables dise\u00f1os con orejas de gato y un esmalte liso y brillante. Fabricados en cer\u00e1mica de primera calidad, son duraderos, resistentes y f\u00e1ciles de limpiar. Ideales para tiendas de mascotas, tiendas de art\u00edculos para el hogar y tiendas de regalos. Ofrecemos presupuestos de f\u00e1brica; p\u00f3ngase en contacto con nosotros.<\/p>\n<h2>Especificaciones del juego de cuencos de cer\u00e1mica para gatos<\/h2>\n<table style=\"border-collapse: collapse; width: 272.27pt;\" border=\"0\" width=\"363\" cellspacing=\"0\" cellpadding=\"0\">\n<tbody>\n<tr style=\"height: 13.50pt;\">\n<td class=\"et2\" style=\"height: 13.50pt; width: 80.25pt;\" width=\"107\" height=\"18\">Marca<\/td>\n<td class=\"et2\" style=\"width: 192.00pt;\" width=\"256\">KDL<\/td>\n<\/tr>\n<tr style=\"height: 13.50pt;\">\n<td class=\"et2\" style=\"height: 13.50pt; width: 80.25pt;\" width=\"107\" height=\"18\">Modelo<\/td>\n<td class=\"et2\" style=\"width: 192.00pt;\" width=\"256\">DTOS446<\/td>\n<\/tr>\n<tr style=\"height: 13.50pt;\">\n<td class=\"et2\" style=\"height: 13.50pt; width: 80.25pt;\" width=\"107\" height=\"18\">Material<\/td>\n<td class=\"et2\" style=\"width: 192.00pt;\" width=\"256\">cer\u00e1mica<\/td>\n<\/tr>\n<tr style=\"height: 13.50pt;\">\n<td class=\"et2\" style=\"height: 13.50pt; width: 80.25pt;\" width=\"107\" height=\"18\">color<\/td>\n<td class=\"et2\" style=\"width: 192.00pt;\" width=\"256\">personalizado<\/td>\n<\/tr>\n<tr style=\"height: 13.50pt;\">\n<td class=\"et2\" style=\"height: 13.50pt; width: 80.25pt;\" width=\"107\" height=\"18\">Aplicaci\u00f3n<\/td>\n<td class=\"et2\" style=\"width: 192.00pt;\" width=\"256\">almacenamiento de alimentos para mascotas<\/td>\n<\/tr>\n<tr style=\"height: 13.50pt;\">\n<td class=\"et2\" style=\"height: 13.50pt; width: 80.25pt;\" width=\"107\" height=\"18\">Caracter\u00edstica<\/td>\n<td class=\"et2\" style=\"width: 192.00pt;\" width=\"256\">Color glaseado<\/td>\n<\/tr>\n<tr style=\"height: 13.50pt;\">\n<td class=\"et2\" style=\"height: 13.50pt; width: 80.25pt;\" width=\"107\" height=\"18\">Dimensiones<\/td>\n<td class=\"et2\" style=\"width: 192.00pt;\" width=\"256\">cuenco:15.5*15.5*7.9cm<\/td>\n<\/tr>\n<tr style=\"height: 27.00pt;\">\n<td class=\"et2\" style=\"height: 27.00pt; width: 80.25pt;\" width=\"107\" height=\"36\">Peso bruto (kg)<\/td>\n<td class=\"et2\" style=\"width: 192.00pt;\" width=\"256\">1,5 kg<\/td>\n<\/tr>\n<tr style=\"height: 40.50pt;\">\n<td class=\"et2\" style=\"height: 40.50pt; width: 80.25pt;\" width=\"107\" height=\"54\">Cantidad m\u00ednima de pedido<\/td>\n<td class=\"et2\" style=\"width: 192.00pt;\" width=\"256\">800 juegos<\/td>\n<\/tr>\n<\/tbody>\n<\/table>\n<p><script src=\"chrome-extension:\/\/fpelahbljekknahkcaegamhcndkfpfnc\/iFrame.js\" type=\"text\/javascript\"><\/script><\/p>","protected":false},"featured_media":969,"comment_status":"closed","ping_status":"closed","template":"","meta":{"_acf_changed":false},"product_brand":[],"product_cat":[22,54],"product_tag":[],"class_list":{"0":"post-968","1":"product","2":"type-product","3":"status-publish","4":"has-post-thumbnail","6":"product_cat-wholesale-ceramic-pet-supplies","7":"product_cat-wholesale-ceramic-pet-bowls","9":"first","10":"instock","11":"shipping-taxable","12":"product-type-simple"},"acf":[],"_links":{"self":[{"href":"https:\/\/www.kedali.com\/es\/wp-json\/wp\/v2\/product\/968","targetHints":{"allow":["GET"]}}],"collection":[{"href":"https:\/\/www.kedali.com\/es\/wp-json\/wp\/v2\/product"}],"about":[{"href":"https:\/\/www.kedali.com\/es\/wp-json\/wp\/v2\/types\/product"}],"replies":[{"embeddable":true,"href":"https:\/\/www.kedali.com\/es\/wp-json\/wp\/v2\/comments?post=968"}],"wp:featuredmedia":[{"embeddable":true,"href":"https:\/\/www.kedali.com\/es\/wp-json\/wp\/v2\/media\/969"}],"wp:attachment":[{"href":"https:\/\/www.kedali.com\/es\/wp-json\/wp\/v2\/media?parent=968"}],"wp:term":[{"taxonomy":"product_brand","embeddable":true,"href":"https:\/\/www.kedali.com\/es\/wp-json\/wp\/v2\/product_brand?post=968"},{"taxonomy":"product_cat","embeddable":true,"href":"https:\/\/www.kedali.com\/es\/wp-json\/wp\/v2\/product_cat?post=968"},{"taxonomy":"product_tag","embeddable":true,"href":"https:\/\/www.kedali.com\/es\/wp-json\/wp\/v2\/product_tag?post=968"}],"curies":[{"name":"wp","href":"https:\/\/api.w.org\/{rel}","templated":true}]}}