{"id":979,"date":"2025-10-05T11:13:11","date_gmt":"2025-10-05T11:13:11","guid":{"rendered":"https:\/\/www.kedali.com\/?post_type=product&#038;p=979"},"modified":"2026-02-09T13:22:05","modified_gmt":"2026-02-09T13:22:05","slug":"wholesale-ceramic-cat-face-feeding-bowls","status":"publish","type":"product","link":"https:\/\/www.kedali.com\/es\/producto\/wholesale-ceramic-cat-face-feeding-bowls\/","title":{"rendered":"Mayorista Comedero de Cer\u00e1mica Cara de Gato, Seguro para Alimentos, Adorable Dise\u00f1o."},"content":{"rendered":"<div class=\"wp-block-columns is-layout-flex wp-container-core-columns-is-layout-9d6595d7 wp-block-columns-is-layout-flex\">\n<div class=\"wp-block-column is-layout-flow wp-block-column-is-layout-flow\">\n<h3 class=\"wp-block-heading\">Caracter\u00edsticas del cuenco de cer\u00e1mica para gatos<\/h3>\n\n\n\n<ul class=\"wp-block-list\">\n<li><strong>Estimula el apetito: <\/strong>El exquisito dise\u00f1o en 3D puede aumentar el inter\u00e9s de su mascota por la comida y ayudar a mejorar los h\u00e1bitos alimentarios quisquillosos.<\/li>\n\n\n\n<li><strong>Saludable y respetuoso con el medio ambiente:<\/strong> El material cer\u00e1mico no contiene BPA ni otras sustancias nocivas, y no libera sustancias qu\u00edmicas da\u00f1inas con el uso prolongado, protegiendo as\u00ed la salud de su mascota.<\/li>\n\n\n\n<li><strong>Antideslizante y reductor del ruido: <\/strong>El dise\u00f1o antideslizante de la parte inferior impide que se vuelque y evita el fuerte ruido que producen los cuencos met\u00e1licos, manteniendo el entorno limpio y silencioso.<\/li>\n\n\n\n<li><strong>Ventajas del material:<\/strong> La superficie lisa de la cer\u00e1mica no atrapa f\u00e1cilmente la suciedad, lo que facilita su limpieza.<\/li>\n\n\n\n<li><strong>Personalizaci\u00f3n disponible:<\/strong> Ofrecemos precios al por mayor y servicios de suministro a granel, y podemos personalizar seg\u00fan las necesidades del cliente, incluida la selecci\u00f3n de colores y estampados, para satisfacer las diversas necesidades de empresas y particulares.<\/li>\n<\/ul>\n\n\n\n<h3 class=\"wp-block-heading\">Servicio a medida<\/h3>\n\n\n\n<ul class=\"wp-block-list\">\n<li>Asistencia OEM y ODM<\/li>\n\n\n\n<li>Entrega r\u00e1pida de muestras.<\/li>\n\n\n\n<li>Proporcionamos productos personalizados en forma, color, patr\u00f3n, embalaje y otros servicios personalizados.<\/li>\n<\/ul>\n<\/div>\n\n\n\n<div class=\"wp-block-column is-layout-flow wp-block-column-is-layout-flow\">\n<figure class=\"wp-block-image size-full\"><img decoding=\"async\" width=\"800\" height=\"800\" src=\"https:\/\/www.kedali.com\/wp-content\/uploads\/2025\/11\/wholesale-ceramic-cat-bowl-6-1.webp\" alt=\"mayorista comedero de ceramica para gatos (6)\" class=\"wp-image-985\" srcset=\"https:\/\/www.kedali.com\/wp-content\/uploads\/2025\/11\/wholesale-ceramic-cat-bowl-6-1.webp 800w, https:\/\/www.kedali.com\/wp-content\/uploads\/2025\/11\/wholesale-ceramic-cat-bowl-6-1-300x300.webp 300w, https:\/\/www.kedali.com\/wp-content\/uploads\/2025\/11\/wholesale-ceramic-cat-bowl-6-1-150x150.webp 150w, https:\/\/www.kedali.com\/wp-content\/uploads\/2025\/11\/wholesale-ceramic-cat-bowl-6-1-768x768.webp 768w, https:\/\/www.kedali.com\/wp-content\/uploads\/2025\/11\/wholesale-ceramic-cat-bowl-6-1-600x600.webp 600w, https:\/\/www.kedali.com\/wp-content\/uploads\/2025\/11\/wholesale-ceramic-cat-bowl-6-1-100x100.webp 100w\" sizes=\"(max-width: 800px) 100vw, 800px\" \/><\/figure>\n<\/div>\n<\/div>\n\n\n\n<div class=\"wp-block-columns is-layout-flex wp-container-core-columns-is-layout-9d6595d7 wp-block-columns-is-layout-flex\">\n<div class=\"wp-block-column is-layout-flow wp-block-column-is-layout-flow\">\n<figure class=\"wp-block-image size-full\"><img decoding=\"async\" width=\"800\" height=\"800\" src=\"https:\/\/www.kedali.com\/wp-content\/uploads\/2025\/11\/wholesale-ceramic-cat-bowl-3-1.webp\" alt=\"mayorista comedero de ceramica para gatos (3)\" class=\"wp-image-982\" srcset=\"https:\/\/www.kedali.com\/wp-content\/uploads\/2025\/11\/wholesale-ceramic-cat-bowl-3-1.webp 800w, https:\/\/www.kedali.com\/wp-content\/uploads\/2025\/11\/wholesale-ceramic-cat-bowl-3-1-300x300.webp 300w, https:\/\/www.kedali.com\/wp-content\/uploads\/2025\/11\/wholesale-ceramic-cat-bowl-3-1-150x150.webp 150w, https:\/\/www.kedali.com\/wp-content\/uploads\/2025\/11\/wholesale-ceramic-cat-bowl-3-1-768x768.webp 768w, https:\/\/www.kedali.com\/wp-content\/uploads\/2025\/11\/wholesale-ceramic-cat-bowl-3-1-600x600.webp 600w, https:\/\/www.kedali.com\/wp-content\/uploads\/2025\/11\/wholesale-ceramic-cat-bowl-3-1-100x100.webp 100w\" sizes=\"(max-width: 800px) 100vw, 800px\" \/><\/figure>\n<\/div>\n\n\n\n<div class=\"wp-block-column is-layout-flow wp-block-column-is-layout-flow\">\n<figure class=\"wp-block-image size-full\"><img decoding=\"async\" width=\"800\" height=\"800\" src=\"https:\/\/www.kedali.com\/wp-content\/uploads\/2025\/11\/wholesale-ceramic-cat-bowl-4-1.webp\" alt=\"mayorista comedero de ceramica para gatos (4)\" class=\"wp-image-983\" srcset=\"https:\/\/www.kedali.com\/wp-content\/uploads\/2025\/11\/wholesale-ceramic-cat-bowl-4-1.webp 800w, https:\/\/www.kedali.com\/wp-content\/uploads\/2025\/11\/wholesale-ceramic-cat-bowl-4-1-300x300.webp 300w, https:\/\/www.kedali.com\/wp-content\/uploads\/2025\/11\/wholesale-ceramic-cat-bowl-4-1-150x150.webp 150w, https:\/\/www.kedali.com\/wp-content\/uploads\/2025\/11\/wholesale-ceramic-cat-bowl-4-1-768x768.webp 768w, https:\/\/www.kedali.com\/wp-content\/uploads\/2025\/11\/wholesale-ceramic-cat-bowl-4-1-600x600.webp 600w, https:\/\/www.kedali.com\/wp-content\/uploads\/2025\/11\/wholesale-ceramic-cat-bowl-4-1-100x100.webp 100w\" sizes=\"(max-width: 800px) 100vw, 800px\" \/><\/figure>\n<\/div>\n<\/div>","protected":false},"excerpt":{"rendered":"<p>\u00a1Mayorista de adorables cuencos para gatos! Este cuenco de cer\u00e1mica para gatos presenta una elegante combinaci\u00f3n de colores en blanco y negro y est\u00e1 decorado con una simp\u00e1tica cara de gato. El cuenco poco profundo y ancho permite a los gatos mover sus bigotes libremente, reduciendo el estr\u00e9s durante la comida. Suministro directo de f\u00e1brica, compatible con OEM y ODM. P\u00f3ngase en contacto con nosotros para solicitar presupuesto.<\/p>\n<h2>Especificaciones del cuenco de cer\u00e1mica para gatos<\/h2>\n<table style=\"border-collapse: collapse; width: 272.27pt;\" border=\"0\" width=\"363\" cellspacing=\"0\" cellpadding=\"0\">\n<tbody>\n<tr style=\"height: 13.50pt;\">\n<td class=\"et2\" style=\"height: 13.50pt; width: 80.25pt;\" width=\"107\" height=\"18\">Marca<\/td>\n<td class=\"et2\" style=\"width: 192.00pt;\" width=\"256\">KDL<\/td>\n<\/tr>\n<tr style=\"height: 13.50pt;\">\n<td class=\"et2\" style=\"height: 13.50pt; width: 80.25pt;\" width=\"107\" height=\"18\">Modelo<\/td>\n<td class=\"et2\" style=\"width: 192.00pt;\" width=\"256\">DTOS446-6-E215<\/td>\n<\/tr>\n<tr style=\"height: 13.50pt;\">\n<td class=\"et2\" style=\"height: 13.50pt; width: 80.25pt;\" width=\"107\" height=\"18\">Material<\/td>\n<td class=\"et2\" style=\"width: 192.00pt;\" width=\"256\">cer\u00e1mica<\/td>\n<\/tr>\n<tr style=\"height: 13.50pt;\">\n<td class=\"et2\" style=\"height: 13.50pt; width: 80.25pt;\" width=\"107\" height=\"18\">color<\/td>\n<td class=\"et2\" style=\"width: 192.00pt;\" width=\"256\">blanco y negro<\/td>\n<\/tr>\n<tr style=\"height: 13.50pt;\">\n<td class=\"et2\" style=\"height: 13.50pt; width: 80.25pt;\" width=\"107\" height=\"18\">Aplicaci\u00f3n<\/td>\n<td class=\"et2\" style=\"width: 192.00pt;\" width=\"256\">cuenco para mascotas<\/td>\n<\/tr>\n<tr style=\"height: 13.50pt;\">\n<td class=\"et2\" style=\"height: 13.50pt; width: 80.25pt;\" width=\"107\" height=\"18\">Caracter\u00edstica<\/td>\n<td class=\"et2\" style=\"width: 192.00pt;\" width=\"256\">Color glaseado<\/td>\n<\/tr>\n<tr style=\"height: 13.50pt;\">\n<td class=\"et2\" style=\"height: 13.50pt; width: 80.25pt;\" width=\"107\" height=\"18\">Dimensiones<\/td>\n<td class=\"et2\" style=\"width: 192.00pt;\" width=\"256\">15,5*15,5*7,9 cm<\/td>\n<\/tr>\n<tr style=\"height: 27.00pt;\">\n<td class=\"et2\" style=\"height: 27.00pt; width: 80.25pt;\" width=\"107\" height=\"36\">Peso bruto (kg)<\/td>\n<td class=\"et2\" style=\"width: 192.00pt;\" width=\"256\">1kg<\/td>\n<\/tr>\n<tr style=\"height: 40.50pt;\">\n<td class=\"et2\" style=\"height: 40.50pt; width: 80.25pt;\" width=\"107\" height=\"54\">Cantidad m\u00ednima de pedido<\/td>\n<td class=\"et2\" style=\"width: 192.00pt;\" width=\"256\">800 juegos<\/td>\n<\/tr>\n<\/tbody>\n<\/table>\n<p>&nbsp;<\/p>\n<p><script src=\"chrome-extension:\/\/fpelahbljekknahkcaegamhcndkfpfnc\/iFrame.js\" type=\"text\/javascript\"><\/script><\/p>","protected":false},"featured_media":980,"comment_status":"closed","ping_status":"closed","template":"","meta":{"_acf_changed":false},"product_brand":[],"product_cat":[22,54],"product_tag":[],"class_list":{"0":"post-979","1":"product","2":"type-product","3":"status-publish","4":"has-post-thumbnail","6":"product_cat-wholesale-ceramic-pet-supplies","7":"product_cat-wholesale-ceramic-pet-bowls","9":"first","10":"instock","11":"shipping-taxable","12":"product-type-simple"},"acf":[],"_links":{"self":[{"href":"https:\/\/www.kedali.com\/es\/wp-json\/wp\/v2\/product\/979","targetHints":{"allow":["GET"]}}],"collection":[{"href":"https:\/\/www.kedali.com\/es\/wp-json\/wp\/v2\/product"}],"about":[{"href":"https:\/\/www.kedali.com\/es\/wp-json\/wp\/v2\/types\/product"}],"replies":[{"embeddable":true,"href":"https:\/\/www.kedali.com\/es\/wp-json\/wp\/v2\/comments?post=979"}],"wp:featuredmedia":[{"embeddable":true,"href":"https:\/\/www.kedali.com\/es\/wp-json\/wp\/v2\/media\/980"}],"wp:attachment":[{"href":"https:\/\/www.kedali.com\/es\/wp-json\/wp\/v2\/media?parent=979"}],"wp:term":[{"taxonomy":"product_brand","embeddable":true,"href":"https:\/\/www.kedali.com\/es\/wp-json\/wp\/v2\/product_brand?post=979"},{"taxonomy":"product_cat","embeddable":true,"href":"https:\/\/www.kedali.com\/es\/wp-json\/wp\/v2\/product_cat?post=979"},{"taxonomy":"product_tag","embeddable":true,"href":"https:\/\/www.kedali.com\/es\/wp-json\/wp\/v2\/product_tag?post=979"}],"curies":[{"name":"wp","href":"https:\/\/api.w.org\/{rel}","templated":true}]}}