{"id":1261,"date":"2025-11-12T08:34:59","date_gmt":"2025-11-12T08:34:59","guid":{"rendered":"https:\/\/www.kedali.com\/?post_type=product&#038;p=1261"},"modified":"2026-01-22T08:55:30","modified_gmt":"2026-01-22T08:55:30","slug":"wholesale-ceramic-toothbrush-holders-small-and-exquisite-manufacturer-direct-supply","status":"publish","type":"product","link":"https:\/\/www.kedali.com\/fr\/produit\/wholesale-ceramic-toothbrush-holders-small-and-exquisite-manufacturer-direct-supply\/","title":{"rendered":"Porte-brosses \u00e0 dents en c\u00e9ramique en gros, petits et exquis - Fournisseur direct du fabricant"},"content":{"rendered":"<div class=\"wp-block-columns is-layout-flex wp-container-core-columns-is-layout-9d6595d7 wp-block-columns-is-layout-flex\">\n<div class=\"wp-block-column is-layout-flow wp-block-column-is-layout-flow\">\n<h3 class=\"wp-block-heading\">Caract\u00e9ristiques des porte-brosses \u00e0 dents en c\u00e9ramique<\/h3>\n\n\n\n<ul class=\"wp-block-list\">\n<li><strong>L'attrait esth\u00e9tique : <\/strong>Le mat\u00e9riau c\u00e9ramique naturel d\u00e9gage une impression de raffinement et d'\u00e9l\u00e9gance. Ce porte-brosses \u00e0 dents en c\u00e9ramique permet non seulement de ranger les brosses \u00e0 dents et les brosses, mais sert \u00e9galement d'\u00e9l\u00e9ment d\u00e9coratif, rehaussant l'aspect g\u00e9n\u00e9ral de votre salle de bains ou de votre meuble-lavabo.<\/li>\n\n\n\n<li><strong>Facile \u00e0 nettoyer :<\/strong> Les articles de salle de bains ont tendance \u00e0 accumuler la salet\u00e9. L'\u00e9mail c\u00e9ramique de ce porte-brosse \u00e0 dents emp\u00eache efficacement l'absorption de l'eau, des r\u00e9sidus de savon et des bact\u00e9ries, ce qui facilite le nettoyage.<\/li>\n\n\n\n<li><strong>Conception sans per\u00e7age : <\/strong>Il peut \u00eatre plac\u00e9 directement sur le plan de travail sans per\u00e7age. Gr\u00e2ce \u00e0 sa forte capacit\u00e9 de charge, il convient aux petites salles de bains ou aux immeubles locatifs.<\/li>\n\n\n\n<li><strong>Personnalisation possible : <\/strong>En tant que <strong><a href=\"https:\/\/www.kedali.com\/fr\/categorie-produit\/wholesale-ceramic-bathroom-accessories\/\" target=\"_blank\" rel=\"noreferrer noopener\">fabricant professionnel d'accessoires de salle de bains<\/a><\/strong>, Nous offrons des prix de gros et nous pouvons personnaliser les produits pour r\u00e9pondre \u00e0 vos besoins.<\/li>\n<\/ul>\n\n\n\n<h3 class=\"wp-block-heading\">Service sur mesure<\/h3>\n\n\n\n<ul class=\"wp-block-list\">\n<li>Support OEM et ODM<\/li>\n\n\n\n<li>Livraison rapide d'\u00e9chantillons.<\/li>\n\n\n\n<li>Fournir des produits personnalis\u00e9s en termes de forme, de couleur, de motif, d'emballage et d'autres services personnalis\u00e9s.<\/li>\n<\/ul>\n<\/div>\n\n\n\n<div class=\"wp-block-column is-layout-flow wp-block-column-is-layout-flow\">\n<figure class=\"wp-block-image size-full\"><img decoding=\"async\" width=\"800\" height=\"800\" src=\"https:\/\/www.kedali.com\/wp-content\/uploads\/2025\/11\/ceramic-toothbrush-holder-dimension.webp\" alt=\"dimension du porte-brosse \u00e0 dents en c\u00e9ramique\" class=\"wp-image-1262\" srcset=\"https:\/\/www.kedali.com\/wp-content\/uploads\/2025\/11\/ceramic-toothbrush-holder-dimension.webp 800w, https:\/\/www.kedali.com\/wp-content\/uploads\/2025\/11\/ceramic-toothbrush-holder-dimension-300x300.webp 300w, https:\/\/www.kedali.com\/wp-content\/uploads\/2025\/11\/ceramic-toothbrush-holder-dimension-150x150.webp 150w, https:\/\/www.kedali.com\/wp-content\/uploads\/2025\/11\/ceramic-toothbrush-holder-dimension-768x768.webp 768w, https:\/\/www.kedali.com\/wp-content\/uploads\/2025\/11\/ceramic-toothbrush-holder-dimension-12x12.webp 12w, https:\/\/www.kedali.com\/wp-content\/uploads\/2025\/11\/ceramic-toothbrush-holder-dimension-600x600.webp 600w, https:\/\/www.kedali.com\/wp-content\/uploads\/2025\/11\/ceramic-toothbrush-holder-dimension-100x100.webp 100w\" sizes=\"(max-width: 800px) 100vw, 800px\" \/><\/figure>\n<\/div>\n<\/div>\n\n\n\n<div class=\"wp-block-columns is-layout-flex wp-container-core-columns-is-layout-9d6595d7 wp-block-columns-is-layout-flex\">\n<div class=\"wp-block-column is-layout-flow wp-block-column-is-layout-flow\">\n<figure class=\"wp-block-image size-full\"><img decoding=\"async\" width=\"800\" height=\"800\" src=\"https:\/\/www.kedali.com\/wp-content\/uploads\/2025\/11\/wholesale-ceramic-toothbrush-holders-6.webp\" alt=\"Porte-brosses \u00e0 dents en c\u00e9ramique (6)\" class=\"wp-image-1268\" srcset=\"https:\/\/www.kedali.com\/wp-content\/uploads\/2025\/11\/wholesale-ceramic-toothbrush-holders-6.webp 800w, https:\/\/www.kedali.com\/wp-content\/uploads\/2025\/11\/wholesale-ceramic-toothbrush-holders-6-300x300.webp 300w, https:\/\/www.kedali.com\/wp-content\/uploads\/2025\/11\/wholesale-ceramic-toothbrush-holders-6-150x150.webp 150w, https:\/\/www.kedali.com\/wp-content\/uploads\/2025\/11\/wholesale-ceramic-toothbrush-holders-6-768x768.webp 768w, https:\/\/www.kedali.com\/wp-content\/uploads\/2025\/11\/wholesale-ceramic-toothbrush-holders-6-12x12.webp 12w, https:\/\/www.kedali.com\/wp-content\/uploads\/2025\/11\/wholesale-ceramic-toothbrush-holders-6-600x600.webp 600w, https:\/\/www.kedali.com\/wp-content\/uploads\/2025\/11\/wholesale-ceramic-toothbrush-holders-6-100x100.webp 100w\" sizes=\"(max-width: 800px) 100vw, 800px\" \/><\/figure>\n<\/div>\n\n\n\n<div class=\"wp-block-column is-layout-flow wp-block-column-is-layout-flow\">\n<figure class=\"wp-block-image size-full\"><img decoding=\"async\" width=\"800\" height=\"800\" src=\"https:\/\/www.kedali.com\/wp-content\/uploads\/2025\/11\/wholesale-ceramic-toothbrush-holders-7.webp\" alt=\"Porte-brosses \u00e0 dents en c\u00e9ramique (7)\" class=\"wp-image-1269\" srcset=\"https:\/\/www.kedali.com\/wp-content\/uploads\/2025\/11\/wholesale-ceramic-toothbrush-holders-7.webp 800w, https:\/\/www.kedali.com\/wp-content\/uploads\/2025\/11\/wholesale-ceramic-toothbrush-holders-7-300x300.webp 300w, https:\/\/www.kedali.com\/wp-content\/uploads\/2025\/11\/wholesale-ceramic-toothbrush-holders-7-150x150.webp 150w, https:\/\/www.kedali.com\/wp-content\/uploads\/2025\/11\/wholesale-ceramic-toothbrush-holders-7-768x768.webp 768w, https:\/\/www.kedali.com\/wp-content\/uploads\/2025\/11\/wholesale-ceramic-toothbrush-holders-7-12x12.webp 12w, https:\/\/www.kedali.com\/wp-content\/uploads\/2025\/11\/wholesale-ceramic-toothbrush-holders-7-600x600.webp 600w, https:\/\/www.kedali.com\/wp-content\/uploads\/2025\/11\/wholesale-ceramic-toothbrush-holders-7-100x100.webp 100w\" sizes=\"(max-width: 800px) 100vw, 800px\" \/><\/figure>\n<\/div>\n<\/div>","protected":false},"excerpt":{"rendered":"<p>Vente en gros de porte-brosses \u00e0 dents en c\u00e9ramique. Fabriqu\u00e9s en c\u00e9ramique durable de haute qualit\u00e9 avec une gla\u00e7ure lisse, ces \u00e9l\u00e9gants porte-brosses \u00e0 dents ajoutent une touche de sophistication europ\u00e9enne au plan de travail de votre salle de bains.<\/p>\n<p>En tant que leader <a href=\"https:\/\/www.kedali.com\/fr\/categorie-produit\/wholesale-ceramic-bathroom-accessories\/\" target=\"_blank\" rel=\"noopener\"><strong>fabricant d'accessoires de salle de bains<\/strong><\/a>, Nous proposons des services de personnalisation OEM et ODM, afin d'adapter les produits \u00e0 vos besoins sp\u00e9cifiques et de cr\u00e9er des accessoires de salle de bains uniques et de grande qualit\u00e9.<\/p>\n<h2>Sp\u00e9cifications des porte-brosses \u00e0 dents en c\u00e9ramique<\/h2>\n<table width=\"235\">\n<tbody>\n<tr>\n<td width=\"69\">Marque<\/td>\n<td width=\"166\">KDL<\/td>\n<\/tr>\n<tr>\n<td width=\"69\">Mod\u00e8le<\/td>\n<td width=\"166\">BS555-3<\/td>\n<\/tr>\n<tr>\n<td width=\"69\">Mat\u00e9riau<\/td>\n<td width=\"166\">c\u00e9ramique<\/td>\n<\/tr>\n<tr>\n<td width=\"69\">couleur<\/td>\n<td width=\"166\">personnalisable<\/td>\n<\/tr>\n<tr>\n<td width=\"69\">Application<\/td>\n<td width=\"166\">porte-brosse \u00e0 dents<\/td>\n<\/tr>\n<tr>\n<td width=\"69\">Fonctionnalit\u00e9<\/td>\n<td width=\"166\">gaufr\u00e9<\/td>\n<\/tr>\n<tr>\n<td width=\"69\">Dimensions<\/td>\n<td width=\"166\">4,4 \u00d7 4,4 \u00d7 4,4 cm<\/td>\n<\/tr>\n<tr>\n<td width=\"69\">Poids brut (kg)<\/td>\n<td width=\"166\">\/<\/td>\n<\/tr>\n<tr>\n<td width=\"69\">Quantit\u00e9 minimale de commande<\/td>\n<td width=\"166\">800 pi\u00e8ces<\/td>\n<\/tr>\n<\/tbody>\n<\/table>\n<p>&nbsp;<\/p>","protected":false},"featured_media":1263,"comment_status":"closed","ping_status":"closed","template":"","meta":{"_acf_changed":false},"product_brand":[],"product_cat":[17,42],"product_tag":[],"class_list":{"0":"post-1261","1":"product","2":"type-product","3":"status-publish","4":"has-post-thumbnail","6":"product_cat-wholesale-ceramic-bathroom-accessories","7":"product_cat-wholesale-ceramic-toothbrush-holders","9":"first","10":"instock","11":"shipping-taxable","12":"product-type-simple"},"acf":[],"_links":{"self":[{"href":"https:\/\/www.kedali.com\/fr\/wp-json\/wp\/v2\/product\/1261","targetHints":{"allow":["GET"]}}],"collection":[{"href":"https:\/\/www.kedali.com\/fr\/wp-json\/wp\/v2\/product"}],"about":[{"href":"https:\/\/www.kedali.com\/fr\/wp-json\/wp\/v2\/types\/product"}],"replies":[{"embeddable":true,"href":"https:\/\/www.kedali.com\/fr\/wp-json\/wp\/v2\/comments?post=1261"}],"wp:featuredmedia":[{"embeddable":true,"href":"https:\/\/www.kedali.com\/fr\/wp-json\/wp\/v2\/media\/1263"}],"wp:attachment":[{"href":"https:\/\/www.kedali.com\/fr\/wp-json\/wp\/v2\/media?parent=1261"}],"wp:term":[{"taxonomy":"product_brand","embeddable":true,"href":"https:\/\/www.kedali.com\/fr\/wp-json\/wp\/v2\/product_brand?post=1261"},{"taxonomy":"product_cat","embeddable":true,"href":"https:\/\/www.kedali.com\/fr\/wp-json\/wp\/v2\/product_cat?post=1261"},{"taxonomy":"product_tag","embeddable":true,"href":"https:\/\/www.kedali.com\/fr\/wp-json\/wp\/v2\/product_tag?post=1261"}],"curies":[{"name":"wp","href":"https:\/\/api.w.org\/{rel}","templated":true}]}}