{"id":1338,"date":"2025-11-13T04:01:15","date_gmt":"2025-11-13T04:01:15","guid":{"rendered":"https:\/\/www.kedali.com\/?post_type=product&#038;p=1338"},"modified":"2026-02-19T06:07:13","modified_gmt":"2026-02-19T06:07:13","slug":"stackable-ceramic-teapot-and-cup-set-wholesale","status":"publish","type":"product","link":"https:\/\/www.kedali.com\/fr\/produit\/stackable-ceramic-teapot-and-cup-set-wholesale\/","title":{"rendered":"Ensemble de th\u00e9i\u00e8res et de tasses empilables en c\u00e9ramique - Noir et rouge."},"content":{"rendered":"<div class=\"wp-block-columns is-layout-flex wp-container-core-columns-is-layout-9d6595d7 wp-block-columns-is-layout-flex\">\n<div class=\"wp-block-column is-layout-flow wp-block-column-is-layout-flow\">\n<h3 class=\"wp-block-heading\">Caract\u00e9ristiques de l'ensemble th\u00e9i\u00e8re et tasse en c\u00e9ramique<\/h3>\n\n\n\n<ul class=\"wp-block-list\">\n<li><strong>Style polyvalent : <\/strong>La combinaison des couleurs rouge et noire renforce l'attrait visuel, ce qui permet de l'utiliser pour un usage personnel ou de l'offrir en cadeau. La tasse et la soucoupe au design exquis s'int\u00e8grent parfaitement \u00e0 la maison ou au bureau et constituent un point de mire remarquable sur n'importe quel bureau.<\/li>\n\n\n\n<li><strong>Fonctionnalit\u00e9 pratique : <\/strong>Le mat\u00e9riau c\u00e9ramique offre une excellente r\u00e9tention de la chaleur, ce qui permet de conserver le caf\u00e9 et le th\u00e9 \u00e0 la temp\u00e9rature id\u00e9ale. Sa surface lisse est facile \u00e0 nettoyer et r\u00e9siste aux taches de th\u00e9 ou de caf\u00e9.<\/li>\n\n\n\n<li><strong>Portable : <\/strong>Des lignes \u00e9pur\u00e9es et une prise en main \u00e9quilibr\u00e9e optimisent l'exp\u00e9rience de l'utilisateur au quotidien. Cet ensemble portable est compact et parfait pour les voyages ou l'ext\u00e9rieur, avec un encombrement minimal.<\/li>\n\n\n\n<li><strong>Support OEM et ODM : <\/strong>En tant que fabricant professionnel d'articles pour le th\u00e9, nous offrons des services complets de personnalisation OEM\/ODM, ce qui vous permet d'adapter les mat\u00e9riaux, les couleurs, les motifs, l'emballage et la marque \u00e0 vos besoins sp\u00e9cifiques.<\/li>\n<\/ul>\n\n\n\n<h3 class=\"wp-block-heading\">Service sur mesure<\/h3>\n\n\n\n<ul class=\"wp-block-list\">\n<li>Support OEM et ODM<\/li>\n\n\n\n<li>Livraison rapide d'\u00e9chantillons.<\/li>\n\n\n\n<li>Fournir des produits personnalis\u00e9s en termes de forme, de couleur, de motif, d'emballage et d'autres services personnalis\u00e9s.<\/li>\n<\/ul>\n<\/div>\n\n\n\n<div class=\"wp-block-column is-layout-flow wp-block-column-is-layout-flow\">\n<figure class=\"wp-block-image size-full\"><img decoding=\"async\" width=\"1600\" height=\"1600\" src=\"https:\/\/www.kedali.com\/wp-content\/uploads\/2025\/11\/ceramic-teapot-and-cup-set-dimension.webp\" alt=\"Ensemble th\u00e9i\u00e8re et tasse en c\u00e9ramique dimension\" class=\"wp-image-1339\" srcset=\"https:\/\/www.kedali.com\/wp-content\/uploads\/2025\/11\/ceramic-teapot-and-cup-set-dimension.webp 1600w, https:\/\/www.kedali.com\/wp-content\/uploads\/2025\/11\/ceramic-teapot-and-cup-set-dimension-300x300.webp 300w, https:\/\/www.kedali.com\/wp-content\/uploads\/2025\/11\/ceramic-teapot-and-cup-set-dimension-150x150.webp 150w, https:\/\/www.kedali.com\/wp-content\/uploads\/2025\/11\/ceramic-teapot-and-cup-set-dimension-768x768.webp 768w, https:\/\/www.kedali.com\/wp-content\/uploads\/2025\/11\/ceramic-teapot-and-cup-set-dimension-12x12.webp 12w, https:\/\/www.kedali.com\/wp-content\/uploads\/2025\/11\/ceramic-teapot-and-cup-set-dimension-1200x1200.webp 1200w, https:\/\/www.kedali.com\/wp-content\/uploads\/2025\/11\/ceramic-teapot-and-cup-set-dimension-600x600.webp 600w, https:\/\/www.kedali.com\/wp-content\/uploads\/2025\/11\/ceramic-teapot-and-cup-set-dimension-100x100.webp 100w\" sizes=\"(max-width: 1600px) 100vw, 1600px\" \/><\/figure>\n<\/div>\n<\/div>\n\n\n\n<div class=\"wp-block-columns is-layout-flex wp-container-core-columns-is-layout-9d6595d7 wp-block-columns-is-layout-flex\">\n<div class=\"wp-block-column is-layout-flow wp-block-column-is-layout-flow\">\n<figure class=\"wp-block-image size-full\"><img decoding=\"async\" width=\"1600\" height=\"1600\" src=\"https:\/\/www.kedali.com\/wp-content\/uploads\/2025\/11\/wholesale-ceramic-teapot-and-cup-set-2.webp\" alt=\"Ensemble de th\u00e9i\u00e8res et de tasses en c\u00e9ramique (2)\" class=\"wp-image-1341\" srcset=\"https:\/\/www.kedali.com\/wp-content\/uploads\/2025\/11\/wholesale-ceramic-teapot-and-cup-set-2.webp 1600w, https:\/\/www.kedali.com\/wp-content\/uploads\/2025\/11\/wholesale-ceramic-teapot-and-cup-set-2-300x300.webp 300w, https:\/\/www.kedali.com\/wp-content\/uploads\/2025\/11\/wholesale-ceramic-teapot-and-cup-set-2-150x150.webp 150w, https:\/\/www.kedali.com\/wp-content\/uploads\/2025\/11\/wholesale-ceramic-teapot-and-cup-set-2-768x768.webp 768w, https:\/\/www.kedali.com\/wp-content\/uploads\/2025\/11\/wholesale-ceramic-teapot-and-cup-set-2-12x12.webp 12w, https:\/\/www.kedali.com\/wp-content\/uploads\/2025\/11\/wholesale-ceramic-teapot-and-cup-set-2-1200x1200.webp 1200w, https:\/\/www.kedali.com\/wp-content\/uploads\/2025\/11\/wholesale-ceramic-teapot-and-cup-set-2-600x600.webp 600w, https:\/\/www.kedali.com\/wp-content\/uploads\/2025\/11\/wholesale-ceramic-teapot-and-cup-set-2-100x100.webp 100w\" sizes=\"(max-width: 1600px) 100vw, 1600px\" \/><\/figure>\n<\/div>\n\n\n\n<div class=\"wp-block-column is-layout-flow wp-block-column-is-layout-flow\">\n<figure class=\"wp-block-image size-full\"><img decoding=\"async\" width=\"1600\" height=\"1600\" src=\"https:\/\/www.kedali.com\/wp-content\/uploads\/2025\/11\/wholesale-ceramic-teapot-and-cup-set-4.webp\" alt=\"Ensemble de th\u00e9i\u00e8res et de tasses en c\u00e9ramique (4)\" class=\"wp-image-1343\" srcset=\"https:\/\/www.kedali.com\/wp-content\/uploads\/2025\/11\/wholesale-ceramic-teapot-and-cup-set-4.webp 1600w, https:\/\/www.kedali.com\/wp-content\/uploads\/2025\/11\/wholesale-ceramic-teapot-and-cup-set-4-300x300.webp 300w, https:\/\/www.kedali.com\/wp-content\/uploads\/2025\/11\/wholesale-ceramic-teapot-and-cup-set-4-150x150.webp 150w, https:\/\/www.kedali.com\/wp-content\/uploads\/2025\/11\/wholesale-ceramic-teapot-and-cup-set-4-768x768.webp 768w, https:\/\/www.kedali.com\/wp-content\/uploads\/2025\/11\/wholesale-ceramic-teapot-and-cup-set-4-12x12.webp 12w, https:\/\/www.kedali.com\/wp-content\/uploads\/2025\/11\/wholesale-ceramic-teapot-and-cup-set-4-1200x1200.webp 1200w, https:\/\/www.kedali.com\/wp-content\/uploads\/2025\/11\/wholesale-ceramic-teapot-and-cup-set-4-600x600.webp 600w, https:\/\/www.kedali.com\/wp-content\/uploads\/2025\/11\/wholesale-ceramic-teapot-and-cup-set-4-100x100.webp 100w\" sizes=\"(max-width: 1600px) 100vw, 1600px\" \/><\/figure>\n<\/div>\n<\/div>","protected":false},"excerpt":{"rendered":"<p>Ce service \u00e0 th\u00e9 accrocheur pr\u00e9sente un design bicolore audacieux en rouge vif et noir, qui attire instantan\u00e9ment l'attention sur n'importe quelle \u00e9tag\u00e8re. Son design innovant et empilable int\u00e8gre astucieusement une th\u00e9i\u00e8re de 380 ml, un mug de 280 ml et une soucoupe, ce qui le rend id\u00e9al pour les \u00e9tudiants, les employ\u00e9s de bureau ou les voyageurs.<\/p>\n<p>En tant que <a href=\"https:\/\/www.kedali.com\/fr\/categorie-produit\/wholesale-ceramic-tea-sets\/\" target=\"_blank\" rel=\"noopener\"><strong>fabricant de services \u00e0 th\u00e9<\/strong><\/a>, Nous offrons un support OEM et ODM et des prix comp\u00e9titifs. N'h\u00e9sitez pas \u00e0 nous contacter.<\/p>\n<h2>Sp\u00e9cifications de l'ensemble th\u00e9i\u00e8re et tasse en c\u00e9ramique<\/h2>\n<table width=\"235\">\n<tbody>\n<tr>\n<td width=\"69\">Marque<\/td>\n<td width=\"166\">KDL<\/td>\n<\/tr>\n<tr>\n<td width=\"69\">Mod\u00e8le<\/td>\n<td width=\"166\">TPS082<\/td>\n<\/tr>\n<tr>\n<td width=\"69\">Mat\u00e9riau<\/td>\n<td width=\"166\">c\u00e9ramique<\/td>\n<\/tr>\n<tr>\n<td width=\"69\">couleur<\/td>\n<td width=\"166\">noir et rouge<\/td>\n<\/tr>\n<tr>\n<td width=\"69\">Application<\/td>\n<td width=\"166\">service \u00e0 th\u00e9 en c\u00e9ramique<\/td>\n<\/tr>\n<tr>\n<td width=\"69\">Fonctionnalit\u00e9<\/td>\n<td width=\"166\">couleur \u00e9maill\u00e9e<\/td>\n<\/tr>\n<tr>\n<td width=\"69\">Dimensions<\/td>\n<td width=\"166\"><strong data-start=\"34\" data-end=\"46\">Th\u00e9i\u00e8re :<\/strong> 17 \u00d7 11,2 \u00d7 11,5 cm<br data-start=\"66\" data-end=\"69\" data-is-only-node=\"\" \/><strong data-start=\"69\" data-end=\"77\">Coupe :<\/strong> 14 \u00d7 11,2 \u00d7 5,7 cm<br data-start=\"96\" data-end=\"99\" \/><strong data-start=\"99\" data-end=\"110\">Soucoupe :<\/strong> 15,2 \u00d7 15,2 \u00d7 2 cm<\/td>\n<\/tr>\n<tr>\n<td width=\"69\">Poids brut (kg)<\/td>\n<td width=\"166\">5kg<\/td>\n<\/tr>\n<tr>\n<td width=\"69\">Quantit\u00e9 minimale de commande<\/td>\n<td width=\"166\">800 jeux<\/td>\n<\/tr>\n<\/tbody>\n<\/table>\n<p>&nbsp;<\/p>","protected":false},"featured_media":1340,"comment_status":"closed","ping_status":"closed","template":"","meta":{"_acf_changed":false},"product_brand":[],"product_cat":[29,53],"product_tag":[],"class_list":{"0":"post-1338","1":"product","2":"type-product","3":"status-publish","4":"has-post-thumbnail","6":"product_cat-wholesale-ceramic-tea-sets","7":"product_cat-wholesale-coffee-and-tea-sets","9":"first","10":"instock","11":"shipping-taxable","12":"product-type-simple"},"acf":[],"_links":{"self":[{"href":"https:\/\/www.kedali.com\/fr\/wp-json\/wp\/v2\/product\/1338","targetHints":{"allow":["GET"]}}],"collection":[{"href":"https:\/\/www.kedali.com\/fr\/wp-json\/wp\/v2\/product"}],"about":[{"href":"https:\/\/www.kedali.com\/fr\/wp-json\/wp\/v2\/types\/product"}],"replies":[{"embeddable":true,"href":"https:\/\/www.kedali.com\/fr\/wp-json\/wp\/v2\/comments?post=1338"}],"wp:featuredmedia":[{"embeddable":true,"href":"https:\/\/www.kedali.com\/fr\/wp-json\/wp\/v2\/media\/1340"}],"wp:attachment":[{"href":"https:\/\/www.kedali.com\/fr\/wp-json\/wp\/v2\/media?parent=1338"}],"wp:term":[{"taxonomy":"product_brand","embeddable":true,"href":"https:\/\/www.kedali.com\/fr\/wp-json\/wp\/v2\/product_brand?post=1338"},{"taxonomy":"product_cat","embeddable":true,"href":"https:\/\/www.kedali.com\/fr\/wp-json\/wp\/v2\/product_cat?post=1338"},{"taxonomy":"product_tag","embeddable":true,"href":"https:\/\/www.kedali.com\/fr\/wp-json\/wp\/v2\/product_tag?post=1338"}],"curies":[{"name":"wp","href":"https:\/\/api.w.org\/{rel}","templated":true}]}}