{"id":1355,"date":"2025-11-13T09:56:34","date_gmt":"2025-11-13T09:56:34","guid":{"rendered":"https:\/\/www.kedali.com\/?post_type=product&#038;p=1355"},"modified":"2025-11-13T10:18:24","modified_gmt":"2025-11-13T10:18:24","slug":"bulk-ceramic-utensil-holders-wholesale","status":"publish","type":"product","link":"https:\/\/www.kedali.com\/fr\/produit\/bulk-ceramic-utensil-holders-wholesale\/","title":{"rendered":"Porte-ustensiles en c\u00e9ramique - Rangement de cuisine pour la maison, les restaurants et les caf\u00e9s"},"content":{"rendered":"<div class=\"wp-block-columns is-layout-flex wp-container-core-columns-is-layout-9d6595d7 wp-block-columns-is-layout-flex\">\n<div class=\"wp-block-column is-layout-flow wp-block-column-is-layout-flow\">\n<h3 class=\"wp-block-heading\">Caract\u00e9ristiques des porte-ustensiles en c\u00e9ramique<\/h3>\n\n\n\n<ul class=\"wp-block-list\">\n<li><strong>Grande capacit\u00e9 de stockage :<\/strong> Le porte-ustensiles en c\u00e9ramique pr\u00e9sente un large diam\u00e8tre qui permet d'accueillir facilement divers ustensiles de cuisine tels que baguettes, cuill\u00e8res, fourchettes et couteaux.<\/li>\n\n\n\n<li><strong>Options de couleur :<\/strong> Nos porte-ustensiles en c\u00e9ramique sont propos\u00e9s dans une palette de couleurs minimaliste noire et grise, adapt\u00e9e aux styles de cuisine modernes.<\/li>\n\n\n\n<li><strong>Texture du mat\u00e9riau : <\/strong>La c\u00e9ramique pr\u00e9sente un \u00e9clat chaleureux et un toucher d\u00e9licat. Par rapport aux ustensiles de conservation en m\u00e9tal ou en plastique, la c\u00e9ramique offre une sensation sup\u00e9rieure et ajoute une touche de c\u00e9r\u00e9monie \u00e0 l'exp\u00e9rience culinaire.<\/li>\n\n\n\n<li><strong>Facile \u00e0 nettoyer :<\/strong> La surface lisse facilite l'\u00e9limination des taches et de la graisse, ce qui rend l'entretien quotidien ais\u00e9. La c\u00e9ramique r\u00e9siste \u00e0 la corrosion, n'est pas facilement corrod\u00e9e par les nettoyants de cuisine et a une longue dur\u00e9e de vie.<\/li>\n\n\n\n<li>F<strong>S\u00fbr pour les aliments et non toxique :<\/strong> Fabriqu\u00e9s avec des gla\u00e7ures sans plomb ni cadmium, ils garantissent la s\u00e9curit\u00e9 et l'hygi\u00e8ne de vos ustensiles de cuisine. Conforme aux normes FDA et LFGB.<\/li>\n\n\n\n<li><strong>Capacit\u00e9s de production de masse :<\/strong> En tant que fabricant exp\u00e9riment\u00e9 d'ustensiles de cuisine en c\u00e9ramique, nous sommes en mesure de fournir en permanence des commandes de gros volumes, garantissant ainsi une livraison en temps voulu aux acheteurs en gros.<\/li>\n<\/ul>\n\n\n\n<h3 class=\"wp-block-heading\">Service sur mesure<\/h3>\n\n\n\n<ul class=\"wp-block-list\">\n<li>Support OEM et ODM<\/li>\n\n\n\n<li>Livraison rapide d'\u00e9chantillons.<\/li>\n\n\n\n<li>Fournir des produits personnalis\u00e9s en termes de forme, de couleur, de motif, d'emballage et d'autres services personnalis\u00e9s.<\/li>\n<\/ul>\n<\/div>\n\n\n\n<div class=\"wp-block-column is-layout-flow wp-block-column-is-layout-flow\">\n<figure class=\"wp-block-image size-full\"><img decoding=\"async\" width=\"1600\" height=\"1600\" src=\"https:\/\/www.kedali.com\/wp-content\/uploads\/2025\/11\/ceramic-utensil-holder-dimension.webp\" alt=\"porte-ustensiles en c\u00e9ramique dimension\" class=\"wp-image-1356\" srcset=\"https:\/\/www.kedali.com\/wp-content\/uploads\/2025\/11\/ceramic-utensil-holder-dimension.webp 1600w, https:\/\/www.kedali.com\/wp-content\/uploads\/2025\/11\/ceramic-utensil-holder-dimension-300x300.webp 300w, https:\/\/www.kedali.com\/wp-content\/uploads\/2025\/11\/ceramic-utensil-holder-dimension-150x150.webp 150w, https:\/\/www.kedali.com\/wp-content\/uploads\/2025\/11\/ceramic-utensil-holder-dimension-768x768.webp 768w, https:\/\/www.kedali.com\/wp-content\/uploads\/2025\/11\/ceramic-utensil-holder-dimension-12x12.webp 12w, https:\/\/www.kedali.com\/wp-content\/uploads\/2025\/11\/ceramic-utensil-holder-dimension-1200x1200.webp 1200w, https:\/\/www.kedali.com\/wp-content\/uploads\/2025\/11\/ceramic-utensil-holder-dimension-600x600.webp 600w, https:\/\/www.kedali.com\/wp-content\/uploads\/2025\/11\/ceramic-utensil-holder-dimension-100x100.webp 100w\" sizes=\"(max-width: 1600px) 100vw, 1600px\" \/><\/figure>\n<\/div>\n<\/div>\n\n\n\n<div class=\"wp-block-columns is-layout-flex wp-container-core-columns-is-layout-9d6595d7 wp-block-columns-is-layout-flex\">\n<div class=\"wp-block-column is-layout-flow wp-block-column-is-layout-flow\">\n<figure class=\"wp-block-image size-full\"><img decoding=\"async\" width=\"1600\" height=\"1600\" src=\"https:\/\/www.kedali.com\/wp-content\/uploads\/2025\/11\/wholesale-ceramic-utensil-holders-2.webp\" alt=\"Porte-ustensiles en c\u00e9ramique en gros (2)\" class=\"wp-image-1358\" srcset=\"https:\/\/www.kedali.com\/wp-content\/uploads\/2025\/11\/wholesale-ceramic-utensil-holders-2.webp 1600w, https:\/\/www.kedali.com\/wp-content\/uploads\/2025\/11\/wholesale-ceramic-utensil-holders-2-300x300.webp 300w, https:\/\/www.kedali.com\/wp-content\/uploads\/2025\/11\/wholesale-ceramic-utensil-holders-2-150x150.webp 150w, https:\/\/www.kedali.com\/wp-content\/uploads\/2025\/11\/wholesale-ceramic-utensil-holders-2-768x768.webp 768w, https:\/\/www.kedali.com\/wp-content\/uploads\/2025\/11\/wholesale-ceramic-utensil-holders-2-12x12.webp 12w, https:\/\/www.kedali.com\/wp-content\/uploads\/2025\/11\/wholesale-ceramic-utensil-holders-2-1200x1200.webp 1200w, https:\/\/www.kedali.com\/wp-content\/uploads\/2025\/11\/wholesale-ceramic-utensil-holders-2-600x600.webp 600w, https:\/\/www.kedali.com\/wp-content\/uploads\/2025\/11\/wholesale-ceramic-utensil-holders-2-100x100.webp 100w\" sizes=\"(max-width: 1600px) 100vw, 1600px\" \/><\/figure>\n<\/div>\n\n\n\n<div class=\"wp-block-column is-layout-flow wp-block-column-is-layout-flow\">\n<figure class=\"wp-block-image size-full\"><img decoding=\"async\" width=\"1600\" height=\"1600\" src=\"https:\/\/www.kedali.com\/wp-content\/uploads\/2025\/11\/wholesale-ceramic-utensil-holders-5.webp\" alt=\"Porte-ustensiles en c\u00e9ramique en gros (5)\" class=\"wp-image-1361\" srcset=\"https:\/\/www.kedali.com\/wp-content\/uploads\/2025\/11\/wholesale-ceramic-utensil-holders-5.webp 1600w, https:\/\/www.kedali.com\/wp-content\/uploads\/2025\/11\/wholesale-ceramic-utensil-holders-5-300x300.webp 300w, https:\/\/www.kedali.com\/wp-content\/uploads\/2025\/11\/wholesale-ceramic-utensil-holders-5-150x150.webp 150w, https:\/\/www.kedali.com\/wp-content\/uploads\/2025\/11\/wholesale-ceramic-utensil-holders-5-768x768.webp 768w, https:\/\/www.kedali.com\/wp-content\/uploads\/2025\/11\/wholesale-ceramic-utensil-holders-5-12x12.webp 12w, https:\/\/www.kedali.com\/wp-content\/uploads\/2025\/11\/wholesale-ceramic-utensil-holders-5-1200x1200.webp 1200w, https:\/\/www.kedali.com\/wp-content\/uploads\/2025\/11\/wholesale-ceramic-utensil-holders-5-600x600.webp 600w, https:\/\/www.kedali.com\/wp-content\/uploads\/2025\/11\/wholesale-ceramic-utensil-holders-5-100x100.webp 100w\" sizes=\"(max-width: 1600px) 100vw, 1600px\" \/><\/figure>\n<\/div>\n<\/div>","protected":false},"excerpt":{"rendered":"<p>Porte-ustensiles en c\u00e9ramique en gros. S\u00fbrs pour les aliments et non toxiques, durables et r\u00e9sistants aux rayures. Nos porte-couverts en c\u00e9ramique allient praticit\u00e9 et design \u00e9l\u00e9gant. Ils sont parfaits pour la maison, les restaurants, les caf\u00e9s et les cuisines professionnelles. Contactez-nous pour un devis.<\/p>\n<h2>Sp\u00e9cifications des porte-ustensiles en c\u00e9ramique<\/h2>\n<table width=\"235\">\n<tbody>\n<tr>\n<td width=\"69\">Marque<\/td>\n<td width=\"166\">KDL<\/td>\n<\/tr>\n<tr>\n<td width=\"69\">Mod\u00e8le<\/td>\n<td width=\"166\">DTGS2312-7-F394<\/td>\n<\/tr>\n<tr>\n<td width=\"69\">Mat\u00e9riau<\/td>\n<td width=\"166\">c\u00e9ramique<\/td>\n<\/tr>\n<tr>\n<td width=\"69\">couleur<\/td>\n<td width=\"166\">blanc\/noir\/gris<\/td>\n<\/tr>\n<tr>\n<td width=\"69\">Application<\/td>\n<td width=\"166\">rangement de la cuisine<\/td>\n<\/tr>\n<tr>\n<td width=\"69\">Fonctionnalit\u00e9<\/td>\n<td width=\"166\">sculpt\u00e9<\/td>\n<\/tr>\n<tr>\n<td width=\"69\">Dimensions<\/td>\n<td width=\"166\">14.8\u00d714.8\u00d718cm<\/td>\n<\/tr>\n<tr>\n<td width=\"69\">Poids brut (kg)<\/td>\n<td width=\"166\">1,4 kg<\/td>\n<\/tr>\n<tr>\n<td width=\"69\">Quantit\u00e9 minimale de commande<\/td>\n<td width=\"166\">800 pi\u00e8ces<\/td>\n<\/tr>\n<\/tbody>\n<\/table>\n<p>&nbsp;<\/p>","protected":false},"featured_media":1357,"comment_status":"closed","ping_status":"closed","template":"","meta":{"_acf_changed":false},"product_brand":[],"product_cat":[36,18],"product_tag":[],"class_list":{"0":"post-1355","1":"product","2":"type-product","3":"status-publish","4":"has-post-thumbnail","6":"product_cat-wholesale-ceramic-utensil-holders","7":"product_cat-wholesale-ceramic-kitchenware","9":"first","10":"instock","11":"shipping-taxable","12":"product-type-simple"},"acf":[],"_links":{"self":[{"href":"https:\/\/www.kedali.com\/fr\/wp-json\/wp\/v2\/product\/1355","targetHints":{"allow":["GET"]}}],"collection":[{"href":"https:\/\/www.kedali.com\/fr\/wp-json\/wp\/v2\/product"}],"about":[{"href":"https:\/\/www.kedali.com\/fr\/wp-json\/wp\/v2\/types\/product"}],"replies":[{"embeddable":true,"href":"https:\/\/www.kedali.com\/fr\/wp-json\/wp\/v2\/comments?post=1355"}],"wp:featuredmedia":[{"embeddable":true,"href":"https:\/\/www.kedali.com\/fr\/wp-json\/wp\/v2\/media\/1357"}],"wp:attachment":[{"href":"https:\/\/www.kedali.com\/fr\/wp-json\/wp\/v2\/media?parent=1355"}],"wp:term":[{"taxonomy":"product_brand","embeddable":true,"href":"https:\/\/www.kedali.com\/fr\/wp-json\/wp\/v2\/product_brand?post=1355"},{"taxonomy":"product_cat","embeddable":true,"href":"https:\/\/www.kedali.com\/fr\/wp-json\/wp\/v2\/product_cat?post=1355"},{"taxonomy":"product_tag","embeddable":true,"href":"https:\/\/www.kedali.com\/fr\/wp-json\/wp\/v2\/product_tag?post=1355"}],"curies":[{"name":"wp","href":"https:\/\/api.w.org\/{rel}","templated":true}]}}