{"id":1376,"date":"2025-11-14T07:49:55","date_gmt":"2025-11-14T07:49:55","guid":{"rendered":"https:\/\/www.kedali.com\/?post_type=product&#038;p=1376"},"modified":"2025-11-14T08:11:46","modified_gmt":"2025-11-14T08:11:46","slug":"wholesale-3-piece-ceramic-bakeware-sets","status":"publish","type":"product","link":"https:\/\/www.kedali.com\/fr\/produit\/wholesale-3-piece-ceramic-bakeware-sets\/","title":{"rendered":"Wholesale 3-Piece Ceramic Bakeware Sets - Oven &amp; Microwave Safe Factory Supply, MOQ:800 pcs"},"content":{"rendered":"<div class=\"wp-block-columns is-layout-flex wp-container-core-columns-is-layout-9d6595d7 wp-block-columns-is-layout-flex\">\n<div class=\"wp-block-column is-layout-flow wp-block-column-is-layout-flow\">\n<h3 class=\"wp-block-heading\">Caract\u00e9ristiques de l'ensemble de moules \u00e0 p\u00e2tisserie en c\u00e9ramique 3 pi\u00e8ces<\/h3>\n\n\n\n<ul class=\"wp-block-list\">\n<li><strong>Inoffensif et s\u00fbr :<\/strong> Notre batterie de cuisine en c\u00e9ramique est conforme aux normes de s\u00e9curit\u00e9 alimentaire et ne pr\u00e9sente aucun danger pour le contact direct avec les aliments, ce qui la rend particuli\u00e8rement adapt\u00e9e \u00e0 la cuisine domestique quotidienne.<\/li>\n\n\n\n<li><strong>Tr\u00e8s r\u00e9sistant \u00e0 la chaleur :<\/strong> Il r\u00e9siste aux temp\u00e9ratures \u00e9lev\u00e9es et \u00e9vite les d\u00e9formations et les fissures dues aux changements de temp\u00e9rature ; sa durabilit\u00e9 d\u00e9passe de loin celle de mat\u00e9riaux tels que le plastique.<\/li>\n\n\n\n<li><strong>Plusieurs tailles : <\/strong>Le set de cuisson en c\u00e9ramique est disponible en diff\u00e9rentes tailles (petit, moyen et grand) pour r\u00e9pondre \u00e0 diff\u00e9rents besoins, qu'il s'agisse de repas pour une seule personne ou de repas pour plusieurs personnes, s'adaptant ainsi de mani\u00e8re flexible aux sc\u00e9narios de repas familiaux.<\/li>\n\n\n\n<li><strong>Formes polyvalentes : <\/strong>Les formes classiques telles que le carr\u00e9 et le rectangulaire conviennent aux fours, aux micro-ondes et \u00e0 d'autres \u00e9quipements de cuisson. Elles peuvent \u00e9galement \u00eatre utilis\u00e9es directement comme \u201cassiette de pr\u00e9sentation des produits finis\u201d sur la table \u00e0 manger, ce qui permet d'\u00e9viter de changer de vaisselle.<\/li>\n\n\n\n<li>Mat\u00e9riau textur\u00e9 : La c\u00e9ramique pr\u00e9sente un \u00e9clat chaleureux et un toucher d\u00e9licat. Compar\u00e9 aux outils de rangement en m\u00e9tal ou en plastique, il offre une sensation sup\u00e9rieure et conf\u00e8re une atmosph\u00e8re raffin\u00e9e \u00e0 l'espace.<\/li>\n<\/ul>\n\n\n\n<h3 class=\"wp-block-heading\">Service sur mesure<\/h3>\n\n\n\n<ul class=\"wp-block-list\">\n<li>Support OEM et ODM<\/li>\n\n\n\n<li>Livraison rapide d'\u00e9chantillons.<\/li>\n\n\n\n<li>Fournir des produits personnalis\u00e9s en termes de forme, de couleur, de motif, d'emballage et d'autres services personnalis\u00e9s.<\/li>\n<\/ul>\n<\/div>\n\n\n\n<div class=\"wp-block-column is-layout-flow wp-block-column-is-layout-flow\">\n<figure class=\"wp-block-image size-full\"><img decoding=\"async\" width=\"1600\" height=\"1600\" src=\"https:\/\/www.kedali.com\/wp-content\/uploads\/2025\/11\/3-piece-ceramic-bakeware-set-dimension.webp\" alt=\"Batterie de cuisine en c\u00e9ramique 3 pi\u00e8ces dimensions\" class=\"wp-image-1382\" srcset=\"https:\/\/www.kedali.com\/wp-content\/uploads\/2025\/11\/3-piece-ceramic-bakeware-set-dimension.webp 1600w, https:\/\/www.kedali.com\/wp-content\/uploads\/2025\/11\/3-piece-ceramic-bakeware-set-dimension-300x300.webp 300w, https:\/\/www.kedali.com\/wp-content\/uploads\/2025\/11\/3-piece-ceramic-bakeware-set-dimension-150x150.webp 150w, https:\/\/www.kedali.com\/wp-content\/uploads\/2025\/11\/3-piece-ceramic-bakeware-set-dimension-768x768.webp 768w, https:\/\/www.kedali.com\/wp-content\/uploads\/2025\/11\/3-piece-ceramic-bakeware-set-dimension-12x12.webp 12w, https:\/\/www.kedali.com\/wp-content\/uploads\/2025\/11\/3-piece-ceramic-bakeware-set-dimension-1200x1200.webp 1200w, https:\/\/www.kedali.com\/wp-content\/uploads\/2025\/11\/3-piece-ceramic-bakeware-set-dimension-600x600.webp 600w, https:\/\/www.kedali.com\/wp-content\/uploads\/2025\/11\/3-piece-ceramic-bakeware-set-dimension-100x100.webp 100w\" sizes=\"(max-width: 1600px) 100vw, 1600px\" \/><\/figure>\n<\/div>\n<\/div>\n\n\n\n<div class=\"wp-block-columns is-layout-flex wp-container-core-columns-is-layout-9d6595d7 wp-block-columns-is-layout-flex\">\n<div class=\"wp-block-column is-layout-flow wp-block-column-is-layout-flow\">\n<figure class=\"wp-block-image size-full\"><img decoding=\"async\" width=\"1600\" height=\"1600\" src=\"https:\/\/www.kedali.com\/wp-content\/uploads\/2025\/11\/3-piece-ceramic-bakeware-set-1-1.webp\" alt=\"Batterie de cuisine 3 pi\u00e8ces en c\u00e9ramique (1)\" class=\"wp-image-1383\" srcset=\"https:\/\/www.kedali.com\/wp-content\/uploads\/2025\/11\/3-piece-ceramic-bakeware-set-1-1.webp 1600w, https:\/\/www.kedali.com\/wp-content\/uploads\/2025\/11\/3-piece-ceramic-bakeware-set-1-1-300x300.webp 300w, https:\/\/www.kedali.com\/wp-content\/uploads\/2025\/11\/3-piece-ceramic-bakeware-set-1-1-150x150.webp 150w, https:\/\/www.kedali.com\/wp-content\/uploads\/2025\/11\/3-piece-ceramic-bakeware-set-1-1-768x768.webp 768w, https:\/\/www.kedali.com\/wp-content\/uploads\/2025\/11\/3-piece-ceramic-bakeware-set-1-1-12x12.webp 12w, https:\/\/www.kedali.com\/wp-content\/uploads\/2025\/11\/3-piece-ceramic-bakeware-set-1-1-1200x1200.webp 1200w, https:\/\/www.kedali.com\/wp-content\/uploads\/2025\/11\/3-piece-ceramic-bakeware-set-1-1-600x600.webp 600w, https:\/\/www.kedali.com\/wp-content\/uploads\/2025\/11\/3-piece-ceramic-bakeware-set-1-1-100x100.webp 100w\" sizes=\"(max-width: 1600px) 100vw, 1600px\" \/><\/figure>\n<\/div>\n\n\n\n<div class=\"wp-block-column is-layout-flow wp-block-column-is-layout-flow\">\n<figure class=\"wp-block-image size-full\"><img decoding=\"async\" width=\"1600\" height=\"1600\" src=\"https:\/\/www.kedali.com\/wp-content\/uploads\/2025\/11\/3-piece-ceramic-bakeware-set-2-1.webp\" alt=\"Batterie de cuisine en c\u00e9ramique 3 pi\u00e8ces (2)\" class=\"wp-image-1384\" srcset=\"https:\/\/www.kedali.com\/wp-content\/uploads\/2025\/11\/3-piece-ceramic-bakeware-set-2-1.webp 1600w, https:\/\/www.kedali.com\/wp-content\/uploads\/2025\/11\/3-piece-ceramic-bakeware-set-2-1-300x300.webp 300w, https:\/\/www.kedali.com\/wp-content\/uploads\/2025\/11\/3-piece-ceramic-bakeware-set-2-1-150x150.webp 150w, https:\/\/www.kedali.com\/wp-content\/uploads\/2025\/11\/3-piece-ceramic-bakeware-set-2-1-768x768.webp 768w, https:\/\/www.kedali.com\/wp-content\/uploads\/2025\/11\/3-piece-ceramic-bakeware-set-2-1-12x12.webp 12w, https:\/\/www.kedali.com\/wp-content\/uploads\/2025\/11\/3-piece-ceramic-bakeware-set-2-1-1200x1200.webp 1200w, https:\/\/www.kedali.com\/wp-content\/uploads\/2025\/11\/3-piece-ceramic-bakeware-set-2-1-600x600.webp 600w, https:\/\/www.kedali.com\/wp-content\/uploads\/2025\/11\/3-piece-ceramic-bakeware-set-2-1-100x100.webp 100w\" sizes=\"(max-width: 1600px) 100vw, 1600px\" \/><\/figure>\n<\/div>\n<\/div>","protected":false},"excerpt":{"rendered":"<p>Bienvenue sur notre site de vente en gros d'ustensiles de cuisson en c\u00e9ramique 3 pi\u00e8ces. L'ensemble comprend des tailles petite, moyenne et grande pour r\u00e9pondre facilement aux besoins d'un ou de plusieurs convives. Les mod\u00e8les classiques carr\u00e9s et rectangulaires conviennent aux fours et aux micro-ondes, et peuvent \u00e9galement \u00eatre utilis\u00e9s comme plats de service \u00e9l\u00e9gants, \u00e9liminant ainsi le besoin de transf\u00e9rer les aliments.<\/p>\n<p>En tant que <a href=\"https:\/\/www.kedali.com\/fr\/categorie-produit\/wholesale-ceramic-kitchenware\/\" target=\"_blank\" rel=\"noopener\"><strong>fabricant d'ustensiles de cuisine en c\u00e9ramique<\/strong><\/a>, Nous offrons des services OEM et ODM complets, ce qui vous permet de personnaliser les mat\u00e9riaux, les formes, les couleurs, les motifs, les gla\u00e7ures et l'emballage en fonction de votre marque. Contactez-nous pour obtenir un devis.<\/p>\n<h2>Sp\u00e9cifications de la batterie de cuisine en c\u00e9ramique 3 pi\u00e8ces<\/h2>\n<table width=\"235\">\n<tbody>\n<tr>\n<td width=\"69\">Marque<\/td>\n<td width=\"166\">KDL<\/td>\n<\/tr>\n<tr>\n<td width=\"69\">Mod\u00e8le<\/td>\n<td width=\"166\">TDQ2213-2<\/td>\n<\/tr>\n<tr>\n<td width=\"69\">Mat\u00e9riau<\/td>\n<td width=\"166\">c\u00e9ramique<\/td>\n<\/tr>\n<tr>\n<td width=\"69\">couleur<\/td>\n<td width=\"166\">jaune\/orange\/personnalisable<\/td>\n<\/tr>\n<tr>\n<td width=\"69\">Application<\/td>\n<td width=\"166\">cuisson<\/td>\n<\/tr>\n<tr>\n<td width=\"69\">Fonctionnalit\u00e9<\/td>\n<td width=\"166\">couleur \u00e9maill\u00e9e<\/td>\n<\/tr>\n<tr>\n<td width=\"69\">Dimensions<\/td>\n<td width=\"166\">23 \u00d7 14,5 \u00d7 6,5 cm<br data-start=\"56\" data-end=\"59\" \/>30,5 \u00d7 20 \u00d7 8 cm<br data-start=\"79\" data-end=\"82\" \/>37,8 \u00d7 24,5 \u00d7 9 cm<\/td>\n<\/tr>\n<tr>\n<td width=\"69\">Quantit\u00e9 minimale de commande<\/td>\n<td width=\"166\">800 jeux<\/td>\n<\/tr>\n<\/tbody>\n<\/table>\n<p>&nbsp;<\/p>","protected":false},"featured_media":1383,"comment_status":"closed","ping_status":"closed","template":"","meta":{"_acf_changed":false},"product_brand":[],"product_cat":[18,34],"product_tag":[],"class_list":{"0":"post-1376","1":"product","2":"type-product","3":"status-publish","4":"has-post-thumbnail","6":"product_cat-wholesale-ceramic-kitchenware","7":"product_cat-wholesale-ceramic-bakeware","9":"first","10":"instock","11":"shipping-taxable","12":"product-type-simple"},"acf":[],"_links":{"self":[{"href":"https:\/\/www.kedali.com\/fr\/wp-json\/wp\/v2\/product\/1376","targetHints":{"allow":["GET"]}}],"collection":[{"href":"https:\/\/www.kedali.com\/fr\/wp-json\/wp\/v2\/product"}],"about":[{"href":"https:\/\/www.kedali.com\/fr\/wp-json\/wp\/v2\/types\/product"}],"replies":[{"embeddable":true,"href":"https:\/\/www.kedali.com\/fr\/wp-json\/wp\/v2\/comments?post=1376"}],"wp:featuredmedia":[{"embeddable":true,"href":"https:\/\/www.kedali.com\/fr\/wp-json\/wp\/v2\/media\/1383"}],"wp:attachment":[{"href":"https:\/\/www.kedali.com\/fr\/wp-json\/wp\/v2\/media?parent=1376"}],"wp:term":[{"taxonomy":"product_brand","embeddable":true,"href":"https:\/\/www.kedali.com\/fr\/wp-json\/wp\/v2\/product_brand?post=1376"},{"taxonomy":"product_cat","embeddable":true,"href":"https:\/\/www.kedali.com\/fr\/wp-json\/wp\/v2\/product_cat?post=1376"},{"taxonomy":"product_tag","embeddable":true,"href":"https:\/\/www.kedali.com\/fr\/wp-json\/wp\/v2\/product_tag?post=1376"}],"curies":[{"name":"wp","href":"https:\/\/api.w.org\/{rel}","templated":true}]}}