{"id":1385,"date":"2025-11-14T08:20:23","date_gmt":"2025-11-14T08:20:23","guid":{"rendered":"https:\/\/www.kedali.com\/?post_type=product&#038;p=1385"},"modified":"2026-02-09T13:21:57","modified_gmt":"2026-02-09T13:21:57","slug":"bulk-ceramic-pet-bowls-wholesale","status":"publish","type":"product","link":"https:\/\/www.kedali.com\/fr\/produit\/bulk-ceramic-pet-bowls-wholesale\/","title":{"rendered":"Bols en c\u00e9ramique pour animaux de compagnie en gros, bols personnalisables pour chiens et chats"},"content":{"rendered":"<div class=\"wp-block-columns is-layout-flex wp-container-core-columns-is-layout-9d6595d7 wp-block-columns-is-layout-flex\">\n<div class=\"wp-block-column is-layout-flow wp-block-column-is-layout-flow\">\n<h3 class=\"wp-block-heading\">Caract\u00e9ristiques des bols en c\u00e9ramique pour animaux de compagnie<\/h3>\n\n\n\n<ul class=\"wp-block-list\">\n<li><strong>Plusieurs tailles disponibles : <\/strong>Cette s\u00e9rie de bols pour animaux de compagnie est disponible en trois tailles diff\u00e9rentes pour convenir \u00e0 diff\u00e9rents animaux de compagnie, des petits chats aux grands chats en passant par les petits et grands chiens.<\/li>\n\n\n\n<li><strong>Stabilit\u00e9 : <\/strong>Les bols en c\u00e9ramique sont \u00e9pais et robustes, ce qui les rend moins susceptibles d'\u00eatre renvers\u00e9s ou bouscul\u00e9s par les animaux de compagnie que les bols l\u00e9gers en plastique ou en m\u00e9tal.<\/li>\n\n\n\n<li><strong>Facile \u00e0 nettoyer :<\/strong> Leur surface lisse et non absorbante les rend faciles \u00e0 nettoyer et moins propices \u00e0 la prolif\u00e9ration bact\u00e9rienne.<\/li>\n\n\n\n<li><strong>R\u00e9sistant aux rayures : <\/strong>Les bols en c\u00e9ramique subissent un processus d'\u00e9maillage \u00e0 haute temp\u00e9rature, ce qui les rend r\u00e9sistants aux rayures et leur assure une longue dur\u00e9e de vie.<\/li>\n\n\n\n<li><strong>Plus de styles disponibles :<\/strong> Kedali se sp\u00e9cialise dans <strong><a href=\"https:\/\/www.kedali.com\/fr\/categorie-produit\/wholesale-ceramic-pet-supplies\/\" target=\"_blank\" rel=\"noreferrer noopener\">bols en c\u00e9ramique pour animaux de compagnie <\/a><\/strong>avec une grande vari\u00e9t\u00e9 de styles \u00e0 choisir. Les logos personnalis\u00e9s sont pris en charge pour cr\u00e9er votre produit exclusif.<\/li>\n<\/ul>\n\n\n\n<h3 class=\"wp-block-heading\">Service sur mesure<\/h3>\n\n\n\n<ul class=\"wp-block-list\">\n<li>Support OEM et ODM<\/li>\n\n\n\n<li>Livraison rapide d'\u00e9chantillons.<\/li>\n\n\n\n<li>Fournir des produits personnalis\u00e9s en termes de forme, de couleur, de motif, d'emballage et d'autres services personnalis\u00e9s.<\/li>\n<\/ul>\n<\/div>\n\n\n\n<div class=\"wp-block-column is-layout-flow wp-block-column-is-layout-flow\">\n<figure class=\"wp-block-image size-full\"><img decoding=\"async\" width=\"800\" height=\"800\" src=\"https:\/\/www.kedali.com\/wp-content\/uploads\/2025\/11\/pet-bowl-dimension.webp\" alt=\"dimension du bol pour animaux de compagnie\" class=\"wp-image-1386\" srcset=\"https:\/\/www.kedali.com\/wp-content\/uploads\/2025\/11\/pet-bowl-dimension.webp 800w, https:\/\/www.kedali.com\/wp-content\/uploads\/2025\/11\/pet-bowl-dimension-300x300.webp 300w, https:\/\/www.kedali.com\/wp-content\/uploads\/2025\/11\/pet-bowl-dimension-150x150.webp 150w, https:\/\/www.kedali.com\/wp-content\/uploads\/2025\/11\/pet-bowl-dimension-768x768.webp 768w, https:\/\/www.kedali.com\/wp-content\/uploads\/2025\/11\/pet-bowl-dimension-12x12.webp 12w, https:\/\/www.kedali.com\/wp-content\/uploads\/2025\/11\/pet-bowl-dimension-600x600.webp 600w, https:\/\/www.kedali.com\/wp-content\/uploads\/2025\/11\/pet-bowl-dimension-100x100.webp 100w\" sizes=\"(max-width: 800px) 100vw, 800px\" \/><\/figure>\n<\/div>\n<\/div>\n\n\n\n<div class=\"wp-block-columns is-layout-flex wp-container-core-columns-is-layout-9d6595d7 wp-block-columns-is-layout-flex\">\n<div class=\"wp-block-column is-layout-flow wp-block-column-is-layout-flow\">\n<figure class=\"wp-block-image size-full\"><img decoding=\"async\" width=\"800\" height=\"800\" src=\"https:\/\/www.kedali.com\/wp-content\/uploads\/2025\/11\/wholesale-ceramic-pet-bowls-1.webp\" alt=\"bols en c\u00e9ramique pour animaux de compagnie (1)\" class=\"wp-image-1387\" srcset=\"https:\/\/www.kedali.com\/wp-content\/uploads\/2025\/11\/wholesale-ceramic-pet-bowls-1.webp 800w, https:\/\/www.kedali.com\/wp-content\/uploads\/2025\/11\/wholesale-ceramic-pet-bowls-1-300x300.webp 300w, https:\/\/www.kedali.com\/wp-content\/uploads\/2025\/11\/wholesale-ceramic-pet-bowls-1-150x150.webp 150w, https:\/\/www.kedali.com\/wp-content\/uploads\/2025\/11\/wholesale-ceramic-pet-bowls-1-768x768.webp 768w, https:\/\/www.kedali.com\/wp-content\/uploads\/2025\/11\/wholesale-ceramic-pet-bowls-1-12x12.webp 12w, https:\/\/www.kedali.com\/wp-content\/uploads\/2025\/11\/wholesale-ceramic-pet-bowls-1-600x600.webp 600w, https:\/\/www.kedali.com\/wp-content\/uploads\/2025\/11\/wholesale-ceramic-pet-bowls-1-100x100.webp 100w\" sizes=\"(max-width: 800px) 100vw, 800px\" \/><\/figure>\n<\/div>\n\n\n\n<div class=\"wp-block-column is-layout-flow wp-block-column-is-layout-flow\">\n<figure class=\"wp-block-image size-full\"><img decoding=\"async\" width=\"800\" height=\"800\" src=\"https:\/\/www.kedali.com\/wp-content\/uploads\/2025\/11\/wholesale-ceramic-pet-bowls-2.webp\" alt=\"bols en c\u00e9ramique pour animaux de compagnie (2)\" class=\"wp-image-1388\" srcset=\"https:\/\/www.kedali.com\/wp-content\/uploads\/2025\/11\/wholesale-ceramic-pet-bowls-2.webp 800w, https:\/\/www.kedali.com\/wp-content\/uploads\/2025\/11\/wholesale-ceramic-pet-bowls-2-300x300.webp 300w, https:\/\/www.kedali.com\/wp-content\/uploads\/2025\/11\/wholesale-ceramic-pet-bowls-2-150x150.webp 150w, https:\/\/www.kedali.com\/wp-content\/uploads\/2025\/11\/wholesale-ceramic-pet-bowls-2-768x768.webp 768w, https:\/\/www.kedali.com\/wp-content\/uploads\/2025\/11\/wholesale-ceramic-pet-bowls-2-12x12.webp 12w, https:\/\/www.kedali.com\/wp-content\/uploads\/2025\/11\/wholesale-ceramic-pet-bowls-2-600x600.webp 600w, https:\/\/www.kedali.com\/wp-content\/uploads\/2025\/11\/wholesale-ceramic-pet-bowls-2-100x100.webp 100w\" sizes=\"(max-width: 800px) 100vw, 800px\" \/><\/figure>\n<\/div>\n<\/div>","protected":false},"excerpt":{"rendered":"<p>Bols pour animaux de compagnie en c\u00e9ramique de style moderne, durables, hygi\u00e9niques et personnalisables pour les marques d'animaux de compagnie. Ces bols sont con\u00e7us pour \u00eatre s\u00fbrs, durables et beaux. Nous proposons trois tailles adapt\u00e9es aux petits chats, aux grands chats et aux chiens de toutes tailles.<\/p>\n<p>En tant que leader <a href=\"https:\/\/www.kedali.com\/fr\/categorie-produit\/wholesale-ceramic-pet-supplies\/\" target=\"_blank\" rel=\"noopener\"><strong>fabricant de bols en c\u00e9ramique pour animaux de compagnie<\/strong><\/a>, Kedali offre une large s\u00e9lection de styles et des services de personnalisation complets, y compris des logos, des couleurs et des dessins personnalis\u00e9s. Contactez-nous d\u00e8s aujourd'hui.<\/p>\n<h2>Sp\u00e9cifications de la gamelle en c\u00e9ramique pour animaux de compagnie<\/h2>\n<table width=\"235\">\n<tbody>\n<tr>\n<td width=\"69\">Marque<\/td>\n<td width=\"166\">KDL<\/td>\n<\/tr>\n<tr>\n<td width=\"69\">Mod\u00e8le<\/td>\n<td width=\"166\">DTOS2103<\/td>\n<\/tr>\n<tr>\n<td width=\"69\">Mat\u00e9riau<\/td>\n<td width=\"166\">c\u00e9ramique<\/td>\n<\/tr>\n<tr>\n<td width=\"69\">couleur<\/td>\n<td width=\"166\">gris<\/td>\n<\/tr>\n<tr>\n<td width=\"69\">Application<\/td>\n<td width=\"166\">bol pour animaux de compagnie<\/td>\n<\/tr>\n<tr>\n<td width=\"69\">Fonctionnalit\u00e9<\/td>\n<td width=\"166\">couleur \u00e9maill\u00e9e<\/td>\n<\/tr>\n<tr>\n<td width=\"69\">Dimensions<\/td>\n<td width=\"166\">10,5 \u00d7 10,5 \u00d7 5 cm<br data-start=\"56\" data-end=\"59\" \/>14,5 \u00d7 14,5 \u00d7 7 cm<br data-start=\"81\" data-end=\"84\" \/>14,5 \u00d7 14,5 \u00d7 7 cm<\/td>\n<\/tr>\n<tr>\n<td width=\"69\">Poids brut (kg)<\/td>\n<td width=\"166\">1kg<\/td>\n<\/tr>\n<tr>\n<td width=\"69\">Quantit\u00e9 minimale de commande<\/td>\n<td width=\"166\">800 jeux<\/td>\n<\/tr>\n<\/tbody>\n<\/table>\n<p>&nbsp;<\/p>\n<p>\n<script src=\"chrome-extension:\/\/fpelahbljekknahkcaegamhcndkfpfnc\/iFrame.js\" type=\"text\/javascript\"><\/script><\/p>","protected":false},"featured_media":1387,"comment_status":"closed","ping_status":"closed","template":"","meta":{"_acf_changed":false},"product_brand":[],"product_cat":[22,54],"product_tag":[],"class_list":{"0":"post-1385","1":"product","2":"type-product","3":"status-publish","4":"has-post-thumbnail","6":"product_cat-wholesale-ceramic-pet-supplies","7":"product_cat-wholesale-ceramic-pet-bowls","9":"first","10":"instock","11":"shipping-taxable","12":"product-type-simple"},"acf":[],"_links":{"self":[{"href":"https:\/\/www.kedali.com\/fr\/wp-json\/wp\/v2\/product\/1385","targetHints":{"allow":["GET"]}}],"collection":[{"href":"https:\/\/www.kedali.com\/fr\/wp-json\/wp\/v2\/product"}],"about":[{"href":"https:\/\/www.kedali.com\/fr\/wp-json\/wp\/v2\/types\/product"}],"replies":[{"embeddable":true,"href":"https:\/\/www.kedali.com\/fr\/wp-json\/wp\/v2\/comments?post=1385"}],"wp:featuredmedia":[{"embeddable":true,"href":"https:\/\/www.kedali.com\/fr\/wp-json\/wp\/v2\/media\/1387"}],"wp:attachment":[{"href":"https:\/\/www.kedali.com\/fr\/wp-json\/wp\/v2\/media?parent=1385"}],"wp:term":[{"taxonomy":"product_brand","embeddable":true,"href":"https:\/\/www.kedali.com\/fr\/wp-json\/wp\/v2\/product_brand?post=1385"},{"taxonomy":"product_cat","embeddable":true,"href":"https:\/\/www.kedali.com\/fr\/wp-json\/wp\/v2\/product_cat?post=1385"},{"taxonomy":"product_tag","embeddable":true,"href":"https:\/\/www.kedali.com\/fr\/wp-json\/wp\/v2\/product_tag?post=1385"}],"curies":[{"name":"wp","href":"https:\/\/api.w.org\/{rel}","templated":true}]}}