{"id":1393,"date":"2025-11-15T00:57:31","date_gmt":"2025-11-15T00:57:31","guid":{"rendered":"https:\/\/www.kedali.com\/?post_type=product&#038;p=1393"},"modified":"2026-02-09T13:21:49","modified_gmt":"2026-02-09T13:21:49","slug":"wholesale-ceramic-pet-food-storage-jars-2","status":"publish","type":"product","link":"https:\/\/www.kedali.com\/fr\/produit\/wholesale-ceramic-pet-food-storage-jars-2\/","title":{"rendered":"Pots de conservation en c\u00e9ramique pour animaux de compagnie avec couvercle herm\u00e9tique - R\u00e9cipients pour friandises pour chiens et chats"},"content":{"rendered":"<div class=\"wp-block-columns is-layout-flex wp-container-core-columns-is-layout-9d6595d7 wp-block-columns-is-layout-flex\">\n<div class=\"wp-block-column is-layout-flow wp-block-column-is-layout-flow\">\n<h3 class=\"wp-block-heading\">Caract\u00e9ristiques des pots de conservation des aliments pour animaux de compagnie<\/h3>\n\n\n\n<ul class=\"wp-block-list\">\n<li><strong>\u00c9tanch\u00e9it\u00e9 sup\u00e9rieure : <\/strong>Le mat\u00e9riau c\u00e9ramique dense, associ\u00e9 \u00e0 un couvercle en caoutchouc, emp\u00eache les aliments de s'humidifier, de s'oxyder ou de se d\u00e9t\u00e9riorer, ce qui prolonge consid\u00e9rablement la dur\u00e9e de conservation des aliments pour animaux de compagnie.<\/li>\n\n\n\n<li><strong>Mat\u00e9riau s\u00fbr et respectueux de l'environnement : <\/strong>Les pots en c\u00e9ramique pour aliments pour animaux de compagnie de haute qualit\u00e9 sont cuits \u00e0 haute temp\u00e9rature, ce qui emp\u00eache la lib\u00e9ration de substances nocives. Ils r\u00e9pondent aux normes de qualit\u00e9 alimentaire, sont s\u00fbrs pour un contact direct avec les aliments et ne sont pas toxiques.<\/li>\n\n\n\n<li><strong>Multifonctionnel et pratique :<\/strong> Ils conviennent non seulement \u00e0 la conservation des aliments pour animaux de compagnie, mais peuvent \u00e9galement \u00eatre utilis\u00e9s pour sceller les grains de caf\u00e9, les c\u00e9r\u00e9ales, les produits secs, les \u00e9pices, etc.<\/li>\n\n\n\n<li><strong>Beau et pratique : <\/strong>En tant que fabricant de c\u00e9ramiques, nous proposons une grande vari\u00e9t\u00e9 de styles et de couleurs vives pour nos bocaux de conservation des aliments, ce qui permet de les utiliser comme d\u00e9coration d'int\u00e9rieur.<\/li>\n\n\n\n<li><strong>Personnalisation possible : <\/strong>Nous proposons des prix de gros et pouvons personnaliser les pots pour r\u00e9pondre aux divers besoins des entreprises et des particuliers, y compris en ce qui concerne la s\u00e9lection des couleurs et des motifs.<\/li>\n<\/ul>\n\n\n\n<h3 class=\"wp-block-heading\">Service sur mesure<\/h3>\n\n\n\n<ul class=\"wp-block-list\">\n<li>Support OEM et ODM<\/li>\n\n\n\n<li>Livraison rapide d'\u00e9chantillons.<\/li>\n\n\n\n<li>Fournir des produits personnalis\u00e9s en termes de forme, de couleur, de motif, d'emballage et d'autres services personnalis\u00e9s.<\/li>\n<\/ul>\n<\/div>\n\n\n\n<div class=\"wp-block-column is-layout-flow wp-block-column-is-layout-flow\">\n<figure class=\"wp-block-image size-full\"><img decoding=\"async\" width=\"800\" height=\"800\" src=\"https:\/\/www.kedali.com\/wp-content\/uploads\/2025\/11\/pet-food-storage-jar-dimension.webp\" alt=\"dimensions des pots de stockage pour aliments pour animaux de compagnie\" class=\"wp-image-1394\" srcset=\"https:\/\/www.kedali.com\/wp-content\/uploads\/2025\/11\/pet-food-storage-jar-dimension.webp 800w, https:\/\/www.kedali.com\/wp-content\/uploads\/2025\/11\/pet-food-storage-jar-dimension-300x300.webp 300w, https:\/\/www.kedali.com\/wp-content\/uploads\/2025\/11\/pet-food-storage-jar-dimension-150x150.webp 150w, https:\/\/www.kedali.com\/wp-content\/uploads\/2025\/11\/pet-food-storage-jar-dimension-768x768.webp 768w, https:\/\/www.kedali.com\/wp-content\/uploads\/2025\/11\/pet-food-storage-jar-dimension-12x12.webp 12w, https:\/\/www.kedali.com\/wp-content\/uploads\/2025\/11\/pet-food-storage-jar-dimension-600x600.webp 600w, https:\/\/www.kedali.com\/wp-content\/uploads\/2025\/11\/pet-food-storage-jar-dimension-100x100.webp 100w\" sizes=\"(max-width: 800px) 100vw, 800px\" \/><\/figure>\n<\/div>\n<\/div>\n\n\n\n<div class=\"wp-block-columns is-layout-flex wp-container-core-columns-is-layout-9d6595d7 wp-block-columns-is-layout-flex\">\n<div class=\"wp-block-column is-layout-flow wp-block-column-is-layout-flow\">\n<figure class=\"wp-block-image size-full\"><img decoding=\"async\" width=\"800\" height=\"800\" src=\"https:\/\/www.kedali.com\/wp-content\/uploads\/2025\/11\/wholesale-pet-food-storage-jars-5.webp\" alt=\"pots de stockage en gros pour aliments pour animaux (5)\" class=\"wp-image-1405\" srcset=\"https:\/\/www.kedali.com\/wp-content\/uploads\/2025\/11\/wholesale-pet-food-storage-jars-5.webp 800w, https:\/\/www.kedali.com\/wp-content\/uploads\/2025\/11\/wholesale-pet-food-storage-jars-5-300x300.webp 300w, https:\/\/www.kedali.com\/wp-content\/uploads\/2025\/11\/wholesale-pet-food-storage-jars-5-150x150.webp 150w, https:\/\/www.kedali.com\/wp-content\/uploads\/2025\/11\/wholesale-pet-food-storage-jars-5-768x768.webp 768w, https:\/\/www.kedali.com\/wp-content\/uploads\/2025\/11\/wholesale-pet-food-storage-jars-5-12x12.webp 12w, https:\/\/www.kedali.com\/wp-content\/uploads\/2025\/11\/wholesale-pet-food-storage-jars-5-600x600.webp 600w, https:\/\/www.kedali.com\/wp-content\/uploads\/2025\/11\/wholesale-pet-food-storage-jars-5-100x100.webp 100w\" sizes=\"(max-width: 800px) 100vw, 800px\" \/><\/figure>\n<\/div>\n\n\n\n<div class=\"wp-block-column is-layout-flow wp-block-column-is-layout-flow\">\n<figure class=\"wp-block-image size-full\"><img decoding=\"async\" width=\"800\" height=\"800\" src=\"https:\/\/www.kedali.com\/wp-content\/uploads\/2025\/11\/wholesale-pet-food-storage-jars-6.webp\" alt=\"pots de stockage en gros pour aliments pour animaux (6)\" class=\"wp-image-1406\" srcset=\"https:\/\/www.kedali.com\/wp-content\/uploads\/2025\/11\/wholesale-pet-food-storage-jars-6.webp 800w, https:\/\/www.kedali.com\/wp-content\/uploads\/2025\/11\/wholesale-pet-food-storage-jars-6-300x300.webp 300w, https:\/\/www.kedali.com\/wp-content\/uploads\/2025\/11\/wholesale-pet-food-storage-jars-6-150x150.webp 150w, https:\/\/www.kedali.com\/wp-content\/uploads\/2025\/11\/wholesale-pet-food-storage-jars-6-768x768.webp 768w, https:\/\/www.kedali.com\/wp-content\/uploads\/2025\/11\/wholesale-pet-food-storage-jars-6-12x12.webp 12w, https:\/\/www.kedali.com\/wp-content\/uploads\/2025\/11\/wholesale-pet-food-storage-jars-6-600x600.webp 600w, https:\/\/www.kedali.com\/wp-content\/uploads\/2025\/11\/wholesale-pet-food-storage-jars-6-100x100.webp 100w\" sizes=\"(max-width: 800px) 100vw, 800px\" \/><\/figure>\n<\/div>\n<\/div>","protected":false},"excerpt":{"rendered":"<p>Vente en gros de pots de conservation en c\u00e9ramique pour aliments pour animaux de compagnie. Nos pots en c\u00e9ramique pour aliments et friandises pour animaux de compagnie sont con\u00e7us pour pr\u00e9server la fra\u00eecheur des aliments et leur qualit\u00e9 durable, offrant ainsi aux utilisateurs une solution de stockage sup\u00e9rieure. Leur conception polyvalente permet \u00e9galement de stocker du caf\u00e9, des c\u00e9r\u00e9ales, des \u00e9pices et d'autres produits secs.<\/p>\n<p>En tant que <a href=\"https:\/\/www.kedali.com\/fr\/\" target=\"_blank\" rel=\"noopener\"><strong>fabricant de porcelaine<\/strong><\/a>, Nous acceptons les commandes OEM\/ODM et prenons en charge la personnalisation compl\u00e8te. Contactez-nous d\u00e8s aujourd'hui.<\/p>\n<h2>Sp\u00e9cifications de la jarre de conservation des aliments pour animaux de compagnie<\/h2>\n<table width=\"235\">\n<tbody>\n<tr>\n<td width=\"69\">Marque<\/td>\n<td width=\"166\">KDL<\/td>\n<\/tr>\n<tr>\n<td width=\"69\">Mod\u00e8le<\/td>\n<td width=\"166\">TGS1654<\/td>\n<\/tr>\n<tr>\n<td width=\"69\">Mat\u00e9riau<\/td>\n<td width=\"166\">c\u00e9ramique<\/td>\n<\/tr>\n<tr>\n<td width=\"69\">couleur<\/td>\n<td width=\"166\">rose\/bleu<\/td>\n<\/tr>\n<tr>\n<td width=\"69\">Application<\/td>\n<td width=\"166\">stockage des aliments<\/td>\n<\/tr>\n<tr>\n<td width=\"69\">Fonctionnalit\u00e9<\/td>\n<td width=\"166\">couleur \u00e9maill\u00e9e<\/td>\n<\/tr>\n<tr>\n<td width=\"69\">Dimensions<\/td>\n<td width=\"166\">12.2\u00d712.2\u00d725.1cm<\/td>\n<\/tr>\n<tr>\n<td width=\"69\">Poids brut (kg)<\/td>\n<td width=\"166\">2kg<\/td>\n<\/tr>\n<tr>\n<td width=\"69\">Quantit\u00e9 minimale de commande<\/td>\n<td width=\"166\">800 jeux<\/td>\n<\/tr>\n<\/tbody>\n<\/table>\n<p>&nbsp;<\/p>","protected":false},"featured_media":1401,"comment_status":"closed","ping_status":"closed","template":"","meta":{"_acf_changed":false},"product_brand":[],"product_cat":[22,55],"product_tag":[],"class_list":{"0":"post-1393","1":"product","2":"type-product","3":"status-publish","4":"has-post-thumbnail","6":"product_cat-wholesale-ceramic-pet-supplies","7":"product_cat-wholesale-pet-storage","9":"first","10":"instock","11":"shipping-taxable","12":"product-type-simple"},"acf":[],"_links":{"self":[{"href":"https:\/\/www.kedali.com\/fr\/wp-json\/wp\/v2\/product\/1393","targetHints":{"allow":["GET"]}}],"collection":[{"href":"https:\/\/www.kedali.com\/fr\/wp-json\/wp\/v2\/product"}],"about":[{"href":"https:\/\/www.kedali.com\/fr\/wp-json\/wp\/v2\/types\/product"}],"replies":[{"embeddable":true,"href":"https:\/\/www.kedali.com\/fr\/wp-json\/wp\/v2\/comments?post=1393"}],"wp:featuredmedia":[{"embeddable":true,"href":"https:\/\/www.kedali.com\/fr\/wp-json\/wp\/v2\/media\/1401"}],"wp:attachment":[{"href":"https:\/\/www.kedali.com\/fr\/wp-json\/wp\/v2\/media?parent=1393"}],"wp:term":[{"taxonomy":"product_brand","embeddable":true,"href":"https:\/\/www.kedali.com\/fr\/wp-json\/wp\/v2\/product_brand?post=1393"},{"taxonomy":"product_cat","embeddable":true,"href":"https:\/\/www.kedali.com\/fr\/wp-json\/wp\/v2\/product_cat?post=1393"},{"taxonomy":"product_tag","embeddable":true,"href":"https:\/\/www.kedali.com\/fr\/wp-json\/wp\/v2\/product_tag?post=1393"}],"curies":[{"name":"wp","href":"https:\/\/api.w.org\/{rel}","templated":true}]}}