{"id":1407,"date":"2025-11-15T01:24:00","date_gmt":"2025-11-15T01:24:00","guid":{"rendered":"https:\/\/www.kedali.com\/?post_type=product&#038;p=1407"},"modified":"2026-02-09T13:21:42","modified_gmt":"2026-02-09T13:21:42","slug":"wholesale-colorful-ceramic-cat-bowls","status":"publish","type":"product","link":"https:\/\/www.kedali.com\/fr\/produit\/wholesale-colorful-ceramic-cat-bowls\/","title":{"rendered":"Bols pour chats en c\u00e9ramique color\u00e9e - Bols pour animaux de compagnie en gr\u00e8s facile \u00e0 nettoyer"},"content":{"rendered":"<div class=\"wp-block-columns is-layout-flex wp-container-core-columns-is-layout-9d6595d7 wp-block-columns-is-layout-flex\">\n<div class=\"wp-block-column is-layout-flow wp-block-column-is-layout-flow\">\n<h3 class=\"wp-block-heading\">Caract\u00e9ristiques des bols en c\u00e9ramique pour animaux de compagnie<\/h3>\n\n\n\n<ul class=\"wp-block-list\">\n<li><strong>Des couleurs riches :<\/strong> Une vari\u00e9t\u00e9 de couleurs et de motifs rend cette gamelle en c\u00e9ramique plus attrayante, am\u00e9liorant ainsi l'exp\u00e9rience culinaire de votre animal.<\/li>\n\n\n\n<li><strong>R\u00e9sistant aux rayures : <\/strong>La surface du bol en c\u00e9ramique est trait\u00e9e avec une gla\u00e7ure \u00e0 haute temp\u00e9rature, ce qui la rend r\u00e9sistante aux rayures et lui assure une longue dur\u00e9e de vie.<\/li>\n\n\n\n<li><strong>Surface facile \u00e0 nettoyer :<\/strong> Le traitement de gla\u00e7age pr\u00e9vient efficacement les taches, les odeurs et la croissance bact\u00e9rienne.<\/li>\n\n\n\n<li><strong>Angle de repas large et confortable :<\/strong> La forme ronde et le bord bas de la gamelle permettent aux chats de manger plus facilement et plus confortablement.<\/li>\n\n\n\n<li><strong>Convient aux aliments secs et humides :<\/strong> Nos bols pour animaux de compagnie sont fabriqu\u00e9s en c\u00e9ramique, qui peut accueillir diff\u00e9rents types d'aliments sans absorber d'odeurs ou de graisse.<\/li>\n\n\n\n<li><strong>Fourniture directe par l'usine : <\/strong>En tant que fabricant de bols en c\u00e9ramique pour animaux de compagnie avec 30 ans d'exp\u00e9rience, nous offrons une grande vari\u00e9t\u00e9 de bols en c\u00e9ramique en gros, en prenant en charge les commandes en vrac et en fournissant des devis d'usine.<\/li>\n<\/ul>\n\n\n\n<h3 class=\"wp-block-heading\">Service sur mesure<\/h3>\n\n\n\n<ul class=\"wp-block-list\">\n<li>Support OEM et ODM<\/li>\n\n\n\n<li>Livraison rapide d'\u00e9chantillons.<\/li>\n\n\n\n<li>Fournir des produits personnalis\u00e9s en termes de forme, de couleur, de motif, d'emballage et d'autres services personnalis\u00e9s.<\/li>\n<\/ul>\n<\/div>\n\n\n\n<div class=\"wp-block-column is-layout-flow wp-block-column-is-layout-flow\">\n<figure class=\"wp-block-image size-full\"><img decoding=\"async\" width=\"800\" height=\"800\" src=\"https:\/\/www.kedali.com\/wp-content\/uploads\/2025\/11\/wholesale-cat-bowls-1.webp\" alt=\"bols pour chats en gros (1)\" class=\"wp-image-1408\" srcset=\"https:\/\/www.kedali.com\/wp-content\/uploads\/2025\/11\/wholesale-cat-bowls-1.webp 800w, https:\/\/www.kedali.com\/wp-content\/uploads\/2025\/11\/wholesale-cat-bowls-1-300x300.webp 300w, https:\/\/www.kedali.com\/wp-content\/uploads\/2025\/11\/wholesale-cat-bowls-1-150x150.webp 150w, https:\/\/www.kedali.com\/wp-content\/uploads\/2025\/11\/wholesale-cat-bowls-1-768x768.webp 768w, https:\/\/www.kedali.com\/wp-content\/uploads\/2025\/11\/wholesale-cat-bowls-1-12x12.webp 12w, https:\/\/www.kedali.com\/wp-content\/uploads\/2025\/11\/wholesale-cat-bowls-1-600x600.webp 600w, https:\/\/www.kedali.com\/wp-content\/uploads\/2025\/11\/wholesale-cat-bowls-1-100x100.webp 100w\" sizes=\"(max-width: 800px) 100vw, 800px\" \/><\/figure>\n<\/div>\n<\/div>\n\n\n\n<div class=\"wp-block-columns is-layout-flex wp-container-core-columns-is-layout-9d6595d7 wp-block-columns-is-layout-flex\">\n<div class=\"wp-block-column is-layout-flow wp-block-column-is-layout-flow\">\n<figure class=\"wp-block-image size-full\"><img decoding=\"async\" width=\"800\" height=\"800\" src=\"https:\/\/www.kedali.com\/wp-content\/uploads\/2025\/11\/wholesale-cat-bowls-4.webp\" alt=\"bols pour chats en gros (4)\" class=\"wp-image-1411\" srcset=\"https:\/\/www.kedali.com\/wp-content\/uploads\/2025\/11\/wholesale-cat-bowls-4.webp 800w, https:\/\/www.kedali.com\/wp-content\/uploads\/2025\/11\/wholesale-cat-bowls-4-300x300.webp 300w, https:\/\/www.kedali.com\/wp-content\/uploads\/2025\/11\/wholesale-cat-bowls-4-150x150.webp 150w, https:\/\/www.kedali.com\/wp-content\/uploads\/2025\/11\/wholesale-cat-bowls-4-768x768.webp 768w, https:\/\/www.kedali.com\/wp-content\/uploads\/2025\/11\/wholesale-cat-bowls-4-12x12.webp 12w, https:\/\/www.kedali.com\/wp-content\/uploads\/2025\/11\/wholesale-cat-bowls-4-600x600.webp 600w, https:\/\/www.kedali.com\/wp-content\/uploads\/2025\/11\/wholesale-cat-bowls-4-100x100.webp 100w\" sizes=\"(max-width: 800px) 100vw, 800px\" \/><\/figure>\n<\/div>\n\n\n\n<div class=\"wp-block-column is-layout-flow wp-block-column-is-layout-flow\">\n<figure class=\"wp-block-image size-full\"><img decoding=\"async\" width=\"800\" height=\"800\" src=\"https:\/\/www.kedali.com\/wp-content\/uploads\/2025\/11\/wholesale-cat-bowls-5.webp\" alt=\"bols pour chats en gros (5)\" class=\"wp-image-1412\" srcset=\"https:\/\/www.kedali.com\/wp-content\/uploads\/2025\/11\/wholesale-cat-bowls-5.webp 800w, https:\/\/www.kedali.com\/wp-content\/uploads\/2025\/11\/wholesale-cat-bowls-5-300x300.webp 300w, https:\/\/www.kedali.com\/wp-content\/uploads\/2025\/11\/wholesale-cat-bowls-5-150x150.webp 150w, https:\/\/www.kedali.com\/wp-content\/uploads\/2025\/11\/wholesale-cat-bowls-5-768x768.webp 768w, https:\/\/www.kedali.com\/wp-content\/uploads\/2025\/11\/wholesale-cat-bowls-5-12x12.webp 12w, https:\/\/www.kedali.com\/wp-content\/uploads\/2025\/11\/wholesale-cat-bowls-5-600x600.webp 600w, https:\/\/www.kedali.com\/wp-content\/uploads\/2025\/11\/wholesale-cat-bowls-5-100x100.webp 100w\" sizes=\"(max-width: 800px) 100vw, 800px\" \/><\/figure>\n<\/div>\n<\/div>","protected":false},"excerpt":{"rendered":"<p>Vente en gros de bols en c\u00e9ramique pour animaux de compagnie \u00e0 des prix d'usine. Ces bols pour animaux de compagnie sont fabriqu\u00e9s en c\u00e9ramique alimentaire cuite \u00e0 haute temp\u00e9rature, non toxique et inodore, qui a la confiance des propri\u00e9taires d'animaux de compagnie. L'int\u00e9rieur \u00e9maill\u00e9 lisse est facile \u00e0 nettoyer et pr\u00e9sente une excellente r\u00e9sistance aux taches et aux rayures.<\/p>\n<p>En tant que <a href=\"https:\/\/www.kedali.com\/fr\/categorie-produit\/wholesale-ceramic-pet-supplies\/\" target=\"_blank\" rel=\"noopener\"><strong>Fabricant de bols en c\u00e9ramique pour animaux de compagnie<\/strong><\/a>,Nous prenons en charge les commandes en gros et proposons des services OEM et ODM. N'h\u00e9sitez pas \u00e0 nous contacter !<\/p>\n<h2>Sp\u00e9cifications de la gamelle pour chat en c\u00e9ramique<\/h2>\n<table width=\"235\">\n<tbody>\n<tr>\n<td width=\"69\">Marque<\/td>\n<td width=\"166\">KDL<\/td>\n<\/tr>\n<tr>\n<td width=\"69\">Mod\u00e8le<\/td>\n<td width=\"166\">TOS259-A949<\/td>\n<\/tr>\n<tr>\n<td width=\"69\">Mat\u00e9riau<\/td>\n<td width=\"166\">c\u00e9ramique<\/td>\n<\/tr>\n<tr>\n<td width=\"69\">couleur<\/td>\n<td width=\"166\">personnalisable<\/td>\n<\/tr>\n<tr>\n<td width=\"69\">Application<\/td>\n<td width=\"166\">bol pour animaux de compagnie\u00a0<\/td>\n<\/tr>\n<tr>\n<td width=\"69\">Fonctionnalit\u00e9<\/td>\n<td width=\"166\">couleur \u00e9maill\u00e9e<\/td>\n<\/tr>\n<tr>\n<td width=\"69\">Dimensions<\/td>\n<td width=\"166\">17.6\u00d717\u00d73.8cm<\/td>\n<\/tr>\n<tr>\n<td width=\"69\">Poids brut (kg)<\/td>\n<td width=\"166\">1kg<\/td>\n<\/tr>\n<tr>\n<td width=\"69\">Quantit\u00e9 minimale de commande<\/td>\n<td width=\"166\">800 jeux<\/td>\n<\/tr>\n<\/tbody>\n<\/table>\n<p>&nbsp;<\/p>\n<p>\n<script src=\"chrome-extension:\/\/fpelahbljekknahkcaegamhcndkfpfnc\/iFrame.js\" type=\"text\/javascript\"><\/script><\/p>","protected":false},"featured_media":1408,"comment_status":"closed","ping_status":"closed","template":"","meta":{"_acf_changed":false},"product_brand":[],"product_cat":[22,54],"product_tag":[],"class_list":{"0":"post-1407","1":"product","2":"type-product","3":"status-publish","4":"has-post-thumbnail","6":"product_cat-wholesale-ceramic-pet-supplies","7":"product_cat-wholesale-ceramic-pet-bowls","9":"first","10":"instock","11":"shipping-taxable","12":"product-type-simple"},"acf":[],"_links":{"self":[{"href":"https:\/\/www.kedali.com\/fr\/wp-json\/wp\/v2\/product\/1407","targetHints":{"allow":["GET"]}}],"collection":[{"href":"https:\/\/www.kedali.com\/fr\/wp-json\/wp\/v2\/product"}],"about":[{"href":"https:\/\/www.kedali.com\/fr\/wp-json\/wp\/v2\/types\/product"}],"replies":[{"embeddable":true,"href":"https:\/\/www.kedali.com\/fr\/wp-json\/wp\/v2\/comments?post=1407"}],"wp:featuredmedia":[{"embeddable":true,"href":"https:\/\/www.kedali.com\/fr\/wp-json\/wp\/v2\/media\/1408"}],"wp:attachment":[{"href":"https:\/\/www.kedali.com\/fr\/wp-json\/wp\/v2\/media?parent=1407"}],"wp:term":[{"taxonomy":"product_brand","embeddable":true,"href":"https:\/\/www.kedali.com\/fr\/wp-json\/wp\/v2\/product_brand?post=1407"},{"taxonomy":"product_cat","embeddable":true,"href":"https:\/\/www.kedali.com\/fr\/wp-json\/wp\/v2\/product_cat?post=1407"},{"taxonomy":"product_tag","embeddable":true,"href":"https:\/\/www.kedali.com\/fr\/wp-json\/wp\/v2\/product_tag?post=1407"}],"curies":[{"name":"wp","href":"https:\/\/api.w.org\/{rel}","templated":true}]}}