{"id":1462,"date":"2025-11-27T00:57:19","date_gmt":"2025-11-27T00:57:19","guid":{"rendered":"https:\/\/www.kedali.com\/?post_type=product&#038;p=1462"},"modified":"2025-11-27T01:25:58","modified_gmt":"2025-11-27T01:25:58","slug":"bulk-ceramic-butter-dishes-wholesale","status":"publish","type":"product","link":"https:\/\/www.kedali.com\/fr\/produit\/bulk-ceramic-butter-dishes-wholesale\/","title":{"rendered":"Vente en gros de plats \u00e0 beurre en c\u00e9ramique, vente en gros de plats \u00e0 beurre de haute qualit\u00e9"},"content":{"rendered":"<div class=\"wp-block-columns is-layout-flex wp-container-core-columns-is-layout-9d6595d7 wp-block-columns-is-layout-flex\">\n<div class=\"wp-block-column is-layout-flow wp-block-column-is-layout-flow\">\n<h3 class=\"wp-block-heading\">Caract\u00e9ristiques des beurriers en c\u00e9ramique<\/h3>\n\n\n\n<ul class=\"wp-block-list\">\n<li><strong>Conservation herm\u00e9tique des produits frais : <\/strong>La conception herm\u00e9tique du corps et du couvercle du pot permet de pr\u00e9server la fra\u00eecheur et la saveur du beurre, d'\u00e9viter l'oxydation et la d\u00e9t\u00e9rioration, et de prolonger sa dur\u00e9e de conservation.<\/li>\n\n\n\n<li><strong>\u00c9tiquetage clair : <\/strong>L'\u00e9tiquette \u201cBEURRE\u201d en gras du beurrier en c\u00e9ramique permet d'identifier facilement le contenu dans le r\u00e9frig\u00e9rateur ou sur le comptoir, r\u00e9duisant ainsi la confusion avec d'autres contenants.<\/li>\n\n\n\n<li><strong>Facile \u00e0 utiliser : <\/strong>La conception du pot \u00e0 large ouverture facilite le versement et le ramassage tout en minimisant les r\u00e9sidus graisseux.<\/li>\n\n\n\n<li><strong>Peut \u00eatre utilis\u00e9 au micro-ondes :<\/strong> Fabriqu\u00e9 en c\u00e9ramique r\u00e9sistante aux temp\u00e9ratures \u00e9lev\u00e9es, le produit passe au micro-ondes, ce qui permet au beurre de ramollir rapidement et d'am\u00e9liorer l'efficacit\u00e9 au quotidien.<\/li>\n\n\n\n<li><strong>Naturel et s\u00fbr : <\/strong>Le mat\u00e9riau c\u00e9ramique est naturellement non toxique et ne r\u00e9agit pas avec les graisses, \u00e9vitant ainsi la lib\u00e9ration de substances nocives.<\/li>\n\n\n\n<li><strong>Facile \u00e0 nettoyer : <\/strong>La surface lisse en c\u00e9ramique est facile \u00e0 laver et le produit est compatible avec le lave-vaisselle, ce qui r\u00e9duit les co\u00fbts d'entretien quotidiens.<\/li>\n<\/ul>\n\n\n\n<h3 class=\"wp-block-heading\">Service sur mesure<\/h3>\n\n\n\n<ul class=\"wp-block-list\">\n<li>Support OEM et ODM<\/li>\n\n\n\n<li>Livraison rapide d'\u00e9chantillons.<\/li>\n\n\n\n<li>Fournir des produits personnalis\u00e9s en termes de forme, de couleur, de motif, d'emballage et d'autres services personnalis\u00e9s.<\/li>\n<\/ul>\n<\/div>\n\n\n\n<div class=\"wp-block-column is-layout-flow wp-block-column-is-layout-flow\">\n<figure class=\"wp-block-image size-full\"><img decoding=\"async\" width=\"800\" height=\"800\" src=\"https:\/\/www.kedali.com\/wp-content\/uploads\/2025\/11\/details-of-the-butter-dish.webp\" alt=\"d\u00e9tails du beurrier\" class=\"wp-image-1463\" srcset=\"https:\/\/www.kedali.com\/wp-content\/uploads\/2025\/11\/details-of-the-butter-dish.webp 800w, https:\/\/www.kedali.com\/wp-content\/uploads\/2025\/11\/details-of-the-butter-dish-300x300.webp 300w, https:\/\/www.kedali.com\/wp-content\/uploads\/2025\/11\/details-of-the-butter-dish-150x150.webp 150w, https:\/\/www.kedali.com\/wp-content\/uploads\/2025\/11\/details-of-the-butter-dish-768x768.webp 768w, https:\/\/www.kedali.com\/wp-content\/uploads\/2025\/11\/details-of-the-butter-dish-12x12.webp 12w, https:\/\/www.kedali.com\/wp-content\/uploads\/2025\/11\/details-of-the-butter-dish-600x600.webp 600w, https:\/\/www.kedali.com\/wp-content\/uploads\/2025\/11\/details-of-the-butter-dish-100x100.webp 100w\" sizes=\"(max-width: 800px) 100vw, 800px\" \/><\/figure>\n<\/div>\n<\/div>\n\n\n\n<p><\/p>","protected":false},"excerpt":{"rendered":"<p>Bienvenue \u00e0 l'achat en gros de nos beurriers. Les r\u00e9cipients en c\u00e9ramique munis de couvercles en bois assurent une excellente \u00e9tanch\u00e9it\u00e9, pr\u00e9servant ainsi la fra\u00eecheur et la saveur du beurre.<\/p>\n<p>En tant que <a href=\"https:\/\/www.kedali.com\/fr\/categorie-produit\/wholesale-ceramic-kitchenware\/\" target=\"_blank\" rel=\"noopener\"><strong>fabricant d'ustensiles de cuisine en c\u00e9ramique<\/strong><\/a>, En outre, nous prenons en charge l'OEM et l'ODM, en offrant des options de personnalisation pour les couleurs, l'emballage et la marque. Ils constituent un choix fiable et esth\u00e9tique pour les supermarch\u00e9s, les magasins d'articles m\u00e9nagers, les restaurants et les acheteurs de marques priv\u00e9es. Contactez-nous pour un devis.<\/p>\n<h2>Sp\u00e9cifications des plats \u00e0 beurre en c\u00e9ramique<\/h2>\n<table width=\"235\">\n<tbody>\n<tr>\n<td width=\"69\">Marque<\/td>\n<td width=\"166\">KDL<\/td>\n<\/tr>\n<tr>\n<td width=\"69\">Mod\u00e8le<\/td>\n<td width=\"166\">DTDSL2026-6.5-F322<\/td>\n<\/tr>\n<tr>\n<td width=\"69\">Mat\u00e9riau<\/td>\n<td width=\"166\">c\u00e9ramique<\/td>\n<\/tr>\n<tr>\n<td width=\"69\">couleur<\/td>\n<td width=\"166\">blanc\/personnalisable<\/td>\n<\/tr>\n<tr>\n<td width=\"69\">Application<\/td>\n<td width=\"166\">Plat \u00e0 beurre<\/td>\n<\/tr>\n<tr>\n<td width=\"69\">Fonctionnalit\u00e9<\/td>\n<td width=\"166\">Autocollant<\/td>\n<\/tr>\n<tr>\n<td width=\"69\">Dimensions<\/td>\n<td width=\"166\">\n<article class=\"text-token-text-primary w-full focus:outline-none [--shadow-height:45px] has-data-writing-block:pointer-events-none has-data-writing-block:-mt-(--shadow-height) has-data-writing-block:pt-(--shadow-height) [&amp;:has([data-writing-block])&gt;*]:pointer-events-auto scroll-mt-[calc(var(--header-height)+min(200px,max(70px,20svh)))]\" dir=\"auto\" tabindex=\"-1\" data-turn-id=\"62f75f77-2e14-42a4-abaa-eee1709a70f5\" data-testid=\"conversation-turn-10\" data-scroll-anchor=\"true\" data-turn=\"assistant\">\n<div class=\"text-base my-auto mx-auto pb-10 [--thread-content-margin:--spacing(4)] thread-sm:[--thread-content-margin:--spacing(6)] thread-lg:[--thread-content-margin:--spacing(16)] px-(--thread-content-margin)\">\n<div class=\"[--thread-content-max-width:40rem] thread-lg:[--thread-content-max-width:48rem] mx-auto max-w-(--thread-content-max-width) flex-1 group\/turn-messages focus-visible:outline-hidden relative flex w-full min-w-0 flex-col agent-turn\" tabindex=\"-1\">\n<div class=\"flex max-w-full flex-col grow\">\n<div class=\"min-h-8 text-message relative flex w-full flex-col items-end gap-2 text-start break-words whitespace-normal [.text-message+&amp;]:mt-1\" dir=\"auto\" data-message-author-role=\"assistant\" data-message-id=\"777b816c-6cd4-42be-aecd-c2b4941cf3a2\" data-message-model-slug=\"gpt-5-1\">\n<div class=\"flex w-full flex-col gap-1 empty:hidden first:pt-[1px]\">\n<div class=\"markdown prose dark:prose-invert w-full break-words light markdown-new-styling\">\n<p data-start=\"0\" data-end=\"70\" data-is-last-node=\"\" data-is-only-node=\"\">16.4 \u00d7 10.4 \u00d7 7.2 cm\uff08lid : 16.1 \u00d7 10.2 \u00d7 2 cm bol : 16.4 \u00d7 10.4 \u00d7 6 cm\uff09<\/p>\n<\/div>\n<\/div>\n<\/div>\n<\/div>\n<\/div>\n<\/div>\n<\/article>\n<\/td>\n<\/tr>\n<tr>\n<td width=\"69\">Poids brut (kg)<\/td>\n<td width=\"166\">0,8 kg<\/td>\n<\/tr>\n<tr>\n<td width=\"69\">Quantit\u00e9 minimale de commande<\/td>\n<td width=\"166\">800\u00a0<\/td>\n<\/tr>\n<\/tbody>\n<\/table>\n<p>&nbsp;<\/p>","protected":false},"featured_media":1464,"comment_status":"closed","ping_status":"closed","template":"","meta":{"_acf_changed":false},"product_brand":[],"product_cat":[18,35],"product_tag":[],"class_list":{"0":"post-1462","1":"product","2":"type-product","3":"status-publish","4":"has-post-thumbnail","6":"product_cat-wholesale-ceramic-kitchenware","7":"product_cat-wholesale-ceramic-butter-dishes","9":"first","10":"instock","11":"shipping-taxable","12":"product-type-simple"},"acf":[],"_links":{"self":[{"href":"https:\/\/www.kedali.com\/fr\/wp-json\/wp\/v2\/product\/1462","targetHints":{"allow":["GET"]}}],"collection":[{"href":"https:\/\/www.kedali.com\/fr\/wp-json\/wp\/v2\/product"}],"about":[{"href":"https:\/\/www.kedali.com\/fr\/wp-json\/wp\/v2\/types\/product"}],"replies":[{"embeddable":true,"href":"https:\/\/www.kedali.com\/fr\/wp-json\/wp\/v2\/comments?post=1462"}],"wp:featuredmedia":[{"embeddable":true,"href":"https:\/\/www.kedali.com\/fr\/wp-json\/wp\/v2\/media\/1464"}],"wp:attachment":[{"href":"https:\/\/www.kedali.com\/fr\/wp-json\/wp\/v2\/media?parent=1462"}],"wp:term":[{"taxonomy":"product_brand","embeddable":true,"href":"https:\/\/www.kedali.com\/fr\/wp-json\/wp\/v2\/product_brand?post=1462"},{"taxonomy":"product_cat","embeddable":true,"href":"https:\/\/www.kedali.com\/fr\/wp-json\/wp\/v2\/product_cat?post=1462"},{"taxonomy":"product_tag","embeddable":true,"href":"https:\/\/www.kedali.com\/fr\/wp-json\/wp\/v2\/product_tag?post=1462"}],"curies":[{"name":"wp","href":"https:\/\/api.w.org\/{rel}","templated":true}]}}