{"id":1469,"date":"2025-11-27T01:26:59","date_gmt":"2025-11-27T01:26:59","guid":{"rendered":"https:\/\/www.kedali.com\/?post_type=product&#038;p=1469"},"modified":"2025-11-27T01:50:49","modified_gmt":"2025-11-27T01:50:49","slug":"wholesale-creative-cow-shaped-ceramic-butter-dishes","status":"publish","type":"product","link":"https:\/\/www.kedali.com\/fr\/produit\/wholesale-creative-cow-shaped-ceramic-butter-dishes\/","title":{"rendered":"Grossiste Beurriers en c\u00e9ramique blanche - Beurrier en forme de vache"},"content":{"rendered":"<div class=\"wp-block-columns is-layout-flex wp-container-core-columns-is-layout-9d6595d7 wp-block-columns-is-layout-flex\">\n<div class=\"wp-block-column is-layout-flow wp-block-column-is-layout-flow\">\n<h3 class=\"wp-block-heading\">Caract\u00e9ristiques des beurriers en c\u00e9ramique<\/h3>\n\n\n\n<ul class=\"wp-block-list\">\n<li><strong>Conception de la vache : <\/strong>Ce beurrier pr\u00e9sente une forme de vache en 3D, mignonne et innovante, qui rompt avec la monotonie des beurriers traditionnels et en fait un point d'attraction visuel sur la table.<\/li>\n\n\n\n<li><strong>Polyvalence d'utilisation : <\/strong>Le plat rectangulaire convient aux b\u00e2tonnets de beurre standard et peut \u00e9galement \u00eatre utilis\u00e9 ind\u00e9pendamment pour servir d'autres petits articles tels que du pain, des huiles de trempage, des olives ou des amuse-gueule.<\/li>\n\n\n\n<li><strong>Facile \u00e0 nettoyer : <\/strong>La surface lisse et non poreuse en c\u00e9ramique peut \u00eatre lav\u00e9e au lave-vaisselle, ce qui facilite et acc\u00e9l\u00e8re le nettoyage.<\/li>\n\n\n\n<li><strong>Approvisionnement en vrac :<\/strong> Nous sommes un fabricant professionnel d'ustensiles de cuisine en c\u00e9ramique avec des lignes de production stables, fournissant des beurriers en vrac \u00e0 des prix d'usine.<\/li>\n<\/ul>\n\n\n\n<h3 class=\"wp-block-heading\">Service sur mesure<\/h3>\n\n\n\n<ul class=\"wp-block-list\">\n<li>Support OEM et ODM<\/li>\n\n\n\n<li>Livraison rapide d'\u00e9chantillons.<\/li>\n\n\n\n<li>Fournir des produits personnalis\u00e9s en termes de forme, de couleur, de motif, d'emballage et d'autres services personnalis\u00e9s.<\/li>\n<\/ul>\n<\/div>\n\n\n\n<div class=\"wp-block-column is-layout-flow wp-block-column-is-layout-flow\">\n<figure class=\"wp-block-image size-full\"><img decoding=\"async\" width=\"800\" height=\"800\" src=\"https:\/\/www.kedali.com\/wp-content\/uploads\/2025\/11\/details-of-butter-dish.webp\" alt=\"d\u00e9tails du beurrier\" class=\"wp-image-1475\" srcset=\"https:\/\/www.kedali.com\/wp-content\/uploads\/2025\/11\/details-of-butter-dish.webp 800w, https:\/\/www.kedali.com\/wp-content\/uploads\/2025\/11\/details-of-butter-dish-300x300.webp 300w, https:\/\/www.kedali.com\/wp-content\/uploads\/2025\/11\/details-of-butter-dish-150x150.webp 150w, https:\/\/www.kedali.com\/wp-content\/uploads\/2025\/11\/details-of-butter-dish-768x768.webp 768w, https:\/\/www.kedali.com\/wp-content\/uploads\/2025\/11\/details-of-butter-dish-12x12.webp 12w, https:\/\/www.kedali.com\/wp-content\/uploads\/2025\/11\/details-of-butter-dish-600x600.webp 600w, https:\/\/www.kedali.com\/wp-content\/uploads\/2025\/11\/details-of-butter-dish-100x100.webp 100w\" sizes=\"(max-width: 800px) 100vw, 800px\" \/><\/figure>\n<\/div>\n<\/div>\n\n\n\n<p><\/p>","protected":false},"excerpt":{"rendered":"<p data-pm-slice=\"0 0 []\">Bienvenue sur le site d'achat en gros de beurriers en c\u00e9ramique. Cet \u00e9l\u00e9gant beurrier herm\u00e9tique permet non seulement de conserver la fra\u00eecheur et la saveur du beurre, mais il ajoute \u00e9galement une touche ludique \u00e0 toute cuisine. Fabriqu\u00e9 en c\u00e9ramique non toxique, durable et compatible avec les micro-ondes, il allie praticit\u00e9 et charme d\u00e9coratif, ce qui le rend id\u00e9al pour les commandes en gros et la vente au d\u00e9tail.<\/p>\n<p>En tant que professionnel <a href=\"https:\/\/www.kedali.com\/fr\/categorie-produit\/wholesale-ceramic-kitchenware\/\" target=\"_blank\" rel=\"noopener\"><strong>fabricant d'ustensiles de cuisine en c\u00e9ramique<\/strong><\/a>, Nous offrons des services d'approvisionnement en vrac, ainsi que des services OEM et ODM. Contactez-nous d\u00e8s aujourd'hui.<\/p>\n<h2>Sp\u00e9cifications des plats \u00e0 beurre en c\u00e9ramique blanche<\/h2>\n<table width=\"235\">\n<tbody>\n<tr>\n<td width=\"69\">Marque<\/td>\n<td width=\"166\">KDL<\/td>\n<\/tr>\n<tr>\n<td width=\"69\">Mod\u00e8le<\/td>\n<td width=\"166\">TDP486-7<\/td>\n<\/tr>\n<tr>\n<td width=\"69\">Mat\u00e9riau<\/td>\n<td width=\"166\">c\u00e9ramique<\/td>\n<\/tr>\n<tr>\n<td width=\"69\">couleur<\/td>\n<td width=\"166\">blanc<\/td>\n<\/tr>\n<tr>\n<td width=\"69\">Application<\/td>\n<td width=\"166\">beurrier en c\u00e9ramique<\/td>\n<\/tr>\n<tr>\n<td width=\"69\">Fonctionnalit\u00e9<\/td>\n<td width=\"166\">sculpt\u00e9<\/td>\n<\/tr>\n<tr>\n<td width=\"69\">Dimensions<\/td>\n<td width=\"166\">couvercle : 15,8 \u00d7 8,3 \u00d7 9,7 cm<br data-start=\"24\" data-end=\"27\" \/>corps : SET : 18,5 \u00d7 10 \u00d7 11 cm<\/td>\n<\/tr>\n<tr>\n<td width=\"69\">Poids brut (kg)<\/td>\n<td width=\"166\">1kg<\/td>\n<\/tr>\n<tr>\n<td width=\"69\">Quantit\u00e9 minimale de commande<\/td>\n<td width=\"166\">800 jeux<\/td>\n<\/tr>\n<\/tbody>\n<\/table>\n<p>&nbsp;<\/p>\n<p>\n<script src=\"chrome-extension:\/\/fpelahbljekknahkcaegamhcndkfpfnc\/iFrame.js\" type=\"text\/javascript\"><\/script><\/p>","protected":false},"featured_media":1470,"comment_status":"closed","ping_status":"closed","template":"","meta":{"_acf_changed":false},"product_brand":[],"product_cat":[18,35],"product_tag":[],"class_list":{"0":"post-1469","1":"product","2":"type-product","3":"status-publish","4":"has-post-thumbnail","6":"product_cat-wholesale-ceramic-kitchenware","7":"product_cat-wholesale-ceramic-butter-dishes","9":"first","10":"instock","11":"shipping-taxable","12":"product-type-simple"},"acf":[],"_links":{"self":[{"href":"https:\/\/www.kedali.com\/fr\/wp-json\/wp\/v2\/product\/1469","targetHints":{"allow":["GET"]}}],"collection":[{"href":"https:\/\/www.kedali.com\/fr\/wp-json\/wp\/v2\/product"}],"about":[{"href":"https:\/\/www.kedali.com\/fr\/wp-json\/wp\/v2\/types\/product"}],"replies":[{"embeddable":true,"href":"https:\/\/www.kedali.com\/fr\/wp-json\/wp\/v2\/comments?post=1469"}],"wp:featuredmedia":[{"embeddable":true,"href":"https:\/\/www.kedali.com\/fr\/wp-json\/wp\/v2\/media\/1470"}],"wp:attachment":[{"href":"https:\/\/www.kedali.com\/fr\/wp-json\/wp\/v2\/media?parent=1469"}],"wp:term":[{"taxonomy":"product_brand","embeddable":true,"href":"https:\/\/www.kedali.com\/fr\/wp-json\/wp\/v2\/product_brand?post=1469"},{"taxonomy":"product_cat","embeddable":true,"href":"https:\/\/www.kedali.com\/fr\/wp-json\/wp\/v2\/product_cat?post=1469"},{"taxonomy":"product_tag","embeddable":true,"href":"https:\/\/www.kedali.com\/fr\/wp-json\/wp\/v2\/product_tag?post=1469"}],"curies":[{"name":"wp","href":"https:\/\/api.w.org\/{rel}","templated":true}]}}