{"id":1512,"date":"2025-12-02T09:52:02","date_gmt":"2025-12-02T09:52:02","guid":{"rendered":"https:\/\/www.kedali.com\/?post_type=product&#038;p=1512"},"modified":"2025-12-02T10:35:51","modified_gmt":"2025-12-02T10:35:51","slug":"wholesale-ceramic-marble-effect-storage-canister-set","status":"publish","type":"product","link":"https:\/\/www.kedali.com\/fr\/produit\/wholesale-ceramic-marble-effect-storage-canister-set\/","title":{"rendered":"Lot de bo\u00eetes de rangement en c\u00e9ramique \u00e0 effet marbr\u00e9 avec couvercles en bambou"},"content":{"rendered":"<div class=\"wp-block-columns is-layout-flex wp-container-core-columns-is-layout-9d6595d7 wp-block-columns-is-layout-flex\">\n<div class=\"wp-block-column is-layout-flow wp-block-column-is-layout-flow\">\n<h3 class=\"wp-block-heading\">Caract\u00e9ristiques des bo\u00eetes de conservation en c\u00e9ramique<\/h3>\n\n\n\n<ul class=\"wp-block-list\">\n<li><strong>Une palette de couleurs attrayante :<\/strong> L'ensemble de bo\u00eetes en c\u00e9ramique pr\u00e9sente des tons pastel doux associ\u00e9s \u00e0 une texture marbr\u00e9e, cr\u00e9ant un aspect luxueux et moderne qui convient \u00e0 la d\u00e9coration int\u00e9rieure contemporaine.<\/li>\n\n\n\n<li><strong>Performance d'\u00e9tanch\u00e9it\u00e9 : <\/strong>Le couvercle s'adapte parfaitement \u00e0 l'ouverture du bocal, emp\u00eachant ainsi l'humidit\u00e9 et les parasites de p\u00e9n\u00e9trer dans le bocal et conservant la fra\u00eecheur des aliments.<\/li>\n\n\n\n<li><strong>Plusieurs tailles : <\/strong>Nos sets de bo\u00eetes en c\u00e9ramique sont disponibles en diff\u00e9rentes tailles (grande, moyenne, petite et courte), ce qui permet aux utilisateurs d'organiser efficacement diff\u00e9rents articles.<\/li>\n\n\n\n<li><strong>Fonctionnalit\u00e9 multi-pi\u00e8ces : <\/strong>Ces bo\u00eetes en c\u00e9ramique peuvent \u00eatre utilis\u00e9es dans la cuisine pour stocker le caf\u00e9, le th\u00e9, le sucre et les \u00e9pices, ou dans la salle de bains pour ranger les cotons-tiges, les sels de bain et bien d'autres choses encore.<\/li>\n<\/ul>\n\n\n\n<h3 class=\"wp-block-heading\">Service sur mesure<\/h3>\n\n\n\n<ul class=\"wp-block-list\">\n<li>Support OEM et ODM<\/li>\n\n\n\n<li>Livraison rapide d'\u00e9chantillons.<\/li>\n\n\n\n<li>Fournir des produits personnalis\u00e9s en termes de forme, de couleur, de motif, d'emballage et d'autres services personnalis\u00e9s.<\/li>\n<\/ul>\n<\/div>\n\n\n\n<div class=\"wp-block-column is-layout-flow wp-block-column-is-layout-flow\">\n<figure class=\"wp-block-image size-full\"><img decoding=\"async\" width=\"800\" height=\"800\" src=\"https:\/\/www.kedali.com\/wp-content\/uploads\/2025\/12\/specifications-of-ceramic-food-storage-canister-set.webp\" alt=\"sp\u00e9cifications de l&#039;ensemble de bo\u00eetes de conservation en c\u00e9ramique\" class=\"wp-image-1513\" srcset=\"https:\/\/www.kedali.com\/wp-content\/uploads\/2025\/12\/specifications-of-ceramic-food-storage-canister-set.webp 800w, https:\/\/www.kedali.com\/wp-content\/uploads\/2025\/12\/specifications-of-ceramic-food-storage-canister-set-300x300.webp 300w, https:\/\/www.kedali.com\/wp-content\/uploads\/2025\/12\/specifications-of-ceramic-food-storage-canister-set-150x150.webp 150w, https:\/\/www.kedali.com\/wp-content\/uploads\/2025\/12\/specifications-of-ceramic-food-storage-canister-set-768x768.webp 768w, https:\/\/www.kedali.com\/wp-content\/uploads\/2025\/12\/specifications-of-ceramic-food-storage-canister-set-12x12.webp 12w, https:\/\/www.kedali.com\/wp-content\/uploads\/2025\/12\/specifications-of-ceramic-food-storage-canister-set-600x600.webp 600w, https:\/\/www.kedali.com\/wp-content\/uploads\/2025\/12\/specifications-of-ceramic-food-storage-canister-set-100x100.webp 100w\" sizes=\"(max-width: 800px) 100vw, 800px\" \/><\/figure>\n<\/div>\n<\/div>\n\n\n\n<div class=\"wp-block-columns is-layout-flex wp-container-core-columns-is-layout-9d6595d7 wp-block-columns-is-layout-flex\">\n<div class=\"wp-block-column is-layout-flow wp-block-column-is-layout-flow\">\n<figure class=\"wp-block-image size-full\"><img decoding=\"async\" width=\"800\" height=\"800\" src=\"https:\/\/www.kedali.com\/wp-content\/uploads\/2025\/12\/wholesale-ceramic-food-storage-canister-set-4.webp\" alt=\"set de bo\u00eetes en c\u00e9ramique pour le stockage des aliments (4)\" class=\"wp-image-1517\" srcset=\"https:\/\/www.kedali.com\/wp-content\/uploads\/2025\/12\/wholesale-ceramic-food-storage-canister-set-4.webp 800w, https:\/\/www.kedali.com\/wp-content\/uploads\/2025\/12\/wholesale-ceramic-food-storage-canister-set-4-300x300.webp 300w, https:\/\/www.kedali.com\/wp-content\/uploads\/2025\/12\/wholesale-ceramic-food-storage-canister-set-4-150x150.webp 150w, https:\/\/www.kedali.com\/wp-content\/uploads\/2025\/12\/wholesale-ceramic-food-storage-canister-set-4-768x768.webp 768w, https:\/\/www.kedali.com\/wp-content\/uploads\/2025\/12\/wholesale-ceramic-food-storage-canister-set-4-12x12.webp 12w, https:\/\/www.kedali.com\/wp-content\/uploads\/2025\/12\/wholesale-ceramic-food-storage-canister-set-4-600x600.webp 600w, https:\/\/www.kedali.com\/wp-content\/uploads\/2025\/12\/wholesale-ceramic-food-storage-canister-set-4-100x100.webp 100w\" sizes=\"(max-width: 800px) 100vw, 800px\" \/><\/figure>\n<\/div>\n\n\n\n<div class=\"wp-block-column is-layout-flow wp-block-column-is-layout-flow\">\n<figure class=\"wp-block-image size-full\"><img decoding=\"async\" width=\"800\" height=\"800\" src=\"https:\/\/www.kedali.com\/wp-content\/uploads\/2025\/12\/wholesale-ceramic-food-storage-canister-set-5.webp\" alt=\"set de bo\u00eetes en c\u00e9ramique pour le stockage des aliments (5)\" class=\"wp-image-1518\" srcset=\"https:\/\/www.kedali.com\/wp-content\/uploads\/2025\/12\/wholesale-ceramic-food-storage-canister-set-5.webp 800w, https:\/\/www.kedali.com\/wp-content\/uploads\/2025\/12\/wholesale-ceramic-food-storage-canister-set-5-300x300.webp 300w, https:\/\/www.kedali.com\/wp-content\/uploads\/2025\/12\/wholesale-ceramic-food-storage-canister-set-5-150x150.webp 150w, https:\/\/www.kedali.com\/wp-content\/uploads\/2025\/12\/wholesale-ceramic-food-storage-canister-set-5-768x768.webp 768w, https:\/\/www.kedali.com\/wp-content\/uploads\/2025\/12\/wholesale-ceramic-food-storage-canister-set-5-12x12.webp 12w, https:\/\/www.kedali.com\/wp-content\/uploads\/2025\/12\/wholesale-ceramic-food-storage-canister-set-5-600x600.webp 600w, https:\/\/www.kedali.com\/wp-content\/uploads\/2025\/12\/wholesale-ceramic-food-storage-canister-set-5-100x100.webp 100w\" sizes=\"(max-width: 800px) 100vw, 800px\" \/><\/figure>\n<\/div>\n<\/div>","protected":false},"excerpt":{"rendered":"<p>Vente en gros de bo\u00eetes en c\u00e9ramique pour le stockage des aliments, disponibles en diff\u00e9rentes tailles. Cet ensemble de bo\u00eetes de conservation en c\u00e9ramique \u00e0 motif de marbre convient non seulement \u00e0 la conservation du th\u00e9, du caf\u00e9, du sucre et des produits secs, mais il rehausse \u00e9galement l'attrait de votre d\u00e9coration int\u00e9rieure et de votre cuisine.<\/p>\n<p>En tant que professionnel <a href=\"https:\/\/www.kedali.com\/fr\/categorie-produit\/wholesale-ceramic-kitchenware\/\" target=\"_blank\" rel=\"noopener\"><strong>fabricant d'ustensiles de cuisine en c\u00e9ramique,<\/strong><\/a> nous fournissons diff\u00e9rents styles de bo\u00eetes en c\u00e9ramique aux acheteurs en gros. Veuillez nous contacter pour obtenir un catalogue et un devis.<\/p>\n<h2>Sp\u00e9cifications de l'ensemble de bo\u00eetes de conservation en c\u00e9ramique<\/h2>\n<table width=\"235\">\n<tbody>\n<tr>\n<td width=\"69\">Marque<\/td>\n<td width=\"166\">KDL<\/td>\n<\/tr>\n<tr>\n<td width=\"69\">Mod\u00e8le<\/td>\n<td width=\"166\">tgs1758<\/td>\n<\/tr>\n<tr>\n<td width=\"69\">Mat\u00e9riau<\/td>\n<td width=\"166\">c\u00e9ramique<\/td>\n<\/tr>\n<tr>\n<td width=\"69\">couleur<\/td>\n<td width=\"166\">rose\/vert<\/td>\n<\/tr>\n<tr>\n<td width=\"69\">Application<\/td>\n<td width=\"166\">stockage des aliments<\/td>\n<\/tr>\n<tr>\n<td width=\"69\">Fonctionnalit\u00e9<\/td>\n<td width=\"166\">couleur \u00e9maill\u00e9e<\/td>\n<\/tr>\n<tr>\n<td width=\"69\">Dimensions<\/td>\n<td width=\"166\">\n<p data-start=\"25\" data-end=\"45\">8,2 \u00d7 8,2 \u00d7 7,5 cm<\/p>\n<p data-start=\"25\" data-end=\"45\">10,4 \u00d7 10,4 \u00d7 14,5 cm<\/p>\n<p data-start=\"25\" data-end=\"45\">10,4 \u00d7 10,4 \u00d7 18,8 cm<\/p>\n<\/td>\n<\/tr>\n<tr>\n<td width=\"69\">Quantit\u00e9 minimale de commande<\/td>\n<td width=\"166\">800 jeux<\/td>\n<\/tr>\n<\/tbody>\n<\/table>\n<p>&nbsp;<\/p>","protected":false},"featured_media":1514,"comment_status":"closed","ping_status":"closed","template":"","meta":{"_acf_changed":false},"product_brand":[],"product_cat":[18,37],"product_tag":[],"class_list":{"0":"post-1512","1":"product","2":"type-product","3":"status-publish","4":"has-post-thumbnail","6":"product_cat-wholesale-ceramic-kitchenware","7":"product_cat-wholesale-ceramic-canister-storage-jars","9":"first","10":"instock","11":"shipping-taxable","12":"product-type-simple"},"acf":[],"_links":{"self":[{"href":"https:\/\/www.kedali.com\/fr\/wp-json\/wp\/v2\/product\/1512","targetHints":{"allow":["GET"]}}],"collection":[{"href":"https:\/\/www.kedali.com\/fr\/wp-json\/wp\/v2\/product"}],"about":[{"href":"https:\/\/www.kedali.com\/fr\/wp-json\/wp\/v2\/types\/product"}],"replies":[{"embeddable":true,"href":"https:\/\/www.kedali.com\/fr\/wp-json\/wp\/v2\/comments?post=1512"}],"wp:featuredmedia":[{"embeddable":true,"href":"https:\/\/www.kedali.com\/fr\/wp-json\/wp\/v2\/media\/1514"}],"wp:attachment":[{"href":"https:\/\/www.kedali.com\/fr\/wp-json\/wp\/v2\/media?parent=1512"}],"wp:term":[{"taxonomy":"product_brand","embeddable":true,"href":"https:\/\/www.kedali.com\/fr\/wp-json\/wp\/v2\/product_brand?post=1512"},{"taxonomy":"product_cat","embeddable":true,"href":"https:\/\/www.kedali.com\/fr\/wp-json\/wp\/v2\/product_cat?post=1512"},{"taxonomy":"product_tag","embeddable":true,"href":"https:\/\/www.kedali.com\/fr\/wp-json\/wp\/v2\/product_tag?post=1512"}],"curies":[{"name":"wp","href":"https:\/\/api.w.org\/{rel}","templated":true}]}}