{"id":1533,"date":"2025-12-03T01:31:31","date_gmt":"2025-12-03T01:31:31","guid":{"rendered":"https:\/\/www.kedali.com\/?post_type=product&#038;p=1533"},"modified":"2026-01-13T09:26:57","modified_gmt":"2026-01-13T09:26:57","slug":"bulk-kitchen-canister-set-with-wooden-lids","status":"publish","type":"product","link":"https:\/\/www.kedali.com\/fr\/produit\/bulk-kitchen-canister-set-with-wooden-lids\/","title":{"rendered":"Set de bo\u00eetes de conserve en vrac avec couvercles en bois, 3 pi\u00e8ces, noir mat, pots de conservation des aliments"},"content":{"rendered":"<div class=\"wp-block-columns is-layout-flex wp-container-core-columns-is-layout-9d6595d7 wp-block-columns-is-layout-flex\">\n<div class=\"wp-block-column is-layout-flow wp-block-column-is-layout-flow\">\n<h3 class=\"wp-block-heading\">Caract\u00e9ristiques de l'ensemble de bo\u00eetes de cuisine<\/h3>\n\n\n\n<ul class=\"wp-block-list\">\n<li><strong>Esth\u00e9tique \u00e9l\u00e9gante enti\u00e8rement noire :<\/strong> L'ensemble de bo\u00eetes de cuisine est dot\u00e9 d'une finition noire mate classique, d\u00e9gageant un charme minimaliste moderne qui s'harmonise avec une vari\u00e9t\u00e9 de styles de d\u00e9coration int\u00e9rieure.<\/li>\n\n\n\n<li><strong>Plusieurs options de taille : <\/strong>Disponible en trois tailles bien pens\u00e9es pour s'adapter aux diff\u00e9rentes quantit\u00e9s d'articles, y compris les petits articles ou les ingr\u00e9dients en vrac.<\/li>\n\n\n\n<li><strong>Rangement multifonctionnel dans la cuisine :<\/strong> Id\u00e9al pour stocker les produits secs, les c\u00e9r\u00e9ales, les p\u00e2tes, les haricots, le th\u00e9, le caf\u00e9, les \u00e9pices et d'autres produits essentiels \u00e0 la cuisine. Permet de garder les plans de travail propres et organis\u00e9s.<\/li>\n\n\n\n<li><strong>Un cadeau bien choisi : <\/strong>\u00c9l\u00e9gant et fonctionnel, ce produit constitue un cadeau id\u00e9al pour les f\u00eates, les pendaisons de cr\u00e9maill\u00e8re, les mariages, etc. Il convient aussi bien aux cadeaux personnels qu'aux cadeaux d'affaires.<\/li>\n<\/ul>\n\n\n\n<h3 class=\"wp-block-heading\">Service sur mesure<\/h3>\n\n\n\n<ul class=\"wp-block-list\">\n<li>Support OEM et ODM<\/li>\n\n\n\n<li>Livraison rapide d'\u00e9chantillons.<\/li>\n\n\n\n<li>Fournir des produits personnalis\u00e9s en termes de forme, de couleur, de motif, d'emballage et d'autres services personnalis\u00e9s.<\/li>\n<\/ul>\n<\/div>\n\n\n\n<div class=\"wp-block-column is-layout-flow wp-block-column-is-layout-flow\">\n<figure class=\"wp-block-image size-full\"><img decoding=\"async\" width=\"800\" height=\"800\" src=\"https:\/\/www.kedali.com\/wp-content\/uploads\/2025\/12\/specifications-of-ceramic-canister-set.webp\" alt=\"sp\u00e9cifications de l&#039;ensemble de bo\u00eetes en c\u00e9ramique\" class=\"wp-image-1534\" srcset=\"https:\/\/www.kedali.com\/wp-content\/uploads\/2025\/12\/specifications-of-ceramic-canister-set.webp 800w, https:\/\/www.kedali.com\/wp-content\/uploads\/2025\/12\/specifications-of-ceramic-canister-set-300x300.webp 300w, https:\/\/www.kedali.com\/wp-content\/uploads\/2025\/12\/specifications-of-ceramic-canister-set-150x150.webp 150w, https:\/\/www.kedali.com\/wp-content\/uploads\/2025\/12\/specifications-of-ceramic-canister-set-768x768.webp 768w, https:\/\/www.kedali.com\/wp-content\/uploads\/2025\/12\/specifications-of-ceramic-canister-set-12x12.webp 12w, https:\/\/www.kedali.com\/wp-content\/uploads\/2025\/12\/specifications-of-ceramic-canister-set-600x600.webp 600w, https:\/\/www.kedali.com\/wp-content\/uploads\/2025\/12\/specifications-of-ceramic-canister-set-100x100.webp 100w\" sizes=\"(max-width: 800px) 100vw, 800px\" \/><\/figure>\n<\/div>\n<\/div>\n\n\n\n<div class=\"wp-block-columns is-layout-flex wp-container-core-columns-is-layout-9d6595d7 wp-block-columns-is-layout-flex\">\n<div class=\"wp-block-column is-layout-flow wp-block-column-is-layout-flow\">\n<figure class=\"wp-block-image size-full\"><img decoding=\"async\" width=\"800\" height=\"800\" src=\"https:\/\/www.kedali.com\/wp-content\/uploads\/2025\/12\/wholesale-kitchen-ceramic-canister-set-2.webp\" alt=\"set de bo\u00eetes en c\u00e9ramique pour la cuisine en gros (2)\" class=\"wp-image-1536\" srcset=\"https:\/\/www.kedali.com\/wp-content\/uploads\/2025\/12\/wholesale-kitchen-ceramic-canister-set-2.webp 800w, https:\/\/www.kedali.com\/wp-content\/uploads\/2025\/12\/wholesale-kitchen-ceramic-canister-set-2-300x300.webp 300w, https:\/\/www.kedali.com\/wp-content\/uploads\/2025\/12\/wholesale-kitchen-ceramic-canister-set-2-150x150.webp 150w, https:\/\/www.kedali.com\/wp-content\/uploads\/2025\/12\/wholesale-kitchen-ceramic-canister-set-2-768x768.webp 768w, https:\/\/www.kedali.com\/wp-content\/uploads\/2025\/12\/wholesale-kitchen-ceramic-canister-set-2-12x12.webp 12w, https:\/\/www.kedali.com\/wp-content\/uploads\/2025\/12\/wholesale-kitchen-ceramic-canister-set-2-600x600.webp 600w, https:\/\/www.kedali.com\/wp-content\/uploads\/2025\/12\/wholesale-kitchen-ceramic-canister-set-2-100x100.webp 100w\" sizes=\"(max-width: 800px) 100vw, 800px\" \/><\/figure>\n<\/div>\n\n\n\n<div class=\"wp-block-column is-layout-flow wp-block-column-is-layout-flow\">\n<figure class=\"wp-block-image size-full\"><img decoding=\"async\" width=\"800\" height=\"800\" src=\"https:\/\/www.kedali.com\/wp-content\/uploads\/2025\/12\/wholesale-kitchen-ceramic-canister-set-3.webp\" alt=\"set de bo\u00eetes en c\u00e9ramique pour la cuisine en gros (3)\" class=\"wp-image-1537\" srcset=\"https:\/\/www.kedali.com\/wp-content\/uploads\/2025\/12\/wholesale-kitchen-ceramic-canister-set-3.webp 800w, https:\/\/www.kedali.com\/wp-content\/uploads\/2025\/12\/wholesale-kitchen-ceramic-canister-set-3-300x300.webp 300w, https:\/\/www.kedali.com\/wp-content\/uploads\/2025\/12\/wholesale-kitchen-ceramic-canister-set-3-150x150.webp 150w, https:\/\/www.kedali.com\/wp-content\/uploads\/2025\/12\/wholesale-kitchen-ceramic-canister-set-3-768x768.webp 768w, https:\/\/www.kedali.com\/wp-content\/uploads\/2025\/12\/wholesale-kitchen-ceramic-canister-set-3-12x12.webp 12w, https:\/\/www.kedali.com\/wp-content\/uploads\/2025\/12\/wholesale-kitchen-ceramic-canister-set-3-600x600.webp 600w, https:\/\/www.kedali.com\/wp-content\/uploads\/2025\/12\/wholesale-kitchen-ceramic-canister-set-3-100x100.webp 100w\" sizes=\"(max-width: 800px) 100vw, 800px\" \/><\/figure>\n<\/div>\n<\/div>","protected":false},"excerpt":{"rendered":"<p>Cet ensemble de bo\u00eetes en c\u00e9ramique comprend trois tailles diff\u00e9rentes de bocaux, parfaits pour conserver les grains de caf\u00e9, le th\u00e9, les \u00e9pices et bien plus encore. Chaque bocal est muni d'un magnifique couvercle en bois naturel pour pr\u00e9server la fra\u00eecheur et la s\u00e9curit\u00e9 du contenu.<\/p>\n<p>En tant que professionnel <a href=\"https:\/\/www.kedali.com\/fr\/categorie-produit\/wholesale-ceramic-kitchenware\/\" target=\"_blank\" rel=\"noopener\"><strong>fabricant d'ustensiles de cuisine en c\u00e9ramique<\/strong><\/a>, Nous offrons une vari\u00e9t\u00e9 de bo\u00eetes en c\u00e9ramique. N'h\u00e9sitez pas \u00e0 nous contacter pour obtenir un devis et un catalogue.<\/p>\n<h2>Sp\u00e9cifications de l'ensemble de bo\u00eetes de cuisine<\/h2>\n<table width=\"235\">\n<tbody>\n<tr>\n<td width=\"69\">Marque<\/td>\n<td width=\"166\">KDL<\/td>\n<\/tr>\n<tr>\n<td width=\"69\">Mod\u00e8le<\/td>\n<td width=\"166\">tgs1759<\/td>\n<\/tr>\n<tr>\n<td width=\"69\">Mat\u00e9riau<\/td>\n<td width=\"166\">c\u00e9ramique<\/td>\n<\/tr>\n<tr>\n<td width=\"69\">couleur<\/td>\n<td width=\"166\">noir<\/td>\n<\/tr>\n<tr>\n<td width=\"69\">Application<\/td>\n<td width=\"166\">stockage des aliments<\/td>\n<\/tr>\n<tr>\n<td width=\"69\">Fonctionnalit\u00e9<\/td>\n<td width=\"166\">couleur \u00e9maill\u00e9e<\/td>\n<\/tr>\n<tr>\n<td width=\"69\">Quantit\u00e9 minimale de commande<\/td>\n<td width=\"166\">800 jeux<\/td>\n<\/tr>\n<\/tbody>\n<\/table>\n<p>&nbsp;<\/p>","protected":false},"featured_media":1535,"comment_status":"closed","ping_status":"closed","template":"","meta":{"_acf_changed":false},"product_brand":[],"product_cat":[37,18],"product_tag":[],"class_list":{"0":"post-1533","1":"product","2":"type-product","3":"status-publish","4":"has-post-thumbnail","6":"product_cat-wholesale-ceramic-canister-storage-jars","7":"product_cat-wholesale-ceramic-kitchenware","9":"first","10":"instock","11":"shipping-taxable","12":"product-type-simple"},"acf":[],"_links":{"self":[{"href":"https:\/\/www.kedali.com\/fr\/wp-json\/wp\/v2\/product\/1533","targetHints":{"allow":["GET"]}}],"collection":[{"href":"https:\/\/www.kedali.com\/fr\/wp-json\/wp\/v2\/product"}],"about":[{"href":"https:\/\/www.kedali.com\/fr\/wp-json\/wp\/v2\/types\/product"}],"replies":[{"embeddable":true,"href":"https:\/\/www.kedali.com\/fr\/wp-json\/wp\/v2\/comments?post=1533"}],"wp:featuredmedia":[{"embeddable":true,"href":"https:\/\/www.kedali.com\/fr\/wp-json\/wp\/v2\/media\/1535"}],"wp:attachment":[{"href":"https:\/\/www.kedali.com\/fr\/wp-json\/wp\/v2\/media?parent=1533"}],"wp:term":[{"taxonomy":"product_brand","embeddable":true,"href":"https:\/\/www.kedali.com\/fr\/wp-json\/wp\/v2\/product_brand?post=1533"},{"taxonomy":"product_cat","embeddable":true,"href":"https:\/\/www.kedali.com\/fr\/wp-json\/wp\/v2\/product_cat?post=1533"},{"taxonomy":"product_tag","embeddable":true,"href":"https:\/\/www.kedali.com\/fr\/wp-json\/wp\/v2\/product_tag?post=1533"}],"curies":[{"name":"wp","href":"https:\/\/api.w.org\/{rel}","templated":true}]}}