{"id":1556,"date":"2025-12-03T03:12:42","date_gmt":"2025-12-03T03:12:42","guid":{"rendered":"https:\/\/www.kedali.com\/?post_type=product&#038;p=1556"},"modified":"2025-12-03T03:40:26","modified_gmt":"2025-12-03T03:40:26","slug":"wholesale-stylish-ceramic-egg-holders","status":"publish","type":"product","link":"https:\/\/www.kedali.com\/fr\/produit\/wholesale-stylish-ceramic-egg-holders\/","title":{"rendered":"Porte-\u0153ufs en c\u00e9ramique en gros - durables et \u00e9l\u00e9gants"},"content":{"rendered":"<div class=\"wp-block-columns is-layout-flex wp-container-core-columns-is-layout-9d6595d7 wp-block-columns-is-layout-flex\">\n<div class=\"wp-block-column is-layout-flow wp-block-column-is-layout-flow\">\n<h3 class=\"wp-block-heading\">Caract\u00e9ristiques des porte-\u0153ufs en c\u00e9ramique <\/h3>\n\n\n\n<ul class=\"wp-block-list\">\n<li><strong>Esth\u00e9tique : <\/strong>Contrairement aux bo\u00eetes en carton ou en plastique standard, le porte-\u0153ufs en c\u00e9ramique pr\u00e9sente une surface en c\u00e9ramique brillante aux couleurs vives, ce qui permet de conserver et de pr\u00e9senter les \u0153ufs de mani\u00e8re vivante et \u00e9l\u00e9gante.<\/li>\n\n\n\n<li><strong>Facile \u00e0 nettoyer : <\/strong>La surface non poreuse de la c\u00e9ramique est facile \u00e0 essuyer ou \u00e0 laver, ce qui facilite grandement le nettoyage et la st\u00e9rilisation par rapport au carton.<\/li>\n\n\n\n<li><strong>Empilable : <\/strong>Le porte-\u0153ufs en c\u00e9ramique est con\u00e7u pour s'empiler proprement, ce qui permet d'\u00e9conomiser de l'espace et de garder votre r\u00e9frig\u00e9rateur bien rang\u00e9.<\/li>\n\n\n\n<li><strong>R\u00e9utilisable : <\/strong>Remplace les bo\u00eetes \u00e0 \u0153ufs jetables en papier ou en plastique, r\u00e9duisant ainsi les d\u00e9chets d'emballage.<\/li>\n<\/ul>\n\n\n\n<h3 class=\"wp-block-heading\">Service sur mesure<\/h3>\n\n\n\n<ul class=\"wp-block-list\">\n<li>Support OEM et ODM<\/li>\n\n\n\n<li>Livraison rapide d'\u00e9chantillons.<\/li>\n\n\n\n<li>Fournir des produits personnalis\u00e9s en termes de forme, de couleur, de motif, d'emballage et d'autres services personnalis\u00e9s.<\/li>\n<\/ul>\n<\/div>\n\n\n\n<div class=\"wp-block-column is-layout-flow wp-block-column-is-layout-flow\">\n<figure class=\"wp-block-image size-full\"><img decoding=\"async\" width=\"800\" height=\"800\" src=\"https:\/\/www.kedali.com\/wp-content\/uploads\/2025\/12\/ceramic-egg-holder-specifications.webp\" alt=\"sp\u00e9cifications du porte-oeufs en c\u00e9ramique\" class=\"wp-image-1557\" srcset=\"https:\/\/www.kedali.com\/wp-content\/uploads\/2025\/12\/ceramic-egg-holder-specifications.webp 800w, https:\/\/www.kedali.com\/wp-content\/uploads\/2025\/12\/ceramic-egg-holder-specifications-300x300.webp 300w, https:\/\/www.kedali.com\/wp-content\/uploads\/2025\/12\/ceramic-egg-holder-specifications-150x150.webp 150w, https:\/\/www.kedali.com\/wp-content\/uploads\/2025\/12\/ceramic-egg-holder-specifications-768x768.webp 768w, https:\/\/www.kedali.com\/wp-content\/uploads\/2025\/12\/ceramic-egg-holder-specifications-12x12.webp 12w, https:\/\/www.kedali.com\/wp-content\/uploads\/2025\/12\/ceramic-egg-holder-specifications-600x600.webp 600w, https:\/\/www.kedali.com\/wp-content\/uploads\/2025\/12\/ceramic-egg-holder-specifications-100x100.webp 100w\" sizes=\"(max-width: 800px) 100vw, 800px\" \/><\/figure>\n<\/div>\n<\/div>\n\n\n\n<div class=\"wp-block-columns is-layout-flex wp-container-core-columns-is-layout-9d6595d7 wp-block-columns-is-layout-flex\">\n<div class=\"wp-block-column is-layout-flow wp-block-column-is-layout-flow\">\n<figure class=\"wp-block-image size-full\"><img decoding=\"async\" width=\"800\" height=\"800\" src=\"https:\/\/www.kedali.com\/wp-content\/uploads\/2025\/12\/wholesale-ceramic-egg-holder-6.webp\" alt=\"Porte-oeufs en gros en c\u00e9ramique (6)\" class=\"wp-image-1563\" srcset=\"https:\/\/www.kedali.com\/wp-content\/uploads\/2025\/12\/wholesale-ceramic-egg-holder-6.webp 800w, https:\/\/www.kedali.com\/wp-content\/uploads\/2025\/12\/wholesale-ceramic-egg-holder-6-300x300.webp 300w, https:\/\/www.kedali.com\/wp-content\/uploads\/2025\/12\/wholesale-ceramic-egg-holder-6-150x150.webp 150w, https:\/\/www.kedali.com\/wp-content\/uploads\/2025\/12\/wholesale-ceramic-egg-holder-6-768x768.webp 768w, https:\/\/www.kedali.com\/wp-content\/uploads\/2025\/12\/wholesale-ceramic-egg-holder-6-12x12.webp 12w, https:\/\/www.kedali.com\/wp-content\/uploads\/2025\/12\/wholesale-ceramic-egg-holder-6-600x600.webp 600w, https:\/\/www.kedali.com\/wp-content\/uploads\/2025\/12\/wholesale-ceramic-egg-holder-6-100x100.webp 100w\" sizes=\"(max-width: 800px) 100vw, 800px\" \/><\/figure>\n<\/div>\n\n\n\n<div class=\"wp-block-column is-layout-flow wp-block-column-is-layout-flow\">\n<figure class=\"wp-block-image size-full\"><img decoding=\"async\" width=\"800\" height=\"800\" src=\"https:\/\/www.kedali.com\/wp-content\/uploads\/2025\/12\/wholesale-ceramic-egg-holder-7.webp\" alt=\"Porte-\u0153ufs en c\u00e9ramique en gros (7)\" class=\"wp-image-1564\" srcset=\"https:\/\/www.kedali.com\/wp-content\/uploads\/2025\/12\/wholesale-ceramic-egg-holder-7.webp 800w, https:\/\/www.kedali.com\/wp-content\/uploads\/2025\/12\/wholesale-ceramic-egg-holder-7-300x300.webp 300w, https:\/\/www.kedali.com\/wp-content\/uploads\/2025\/12\/wholesale-ceramic-egg-holder-7-150x150.webp 150w, https:\/\/www.kedali.com\/wp-content\/uploads\/2025\/12\/wholesale-ceramic-egg-holder-7-768x768.webp 768w, https:\/\/www.kedali.com\/wp-content\/uploads\/2025\/12\/wholesale-ceramic-egg-holder-7-12x12.webp 12w, https:\/\/www.kedali.com\/wp-content\/uploads\/2025\/12\/wholesale-ceramic-egg-holder-7-600x600.webp 600w, https:\/\/www.kedali.com\/wp-content\/uploads\/2025\/12\/wholesale-ceramic-egg-holder-7-100x100.webp 100w\" sizes=\"(max-width: 800px) 100vw, 800px\" \/><\/figure>\n<\/div>\n<\/div>","protected":false},"excerpt":{"rendered":"<p>Nos porte-\u0153ufs en c\u00e9ramique durables ajoutent style et praticit\u00e9 \u00e0 votre cuisine. De couleur vive et robustes, ils maintiennent les \u0153ufs en place en toute s\u00e9curit\u00e9.<\/p>\n<p>En tant que <a href=\"https:\/\/www.kedali.com\/fr\/categorie-produit\/wholesale-ceramic-kitchenware\/\" target=\"_blank\" rel=\"noopener\"><strong>fabricant d'ustensiles de cuisine en c\u00e9ramique,<\/strong><\/a> nous offrons des services de personnalisation OEM et ODM, y compris la couleur, la forme et l'emballage. Contactez-nous d\u00e8s aujourd'hui.<\/p>\n<h2>Sp\u00e9cifications des porte-\u0153ufs en c\u00e9ramique<\/h2>\n<table width=\"235\">\n<tbody>\n<tr>\n<td width=\"69\">Marque<\/td>\n<td width=\"166\">KDL<\/td>\n<\/tr>\n<tr>\n<td width=\"69\">Mod\u00e8le<\/td>\n<td width=\"166\">TDQ1435<\/td>\n<\/tr>\n<tr>\n<td width=\"69\">Mat\u00e9riau<\/td>\n<td width=\"166\">c\u00e9ramique<\/td>\n<\/tr>\n<tr>\n<td width=\"69\">couleur<\/td>\n<td width=\"166\">rouge\/jaune\/orange\/bleu<\/td>\n<\/tr>\n<tr>\n<td width=\"69\">Application<\/td>\n<td width=\"166\">porte-\u0153uf<\/td>\n<\/tr>\n<tr>\n<td width=\"69\">Fonctionnalit\u00e9<\/td>\n<td width=\"166\">vitr\u00e9<\/td>\n<\/tr>\n<tr>\n<td width=\"69\">Dimensions<\/td>\n<td width=\"166\">14*14*3cm<\/td>\n<\/tr>\n<tr>\n<td width=\"69\">Poids brut (kg)<\/td>\n<td width=\"166\">0,32 kg<\/td>\n<\/tr>\n<tr>\n<td width=\"69\">Quantit\u00e9 minimale de commande<\/td>\n<td width=\"166\">800 jeux<\/td>\n<\/tr>\n<\/tbody>\n<\/table>\n<p>&nbsp;<\/p>\n<p>\n<script src=\"chrome-extension:\/\/fpelahbljekknahkcaegamhcndkfpfnc\/iFrame.js\" type=\"text\/javascript\"><\/script><\/p>","protected":false},"featured_media":1558,"comment_status":"closed","ping_status":"closed","template":"","meta":{"_acf_changed":false},"product_brand":[],"product_cat":[18],"product_tag":[],"class_list":{"0":"post-1556","1":"product","2":"type-product","3":"status-publish","4":"has-post-thumbnail","6":"product_cat-wholesale-ceramic-kitchenware","8":"first","9":"instock","10":"shipping-taxable","11":"product-type-simple"},"acf":[],"_links":{"self":[{"href":"https:\/\/www.kedali.com\/fr\/wp-json\/wp\/v2\/product\/1556","targetHints":{"allow":["GET"]}}],"collection":[{"href":"https:\/\/www.kedali.com\/fr\/wp-json\/wp\/v2\/product"}],"about":[{"href":"https:\/\/www.kedali.com\/fr\/wp-json\/wp\/v2\/types\/product"}],"replies":[{"embeddable":true,"href":"https:\/\/www.kedali.com\/fr\/wp-json\/wp\/v2\/comments?post=1556"}],"wp:featuredmedia":[{"embeddable":true,"href":"https:\/\/www.kedali.com\/fr\/wp-json\/wp\/v2\/media\/1558"}],"wp:attachment":[{"href":"https:\/\/www.kedali.com\/fr\/wp-json\/wp\/v2\/media?parent=1556"}],"wp:term":[{"taxonomy":"product_brand","embeddable":true,"href":"https:\/\/www.kedali.com\/fr\/wp-json\/wp\/v2\/product_brand?post=1556"},{"taxonomy":"product_cat","embeddable":true,"href":"https:\/\/www.kedali.com\/fr\/wp-json\/wp\/v2\/product_cat?post=1556"},{"taxonomy":"product_tag","embeddable":true,"href":"https:\/\/www.kedali.com\/fr\/wp-json\/wp\/v2\/product_tag?post=1556"}],"curies":[{"name":"wp","href":"https:\/\/api.w.org\/{rel}","templated":true}]}}